{"id":5751,"date":"2025-10-19T09:24:50","date_gmt":"2025-10-19T09:24:50","guid":{"rendered":"https:\/\/wavexia.com\/product\/life-extension-l-glutamine-500mg-100-veg-capsules\/"},"modified":"2026-03-10T07:31:12","modified_gmt":"2026-03-10T07:31:12","slug":"life-extension-l-glutamine-500mg-100-veg-capsules","status":"publish","type":"product","link":"https:\/\/wavexia.com\/?product=life-extension-l-glutamine-500mg-100-veg-capsules","title":{"rendered":"Life Extension L-Glutamine 500mg 100 VEG CAPSULES"},"content":{"rendered":"<h2>Description<\/h2>\n<p>La L-glutamine est un acide amin\u00e9 polyvalent qui est commun dans les muscles squelettiques et sous forme de mol\u00e9cules libres dans la circulation sanguine. La glutamine sert d\u2019\u00e9l\u00e9ment constitutif pour les muscles et le neurotransmetteur glutamate. La glutamine peut \u00e9galement \u00eatre utilis\u00e9e comme carburant \u00e0 la place du glucose par les cellules immunitaires et intestinales.<\/p>\n<p>La L-glutamine est conditionnellement essentielle. Le corps peut produire suffisamment de L-glutamine dans des conditions normales. Mais vous utilisez plus de glutamine lorsque vous \u00eates malade ou bless\u00e9.<\/p>\n<p>La glutamine se trouve dans la viande, les \u0153ufs, les prot\u00e9ines de lactos\u00e9rum et les prot\u00e9ines de cas\u00e9ine. Vous pouvez prendre de la glutamine en compl\u00e9ment si vous ne consommez pas ces produits r\u00e9guli\u00e8rement.<\/p>\n<p>Life Extension L-Glutamine contient 500 mg de glutamine sous forme libre. Il est pr\u00e9f\u00e9rable de prendre cette glutamine avec un repas. Life Extension L-Glutamine est d\u2019origine v\u00e9g\u00e9tale et sans OGM.<\/p>\n","protected":false},"excerpt":{"rendered":"<p>Description La L-glutamine est un acide amin\u00e9 polyvalent qui est commun dans les muscles squelettiques et sous forme de mol\u00e9cules libres dans la circulation sanguine. La glutamine sert d\u2019\u00e9l\u00e9ment constitutif pour les muscles et le neurotransmetteur glutamate. La glutamine peut \u00e9galement \u00eatre utilis\u00e9e comme carburant \u00e0 la place du glucose par les cellules immunitaires et [&hellip;]<\/p>\n","protected":false},"featured_media":5750,"comment_status":"open","ping_status":"closed","template":"","meta":{"content-type":"","_uag_custom_page_level_css":""},"pwb-brand":[],"product_brand":[],"product_cat":[330,327],"product_tag":[],"class_list":{"0":"post-5751","1":"product","2":"type-product","3":"status-publish","4":"has-post-thumbnail","6":"product_cat-complements-alimentaires","7":"product_cat-hmizat","9":"first","10":"instock","11":"sale","12":"shipping-taxable","13":"purchasable","14":"product-type-simple"},"aioseo_notices":[],"uagb_featured_image_src":{"full":["https:\/\/wavexia.com\/wp-content\/uploads\/2025\/10\/717b4fLib5L._UF8941000_QL80_.jpg",800,1000,false],"thumbnail":["https:\/\/wavexia.com\/wp-content\/uploads\/2025\/10\/717b4fLib5L._UF8941000_QL80_-150x150.jpg",150,150,true],"medium":["https:\/\/wavexia.com\/wp-content\/uploads\/2025\/10\/717b4fLib5L._UF8941000_QL80_-240x300.jpg",240,300,true],"medium_large":["https:\/\/wavexia.com\/wp-content\/uploads\/2025\/10\/717b4fLib5L._UF8941000_QL80_-768x960.jpg",768,960,true],"large":["https:\/\/wavexia.com\/wp-content\/uploads\/2025\/10\/717b4fLib5L._UF8941000_QL80_.jpg",800,1000,false],"1536x1536":["https:\/\/wavexia.com\/wp-content\/uploads\/2025\/10\/717b4fLib5L._UF8941000_QL80_.jpg",800,1000,false],"2048x2048":["https:\/\/wavexia.com\/wp-content\/uploads\/2025\/10\/717b4fLib5L._UF8941000_QL80_.jpg",800,1000,false],"woocommerce_archive_thumbnail":["https:\/\/wavexia.com\/wp-content\/uploads\/2025\/10\/717b4fLib5L._UF8941000_QL80_-300x375.jpg",300,375,true],"woocommerce_thumbnail":["https:\/\/wavexia.com\/wp-content\/uploads\/2025\/10\/717b4fLib5L._UF8941000_QL80_-300x300.jpg",300,300,true],"woocommerce_single":["https:\/\/wavexia.com\/wp-content\/uploads\/2025\/10\/717b4fLib5L._UF8941000_QL80_-600x750.jpg",600,750,true],"woocommerce_gallery_thumbnail":["https:\/\/wavexia.com\/wp-content\/uploads\/2025\/10\/717b4fLib5L._UF8941000_QL80_-100x100.jpg",100,100,true]},"uagb_author_info":{"display_name":"zineddine.ayoub98@gmail.com","author_link":"https:\/\/wavexia.com\/?author=0"},"uagb_comment_info":0,"uagb_excerpt":"Description La L-glutamine est un acide amin\u00e9 polyvalent qui est commun dans les muscles squelettiques et sous forme de mol\u00e9cules libres dans la circulation sanguine. La glutamine sert d\u2019\u00e9l\u00e9ment constitutif pour les muscles et le neurotransmetteur glutamate. La glutamine peut \u00e9galement \u00eatre utilis\u00e9e comme carburant \u00e0 la place du glucose par les cellules immunitaires et&hellip;","brands":[],"_links":{"self":[{"href":"https:\/\/wavexia.com\/index.php?rest_route=\/wp\/v2\/product\/5751","targetHints":{"allow":["GET"]}}],"collection":[{"href":"https:\/\/wavexia.com\/index.php?rest_route=\/wp\/v2\/product"}],"about":[{"href":"https:\/\/wavexia.com\/index.php?rest_route=\/wp\/v2\/types\/product"}],"replies":[{"embeddable":true,"href":"https:\/\/wavexia.com\/index.php?rest_route=%2Fwp%2Fv2%2Fcomments&post=5751"}],"wp:featuredmedia":[{"embeddable":true,"href":"https:\/\/wavexia.com\/index.php?rest_route=\/wp\/v2\/media\/5750"}],"wp:attachment":[{"href":"https:\/\/wavexia.com\/index.php?rest_route=%2Fwp%2Fv2%2Fmedia&parent=5751"}],"wp:term":[{"taxonomy":"pwb-brand","embeddable":true,"href":"https:\/\/wavexia.com\/index.php?rest_route=%2Fwp%2Fv2%2Fpwb-brand&post=5751"},{"taxonomy":"product_brand","embeddable":true,"href":"https:\/\/wavexia.com\/index.php?rest_route=%2Fwp%2Fv2%2Fproduct_brand&post=5751"},{"taxonomy":"product_cat","embeddable":true,"href":"https:\/\/wavexia.com\/index.php?rest_route=%2Fwp%2Fv2%2Fproduct_cat&post=5751"},{"taxonomy":"product_tag","embeddable":true,"href":"https:\/\/wavexia.com\/index.php?rest_route=%2Fwp%2Fv2%2Fproduct_tag&post=5751"}],"curies":[{"name":"wp","href":"https:\/\/api.w.org\/{rel}","templated":true}]}}