{"id":5747,"date":"2025-10-19T09:24:46","date_gmt":"2025-10-19T09:24:46","guid":{"rendered":"https:\/\/wavexia.com\/product\/tirtir-milk-skin-toner-light-150ml\/"},"modified":"2026-03-10T07:31:12","modified_gmt":"2026-03-10T07:31:12","slug":"tirtir-milk-skin-toner-light-150ml","status":"publish","type":"product","link":"https:\/\/wavexia.com\/?product=tirtir-milk-skin-toner-light-150ml","title":{"rendered":"TIRTIR MILK SKIN TONER LIGHT 150ML"},"content":{"rendered":"<h2>Description<\/h2>\n<p>TIRTIR Milk Skin Toner Light est un tonique rafra\u00eechissant con\u00e7u pour maintenir l\u2019\u00e9quilibre et l\u2019hydratation de la peau, assurant un teint revitalis\u00e9 et \u00e9clatant.<\/p>\n<ul>\n<li><strong>\u00c9quilibrage de la peau :<\/strong> R\u00e9gule efficacement l\u2019\u00e9quilibre de la peau pour la garder hydrat\u00e9e et rafra\u00eechie.<\/li>\n<li><strong>Teint \u00e9clatant :<\/strong> apaise et revitalise la peau, favorisant une apparence radieuse et saine.<\/li>\n<li><strong>Ingr\u00e9dients cl\u00e9s :<\/strong>\n<ul>\n<li><strong>4 % de niacinamide :<\/strong> aide \u00e0 affiner le teint irr\u00e9gulier pour un aspect plus lisse.<\/li>\n<li><strong>Extrait de son de riz :<\/strong> Maintient des niveaux d\u2019humidit\u00e9 optimaux pour pr\u00e9venir la s\u00e9cheresse.<\/li>\n<li><strong>C\u00e9ramide :<\/strong> Renforce la barri\u00e8re naturelle de la peau pour la prot\u00e9ger contre les agressions environnementales.<\/li>\n<\/ul>\n<\/li>\n<li><strong>Texture l\u00e9g\u00e8re :<\/strong> s\u2019absorbe rapidement sans laisser de r\u00e9sidu gras ou collant, procurant une hydratation et une nutrition essentielles<\/li>\n<\/ul>\n<p><button class=\"label collapsible-trigger collapsible-trigger-btn collapsible-trigger-btn--borders collapsible--auto-height is-open\" type=\"button\" aria-controls=\"Product-content-401ae19f-9aaf-4ece-a521-a3fd6cfecaa48917261648103\" aria-expanded=\"true\">Comment utiliser<\/button><\/p>\n<div id=\"Product-content-401ae19f-9aaf-4ece-a521-a3fd6cfecaa48917261648103\" class=\"collapsible-content collapsible-content--all is-open\">\n<div class=\"collapsible-content__inner rte\">\n<p><span class=\"metafield-multi_line_text_field\">Apr\u00e8s le nettoyage, appliquez une quantit\u00e9 mod\u00e9r\u00e9e uniform\u00e9ment sur le visage et tapotez l\u00e9g\u00e8rement pour une meilleure absorption.<\/span><\/p>\n<p><button class=\"label collapsible-trigger collapsible-trigger-btn collapsible-trigger-btn--borders collapsible--auto-height is-open\" type=\"button\" aria-controls=\"Product-content-6415dbdc-9ff3-4abf-8f8d-fbf5837e6ba48917261648103\" aria-expanded=\"true\">Ingr\u00e9dients<\/button><\/p>\n<div id=\"Product-content-6415dbdc-9ff3-4abf-8f8d-fbf5837e6ba48917261648103\" class=\"collapsible-content collapsible-content--all is-open\">\n<div class=\"collapsible-content__inner rte\">\n<p><span class=\"metafield-multi_line_text_field\">Eau, glyc\u00e9rine, butyl\u00e8ne glycol, niacinamide, extrait de fleur d\u2019Anthemis Nobilis, 1,2-hexanediol, caprylyl glycol, extrait de son d\u2019Oryza Sativa (riz), copolym\u00e8re styr\u00e8ne\/VP, panth\u00e9nol, allanto\u00efne, b\u00e9ta\u00efne, sodium PCA, ad\u00e9nosine, EDTA disodique, extrait de fruit d\u2019Illicium Verum (anis), extrait de racine de Glycyrrhiza Glabra (r\u00e9glisse), arginine, carbom\u00e8re, extrait de Centella Asiatica, extrait d\u2019Alchemilla Vulgaris, extrait d\u2019Amaranthus Caudatus, extrait de feuille d\u2019Olea Europaea (olivier), extrait de Veronica Officinalis, extrait de feuille de Mentha Piperita (menthe poivr\u00e9e), extrait de racine d\u2019Ulmus Davidiana, extrait de feuille de Cynara Scolymus (artichaut), extrait de grain d\u2019Avena Sativa (avoine), extrait de fleur de Sambucus Nigra, extrait de feuille de Camellia Sinensis, Polygonum Extrait de racine de Cuspidatum, extrait de fleur de Chamomilla Recutita (Matricaria), extrait de feuille de Rosmarinus Officinalis (Romarin), hyaluronate de sodium, extrait de racine de Scutellaria Baicalensis, b\u00eata-glucane, extrait de Laminaria Japonica, extrait de feuille de Chamaecyparis Obtusa, c\u00e9ramide NP, tripeptide de cuivre-1, ac\u00e9tyl hexapeptide-8<\/span><\/p>\n<\/div>\n<\/div>\n<\/div>\n<p>&nbsp;<\/p>\n<\/div>\n","protected":false},"excerpt":{"rendered":"<p>Description TIRTIR Milk Skin Toner Light est un tonique rafra\u00eechissant con\u00e7u pour maintenir l\u2019\u00e9quilibre et l\u2019hydratation de la peau, assurant un teint revitalis\u00e9 et \u00e9clatant. \u00c9quilibrage de la peau : R\u00e9gule efficacement l\u2019\u00e9quilibre de la peau pour la garder hydrat\u00e9e et rafra\u00eechie. Teint \u00e9clatant : apaise et revitalise la peau, favorisant une apparence radieuse et [&hellip;]<\/p>\n","protected":false},"featured_media":5746,"comment_status":"open","ping_status":"closed","template":"","meta":{"content-type":"","_uag_custom_page_level_css":""},"pwb-brand":[],"product_brand":[],"product_cat":[370,345],"product_tag":[],"class_list":{"0":"post-5747","1":"product","2":"type-product","3":"status-publish","4":"has-post-thumbnail","6":"product_cat-tirtir","7":"product_cat-toner-pads","9":"first","10":"instock","11":"sale","12":"shipping-taxable","13":"purchasable","14":"product-type-simple"},"aioseo_notices":[],"uagb_featured_image_src":{"full":["https:\/\/wavexia.com\/wp-content\/uploads\/2025\/10\/IMG_1714.png",342,342,false],"thumbnail":["https:\/\/wavexia.com\/wp-content\/uploads\/2025\/10\/IMG_1714-150x150.png",150,150,true],"medium":["https:\/\/wavexia.com\/wp-content\/uploads\/2025\/10\/IMG_1714-300x300.png",300,300,true],"medium_large":["https:\/\/wavexia.com\/wp-content\/uploads\/2025\/10\/IMG_1714.png",342,342,false],"large":["https:\/\/wavexia.com\/wp-content\/uploads\/2025\/10\/IMG_1714.png",342,342,false],"1536x1536":["https:\/\/wavexia.com\/wp-content\/uploads\/2025\/10\/IMG_1714.png",342,342,false],"2048x2048":["https:\/\/wavexia.com\/wp-content\/uploads\/2025\/10\/IMG_1714.png",342,342,false],"woocommerce_archive_thumbnail":["https:\/\/wavexia.com\/wp-content\/uploads\/2025\/10\/IMG_1714-300x300.png",300,300,true],"woocommerce_thumbnail":["https:\/\/wavexia.com\/wp-content\/uploads\/2025\/10\/IMG_1714-300x300.png",300,300,true],"woocommerce_single":["https:\/\/wavexia.com\/wp-content\/uploads\/2025\/10\/IMG_1714.png",342,342,false],"woocommerce_gallery_thumbnail":["https:\/\/wavexia.com\/wp-content\/uploads\/2025\/10\/IMG_1714-100x100.png",100,100,true]},"uagb_author_info":{"display_name":"zineddine.ayoub98@gmail.com","author_link":"https:\/\/wavexia.com\/?author=0"},"uagb_comment_info":0,"uagb_excerpt":"Description TIRTIR Milk Skin Toner Light est un tonique rafra\u00eechissant con\u00e7u pour maintenir l\u2019\u00e9quilibre et l\u2019hydratation de la peau, assurant un teint revitalis\u00e9 et \u00e9clatant. \u00c9quilibrage de la peau : R\u00e9gule efficacement l\u2019\u00e9quilibre de la peau pour la garder hydrat\u00e9e et rafra\u00eechie. Teint \u00e9clatant : apaise et revitalise la peau, favorisant une apparence radieuse et&hellip;","brands":[],"_links":{"self":[{"href":"https:\/\/wavexia.com\/index.php?rest_route=\/wp\/v2\/product\/5747","targetHints":{"allow":["GET"]}}],"collection":[{"href":"https:\/\/wavexia.com\/index.php?rest_route=\/wp\/v2\/product"}],"about":[{"href":"https:\/\/wavexia.com\/index.php?rest_route=\/wp\/v2\/types\/product"}],"replies":[{"embeddable":true,"href":"https:\/\/wavexia.com\/index.php?rest_route=%2Fwp%2Fv2%2Fcomments&post=5747"}],"wp:featuredmedia":[{"embeddable":true,"href":"https:\/\/wavexia.com\/index.php?rest_route=\/wp\/v2\/media\/5746"}],"wp:attachment":[{"href":"https:\/\/wavexia.com\/index.php?rest_route=%2Fwp%2Fv2%2Fmedia&parent=5747"}],"wp:term":[{"taxonomy":"pwb-brand","embeddable":true,"href":"https:\/\/wavexia.com\/index.php?rest_route=%2Fwp%2Fv2%2Fpwb-brand&post=5747"},{"taxonomy":"product_brand","embeddable":true,"href":"https:\/\/wavexia.com\/index.php?rest_route=%2Fwp%2Fv2%2Fproduct_brand&post=5747"},{"taxonomy":"product_cat","embeddable":true,"href":"https:\/\/wavexia.com\/index.php?rest_route=%2Fwp%2Fv2%2Fproduct_cat&post=5747"},{"taxonomy":"product_tag","embeddable":true,"href":"https:\/\/wavexia.com\/index.php?rest_route=%2Fwp%2Fv2%2Fproduct_tag&post=5747"}],"curies":[{"name":"wp","href":"https:\/\/api.w.org\/{rel}","templated":true}]}}