{"id":5744,"date":"2025-10-19T09:24:44","date_gmt":"2025-10-19T09:24:44","guid":{"rendered":"https:\/\/wavexia.com\/product\/torriden-balanceful-cica-serum-50ml\/"},"modified":"2026-03-10T07:31:12","modified_gmt":"2026-03-10T07:31:12","slug":"torriden-balanceful-cica-serum-50ml","status":"publish","type":"product","link":"https:\/\/wavexia.com\/?product=torriden-balanceful-cica-serum-50ml","title":{"rendered":"Torriden \u2013 Balanceful Cica Serum 50ml"},"content":{"rendered":"<h2>Description<\/h2>\n<p>Le Torriden Balanceful Cica Serum est un s\u00e9rum l\u00e9ger sp\u00e9cialement con\u00e7u pour les peaux sensibles et mixtes. Ce s\u00e9rum est enrichi de cinq ingr\u00e9dients cica apaisants, dont l\u2019extrait cicatrisant de centella asiatica, le mad\u00e9cassoside et le panth\u00e9nol hydratant.<\/p>\n<p>Ce s\u00e9rum soulage non seulement les peaux sensibles, mais combat \u00e9galement efficacement la production excessive de s\u00e9bum, ce qui en fait un choix id\u00e9al pour les personnes sujettes \u00e0 l\u2019acn\u00e9. La formule laisse votre peau douce et soyeuse, tout en aidant \u00e0 pr\u00e9venir les irritations et en donnant \u00e0 votre peau une apparence saine.<\/p>\n<p>Laissez votre peau profiter des bienfaits de la centella asiatica, qui a non seulement un effet anti-inflammatoire, mais stimule \u00e9galement la production naturelle d\u2019acide hyaluronique. le mad\u00e9cassoside, un composant important de la centella asiatica, contribue aux propri\u00e9t\u00e9s cicatrisantes, apaisantes et antioxydantes.<\/p>\n<p>Bref, vous ne pouvez pas manquer ce s\u00e9rum dans votre routine de soins pour peaux sensibles.<\/p>\n<p><strong>Ce s\u00e9rum :<\/strong><\/p>\n<ul>\n<li>convient aux peaux sensibles et mixtes<\/li>\n<li>enrichi en ingr\u00e9dients apaisants de cica<\/li>\n<li>pr\u00e9vient la production excessive de s\u00e9bum<\/li>\n<li>pr\u00e9vient les irritations<\/li>\n<li>anti-inflammatoire<\/li>\n<li>doit avoir<\/li>\n<li>pour une peau douce<\/li>\n<li>sans parfum<\/li>\n<li>sans cruaut\u00e9<\/li>\n<li>v\u00e9g\u00e9talien<\/li>\n<\/ul>\n<p><strong>Comment utiliser:<\/strong><\/p>\n<ul>\n<li>Appliquer 2 \u00e0 3 gouttes sur une peau nettoy\u00e9e.<\/li>\n<li>Massez le s\u00e9rum sur votre peau jusqu\u2019\u00e0 ce que tout soit absorb\u00e9<\/li>\n<\/ul>\n<p><strong>Ingr\u00e9dients:<br \/><\/strong>Water, Butylene Glycol, Glycerin, Dipropylene Glycol, 1,2-Hexanediol, Glycereth-26, Panthenol, Centella Asiatica Extract, Madecassic Acid, Asiaticoside, Asiatic Acid, Madecassoside, Allantoin, Swertia Japonica Extract, Nymphaea Caerulea Flower Extract, Lactobacillus Ferment, Althaea Rosea Flower Extract, Sodium Hyaluronate, Hydrolyzed Hyaluronic Acid, Hyaluronic Acid, Hydroxypropyltrimonium Hyaluronate, Potassium Hyaluronate, Sodium Hyaluronate Crosspolymer, Sodium Acetylated Hyaluronate, Betaine, Capryloyl Salicylic Acid, Dipeptide-2, Dipotassium Glycyrrhizate, Pentylene Glycol, Sodium Stearoyl Glutamate, Propanediol , Isopentyldiol, Glyceryl Acrylate\/Acrylic Acid Copolymer, PVM\/MA Copolymer, Caproic Acid, Polyglyceryl-4 Oleate, Sodium Surfactin, Carbomer, Xanthan Gum, Tromethamine, Sodium Acetate, Melia Azadirachta Leaf Extract, Melia Azadirachta Flower Extract, Disodium EDTA, Ethylhexylglycerin<\/p>\n<p>&nbsp;<\/p>\n","protected":false},"excerpt":{"rendered":"<p>Description Le Torriden Balanceful Cica Serum est un s\u00e9rum l\u00e9ger sp\u00e9cialement con\u00e7u pour les peaux sensibles et mixtes. Ce s\u00e9rum est enrichi de cinq ingr\u00e9dients cica apaisants, dont l\u2019extrait cicatrisant de centella asiatica, le mad\u00e9cassoside et le panth\u00e9nol hydratant. Ce s\u00e9rum soulage non seulement les peaux sensibles, mais combat \u00e9galement efficacement la production excessive de [&hellip;]<\/p>\n","protected":false},"featured_media":5743,"comment_status":"open","ping_status":"closed","template":"","meta":{"content-type":"","_uag_custom_page_level_css":""},"pwb-brand":[],"product_brand":[],"product_cat":[334,338,383],"product_tag":[],"class_list":{"0":"post-5744","1":"product","2":"type-product","3":"status-publish","4":"has-post-thumbnail","6":"product_cat-produits-coreens","7":"product_cat-serum-ampoule","8":"product_cat-torriden","10":"first","11":"instock","12":"shipping-taxable","13":"purchasable","14":"product-type-simple"},"aioseo_notices":[],"uagb_featured_image_src":{"full":["https:\/\/wavexia.com\/wp-content\/uploads\/2025\/10\/Product-page-sizes_eecac06d-14b5-491b-8c84-b2f9597d705e.webp",800,800,false],"thumbnail":["https:\/\/wavexia.com\/wp-content\/uploads\/2025\/10\/Product-page-sizes_eecac06d-14b5-491b-8c84-b2f9597d705e-150x150.webp",150,150,true],"medium":["https:\/\/wavexia.com\/wp-content\/uploads\/2025\/10\/Product-page-sizes_eecac06d-14b5-491b-8c84-b2f9597d705e-300x300.webp",300,300,true],"medium_large":["https:\/\/wavexia.com\/wp-content\/uploads\/2025\/10\/Product-page-sizes_eecac06d-14b5-491b-8c84-b2f9597d705e-768x768.webp",768,768,true],"large":["https:\/\/wavexia.com\/wp-content\/uploads\/2025\/10\/Product-page-sizes_eecac06d-14b5-491b-8c84-b2f9597d705e.webp",800,800,false],"1536x1536":["https:\/\/wavexia.com\/wp-content\/uploads\/2025\/10\/Product-page-sizes_eecac06d-14b5-491b-8c84-b2f9597d705e.webp",800,800,false],"2048x2048":["https:\/\/wavexia.com\/wp-content\/uploads\/2025\/10\/Product-page-sizes_eecac06d-14b5-491b-8c84-b2f9597d705e.webp",800,800,false],"woocommerce_archive_thumbnail":["https:\/\/wavexia.com\/wp-content\/uploads\/2025\/10\/Product-page-sizes_eecac06d-14b5-491b-8c84-b2f9597d705e-300x300.webp",300,300,true],"woocommerce_thumbnail":["https:\/\/wavexia.com\/wp-content\/uploads\/2025\/10\/Product-page-sizes_eecac06d-14b5-491b-8c84-b2f9597d705e-300x300.webp",300,300,true],"woocommerce_single":["https:\/\/wavexia.com\/wp-content\/uploads\/2025\/10\/Product-page-sizes_eecac06d-14b5-491b-8c84-b2f9597d705e-600x600.webp",600,600,true],"woocommerce_gallery_thumbnail":["https:\/\/wavexia.com\/wp-content\/uploads\/2025\/10\/Product-page-sizes_eecac06d-14b5-491b-8c84-b2f9597d705e-100x100.webp",100,100,true]},"uagb_author_info":{"display_name":"zineddine.ayoub98@gmail.com","author_link":"https:\/\/wavexia.com\/?author=0"},"uagb_comment_info":0,"uagb_excerpt":"Description Le Torriden Balanceful Cica Serum est un s\u00e9rum l\u00e9ger sp\u00e9cialement con\u00e7u pour les peaux sensibles et mixtes. Ce s\u00e9rum est enrichi de cinq ingr\u00e9dients cica apaisants, dont l\u2019extrait cicatrisant de centella asiatica, le mad\u00e9cassoside et le panth\u00e9nol hydratant. Ce s\u00e9rum soulage non seulement les peaux sensibles, mais combat \u00e9galement efficacement la production excessive de&hellip;","brands":[],"_links":{"self":[{"href":"https:\/\/wavexia.com\/index.php?rest_route=\/wp\/v2\/product\/5744","targetHints":{"allow":["GET"]}}],"collection":[{"href":"https:\/\/wavexia.com\/index.php?rest_route=\/wp\/v2\/product"}],"about":[{"href":"https:\/\/wavexia.com\/index.php?rest_route=\/wp\/v2\/types\/product"}],"replies":[{"embeddable":true,"href":"https:\/\/wavexia.com\/index.php?rest_route=%2Fwp%2Fv2%2Fcomments&post=5744"}],"wp:featuredmedia":[{"embeddable":true,"href":"https:\/\/wavexia.com\/index.php?rest_route=\/wp\/v2\/media\/5743"}],"wp:attachment":[{"href":"https:\/\/wavexia.com\/index.php?rest_route=%2Fwp%2Fv2%2Fmedia&parent=5744"}],"wp:term":[{"taxonomy":"pwb-brand","embeddable":true,"href":"https:\/\/wavexia.com\/index.php?rest_route=%2Fwp%2Fv2%2Fpwb-brand&post=5744"},{"taxonomy":"product_brand","embeddable":true,"href":"https:\/\/wavexia.com\/index.php?rest_route=%2Fwp%2Fv2%2Fproduct_brand&post=5744"},{"taxonomy":"product_cat","embeddable":true,"href":"https:\/\/wavexia.com\/index.php?rest_route=%2Fwp%2Fv2%2Fproduct_cat&post=5744"},{"taxonomy":"product_tag","embeddable":true,"href":"https:\/\/wavexia.com\/index.php?rest_route=%2Fwp%2Fv2%2Fproduct_tag&post=5744"}],"curies":[{"name":"wp","href":"https:\/\/api.w.org\/{rel}","templated":true}]}}