{"id":5741,"date":"2025-10-19T09:24:43","date_gmt":"2025-10-19T09:24:43","guid":{"rendered":"https:\/\/wavexia.com\/product\/anua-airy-sun-cream-spf-50-50ml\/"},"modified":"2026-03-10T07:31:12","modified_gmt":"2026-03-10T07:31:12","slug":"anua-airy-sun-cream-spf-50-50ml","status":"publish","type":"product","link":"https:\/\/wavexia.com\/?product=anua-airy-sun-cream-spf-50-50ml","title":{"rendered":"Anua \u2013 Airy sun cream Spf 50 \u2013 50ml"},"content":{"rendered":"<h2>Description<\/h2>\n<p>Profitez d\u2019une protection ultime contre les rayons UV avec ANUA AIRY SUB CREAM SPF 50. Cette cr\u00e8me l\u00e9g\u00e8re et non grasse offre une couverture compl\u00e8te pour votre peau tout en la laissant respirer. Avec un SPF 50, pr\u00e9servez votre peau du soleil et \u00e9vitez les dommages caus\u00e9s par les rayons UV, pour une peau saine et prot\u00e9g\u00e9e.<\/p>\n","protected":false},"excerpt":{"rendered":"<p>Description Profitez d\u2019une protection ultime contre les rayons UV avec ANUA AIRY SUB CREAM SPF 50. Cette cr\u00e8me l\u00e9g\u00e8re et non grasse offre une couverture compl\u00e8te pour votre peau tout en la laissant respirer. Avec un SPF 50, pr\u00e9servez votre peau du soleil et \u00e9vitez les dommages caus\u00e9s par les rayons UV, pour une peau [&hellip;]<\/p>\n","protected":false},"featured_media":5740,"comment_status":"open","ping_status":"closed","template":"","meta":{"content-type":"","_uag_custom_page_level_css":""},"pwb-brand":[],"product_brand":[],"product_cat":[344,325,334,340,323],"product_tag":[],"class_list":{"0":"post-5741","1":"product","2":"type-product","3":"status-publish","4":"has-post-thumbnail","6":"product_cat-anua","7":"product_cat-marques","8":"product_cat-produits-coreens","9":"product_cat-protection-solaire","10":"product_cat-skincare","12":"first","13":"instock","14":"sale","15":"shipping-taxable","16":"purchasable","17":"product-type-simple"},"aioseo_notices":[],"uagb_featured_image_src":{"full":["https:\/\/wavexia.com\/wp-content\/uploads\/2025\/10\/Product-page-sizes_829010bd-5c8a-48a2-bfc3-45a4586007a2.webp",800,800,false],"thumbnail":["https:\/\/wavexia.com\/wp-content\/uploads\/2025\/10\/Product-page-sizes_829010bd-5c8a-48a2-bfc3-45a4586007a2-150x150.webp",150,150,true],"medium":["https:\/\/wavexia.com\/wp-content\/uploads\/2025\/10\/Product-page-sizes_829010bd-5c8a-48a2-bfc3-45a4586007a2-300x300.webp",300,300,true],"medium_large":["https:\/\/wavexia.com\/wp-content\/uploads\/2025\/10\/Product-page-sizes_829010bd-5c8a-48a2-bfc3-45a4586007a2-768x768.webp",768,768,true],"large":["https:\/\/wavexia.com\/wp-content\/uploads\/2025\/10\/Product-page-sizes_829010bd-5c8a-48a2-bfc3-45a4586007a2.webp",800,800,false],"1536x1536":["https:\/\/wavexia.com\/wp-content\/uploads\/2025\/10\/Product-page-sizes_829010bd-5c8a-48a2-bfc3-45a4586007a2.webp",800,800,false],"2048x2048":["https:\/\/wavexia.com\/wp-content\/uploads\/2025\/10\/Product-page-sizes_829010bd-5c8a-48a2-bfc3-45a4586007a2.webp",800,800,false],"woocommerce_archive_thumbnail":["https:\/\/wavexia.com\/wp-content\/uploads\/2025\/10\/Product-page-sizes_829010bd-5c8a-48a2-bfc3-45a4586007a2-300x300.webp",300,300,true],"woocommerce_thumbnail":["https:\/\/wavexia.com\/wp-content\/uploads\/2025\/10\/Product-page-sizes_829010bd-5c8a-48a2-bfc3-45a4586007a2-300x300.webp",300,300,true],"woocommerce_single":["https:\/\/wavexia.com\/wp-content\/uploads\/2025\/10\/Product-page-sizes_829010bd-5c8a-48a2-bfc3-45a4586007a2-600x600.webp",600,600,true],"woocommerce_gallery_thumbnail":["https:\/\/wavexia.com\/wp-content\/uploads\/2025\/10\/Product-page-sizes_829010bd-5c8a-48a2-bfc3-45a4586007a2-100x100.webp",100,100,true]},"uagb_author_info":{"display_name":"zineddine.ayoub98@gmail.com","author_link":"https:\/\/wavexia.com\/?author=0"},"uagb_comment_info":0,"uagb_excerpt":"Description Profitez d\u2019une protection ultime contre les rayons UV avec ANUA AIRY SUB CREAM SPF 50. Cette cr\u00e8me l\u00e9g\u00e8re et non grasse offre une couverture compl\u00e8te pour votre peau tout en la laissant respirer. Avec un SPF 50, pr\u00e9servez votre peau du soleil et \u00e9vitez les dommages caus\u00e9s par les rayons UV, pour une peau&hellip;","brands":[],"_links":{"self":[{"href":"https:\/\/wavexia.com\/index.php?rest_route=\/wp\/v2\/product\/5741","targetHints":{"allow":["GET"]}}],"collection":[{"href":"https:\/\/wavexia.com\/index.php?rest_route=\/wp\/v2\/product"}],"about":[{"href":"https:\/\/wavexia.com\/index.php?rest_route=\/wp\/v2\/types\/product"}],"replies":[{"embeddable":true,"href":"https:\/\/wavexia.com\/index.php?rest_route=%2Fwp%2Fv2%2Fcomments&post=5741"}],"wp:featuredmedia":[{"embeddable":true,"href":"https:\/\/wavexia.com\/index.php?rest_route=\/wp\/v2\/media\/5740"}],"wp:attachment":[{"href":"https:\/\/wavexia.com\/index.php?rest_route=%2Fwp%2Fv2%2Fmedia&parent=5741"}],"wp:term":[{"taxonomy":"pwb-brand","embeddable":true,"href":"https:\/\/wavexia.com\/index.php?rest_route=%2Fwp%2Fv2%2Fpwb-brand&post=5741"},{"taxonomy":"product_brand","embeddable":true,"href":"https:\/\/wavexia.com\/index.php?rest_route=%2Fwp%2Fv2%2Fproduct_brand&post=5741"},{"taxonomy":"product_cat","embeddable":true,"href":"https:\/\/wavexia.com\/index.php?rest_route=%2Fwp%2Fv2%2Fproduct_cat&post=5741"},{"taxonomy":"product_tag","embeddable":true,"href":"https:\/\/wavexia.com\/index.php?rest_route=%2Fwp%2Fv2%2Fproduct_tag&post=5741"}],"curies":[{"name":"wp","href":"https:\/\/api.w.org\/{rel}","templated":true}]}}