{"id":5731,"date":"2025-10-19T09:24:34","date_gmt":"2025-10-19T09:24:34","guid":{"rendered":"https:\/\/wavexia.com\/product\/pyunkang-yul-low-ph-pore-deep-cleansing-foam-100ml\/"},"modified":"2026-03-10T07:31:12","modified_gmt":"2026-03-10T07:31:12","slug":"pyunkang-yul-low-ph-pore-deep-cleansing-foam-100ml","status":"publish","type":"product","link":"https:\/\/wavexia.com\/?product=pyunkang-yul-low-ph-pore-deep-cleansing-foam-100ml","title":{"rendered":"Pyunkang Yul Low pH Pore Deep Cleansing Foam 100ml"},"content":{"rendered":"<h2>Description<\/h2>\n<p>La Low pH Pore Deep Cleansing Foam Pyunkang Yul est une mousse nettoyante douce qui r\u00e9pond \u00e0 deux crit\u00e8res importants : elle a un pH faible qui permet \u00e0 la peau de rester \u00e9quilibr\u00e9e, et elle poss\u00e8de un fort pouvoir d\u2019hydratation. Cette mousse nettoyante est le compagnon de nettoyage id\u00e9al de ta peau. Elle \u00e9limine la salet\u00e9, l\u2019huile et le maquillage pour laisser la peau fra\u00eeche et revitalis\u00e9e. Contenant 100% de tensioactifs d\u2019origine naturelle, elle produit des bulles l\u00e9g\u00e8res et l\u00e9g\u00e8rement acides pour un effet z\u00e9ro irritation et z\u00e9ro dess\u00e8chement sur les peaux sensibles ou sujettes \u00e0 l\u2019acn\u00e9.<\/p>\n<p><strong>Recommand\u00e9 pour :&nbsp;<\/strong>Peaux sensibles, peaux \u00e0 tendance acn\u00e9ique.<\/p>\n<p><strong>Peut \u00eatre utilis\u00e9 pour :&nbsp;<\/strong>Tous types de peaux.<\/p>\n<p><strong>Conseils d\u2019utilisation :<\/strong><\/p>\n<ul>\n<li>Mouille ton visage avec de l\u2019eau.<\/li>\n<li>Distribue une quantit\u00e9 appropri\u00e9e de la mousse nettoyante dans ta paume.<\/li>\n<li>Masse d\u00e9licatement la mousse sur ton visage en effectuant des mouvements circulaires, puis rince \u00e0 l\u2019eau. Utilise-la quotidiennement pour un nettoyage en profondeur et pour minimiser l\u2019apparence des pores.<\/li>\n<\/ul>\n<p><strong>Ingr\u00e9dients :<\/strong><\/p>\n<p>Extrait de racine de Saposhnikovia Divaricata, Glyc\u00e9rine, Acide myristique, Acide laurique, Hydroxyde de potassium, Acide st\u00e9arique, Cocamidopropyl b\u00e9ta\u00efne, Cire d\u2019abeille, St\u00e9arate de glyc\u00e9ryle, St\u00e9arate de PEG-100, Dist\u00e9arate de glycol, Lauramide DEA, St\u00e9arate de glyc\u00e9ryle SE, Polyacrylate de sodium, Caprylate de glyc\u00e9ryle, Parfum.<\/p>\n<p>&nbsp;<\/p>\n","protected":false},"excerpt":{"rendered":"<p>Description La Low pH Pore Deep Cleansing Foam Pyunkang Yul est une mousse nettoyante douce qui r\u00e9pond \u00e0 deux crit\u00e8res importants : elle a un pH faible qui permet \u00e0 la peau de rester \u00e9quilibr\u00e9e, et elle poss\u00e8de un fort pouvoir d\u2019hydratation. Cette mousse nettoyante est le compagnon de nettoyage id\u00e9al de ta peau. Elle [&hellip;]<\/p>\n","protected":false},"featured_media":5730,"comment_status":"open","ping_status":"closed","template":"","meta":{"content-type":"","_uag_custom_page_level_css":""},"pwb-brand":[],"product_brand":[],"product_cat":[336,328,334,421],"product_tag":[],"class_list":{"0":"post-5731","1":"product","2":"type-product","3":"status-publish","4":"has-post-thumbnail","6":"product_cat-nettoyant","7":"product_cat-nouveautes","8":"product_cat-produits-coreens","9":"product_cat-pyunkang-yul","11":"first","12":"instock","13":"sale","14":"shipping-taxable","15":"purchasable","16":"product-type-simple"},"aioseo_notices":[],"uagb_featured_image_src":{"full":["https:\/\/wavexia.com\/wp-content\/uploads\/2025\/10\/Product-page-sizes-100-1.webp",800,800,false],"thumbnail":["https:\/\/wavexia.com\/wp-content\/uploads\/2025\/10\/Product-page-sizes-100-1-150x150.webp",150,150,true],"medium":["https:\/\/wavexia.com\/wp-content\/uploads\/2025\/10\/Product-page-sizes-100-1-300x300.webp",300,300,true],"medium_large":["https:\/\/wavexia.com\/wp-content\/uploads\/2025\/10\/Product-page-sizes-100-1-768x768.webp",768,768,true],"large":["https:\/\/wavexia.com\/wp-content\/uploads\/2025\/10\/Product-page-sizes-100-1.webp",800,800,false],"1536x1536":["https:\/\/wavexia.com\/wp-content\/uploads\/2025\/10\/Product-page-sizes-100-1.webp",800,800,false],"2048x2048":["https:\/\/wavexia.com\/wp-content\/uploads\/2025\/10\/Product-page-sizes-100-1.webp",800,800,false],"woocommerce_archive_thumbnail":["https:\/\/wavexia.com\/wp-content\/uploads\/2025\/10\/Product-page-sizes-100-1-300x300.webp",300,300,true],"woocommerce_thumbnail":["https:\/\/wavexia.com\/wp-content\/uploads\/2025\/10\/Product-page-sizes-100-1-300x300.webp",300,300,true],"woocommerce_single":["https:\/\/wavexia.com\/wp-content\/uploads\/2025\/10\/Product-page-sizes-100-1-600x600.webp",600,600,true],"woocommerce_gallery_thumbnail":["https:\/\/wavexia.com\/wp-content\/uploads\/2025\/10\/Product-page-sizes-100-1-100x100.webp",100,100,true]},"uagb_author_info":{"display_name":"zineddine.ayoub98@gmail.com","author_link":"https:\/\/wavexia.com\/?author=0"},"uagb_comment_info":0,"uagb_excerpt":"Description La Low pH Pore Deep Cleansing Foam Pyunkang Yul est une mousse nettoyante douce qui r\u00e9pond \u00e0 deux crit\u00e8res importants : elle a un pH faible qui permet \u00e0 la peau de rester \u00e9quilibr\u00e9e, et elle poss\u00e8de un fort pouvoir d\u2019hydratation. Cette mousse nettoyante est le compagnon de nettoyage id\u00e9al de ta peau. Elle&hellip;","brands":[],"_links":{"self":[{"href":"https:\/\/wavexia.com\/index.php?rest_route=\/wp\/v2\/product\/5731","targetHints":{"allow":["GET"]}}],"collection":[{"href":"https:\/\/wavexia.com\/index.php?rest_route=\/wp\/v2\/product"}],"about":[{"href":"https:\/\/wavexia.com\/index.php?rest_route=\/wp\/v2\/types\/product"}],"replies":[{"embeddable":true,"href":"https:\/\/wavexia.com\/index.php?rest_route=%2Fwp%2Fv2%2Fcomments&post=5731"}],"wp:featuredmedia":[{"embeddable":true,"href":"https:\/\/wavexia.com\/index.php?rest_route=\/wp\/v2\/media\/5730"}],"wp:attachment":[{"href":"https:\/\/wavexia.com\/index.php?rest_route=%2Fwp%2Fv2%2Fmedia&parent=5731"}],"wp:term":[{"taxonomy":"pwb-brand","embeddable":true,"href":"https:\/\/wavexia.com\/index.php?rest_route=%2Fwp%2Fv2%2Fpwb-brand&post=5731"},{"taxonomy":"product_brand","embeddable":true,"href":"https:\/\/wavexia.com\/index.php?rest_route=%2Fwp%2Fv2%2Fproduct_brand&post=5731"},{"taxonomy":"product_cat","embeddable":true,"href":"https:\/\/wavexia.com\/index.php?rest_route=%2Fwp%2Fv2%2Fproduct_cat&post=5731"},{"taxonomy":"product_tag","embeddable":true,"href":"https:\/\/wavexia.com\/index.php?rest_route=%2Fwp%2Fv2%2Fproduct_tag&post=5731"}],"curies":[{"name":"wp","href":"https:\/\/api.w.org\/{rel}","templated":true}]}}