{"id":5728,"date":"2025-10-19T09:24:31","date_gmt":"2025-10-19T09:24:31","guid":{"rendered":"https:\/\/wavexia.com\/product\/revlon-uniq-one-lotus-flower-hair-treatment-150ml\/"},"modified":"2026-03-10T07:31:12","modified_gmt":"2026-03-10T07:31:12","slug":"revlon-uniq-one-lotus-flower-hair-treatment-150ml","status":"publish","type":"product","link":"https:\/\/wavexia.com\/?product=revlon-uniq-one-lotus-flower-hair-treatment-150ml","title":{"rendered":"REVLON Uniq one lotus flower hair treatment 150ml"},"content":{"rendered":"<h2>Description<\/h2>\n<h1><span>Soin sans rin\u00e7age multi-b\u00e9n\u00e9fices au d\u00e9licat parfum de fleurs de lotus&nbsp;<\/span><\/h1>\n<p><strong><span>UniqOne<\/span><\/strong><span> &nbsp;a r\u00e9volutionn\u00e9 le monde des cheveux gr\u00e2ce \u00e0 ses <\/span><strong><span>10 bienfaits.&nbsp;<\/span><\/strong><span> Parfait pour tous les types de cheveux, ce spray d\u00e9m\u00eale non seulement les m\u00e8ches, mais permet \u00e9galement aux femmes du monde entier d\u2019obtenir des r\u00e9sultats professionnels en un clin d\u2019\u0153il.<\/span><\/p>\n<p><span>D\u00e9sormais dot\u00e9 d\u2019une image enti\u00e8rement renouvel\u00e9e, il maintient ses <\/span><strong><span>excellentes performances<\/span><\/strong><span> . Dans le cadre de l\u2019engagement de Revlon Professional pour r\u00e9duire son impact environnemental, son nouvel emballage pr\u00e9sente un design plus attrayant et durable, compos\u00e9 \u00e0 25 % de PET recycl\u00e9. UniqOne <\/span><strong><span>prend soin<\/span><\/strong><span> , <\/span><strong><span>traite<\/span><\/strong><span> , <\/span><strong><span>prot\u00e8ge<\/span><\/strong><span> , <\/span><strong><span>contr\u00f4le<\/span><\/strong><span> et bien plus encore. <\/span><strong><span>Il r\u00e9pare<\/span><\/strong><span> les cheveux secs et ab\u00eem\u00e9s gr\u00e2ce \u00e0 ses <\/span><strong><span>agents<\/span><\/strong><span> hydratants et <\/span><strong><span>revitalisants<\/span><\/strong><span> qui <\/span><strong><span>am\u00e9liorent la texture<\/span><\/strong><span> et <\/span><strong><span>la maniabilit\u00e9<\/span><\/strong><span> .<\/span><\/p>\n<p><span>Avec un <\/span><strong><span>parfum<\/span><\/strong><span> frais , pur, doux et floral inspir\u00e9 du d\u00e9licat parfum des <\/span><strong><span>fleurs de lotus<\/span><\/strong><span> . R\u00e9sultats imm\u00e9diats, dans un produit test\u00e9 dermatologiquement et \u00e0 la formule vegan.<\/span><\/p>\n<p><b><span>Principales caract\u00e9ristiques :<\/span><\/b><br \/><span>1. R\u00e9pare les cheveux secs et ab\u00eem\u00e9s <\/span><br \/><span>2. Renforce et r\u00e9duit la casse <\/span><br \/><span>3. Revitalise et d\u00e9m\u00eale <\/span><br \/><span>4. Contr\u00f4le les frisottis <\/span><br \/><span>5. Hydrate instantan\u00e9ment <\/span><br \/><span>6. Fournit une protection contre la chaleur <\/span><br \/><span>7. Augmente la brillance et prot\u00e8ge la couleur <\/span><br \/><span>8. Adoucit et g\u00e8re <\/span><br \/><span>9. Pr\u00e9vient les pointes fourchues <\/span><br \/><span>10. Maintient votre coiffure plus longtemps<\/span><\/p>\n","protected":false},"excerpt":{"rendered":"<p>Description Soin sans rin\u00e7age multi-b\u00e9n\u00e9fices au d\u00e9licat parfum de fleurs de lotus&nbsp; UniqOne &nbsp;a r\u00e9volutionn\u00e9 le monde des cheveux gr\u00e2ce \u00e0 ses 10 bienfaits.&nbsp; Parfait pour tous les types de cheveux, ce spray d\u00e9m\u00eale non seulement les m\u00e8ches, mais permet \u00e9galement aux femmes du monde entier d\u2019obtenir des r\u00e9sultats professionnels en un clin d\u2019\u0153il. D\u00e9sormais [&hellip;]<\/p>\n","protected":false},"featured_media":5727,"comment_status":"open","ping_status":"closed","template":"","meta":{"content-type":"","_uag_custom_page_level_css":""},"pwb-brand":[],"product_brand":[],"product_cat":[377,403],"product_tag":[],"class_list":{"0":"post-5728","1":"product","2":"type-product","3":"status-publish","4":"has-post-thumbnail","6":"product_cat-cheveux","7":"product_cat-revlon","9":"first","10":"instock","11":"sale","12":"shipping-taxable","13":"purchasable","14":"product-type-simple"},"aioseo_notices":[],"uagb_featured_image_src":{"full":["https:\/\/wavexia.com\/wp-content\/uploads\/2025\/10\/IMG_8337.jpeg",500,500,false],"thumbnail":["https:\/\/wavexia.com\/wp-content\/uploads\/2025\/10\/IMG_8337-150x150.jpeg",150,150,true],"medium":["https:\/\/wavexia.com\/wp-content\/uploads\/2025\/10\/IMG_8337-300x300.jpeg",300,300,true],"medium_large":["https:\/\/wavexia.com\/wp-content\/uploads\/2025\/10\/IMG_8337.jpeg",500,500,false],"large":["https:\/\/wavexia.com\/wp-content\/uploads\/2025\/10\/IMG_8337.jpeg",500,500,false],"1536x1536":["https:\/\/wavexia.com\/wp-content\/uploads\/2025\/10\/IMG_8337.jpeg",500,500,false],"2048x2048":["https:\/\/wavexia.com\/wp-content\/uploads\/2025\/10\/IMG_8337.jpeg",500,500,false],"woocommerce_archive_thumbnail":["https:\/\/wavexia.com\/wp-content\/uploads\/2025\/10\/IMG_8337-300x300.jpeg",300,300,true],"woocommerce_thumbnail":["https:\/\/wavexia.com\/wp-content\/uploads\/2025\/10\/IMG_8337-300x300.jpeg",300,300,true],"woocommerce_single":["https:\/\/wavexia.com\/wp-content\/uploads\/2025\/10\/IMG_8337.jpeg",500,500,false],"woocommerce_gallery_thumbnail":["https:\/\/wavexia.com\/wp-content\/uploads\/2025\/10\/IMG_8337-100x100.jpeg",100,100,true]},"uagb_author_info":{"display_name":"zineddine.ayoub98@gmail.com","author_link":"https:\/\/wavexia.com\/?author=0"},"uagb_comment_info":0,"uagb_excerpt":"Description Soin sans rin\u00e7age multi-b\u00e9n\u00e9fices au d\u00e9licat parfum de fleurs de lotus&nbsp; UniqOne &nbsp;a r\u00e9volutionn\u00e9 le monde des cheveux gr\u00e2ce \u00e0 ses 10 bienfaits.&nbsp; Parfait pour tous les types de cheveux, ce spray d\u00e9m\u00eale non seulement les m\u00e8ches, mais permet \u00e9galement aux femmes du monde entier d\u2019obtenir des r\u00e9sultats professionnels en un clin d\u2019\u0153il. D\u00e9sormais&hellip;","brands":[],"_links":{"self":[{"href":"https:\/\/wavexia.com\/index.php?rest_route=\/wp\/v2\/product\/5728","targetHints":{"allow":["GET"]}}],"collection":[{"href":"https:\/\/wavexia.com\/index.php?rest_route=\/wp\/v2\/product"}],"about":[{"href":"https:\/\/wavexia.com\/index.php?rest_route=\/wp\/v2\/types\/product"}],"replies":[{"embeddable":true,"href":"https:\/\/wavexia.com\/index.php?rest_route=%2Fwp%2Fv2%2Fcomments&post=5728"}],"wp:featuredmedia":[{"embeddable":true,"href":"https:\/\/wavexia.com\/index.php?rest_route=\/wp\/v2\/media\/5727"}],"wp:attachment":[{"href":"https:\/\/wavexia.com\/index.php?rest_route=%2Fwp%2Fv2%2Fmedia&parent=5728"}],"wp:term":[{"taxonomy":"pwb-brand","embeddable":true,"href":"https:\/\/wavexia.com\/index.php?rest_route=%2Fwp%2Fv2%2Fpwb-brand&post=5728"},{"taxonomy":"product_brand","embeddable":true,"href":"https:\/\/wavexia.com\/index.php?rest_route=%2Fwp%2Fv2%2Fproduct_brand&post=5728"},{"taxonomy":"product_cat","embeddable":true,"href":"https:\/\/wavexia.com\/index.php?rest_route=%2Fwp%2Fv2%2Fproduct_cat&post=5728"},{"taxonomy":"product_tag","embeddable":true,"href":"https:\/\/wavexia.com\/index.php?rest_route=%2Fwp%2Fv2%2Fproduct_tag&post=5728"}],"curies":[{"name":"wp","href":"https:\/\/api.w.org\/{rel}","templated":true}]}}