{"id":5725,"date":"2025-10-19T09:24:30","date_gmt":"2025-10-19T09:24:30","guid":{"rendered":"https:\/\/wavexia.com\/product\/etude-huile-teintee-dear-darling-06\/"},"modified":"2026-03-10T07:31:12","modified_gmt":"2026-03-10T07:31:12","slug":"etude-huile-teintee-dear-darling-06","status":"publish","type":"product","link":"https:\/\/wavexia.com\/?product=etude-huile-teintee-dear-darling-06","title":{"rendered":"Etude Huile teint\u00e9e Dear Darling \u2013 06"},"content":{"rendered":"<h2>Description<\/h2>\n<p><strong>Dear Darling Oil Tint<\/strong><br \/>Rouge \u00e0 l\u00e8vres juteux et brillant avec soin \u00e0 l\u2019huile hydratante<\/p>\n<p><strong>\u2013 Formule brillante et riche en humidit\u00e9 \u00e9blouissante<\/strong><br \/>La couche de brillance \u00e0 l\u2019huile scintillante cr\u00e9e des l\u00e8vres durables et \u00e9blouissantes<\/p>\n<p><strong>\u2013 Des nuances juteuses et vives<\/strong><br \/>Du rouge vif au rose \u00e9blouissant, les couleurs restent vibrantes et vivantes<\/p>\n<p><strong>\u2013 Soin hydratant pour les l\u00e8vres<\/strong><br \/>Enrichi de plus de 70% d\u2019huiles nourrissantes et brillantes, il lisse les l\u00e8vres squameuses pour un fini lisse et humide<\/p>\n<p><strong>\u2013 Brillance et couleur am\u00e9lior\u00e9es ! Rouge \u00e0 l\u00e8vres avec #PerfectSynergy<\/strong><br \/>Une large gamme de textures et de couleurs rehausse n\u2019importe quelle combinaison de l\u00e8vres<\/p>\n","protected":false},"excerpt":{"rendered":"<p>Description Dear Darling Oil TintRouge \u00e0 l\u00e8vres juteux et brillant avec soin \u00e0 l\u2019huile hydratante \u2013 Formule brillante et riche en humidit\u00e9 \u00e9blouissanteLa couche de brillance \u00e0 l\u2019huile scintillante cr\u00e9e des l\u00e8vres durables et \u00e9blouissantes \u2013 Des nuances juteuses et vivesDu rouge vif au rose \u00e9blouissant, les couleurs restent vibrantes et vivantes \u2013 Soin hydratant [&hellip;]<\/p>\n","protected":false},"featured_media":5724,"comment_status":"open","ping_status":"closed","template":"","meta":{"content-type":"","_uag_custom_page_level_css":""},"pwb-brand":[],"product_brand":[],"product_cat":[406,360],"product_tag":[],"class_list":{"0":"post-5725","1":"product","2":"type-product","3":"status-publish","4":"has-post-thumbnail","6":"product_cat-etude","7":"product_cat-maquillage","9":"first","10":"instock","11":"sale","12":"shipping-taxable","13":"purchasable","14":"product-type-simple"},"aioseo_notices":[],"uagb_featured_image_src":{"full":["https:\/\/wavexia.com\/wp-content\/uploads\/2025\/10\/InShot-20240428_234906233.webp",1920,1920,false],"thumbnail":["https:\/\/wavexia.com\/wp-content\/uploads\/2025\/10\/InShot-20240428_234906233-150x150.webp",150,150,true],"medium":["https:\/\/wavexia.com\/wp-content\/uploads\/2025\/10\/InShot-20240428_234906233-300x300.webp",300,300,true],"medium_large":["https:\/\/wavexia.com\/wp-content\/uploads\/2025\/10\/InShot-20240428_234906233-768x768.webp",768,768,true],"large":["https:\/\/wavexia.com\/wp-content\/uploads\/2025\/10\/InShot-20240428_234906233-1024x1024.webp",1024,1024,true],"1536x1536":["https:\/\/wavexia.com\/wp-content\/uploads\/2025\/10\/InShot-20240428_234906233-1536x1536.webp",1536,1536,true],"2048x2048":["https:\/\/wavexia.com\/wp-content\/uploads\/2025\/10\/InShot-20240428_234906233.webp",1920,1920,false],"woocommerce_archive_thumbnail":["https:\/\/wavexia.com\/wp-content\/uploads\/2025\/10\/InShot-20240428_234906233-300x300.webp",300,300,true],"woocommerce_thumbnail":["https:\/\/wavexia.com\/wp-content\/uploads\/2025\/10\/InShot-20240428_234906233-300x300.webp",300,300,true],"woocommerce_single":["https:\/\/wavexia.com\/wp-content\/uploads\/2025\/10\/InShot-20240428_234906233-600x600.webp",600,600,true],"woocommerce_gallery_thumbnail":["https:\/\/wavexia.com\/wp-content\/uploads\/2025\/10\/InShot-20240428_234906233-100x100.webp",100,100,true]},"uagb_author_info":{"display_name":"zineddine.ayoub98@gmail.com","author_link":"https:\/\/wavexia.com\/?author=0"},"uagb_comment_info":0,"uagb_excerpt":"Description Dear Darling Oil TintRouge \u00e0 l\u00e8vres juteux et brillant avec soin \u00e0 l\u2019huile hydratante \u2013 Formule brillante et riche en humidit\u00e9 \u00e9blouissanteLa couche de brillance \u00e0 l\u2019huile scintillante cr\u00e9e des l\u00e8vres durables et \u00e9blouissantes \u2013 Des nuances juteuses et vivesDu rouge vif au rose \u00e9blouissant, les couleurs restent vibrantes et vivantes \u2013 Soin hydratant&hellip;","brands":[],"_links":{"self":[{"href":"https:\/\/wavexia.com\/index.php?rest_route=\/wp\/v2\/product\/5725","targetHints":{"allow":["GET"]}}],"collection":[{"href":"https:\/\/wavexia.com\/index.php?rest_route=\/wp\/v2\/product"}],"about":[{"href":"https:\/\/wavexia.com\/index.php?rest_route=\/wp\/v2\/types\/product"}],"replies":[{"embeddable":true,"href":"https:\/\/wavexia.com\/index.php?rest_route=%2Fwp%2Fv2%2Fcomments&post=5725"}],"wp:featuredmedia":[{"embeddable":true,"href":"https:\/\/wavexia.com\/index.php?rest_route=\/wp\/v2\/media\/5724"}],"wp:attachment":[{"href":"https:\/\/wavexia.com\/index.php?rest_route=%2Fwp%2Fv2%2Fmedia&parent=5725"}],"wp:term":[{"taxonomy":"pwb-brand","embeddable":true,"href":"https:\/\/wavexia.com\/index.php?rest_route=%2Fwp%2Fv2%2Fpwb-brand&post=5725"},{"taxonomy":"product_brand","embeddable":true,"href":"https:\/\/wavexia.com\/index.php?rest_route=%2Fwp%2Fv2%2Fproduct_brand&post=5725"},{"taxonomy":"product_cat","embeddable":true,"href":"https:\/\/wavexia.com\/index.php?rest_route=%2Fwp%2Fv2%2Fproduct_cat&post=5725"},{"taxonomy":"product_tag","embeddable":true,"href":"https:\/\/wavexia.com\/index.php?rest_route=%2Fwp%2Fv2%2Fproduct_tag&post=5725"}],"curies":[{"name":"wp","href":"https:\/\/api.w.org\/{rel}","templated":true}]}}