{"id":5722,"date":"2025-10-19T09:24:27","date_gmt":"2025-10-19T09:24:27","guid":{"rendered":"https:\/\/wavexia.com\/product\/the-inkey-list-serum-au-retinol-30-ml\/"},"modified":"2026-03-10T07:31:12","modified_gmt":"2026-03-10T07:31:12","slug":"the-inkey-list-serum-au-retinol-30-ml","status":"publish","type":"product","link":"https:\/\/wavexia.com\/?product=the-inkey-list-serum-au-retinol-30-ml","title":{"rendered":"The INKEY List S\u00e9rum au r\u00e9tinol 30 ml"},"content":{"rendered":"<h2>Description<\/h2>\n<div>La formule The INKEY List de r\u00e9tinol \u00e0 lib\u00e9ration lente aide \u00e0 cibler l\u2019apparence des rides et des ridules en r\u00e9duisant le risque d\u2019irritation. Elle stimule aussi la clart\u00e9 globale et les irr\u00e9gularit\u00e9s du teint, pour une peau plus lumineuse et plus uniforme.<\/p>\n<div><\/div>\n<div>INGR\u00c9DIENTS CL\u00c9S :<\/div>\n<div>\u2013 R\u00e9tinol Acetate 1 %<\/div>\n<div>\u2013 Granactive Retinoid 0,5 %<\/div>\n<div>\u2013 Squalane pour hydrater et apaiser<\/div>\n<div>\n<p>&nbsp;<\/p>\n<\/div>\n<\/div>\n","protected":false},"excerpt":{"rendered":"<p>Description La formule The INKEY List de r\u00e9tinol \u00e0 lib\u00e9ration lente aide \u00e0 cibler l\u2019apparence des rides et des ridules en r\u00e9duisant le risque d\u2019irritation. Elle stimule aussi la clart\u00e9 globale et les irr\u00e9gularit\u00e9s du teint, pour une peau plus lumineuse et plus uniforme. INGR\u00c9DIENTS CL\u00c9S : \u2013 R\u00e9tinol Acetate 1 % \u2013 Granactive Retinoid [&hellip;]<\/p>\n","protected":false},"featured_media":5721,"comment_status":"open","ping_status":"closed","template":"","meta":{"content-type":"","_uag_custom_page_level_css":""},"pwb-brand":[],"product_brand":[],"product_cat":[415],"product_tag":[],"class_list":{"0":"post-5722","1":"product","2":"type-product","3":"status-publish","4":"has-post-thumbnail","6":"product_cat-the-inkey-list","8":"first","9":"instock","10":"sale","11":"shipping-taxable","12":"purchasable","13":"product-type-simple"},"aioseo_notices":[],"uagb_featured_image_src":{"full":["https:\/\/wavexia.com\/wp-content\/uploads\/2025\/10\/OIP-17.jpeg",241,218,false],"thumbnail":["https:\/\/wavexia.com\/wp-content\/uploads\/2025\/10\/OIP-17-150x150.jpeg",150,150,true],"medium":["https:\/\/wavexia.com\/wp-content\/uploads\/2025\/10\/OIP-17.jpeg",241,218,false],"medium_large":["https:\/\/wavexia.com\/wp-content\/uploads\/2025\/10\/OIP-17.jpeg",241,218,false],"large":["https:\/\/wavexia.com\/wp-content\/uploads\/2025\/10\/OIP-17.jpeg",241,218,false],"1536x1536":["https:\/\/wavexia.com\/wp-content\/uploads\/2025\/10\/OIP-17.jpeg",241,218,false],"2048x2048":["https:\/\/wavexia.com\/wp-content\/uploads\/2025\/10\/OIP-17.jpeg",241,218,false],"woocommerce_archive_thumbnail":["https:\/\/wavexia.com\/wp-content\/uploads\/2025\/10\/OIP-17.jpeg",241,218,false],"woocommerce_thumbnail":["https:\/\/wavexia.com\/wp-content\/uploads\/2025\/10\/OIP-17.jpeg",241,218,false],"woocommerce_single":["https:\/\/wavexia.com\/wp-content\/uploads\/2025\/10\/OIP-17.jpeg",241,218,false],"woocommerce_gallery_thumbnail":["https:\/\/wavexia.com\/wp-content\/uploads\/2025\/10\/OIP-17-100x100.jpeg",100,100,true]},"uagb_author_info":{"display_name":"zineddine.ayoub98@gmail.com","author_link":"https:\/\/wavexia.com\/?author=0"},"uagb_comment_info":0,"uagb_excerpt":"Description La formule The INKEY List de r\u00e9tinol \u00e0 lib\u00e9ration lente aide \u00e0 cibler l\u2019apparence des rides et des ridules en r\u00e9duisant le risque d\u2019irritation. Elle stimule aussi la clart\u00e9 globale et les irr\u00e9gularit\u00e9s du teint, pour une peau plus lumineuse et plus uniforme. INGR\u00c9DIENTS CL\u00c9S : \u2013 R\u00e9tinol Acetate 1 % \u2013 Granactive Retinoid&hellip;","brands":[],"_links":{"self":[{"href":"https:\/\/wavexia.com\/index.php?rest_route=\/wp\/v2\/product\/5722","targetHints":{"allow":["GET"]}}],"collection":[{"href":"https:\/\/wavexia.com\/index.php?rest_route=\/wp\/v2\/product"}],"about":[{"href":"https:\/\/wavexia.com\/index.php?rest_route=\/wp\/v2\/types\/product"}],"replies":[{"embeddable":true,"href":"https:\/\/wavexia.com\/index.php?rest_route=%2Fwp%2Fv2%2Fcomments&post=5722"}],"wp:featuredmedia":[{"embeddable":true,"href":"https:\/\/wavexia.com\/index.php?rest_route=\/wp\/v2\/media\/5721"}],"wp:attachment":[{"href":"https:\/\/wavexia.com\/index.php?rest_route=%2Fwp%2Fv2%2Fmedia&parent=5722"}],"wp:term":[{"taxonomy":"pwb-brand","embeddable":true,"href":"https:\/\/wavexia.com\/index.php?rest_route=%2Fwp%2Fv2%2Fpwb-brand&post=5722"},{"taxonomy":"product_brand","embeddable":true,"href":"https:\/\/wavexia.com\/index.php?rest_route=%2Fwp%2Fv2%2Fproduct_brand&post=5722"},{"taxonomy":"product_cat","embeddable":true,"href":"https:\/\/wavexia.com\/index.php?rest_route=%2Fwp%2Fv2%2Fproduct_cat&post=5722"},{"taxonomy":"product_tag","embeddable":true,"href":"https:\/\/wavexia.com\/index.php?rest_route=%2Fwp%2Fv2%2Fproduct_tag&post=5722"}],"curies":[{"name":"wp","href":"https:\/\/api.w.org\/{rel}","templated":true}]}}