{"id":5715,"date":"2025-10-19T09:24:23","date_gmt":"2025-10-19T09:24:23","guid":{"rendered":"https:\/\/wavexia.com\/product\/charlotte-tilbury-airbrush-flawless-finish-powder-refe-1-fair\/"},"modified":"2026-03-10T07:31:12","modified_gmt":"2026-03-10T07:31:12","slug":"charlotte-tilbury-airbrush-flawless-finish-powder-refe-1-fair","status":"publish","type":"product","link":"https:\/\/wavexia.com\/?product=charlotte-tilbury-airbrush-flawless-finish-powder-refe-1-fair","title":{"rendered":"CHARLOTTE TILBURY \u2013 AirBrush Flawless Finish Powder \u2013 R\u00e9fe 1 Fair"},"content":{"rendered":"<h2>Description<\/h2>\n<p>Airbrush Flawless Finish est une poudre fixatrice ultra-fine qui gomme les imperfections et r\u00e9duit visiblement la brillance. La poudre micro-fine respirante permet d\u2019obtenir un teint impeccable, tel un voile de cachemire ultra fin pour illuminer et sublimer votre peau. Ce produit ne s\u2019ass\u00e8che pas et ne file pas dans les ridules.<\/p>\n<p>Bon \u00e0 savoir : v\u00e9gane, non test\u00e9e sur les animaux et sans gluten.<\/p>\n","protected":false},"excerpt":{"rendered":"<p>Description Airbrush Flawless Finish est une poudre fixatrice ultra-fine qui gomme les imperfections et r\u00e9duit visiblement la brillance. La poudre micro-fine respirante permet d\u2019obtenir un teint impeccable, tel un voile de cachemire ultra fin pour illuminer et sublimer votre peau. Ce produit ne s\u2019ass\u00e8che pas et ne file pas dans les ridules. Bon \u00e0 savoir [&hellip;]<\/p>\n","protected":false},"featured_media":5714,"comment_status":"open","ping_status":"closed","template":"","meta":{"content-type":"","_uag_custom_page_level_css":""},"pwb-brand":[],"product_brand":[],"product_cat":[425,360],"product_tag":[],"class_list":{"0":"post-5715","1":"product","2":"type-product","3":"status-publish","4":"has-post-thumbnail","6":"product_cat-charlotte-tilbury","7":"product_cat-maquillage","9":"first","10":"instock","11":"sale","12":"shipping-taxable","13":"purchasable","14":"product-type-simple"},"aioseo_notices":[],"uagb_featured_image_src":{"full":["https:\/\/wavexia.com\/wp-content\/uploads\/2025\/10\/image_a5e68742-15c2-44cb-8ed0-ca7443745a49.webp",500,500,false],"thumbnail":["https:\/\/wavexia.com\/wp-content\/uploads\/2025\/10\/image_a5e68742-15c2-44cb-8ed0-ca7443745a49-150x150.webp",150,150,true],"medium":["https:\/\/wavexia.com\/wp-content\/uploads\/2025\/10\/image_a5e68742-15c2-44cb-8ed0-ca7443745a49-300x300.webp",300,300,true],"medium_large":["https:\/\/wavexia.com\/wp-content\/uploads\/2025\/10\/image_a5e68742-15c2-44cb-8ed0-ca7443745a49.webp",500,500,false],"large":["https:\/\/wavexia.com\/wp-content\/uploads\/2025\/10\/image_a5e68742-15c2-44cb-8ed0-ca7443745a49.webp",500,500,false],"1536x1536":["https:\/\/wavexia.com\/wp-content\/uploads\/2025\/10\/image_a5e68742-15c2-44cb-8ed0-ca7443745a49.webp",500,500,false],"2048x2048":["https:\/\/wavexia.com\/wp-content\/uploads\/2025\/10\/image_a5e68742-15c2-44cb-8ed0-ca7443745a49.webp",500,500,false],"woocommerce_archive_thumbnail":["https:\/\/wavexia.com\/wp-content\/uploads\/2025\/10\/image_a5e68742-15c2-44cb-8ed0-ca7443745a49-300x300.webp",300,300,true],"woocommerce_thumbnail":["https:\/\/wavexia.com\/wp-content\/uploads\/2025\/10\/image_a5e68742-15c2-44cb-8ed0-ca7443745a49-300x300.webp",300,300,true],"woocommerce_single":["https:\/\/wavexia.com\/wp-content\/uploads\/2025\/10\/image_a5e68742-15c2-44cb-8ed0-ca7443745a49.webp",500,500,false],"woocommerce_gallery_thumbnail":["https:\/\/wavexia.com\/wp-content\/uploads\/2025\/10\/image_a5e68742-15c2-44cb-8ed0-ca7443745a49-100x100.webp",100,100,true]},"uagb_author_info":{"display_name":"zineddine.ayoub98@gmail.com","author_link":"https:\/\/wavexia.com\/?author=0"},"uagb_comment_info":0,"uagb_excerpt":"Description Airbrush Flawless Finish est une poudre fixatrice ultra-fine qui gomme les imperfections et r\u00e9duit visiblement la brillance. La poudre micro-fine respirante permet d\u2019obtenir un teint impeccable, tel un voile de cachemire ultra fin pour illuminer et sublimer votre peau. Ce produit ne s\u2019ass\u00e8che pas et ne file pas dans les ridules. Bon \u00e0 savoir&hellip;","brands":[],"_links":{"self":[{"href":"https:\/\/wavexia.com\/index.php?rest_route=\/wp\/v2\/product\/5715","targetHints":{"allow":["GET"]}}],"collection":[{"href":"https:\/\/wavexia.com\/index.php?rest_route=\/wp\/v2\/product"}],"about":[{"href":"https:\/\/wavexia.com\/index.php?rest_route=\/wp\/v2\/types\/product"}],"replies":[{"embeddable":true,"href":"https:\/\/wavexia.com\/index.php?rest_route=%2Fwp%2Fv2%2Fcomments&post=5715"}],"wp:featuredmedia":[{"embeddable":true,"href":"https:\/\/wavexia.com\/index.php?rest_route=\/wp\/v2\/media\/5714"}],"wp:attachment":[{"href":"https:\/\/wavexia.com\/index.php?rest_route=%2Fwp%2Fv2%2Fmedia&parent=5715"}],"wp:term":[{"taxonomy":"pwb-brand","embeddable":true,"href":"https:\/\/wavexia.com\/index.php?rest_route=%2Fwp%2Fv2%2Fpwb-brand&post=5715"},{"taxonomy":"product_brand","embeddable":true,"href":"https:\/\/wavexia.com\/index.php?rest_route=%2Fwp%2Fv2%2Fproduct_brand&post=5715"},{"taxonomy":"product_cat","embeddable":true,"href":"https:\/\/wavexia.com\/index.php?rest_route=%2Fwp%2Fv2%2Fproduct_cat&post=5715"},{"taxonomy":"product_tag","embeddable":true,"href":"https:\/\/wavexia.com\/index.php?rest_route=%2Fwp%2Fv2%2Fproduct_tag&post=5715"}],"curies":[{"name":"wp","href":"https:\/\/api.w.org\/{rel}","templated":true}]}}