{"id":5709,"date":"2025-10-19T09:24:19","date_gmt":"2025-10-19T09:24:19","guid":{"rendered":"https:\/\/wavexia.com\/product\/sephora-brightening-gel-eye-cream-with-hyaluronic-acid\/"},"modified":"2026-03-10T07:31:12","modified_gmt":"2026-03-10T07:31:12","slug":"sephora-brightening-gel-eye-cream-with-hyaluronic-acid","status":"publish","type":"product","link":"https:\/\/wavexia.com\/?product=sephora-brightening-gel-eye-cream-with-hyaluronic-acid","title":{"rendered":"Sephora Brightening Gel Eye Cream with Hyaluronic Acid"},"content":{"rendered":"<h2>Description<\/h2>\n<p>La cr\u00e8me hydratante pour les yeux, contenant de la caf\u00e9ine et de l\u2019acide hyaluronique, r\u00e9duit les cernes, les poches et les signes du vieillissement. Laisse vos yeux avec une lueur de jeunesse.<\/p>\n<p>Ingr\u00e9dients cl\u00e9s:- Caf\u00e9ine: D\u00e9gonfle le contour<br \/>des yeux- Acide hyaluronique d\u2019origine naturelle: Augmente la r\u00e9tention d\u2019humidit\u00e9 et pr\u00e9vient la d\u00e9shydratation- Extrait d\u2019\u00e9corce de plante Mudar: Propri\u00e9t\u00e9s<\/p>\n<p>anti-\u00e2ge Comment utiliser:<\/p>\n<p>1. Utilisez matin et soir sur une peau propre et s\u00e8che.<br \/>2. Tapotez doucement sur le contour des yeux pour laisser le produit absorber.<\/p>\n","protected":false},"excerpt":{"rendered":"<p>Description La cr\u00e8me hydratante pour les yeux, contenant de la caf\u00e9ine et de l\u2019acide hyaluronique, r\u00e9duit les cernes, les poches et les signes du vieillissement. Laisse vos yeux avec une lueur de jeunesse. Ingr\u00e9dients cl\u00e9s:- Caf\u00e9ine: D\u00e9gonfle le contourdes yeux- Acide hyaluronique d\u2019origine naturelle: Augmente la r\u00e9tention d\u2019humidit\u00e9 et pr\u00e9vient la d\u00e9shydratation- Extrait d\u2019\u00e9corce de [&hellip;]<\/p>\n","protected":false},"featured_media":5708,"comment_status":"open","ping_status":"closed","template":"","meta":{"content-type":"","_uag_custom_page_level_css":""},"pwb-brand":[],"product_brand":[],"product_cat":[352,390,323],"product_tag":[],"class_list":{"0":"post-5709","1":"product","2":"type-product","3":"status-publish","4":"has-post-thumbnail","6":"product_cat-contour-des-yeux","7":"product_cat-sephora","8":"product_cat-skincare","10":"first","11":"instock","12":"sale","13":"shipping-taxable","14":"purchasable","15":"product-type-simple"},"aioseo_notices":[],"uagb_featured_image_src":{"full":["https:\/\/wavexia.com\/wp-content\/uploads\/2025\/10\/1-9.webp",600,600,false],"thumbnail":["https:\/\/wavexia.com\/wp-content\/uploads\/2025\/10\/1-9-150x150.webp",150,150,true],"medium":["https:\/\/wavexia.com\/wp-content\/uploads\/2025\/10\/1-9-300x300.webp",300,300,true],"medium_large":["https:\/\/wavexia.com\/wp-content\/uploads\/2025\/10\/1-9.webp",600,600,false],"large":["https:\/\/wavexia.com\/wp-content\/uploads\/2025\/10\/1-9.webp",600,600,false],"1536x1536":["https:\/\/wavexia.com\/wp-content\/uploads\/2025\/10\/1-9.webp",600,600,false],"2048x2048":["https:\/\/wavexia.com\/wp-content\/uploads\/2025\/10\/1-9.webp",600,600,false],"woocommerce_archive_thumbnail":["https:\/\/wavexia.com\/wp-content\/uploads\/2025\/10\/1-9-300x300.webp",300,300,true],"woocommerce_thumbnail":["https:\/\/wavexia.com\/wp-content\/uploads\/2025\/10\/1-9-300x300.webp",300,300,true],"woocommerce_single":["https:\/\/wavexia.com\/wp-content\/uploads\/2025\/10\/1-9.webp",600,600,false],"woocommerce_gallery_thumbnail":["https:\/\/wavexia.com\/wp-content\/uploads\/2025\/10\/1-9-100x100.webp",100,100,true]},"uagb_author_info":{"display_name":"zineddine.ayoub98@gmail.com","author_link":"https:\/\/wavexia.com\/?author=0"},"uagb_comment_info":0,"uagb_excerpt":"Description La cr\u00e8me hydratante pour les yeux, contenant de la caf\u00e9ine et de l\u2019acide hyaluronique, r\u00e9duit les cernes, les poches et les signes du vieillissement. Laisse vos yeux avec une lueur de jeunesse. Ingr\u00e9dients cl\u00e9s:- Caf\u00e9ine: D\u00e9gonfle le contourdes yeux- Acide hyaluronique d\u2019origine naturelle: Augmente la r\u00e9tention d\u2019humidit\u00e9 et pr\u00e9vient la d\u00e9shydratation- Extrait d\u2019\u00e9corce de&hellip;","brands":[],"_links":{"self":[{"href":"https:\/\/wavexia.com\/index.php?rest_route=\/wp\/v2\/product\/5709","targetHints":{"allow":["GET"]}}],"collection":[{"href":"https:\/\/wavexia.com\/index.php?rest_route=\/wp\/v2\/product"}],"about":[{"href":"https:\/\/wavexia.com\/index.php?rest_route=\/wp\/v2\/types\/product"}],"replies":[{"embeddable":true,"href":"https:\/\/wavexia.com\/index.php?rest_route=%2Fwp%2Fv2%2Fcomments&post=5709"}],"wp:featuredmedia":[{"embeddable":true,"href":"https:\/\/wavexia.com\/index.php?rest_route=\/wp\/v2\/media\/5708"}],"wp:attachment":[{"href":"https:\/\/wavexia.com\/index.php?rest_route=%2Fwp%2Fv2%2Fmedia&parent=5709"}],"wp:term":[{"taxonomy":"pwb-brand","embeddable":true,"href":"https:\/\/wavexia.com\/index.php?rest_route=%2Fwp%2Fv2%2Fpwb-brand&post=5709"},{"taxonomy":"product_brand","embeddable":true,"href":"https:\/\/wavexia.com\/index.php?rest_route=%2Fwp%2Fv2%2Fproduct_brand&post=5709"},{"taxonomy":"product_cat","embeddable":true,"href":"https:\/\/wavexia.com\/index.php?rest_route=%2Fwp%2Fv2%2Fproduct_cat&post=5709"},{"taxonomy":"product_tag","embeddable":true,"href":"https:\/\/wavexia.com\/index.php?rest_route=%2Fwp%2Fv2%2Fproduct_tag&post=5709"}],"curies":[{"name":"wp","href":"https:\/\/api.w.org\/{rel}","templated":true}]}}