{"id":5705,"date":"2025-10-19T09:24:16","date_gmt":"2025-10-19T09:24:16","guid":{"rendered":"https:\/\/wavexia.com\/product\/honey-deep-moist-hair-oil-100ml\/"},"modified":"2026-03-10T07:31:11","modified_gmt":"2026-03-10T07:31:11","slug":"honey-deep-moist-hair-oil-100ml","status":"publish","type":"product","link":"https:\/\/wavexia.com\/?product=honey-deep-moist-hair-oil-100ml","title":{"rendered":"&#038;honey Deep Moist Hair Oil 100ml"},"content":{"rendered":"<h2>Description<\/h2>\n<p>&amp; HONEY Huile pour cheveux humides en profondeur Bio &amp; Botanique (R\u00e9pare les cheveux ab\u00eem\u00e9s + Lisse les cheveux r\u00eaches + Hydrate et nourrit) 100ml<br \/>Un soin capillaire hydratant en profondeur et hydratant avec un m\u00e9lange luxueux de miel !<br \/>En se concentrant sur l\u2019\u00e9quilibre entre la teneur en humidit\u00e9 des cheveux et la teneur en humidit\u00e9, plus de 90 % du produit final est compos\u00e9 d\u2019ingr\u00e9dients hydratants et protecteurs. Il est fabriqu\u00e9 avec de l\u2019huile biologique 100&nbsp;% marocaine*. Plus de 90&nbsp;% sont des ingr\u00e9dients<br \/>hydratants et protecteurs *Fabriqu\u00e9 avec 3 types de miel&nbsp;; Manuka de Nouvelle-Z\u00e9lande, acacia de Hongrie et miel brut du Japon<br \/>*Sans sulfate, huile min\u00e9rale, colorants synth\u00e9tiques, propyl\u00e8ne glycol, parab\u00e8ne, silicium, additifs et tests sur les<br \/>animaux*Magnifique parfum de miel de rose de Damas.<br \/>Mode d\u2019emploi&nbsp;: Apr\u00e8s avoir \u00e9t\u00e9 s\u00e9ch\u00e9 \u00e0 la serviette, pr\u00e9levez une quantit\u00e9 appropri\u00e9e, appliquez et \u00e9talez \u00e0 partir de la pointe des cheveux.<br \/>Avis de non-responsabilit\u00e9 :<br \/>En raison de la nature du produit, veuillez prendre note que la dur\u00e9e de conservation du produit est d\u2019au moins 9 mois.<\/p>\n","protected":false},"excerpt":{"rendered":"<p>Description &amp; HONEY Huile pour cheveux humides en profondeur Bio &amp; Botanique (R\u00e9pare les cheveux ab\u00eem\u00e9s + Lisse les cheveux r\u00eaches + Hydrate et nourrit) 100mlUn soin capillaire hydratant en profondeur et hydratant avec un m\u00e9lange luxueux de miel !En se concentrant sur l\u2019\u00e9quilibre entre la teneur en humidit\u00e9 des cheveux et la teneur en [&hellip;]<\/p>\n","protected":false},"featured_media":5704,"comment_status":"open","ping_status":"closed","template":"","meta":{"content-type":"","_uag_custom_page_level_css":""},"pwb-brand":[],"product_brand":[],"product_cat":[377,328,414],"product_tag":[],"class_list":{"0":"post-5705","1":"product","2":"type-product","3":"status-publish","4":"has-post-thumbnail","6":"product_cat-cheveux","7":"product_cat-nouveautes","8":"product_cat-vicrea","10":"first","11":"instock","12":"sale","13":"shipping-taxable","14":"purchasable","15":"product-type-simple"},"aioseo_notices":[],"uagb_featured_image_src":{"full":["https:\/\/wavexia.com\/wp-content\/uploads\/2025\/10\/telechargement_dc681eb7-e218-40f6-9b96-fe4b09bb542f.webp",1500,1500,false],"thumbnail":["https:\/\/wavexia.com\/wp-content\/uploads\/2025\/10\/telechargement_dc681eb7-e218-40f6-9b96-fe4b09bb542f-150x150.webp",150,150,true],"medium":["https:\/\/wavexia.com\/wp-content\/uploads\/2025\/10\/telechargement_dc681eb7-e218-40f6-9b96-fe4b09bb542f-300x300.webp",300,300,true],"medium_large":["https:\/\/wavexia.com\/wp-content\/uploads\/2025\/10\/telechargement_dc681eb7-e218-40f6-9b96-fe4b09bb542f-768x768.webp",768,768,true],"large":["https:\/\/wavexia.com\/wp-content\/uploads\/2025\/10\/telechargement_dc681eb7-e218-40f6-9b96-fe4b09bb542f-1024x1024.webp",1024,1024,true],"1536x1536":["https:\/\/wavexia.com\/wp-content\/uploads\/2025\/10\/telechargement_dc681eb7-e218-40f6-9b96-fe4b09bb542f.webp",1500,1500,false],"2048x2048":["https:\/\/wavexia.com\/wp-content\/uploads\/2025\/10\/telechargement_dc681eb7-e218-40f6-9b96-fe4b09bb542f.webp",1500,1500,false],"woocommerce_archive_thumbnail":["https:\/\/wavexia.com\/wp-content\/uploads\/2025\/10\/telechargement_dc681eb7-e218-40f6-9b96-fe4b09bb542f-300x300.webp",300,300,true],"woocommerce_thumbnail":["https:\/\/wavexia.com\/wp-content\/uploads\/2025\/10\/telechargement_dc681eb7-e218-40f6-9b96-fe4b09bb542f-300x300.webp",300,300,true],"woocommerce_single":["https:\/\/wavexia.com\/wp-content\/uploads\/2025\/10\/telechargement_dc681eb7-e218-40f6-9b96-fe4b09bb542f-600x600.webp",600,600,true],"woocommerce_gallery_thumbnail":["https:\/\/wavexia.com\/wp-content\/uploads\/2025\/10\/telechargement_dc681eb7-e218-40f6-9b96-fe4b09bb542f-100x100.webp",100,100,true]},"uagb_author_info":{"display_name":"zineddine.ayoub98@gmail.com","author_link":"https:\/\/wavexia.com\/?author=0"},"uagb_comment_info":0,"uagb_excerpt":"Description &amp; HONEY Huile pour cheveux humides en profondeur Bio &amp; Botanique (R\u00e9pare les cheveux ab\u00eem\u00e9s + Lisse les cheveux r\u00eaches + Hydrate et nourrit) 100mlUn soin capillaire hydratant en profondeur et hydratant avec un m\u00e9lange luxueux de miel !En se concentrant sur l\u2019\u00e9quilibre entre la teneur en humidit\u00e9 des cheveux et la teneur en&hellip;","brands":[],"_links":{"self":[{"href":"https:\/\/wavexia.com\/index.php?rest_route=\/wp\/v2\/product\/5705","targetHints":{"allow":["GET"]}}],"collection":[{"href":"https:\/\/wavexia.com\/index.php?rest_route=\/wp\/v2\/product"}],"about":[{"href":"https:\/\/wavexia.com\/index.php?rest_route=\/wp\/v2\/types\/product"}],"replies":[{"embeddable":true,"href":"https:\/\/wavexia.com\/index.php?rest_route=%2Fwp%2Fv2%2Fcomments&post=5705"}],"wp:featuredmedia":[{"embeddable":true,"href":"https:\/\/wavexia.com\/index.php?rest_route=\/wp\/v2\/media\/5704"}],"wp:attachment":[{"href":"https:\/\/wavexia.com\/index.php?rest_route=%2Fwp%2Fv2%2Fmedia&parent=5705"}],"wp:term":[{"taxonomy":"pwb-brand","embeddable":true,"href":"https:\/\/wavexia.com\/index.php?rest_route=%2Fwp%2Fv2%2Fpwb-brand&post=5705"},{"taxonomy":"product_brand","embeddable":true,"href":"https:\/\/wavexia.com\/index.php?rest_route=%2Fwp%2Fv2%2Fproduct_brand&post=5705"},{"taxonomy":"product_cat","embeddable":true,"href":"https:\/\/wavexia.com\/index.php?rest_route=%2Fwp%2Fv2%2Fproduct_cat&post=5705"},{"taxonomy":"product_tag","embeddable":true,"href":"https:\/\/wavexia.com\/index.php?rest_route=%2Fwp%2Fv2%2Fproduct_tag&post=5705"}],"curies":[{"name":"wp","href":"https:\/\/api.w.org\/{rel}","templated":true}]}}