{"id":5702,"date":"2025-10-19T09:24:14","date_gmt":"2025-10-19T09:24:14","guid":{"rendered":"https:\/\/wavexia.com\/product\/the-inkey-list-glycolic-acid-tonique-100-ml\/"},"modified":"2026-03-10T07:31:11","modified_gmt":"2026-03-10T07:31:11","slug":"the-inkey-list-glycolic-acid-tonique-100-ml","status":"publish","type":"product","link":"https:\/\/wavexia.com\/?product=the-inkey-list-glycolic-acid-tonique-100-ml","title":{"rendered":"THE INKEY LIST Glycolic Acid Tonique 100 ml"},"content":{"rendered":"<h2>Description<\/h2>\n<p>Un tonique qui cible les pores dilat\u00e9s et illumine le teint. D\u00e9riv\u00e9 de la canne \u00e0 sucre, cet ingr\u00e9dient contribue \u00e0 \u00e9liminer les cellules mortes et d\u00e9shydrat\u00e9es de la surface de la peau.<\/p>\n<p>L\u2019acide glycolique est un AHA (acide alpha-hydroxyl\u00e9). Il exfolie la peau en douceur en \u00e9liminant les cellules mortes \u00e0 la surface de&nbsp;l\u2019\u00e9piderme, susceptibles de donner \u00e0 la peau un aspect terne et des pores dilat\u00e9s.L\u2019utilisation d\u2019AHA facilite le renouvellement cellulaire et l\u2019\u00e9limination des peaux mortes pour r\u00e9v\u00e9ler un teint plus \u00e9clatant et plus uniforme.<\/p>\n<p>Le tonique Glycolic Acid permet de :<br \/>1. Cibler les pores dilat\u00e9s<br \/>2. R\u00e9duire l\u2019apparence des pores<br \/>3. Lisser les irr\u00e9gularit\u00e9s du teint<br \/>4. Illuminer le teint<\/p>\n","protected":false},"excerpt":{"rendered":"<p>Description Un tonique qui cible les pores dilat\u00e9s et illumine le teint. D\u00e9riv\u00e9 de la canne \u00e0 sucre, cet ingr\u00e9dient contribue \u00e0 \u00e9liminer les cellules mortes et d\u00e9shydrat\u00e9es de la surface de la peau. L\u2019acide glycolique est un AHA (acide alpha-hydroxyl\u00e9). Il exfolie la peau en douceur en \u00e9liminant les cellules mortes \u00e0 la surface [&hellip;]<\/p>\n","protected":false},"featured_media":5701,"comment_status":"open","ping_status":"closed","template":"","meta":{"content-type":"","_uag_custom_page_level_css":""},"pwb-brand":[],"product_brand":[],"product_cat":[415],"product_tag":[],"class_list":{"0":"post-5702","1":"product","2":"type-product","3":"status-publish","4":"has-post-thumbnail","6":"product_cat-the-inkey-list","8":"first","9":"instock","10":"sale","11":"shipping-taxable","12":"purchasable","13":"product-type-simple"},"aioseo_notices":[],"uagb_featured_image_src":{"full":["https:\/\/wavexia.com\/wp-content\/uploads\/2025\/10\/telecharger-37.jpeg",217,217,false],"thumbnail":["https:\/\/wavexia.com\/wp-content\/uploads\/2025\/10\/telecharger-37-150x150.jpeg",150,150,true],"medium":["https:\/\/wavexia.com\/wp-content\/uploads\/2025\/10\/telecharger-37.jpeg",217,217,false],"medium_large":["https:\/\/wavexia.com\/wp-content\/uploads\/2025\/10\/telecharger-37.jpeg",217,217,false],"large":["https:\/\/wavexia.com\/wp-content\/uploads\/2025\/10\/telecharger-37.jpeg",217,217,false],"1536x1536":["https:\/\/wavexia.com\/wp-content\/uploads\/2025\/10\/telecharger-37.jpeg",217,217,false],"2048x2048":["https:\/\/wavexia.com\/wp-content\/uploads\/2025\/10\/telecharger-37.jpeg",217,217,false],"woocommerce_archive_thumbnail":["https:\/\/wavexia.com\/wp-content\/uploads\/2025\/10\/telecharger-37.jpeg",217,217,false],"woocommerce_thumbnail":["https:\/\/wavexia.com\/wp-content\/uploads\/2025\/10\/telecharger-37.jpeg",217,217,false],"woocommerce_single":["https:\/\/wavexia.com\/wp-content\/uploads\/2025\/10\/telecharger-37.jpeg",217,217,false],"woocommerce_gallery_thumbnail":["https:\/\/wavexia.com\/wp-content\/uploads\/2025\/10\/telecharger-37-100x100.jpeg",100,100,true]},"uagb_author_info":{"display_name":"zineddine.ayoub98@gmail.com","author_link":"https:\/\/wavexia.com\/?author=0"},"uagb_comment_info":0,"uagb_excerpt":"Description Un tonique qui cible les pores dilat\u00e9s et illumine le teint. D\u00e9riv\u00e9 de la canne \u00e0 sucre, cet ingr\u00e9dient contribue \u00e0 \u00e9liminer les cellules mortes et d\u00e9shydrat\u00e9es de la surface de la peau. L\u2019acide glycolique est un AHA (acide alpha-hydroxyl\u00e9). Il exfolie la peau en douceur en \u00e9liminant les cellules mortes \u00e0 la surface&hellip;","brands":[],"_links":{"self":[{"href":"https:\/\/wavexia.com\/index.php?rest_route=\/wp\/v2\/product\/5702","targetHints":{"allow":["GET"]}}],"collection":[{"href":"https:\/\/wavexia.com\/index.php?rest_route=\/wp\/v2\/product"}],"about":[{"href":"https:\/\/wavexia.com\/index.php?rest_route=\/wp\/v2\/types\/product"}],"replies":[{"embeddable":true,"href":"https:\/\/wavexia.com\/index.php?rest_route=%2Fwp%2Fv2%2Fcomments&post=5702"}],"wp:featuredmedia":[{"embeddable":true,"href":"https:\/\/wavexia.com\/index.php?rest_route=\/wp\/v2\/media\/5701"}],"wp:attachment":[{"href":"https:\/\/wavexia.com\/index.php?rest_route=%2Fwp%2Fv2%2Fmedia&parent=5702"}],"wp:term":[{"taxonomy":"pwb-brand","embeddable":true,"href":"https:\/\/wavexia.com\/index.php?rest_route=%2Fwp%2Fv2%2Fpwb-brand&post=5702"},{"taxonomy":"product_brand","embeddable":true,"href":"https:\/\/wavexia.com\/index.php?rest_route=%2Fwp%2Fv2%2Fproduct_brand&post=5702"},{"taxonomy":"product_cat","embeddable":true,"href":"https:\/\/wavexia.com\/index.php?rest_route=%2Fwp%2Fv2%2Fproduct_cat&post=5702"},{"taxonomy":"product_tag","embeddable":true,"href":"https:\/\/wavexia.com\/index.php?rest_route=%2Fwp%2Fv2%2Fproduct_tag&post=5702"}],"curies":[{"name":"wp","href":"https:\/\/api.w.org\/{rel}","templated":true}]}}