{"id":5693,"date":"2025-10-19T09:24:07","date_gmt":"2025-10-19T09:24:07","guid":{"rendered":"https:\/\/wavexia.com\/product\/pyunkang-yul-black-tea-time-reverse-eye-cream-25ml\/"},"modified":"2026-03-10T07:31:11","modified_gmt":"2026-03-10T07:31:11","slug":"pyunkang-yul-black-tea-time-reverse-eye-cream-25ml","status":"publish","type":"product","link":"https:\/\/wavexia.com\/?product=pyunkang-yul-black-tea-time-reverse-eye-cream-25ml","title":{"rendered":"Pyunkang Yul Black Tea Time Reverse Eye Cream 25ml"},"content":{"rendered":"<h2>Description<\/h2>\n<p>La Black Tea Time Reverse Eye Cream Pyunkang Yul est une cr\u00e8me nourrissante pour les yeux sans parfum qui contient des extraits de th\u00e9 noir ferment\u00e9 et de m\u00fbrier \u00e0 papier qui revitalisent la zone sous les yeux pour un regard renouvel\u00e9. Elle est enrichie en beurre de karit\u00e9, en huile de graine de macadamia, en acide hyaluronique et en c\u00e9ramide pour nourrir la peau fatigu\u00e9e tout en aidant \u00e0 retenir l\u2019hydratation. Cette cr\u00e8me aide \u00e0 r\u00e9duire l\u2019apparence des rides et des ridules et est formul\u00e9e avec des ingr\u00e9dients de qualit\u00e9 v\u00e9rifi\u00e9s par l\u2019EWG.<\/p>\n<p><strong>Conseils d\u2019utilisation :<\/strong><\/p>\n<ul>\n<li>Prends une quantit\u00e9 appropri\u00e9e de produit et applique-le sur les zones de rides.<\/li>\n<li>Tapote d\u00e9licatement du bout des doigts pour faciliter l\u2019absorption.<\/li>\n<\/ul>\n<p><strong>Ingr\u00e9dients :<\/strong><\/p>\n<p>Eau, Glyc\u00e9rine, M\u00e9thylpropanediol, Triglyc\u00e9ride Caprylique\/Caprique, Alcool C\u00e9t\u00e9arylique, Huile de Graine de Macadamia, Pulid\u00e9c\u00e8ne Hydrog\u00e9n\u00e9, Niacinamide, Beurre de Karit\u00e9, St\u00e9arate de Glyc\u00e9ryle, Cire d\u2019Abeille, Alcool Arachidylique, Alcool B\u00e9henylique, Sorbitol, Cellulose, Trim\u00e9thyl T\u00e9trahydroxyc\u00e9tanyl Glucoside, Sulfonylchlorure de M\u00e9thanamine, Caryophyll\u00e8ne, Sulfonitrile, Aryl, Trim\u00e9thylsulfonylt\u00e9tram\u00e9thyltriamine, Hyaluronate de Sodium, Acide Hyaluronique Hydrolys\u00e9, Hyaluronate de Sodium Ac\u00e9tyl\u00e9, Fermentation de Levure\/Xylin\/Th\u00e9 Noir, Hydroxy\u00e9thylcellulose, Extrait de Racine de Broussonetia, Extrait de Grenade, Extrait de Cannelle, Extrait de Centella Asiatica, Tripeptide de Cuivre-1, C\u00e9ramide, Ac\u00e9tyl Hexapeptide-8, L\u00e9cithine Hydrog\u00e9n\u00e9e, Carbom\u00e8re, Butyl\u00e8ne Glycol, Hydroxyac\u00e9toph\u00e9none, Extrait de Mat\u00e9, Extrait de Capucine, Trom\u00e9thamine, Disodium EDTA, Octyldod\u00e9cane, Glyc\u00e9ride de Caprylyl, \u00c9thylhexylglyc\u00e9rine, 1,2-Hexanediol.<\/p>\n","protected":false},"excerpt":{"rendered":"<p>Description La Black Tea Time Reverse Eye Cream Pyunkang Yul est une cr\u00e8me nourrissante pour les yeux sans parfum qui contient des extraits de th\u00e9 noir ferment\u00e9 et de m\u00fbrier \u00e0 papier qui revitalisent la zone sous les yeux pour un regard renouvel\u00e9. Elle est enrichie en beurre de karit\u00e9, en huile de graine de [&hellip;]<\/p>\n","protected":false},"featured_media":5692,"comment_status":"open","ping_status":"closed","template":"","meta":{"content-type":"","_uag_custom_page_level_css":""},"pwb-brand":[],"product_brand":[],"product_cat":[352,328,334,421],"product_tag":[],"class_list":{"0":"post-5693","1":"product","2":"type-product","3":"status-publish","4":"has-post-thumbnail","6":"product_cat-contour-des-yeux","7":"product_cat-nouveautes","8":"product_cat-produits-coreens","9":"product_cat-pyunkang-yul","11":"first","12":"instock","13":"sale","14":"shipping-taxable","15":"purchasable","16":"product-type-simple"},"aioseo_notices":[],"uagb_featured_image_src":{"full":["https:\/\/wavexia.com\/wp-content\/uploads\/2025\/10\/BlackTeaTimeReverseEyeCream25ml.webp",500,500,false],"thumbnail":["https:\/\/wavexia.com\/wp-content\/uploads\/2025\/10\/BlackTeaTimeReverseEyeCream25ml-150x150.webp",150,150,true],"medium":["https:\/\/wavexia.com\/wp-content\/uploads\/2025\/10\/BlackTeaTimeReverseEyeCream25ml-300x300.webp",300,300,true],"medium_large":["https:\/\/wavexia.com\/wp-content\/uploads\/2025\/10\/BlackTeaTimeReverseEyeCream25ml.webp",500,500,false],"large":["https:\/\/wavexia.com\/wp-content\/uploads\/2025\/10\/BlackTeaTimeReverseEyeCream25ml.webp",500,500,false],"1536x1536":["https:\/\/wavexia.com\/wp-content\/uploads\/2025\/10\/BlackTeaTimeReverseEyeCream25ml.webp",500,500,false],"2048x2048":["https:\/\/wavexia.com\/wp-content\/uploads\/2025\/10\/BlackTeaTimeReverseEyeCream25ml.webp",500,500,false],"woocommerce_archive_thumbnail":["https:\/\/wavexia.com\/wp-content\/uploads\/2025\/10\/BlackTeaTimeReverseEyeCream25ml-300x300.webp",300,300,true],"woocommerce_thumbnail":["https:\/\/wavexia.com\/wp-content\/uploads\/2025\/10\/BlackTeaTimeReverseEyeCream25ml-300x300.webp",300,300,true],"woocommerce_single":["https:\/\/wavexia.com\/wp-content\/uploads\/2025\/10\/BlackTeaTimeReverseEyeCream25ml.webp",500,500,false],"woocommerce_gallery_thumbnail":["https:\/\/wavexia.com\/wp-content\/uploads\/2025\/10\/BlackTeaTimeReverseEyeCream25ml-100x100.webp",100,100,true]},"uagb_author_info":{"display_name":"zineddine.ayoub98@gmail.com","author_link":"https:\/\/wavexia.com\/?author=0"},"uagb_comment_info":0,"uagb_excerpt":"Description La Black Tea Time Reverse Eye Cream Pyunkang Yul est une cr\u00e8me nourrissante pour les yeux sans parfum qui contient des extraits de th\u00e9 noir ferment\u00e9 et de m\u00fbrier \u00e0 papier qui revitalisent la zone sous les yeux pour un regard renouvel\u00e9. Elle est enrichie en beurre de karit\u00e9, en huile de graine de&hellip;","brands":[],"_links":{"self":[{"href":"https:\/\/wavexia.com\/index.php?rest_route=\/wp\/v2\/product\/5693","targetHints":{"allow":["GET"]}}],"collection":[{"href":"https:\/\/wavexia.com\/index.php?rest_route=\/wp\/v2\/product"}],"about":[{"href":"https:\/\/wavexia.com\/index.php?rest_route=\/wp\/v2\/types\/product"}],"replies":[{"embeddable":true,"href":"https:\/\/wavexia.com\/index.php?rest_route=%2Fwp%2Fv2%2Fcomments&post=5693"}],"wp:featuredmedia":[{"embeddable":true,"href":"https:\/\/wavexia.com\/index.php?rest_route=\/wp\/v2\/media\/5692"}],"wp:attachment":[{"href":"https:\/\/wavexia.com\/index.php?rest_route=%2Fwp%2Fv2%2Fmedia&parent=5693"}],"wp:term":[{"taxonomy":"pwb-brand","embeddable":true,"href":"https:\/\/wavexia.com\/index.php?rest_route=%2Fwp%2Fv2%2Fpwb-brand&post=5693"},{"taxonomy":"product_brand","embeddable":true,"href":"https:\/\/wavexia.com\/index.php?rest_route=%2Fwp%2Fv2%2Fproduct_brand&post=5693"},{"taxonomy":"product_cat","embeddable":true,"href":"https:\/\/wavexia.com\/index.php?rest_route=%2Fwp%2Fv2%2Fproduct_cat&post=5693"},{"taxonomy":"product_tag","embeddable":true,"href":"https:\/\/wavexia.com\/index.php?rest_route=%2Fwp%2Fv2%2Fproduct_tag&post=5693"}],"curies":[{"name":"wp","href":"https:\/\/api.w.org\/{rel}","templated":true}]}}