{"id":5686,"date":"2025-10-19T09:24:03","date_gmt":"2025-10-19T09:24:03","guid":{"rendered":"https:\/\/wavexia.com\/product\/medicube-pdrn-lip-sleeping-mask-10g\/"},"modified":"2026-03-10T07:31:11","modified_gmt":"2026-03-10T07:31:11","slug":"medicube-pdrn-lip-sleeping-mask-10g","status":"publish","type":"product","link":"https:\/\/wavexia.com\/?product=medicube-pdrn-lip-sleeping-mask-10g","title":{"rendered":"MEDICUBE PDRN Lip Sleeping Mask 10g"},"content":{"rendered":"<h2>Description<\/h2>\n<p><strong>CONTENANCE :<\/strong>&nbsp;10g<br \/><strong>TYPE DE PEAU :<\/strong>&nbsp;TOUS TYPES DE PEAU | PEAU SENSIBLE | PEAU S\u00c8CHE | L\u00c8VRES GERC\u00c9ES<strong>ID\u00c9AL POUR :<\/strong>&nbsp;APAISANT |<br \/>NOURRISSANT | COLLAG\u00c8NE | RAJEUNISSANT | REVITALISANT | HYDRATANT | HYDRATATION INTENSE | BEURRE DE KARIT\u00c9 | AD\u00c9NOSINE | VITAMINE E | STIMULER L\u2019ABSORPTION | LISSAGE | AM\u00c9LIORER LA SANT\u00c9 DES L\u00c8VRES | RENFORCER LA BARRI\u00c8RE CUTAN\u00c9E | RIDES FINES | FORMULATION \u00c9CLAT<br \/><strong>:<\/strong>&nbsp;MASQUE POUR LES L\u00c8VRES | NON COLLANT<\/p>\n<p>Obtenez des l\u00e8vres douces&nbsp;<strong data-end=\"28\" data-start=\"14\">et pulpeuses<\/strong>&nbsp;avec ce&nbsp;<strong data-end=\"64\" data-start=\"39\">baume \u00e0 l\u00e8vres \u00e0 double fondant<\/strong>&nbsp;enrichi en&nbsp;<strong data-end=\"87\" data-start=\"79\">PDRN<\/strong>&nbsp;et en collag\u00e8ne pour&nbsp;<strong data-end=\"134\" data-start=\"114\">un soin cibl\u00e9 du volume rose<\/strong>. La formule unique offre un \u00e9clat semblable \u00e0 celui d\u2019un bonbon qui s\u2019intensifie \u00e0 chaque utilisation, tout en offrant une hydratation allant jusqu\u2019\u00e0&nbsp;<strong data-end=\"261\" data-start=\"240\">24 heures<\/strong>. Il a \u00e9t\u00e9 cliniquement prouv\u00e9 qu\u2019il augmente les niveaux d\u2019hydratation de 40 % apr\u00e8s une seule application, ce baume multi-usage offre une nutrition durable sans aucun effet collant, parfait pour une utilisation de jour comme de nuit.<\/p>\n<h5><strong>MODE D\u2019EMPLOI<\/strong><\/h5>\n<div class=\"transition-[height] duration-300 ease-in-out\">\n<div id=\":R16d8m4l5:-\" class=\"pb-4 pt-0\" role=\"region\" aria-labelledby=\":R16d8m4l5:\">\n<div class=\"[.prose.prose-sm_&amp;]:prose-sm [.prose:not(.prose-sm)_&amp;]:prose prose prose-sm\">\n<ol>\n<li>Appliquez une quantit\u00e9 appropri\u00e9e sur vos l\u00e8vres avant d\u2019aller au lit. Le lendemain matin, rincez doucement vos l\u00e8vres \u00e0 l\u2019eau ti\u00e8de.<\/li>\n<li>Peut \u00e9galement \u00eatre utilis\u00e9 pendant la journ\u00e9e en appliquant une fine couche<\/li>\n<\/ol>\n<p class=\"mt-2 text-xs text-muted-foreground\"><strong>Pour usage externe uniquement.<\/strong>&nbsp;<strong>\u00c9vitez tout contact avec les yeux. Ne pas appliquer sur une peau \u00e9rafl\u00e9e ou enflamm\u00e9e. Tenir hors de port\u00e9e des enfants. Utiliser avec soin pour les peaux facilement irrit\u00e9es.&nbsp;<\/strong>Faites toujours un test cutan\u00e9 avant utilisation pour v\u00e9rifier la sensibilit\u00e9. Arr\u00eatez si une irritation se produit et consultez un dermatologue si n\u00e9cessaire. Les r\u00e9sultats peuvent varier en fonction du type et de l\u2019\u00e9tat de la peau. Conserver dans des endroits frais et secs, \u00e0 l\u2019abri de la lumi\u00e8re directe du soleil.<\/p>\n<\/div>\n<\/div>\n<h5><strong>INGR\u00c9DIENTS<\/strong><\/h5>\n<p><strong>Ingr\u00e9dients cl\u00e9s :<\/strong><\/p>\n<ul>\n<li class=\"\" data-start=\"166\" data-end=\"258\"><span><strong data-start=\"168\" data-end=\"183\">Beurre de karit\u00e9<\/strong>&nbsp;: Hydrate et apaise en profondeur ; Riche en acides gras et en antioxydants.<\/span><\/li>\n<li class=\"\" data-start=\"259\" data-end=\"343\"><span><strong data-start=\"261\" data-end=\"273\">Glyc\u00e9rine<\/strong>&nbsp;: Puissant humectant qui attire et retient l\u2019humidit\u00e9 dans la peau.<\/span><\/li>\n<li><span><strong data-start=\"519\" data-end=\"532\">Ad\u00e9nosine<\/strong>&nbsp;: Anti-rides et apaisante pour la peau ; Aide \u00e0 am\u00e9liorer l\u2019\u00e9lasticit\u00e9 de la peau.<\/span><\/li>\n<li class=\"\" data-start=\"693\" data-end=\"770\"><span><strong data-start=\"695\" data-end=\"716\">ADN sodique (PDRN)<\/strong>&nbsp;: Favorise la r\u00e9g\u00e9n\u00e9ration, l\u2019hydratation et la r\u00e9paration de la peau.<\/span><\/li>\n<li class=\"\" data-start=\"771\" data-end=\"860\"><span><strong data-start=\"773\" data-end=\"799\">Tocoph\u00e9rol (vitamine E)<\/strong>&nbsp;: Antioxydant qui prot\u00e8ge la peau des dommages environnementaux.<\/span><\/li>\n<li class=\"\" data-start=\"861\" data-end=\"934\"><span><strong data-start=\"863\" data-end=\"886\">Collag\u00e8ne hydrolys\u00e9<\/strong>&nbsp;: Aide \u00e0 am\u00e9liorer l\u2019\u00e9lasticit\u00e9 et l\u2019hydratation de la peau.<\/span><\/li>\n<\/ul>\n<p>Malate de diisost\u00e9aryle, Phytost\u00e9ryl\/Isost\u00e9aryle\/C\u00e9tyl\/St\u00e9aryl\/Dim\u00e8re de B\u00e9h\u00e9nyle, Beurre de karit\u00e9, Polyisobut\u00e8ne, Polyd\u00e9c\u00e8ne hydrog\u00e9n\u00e9, Cire microcristalline, C\u00e9r\u00e9sine, Dipropyl\u00e8ne glycol, Glyc\u00e9rine, Alpha-Bisabolol, Eau purifi\u00e9e, Dioxyde de titane, Triglyc\u00e9ride caprylique\/caprique, Silylate de dim\u00e9thyle de silice, Parfum, Ol\u00e9ate de polyglyc\u00e9ryl-10, L\u00e9cithine hydrog\u00e9n\u00e9e, Lauryl Polyglyc\u00e9ryl-3 Polydim\u00e9thylsiloxy\u00e9thyl dim\u00e9thicone, Acide polyhydroxyst\u00e9arique, Ad\u00e9nosine, Alumine, Acide st\u00e9arique, Aluminium Hydroxyde, Rouge 226 (CI 7581), Violet de mangan\u00e8se (CI 7581), Bleu 1 (CI 7581), Huile de graines de Camellia Japonica, ADN sodique, Tocoph\u00e9rol, Butyl\u00e8ne glycol, 1,2-Hexanediol, Extrait d\u2019Amuria Japonica, Caprylyl\/Capryl Glucoside, Propanediol, Collag\u00e8ne hydrolys\u00e9, Extrait de fleur de Camellia Japonica, Polyglyc\u00e9ryl-10 Laurate, Ac\u00e9tyl t\u00e9trapeptide-5, Ac\u00e9tyl hexapeptide-8, Carnosine, Palmitoyl Tripeptide-5, Palmitoyl Tetrapeptide-7, Levure b\u00eata-glucane.<\/p>\n<\/div>\n","protected":false},"excerpt":{"rendered":"<p>Description CONTENANCE :&nbsp;10gTYPE DE PEAU :&nbsp;TOUS TYPES DE PEAU | PEAU SENSIBLE | PEAU S\u00c8CHE | L\u00c8VRES GERC\u00c9ESID\u00c9AL POUR :&nbsp;APAISANT |NOURRISSANT | COLLAG\u00c8NE | RAJEUNISSANT | REVITALISANT | HYDRATANT | HYDRATATION INTENSE | BEURRE DE KARIT\u00c9 | AD\u00c9NOSINE | VITAMINE E | STIMULER L\u2019ABSORPTION | LISSAGE | AM\u00c9LIORER LA SANT\u00c9 DES L\u00c8VRES | RENFORCER LA [&hellip;]<\/p>\n","protected":false},"featured_media":5685,"comment_status":"open","ping_status":"closed","template":"","meta":{"content-type":"","_uag_custom_page_level_css":""},"pwb-brand":[],"product_brand":[],"product_cat":[392,327,349,328,334],"product_tag":[],"class_list":{"0":"post-5686","1":"product","2":"type-product","3":"status-publish","4":"has-post-thumbnail","6":"product_cat-baume-a-levres","7":"product_cat-hmizat","8":"product_cat-medicube","9":"product_cat-nouveautes","10":"product_cat-produits-coreens","12":"first","13":"instock","14":"sale","15":"shipping-taxable","16":"purchasable","17":"product-type-simple"},"aioseo_notices":[],"uagb_featured_image_src":{"full":["https:\/\/wavexia.com\/wp-content\/uploads\/2025\/10\/Medicube_PDRN_Lip_Sleeping_Mask-Holiholic.webp",667,713,false],"thumbnail":["https:\/\/wavexia.com\/wp-content\/uploads\/2025\/10\/Medicube_PDRN_Lip_Sleeping_Mask-Holiholic-150x150.webp",150,150,true],"medium":["https:\/\/wavexia.com\/wp-content\/uploads\/2025\/10\/Medicube_PDRN_Lip_Sleeping_Mask-Holiholic-281x300.webp",281,300,true],"medium_large":["https:\/\/wavexia.com\/wp-content\/uploads\/2025\/10\/Medicube_PDRN_Lip_Sleeping_Mask-Holiholic.webp",667,713,false],"large":["https:\/\/wavexia.com\/wp-content\/uploads\/2025\/10\/Medicube_PDRN_Lip_Sleeping_Mask-Holiholic.webp",667,713,false],"1536x1536":["https:\/\/wavexia.com\/wp-content\/uploads\/2025\/10\/Medicube_PDRN_Lip_Sleeping_Mask-Holiholic.webp",667,713,false],"2048x2048":["https:\/\/wavexia.com\/wp-content\/uploads\/2025\/10\/Medicube_PDRN_Lip_Sleeping_Mask-Holiholic.webp",667,713,false],"woocommerce_archive_thumbnail":["https:\/\/wavexia.com\/wp-content\/uploads\/2025\/10\/Medicube_PDRN_Lip_Sleeping_Mask-Holiholic-300x321.webp",300,321,true],"woocommerce_thumbnail":["https:\/\/wavexia.com\/wp-content\/uploads\/2025\/10\/Medicube_PDRN_Lip_Sleeping_Mask-Holiholic-300x300.webp",300,300,true],"woocommerce_single":["https:\/\/wavexia.com\/wp-content\/uploads\/2025\/10\/Medicube_PDRN_Lip_Sleeping_Mask-Holiholic-600x641.webp",600,641,true],"woocommerce_gallery_thumbnail":["https:\/\/wavexia.com\/wp-content\/uploads\/2025\/10\/Medicube_PDRN_Lip_Sleeping_Mask-Holiholic-100x100.webp",100,100,true]},"uagb_author_info":{"display_name":"zineddine.ayoub98@gmail.com","author_link":"https:\/\/wavexia.com\/?author=0"},"uagb_comment_info":0,"uagb_excerpt":"Description CONTENANCE :&nbsp;10gTYPE DE PEAU :&nbsp;TOUS TYPES DE PEAU | PEAU SENSIBLE | PEAU S\u00c8CHE | L\u00c8VRES GERC\u00c9ESID\u00c9AL POUR :&nbsp;APAISANT |NOURRISSANT | COLLAG\u00c8NE | RAJEUNISSANT | REVITALISANT | HYDRATANT | HYDRATATION INTENSE | BEURRE DE KARIT\u00c9 | AD\u00c9NOSINE | VITAMINE E | STIMULER L\u2019ABSORPTION | LISSAGE | AM\u00c9LIORER LA SANT\u00c9 DES L\u00c8VRES | RENFORCER LA&hellip;","brands":[],"_links":{"self":[{"href":"https:\/\/wavexia.com\/index.php?rest_route=\/wp\/v2\/product\/5686","targetHints":{"allow":["GET"]}}],"collection":[{"href":"https:\/\/wavexia.com\/index.php?rest_route=\/wp\/v2\/product"}],"about":[{"href":"https:\/\/wavexia.com\/index.php?rest_route=\/wp\/v2\/types\/product"}],"replies":[{"embeddable":true,"href":"https:\/\/wavexia.com\/index.php?rest_route=%2Fwp%2Fv2%2Fcomments&post=5686"}],"wp:featuredmedia":[{"embeddable":true,"href":"https:\/\/wavexia.com\/index.php?rest_route=\/wp\/v2\/media\/5685"}],"wp:attachment":[{"href":"https:\/\/wavexia.com\/index.php?rest_route=%2Fwp%2Fv2%2Fmedia&parent=5686"}],"wp:term":[{"taxonomy":"pwb-brand","embeddable":true,"href":"https:\/\/wavexia.com\/index.php?rest_route=%2Fwp%2Fv2%2Fpwb-brand&post=5686"},{"taxonomy":"product_brand","embeddable":true,"href":"https:\/\/wavexia.com\/index.php?rest_route=%2Fwp%2Fv2%2Fproduct_brand&post=5686"},{"taxonomy":"product_cat","embeddable":true,"href":"https:\/\/wavexia.com\/index.php?rest_route=%2Fwp%2Fv2%2Fproduct_cat&post=5686"},{"taxonomy":"product_tag","embeddable":true,"href":"https:\/\/wavexia.com\/index.php?rest_route=%2Fwp%2Fv2%2Fproduct_tag&post=5686"}],"curies":[{"name":"wp","href":"https:\/\/api.w.org\/{rel}","templated":true}]}}