{"id":5677,"date":"2025-10-19T09:23:58","date_gmt":"2025-10-19T09:23:58","guid":{"rendered":"https:\/\/wavexia.com\/product\/medicube-pdrn-pink-glutathione-serum-mist-100ml\/"},"modified":"2026-03-10T07:31:11","modified_gmt":"2026-03-10T07:31:11","slug":"medicube-pdrn-pink-glutathione-serum-mist-100ml","status":"publish","type":"product","link":"https:\/\/wavexia.com\/?product=medicube-pdrn-pink-glutathione-serum-mist-100ml","title":{"rendered":"Medicube PDRN Pink Glutathione Serum Mist 100ml"},"content":{"rendered":"<h2>Description<\/h2>\n<p>D\u00e9couvrez le pouvoir rafra\u00eechissant de la&nbsp;<strong>brume s\u00e9rique au glutathion Pink Medicube PDRN<\/strong>&nbsp;. Cette luxueuse brume de 100 ml est con\u00e7ue pour hydrater votre peau et lui donner un \u00e9clat sain. Enrichie en PDRN et en glutathion, cette brume s\u00e9rique apporte non seulement un soulagement, mais aussi un soin intensif pour une peau \u00e9clatante.<\/p>\n<h5>Pourquoi choisir la brume s\u00e9rique au glutathion Pink Medicube PDRN ?<\/h5>\n<ul>\n<li><strong>Formule hydratante<\/strong>&nbsp;: La brume s\u00e9rique procure une hydratation instantan\u00e9e, laissant votre peau fra\u00eeche et rebondie, id\u00e9ale \u00e0 la fois pour une utilisation quotidienne et pour un rafra\u00eechissement rapide.<\/li>\n<li><strong>Effet rafra\u00eechissant<\/strong>&nbsp;: La brume rafra\u00eechissante procure un effet rafra\u00eechissant sur la peau, parfait pour les journ\u00e9es chaudes ou apr\u00e8s un entra\u00eenement intensif.<\/li>\n<li><strong>Glow Boost<\/strong>&nbsp;: Le glutathion est connu pour ses propri\u00e9t\u00e9s \u00e9claircissantes et aide \u00e0 unifier la peau, contribuant \u00e0 une apparence radieuse et saine.<\/li>\n<li><strong>Facile \u00e0 utiliser<\/strong>&nbsp;: Le flacon pulv\u00e9risateur permet d\u2019appliquer facilement la brume \u00e0 tout moment de la journ\u00e9e, m\u00eame sur le maquillage.<\/li>\n<li><strong>Convient \u00e0 tous les types de peau<\/strong>&nbsp;: Cette brume s\u00e9rique est sans danger pour tous les types de peau, y compris les peaux sensibles, et peut \u00eatre int\u00e9gr\u00e9e sans effort \u00e0 votre routine quotidienne de soins de la peau.<\/li>\n<li>\n<h5>Comment utiliser:<\/h5>\n<ol>\n<li><strong>Nettoyer<\/strong>&nbsp;: Commencez par une peau propre en nettoyant soigneusement votre visage.<\/li>\n<li><strong>Pulv\u00e9risation<\/strong>&nbsp;: Tenez le flacon \u00e0 environ 20 cm de votre visage et vaporisez uniform\u00e9ment sur votre peau.<\/li>\n<li><strong>Massage<\/strong>&nbsp;: Laissez la brume absorber ou massez doucement pour une absorption optimale.<\/li>\n<li><strong>Utilisation<\/strong>&nbsp;: Pour de meilleurs r\u00e9sultats, utilisez quotidiennement, matin et soir, ou chaque fois que vous avez besoin d\u2019un rafra\u00eechissement.m<\/li>\n<\/ol>\n<\/li>\n<\/ul>\n<h5 class=\"station-tabs-tabtitle\"><span id=\"station-tabs-tab_pt-i0-t146971\" class=\"station-tabs-tab mod-pro-tab is-active\" tabindex=\"0\" role=\"button\" data-pro-tab-id=\"146971\" data-type=\"text\" data-position=\"3\" aria-controls=\"station-tabs-tabpanel_pt-i0-t146971\" data-slug=\"ingredients\" aria-expanded=\"true\"><span class=\"station-tabs-tabtext\">Ingr\u00e9dients<\/span><\/span><\/h5>\n<div id=\"station-tabs-tabpanel_pt-i0-t146971\" class=\"station-tabs-tabpanel is-active\" role=\"region\" data-pro-tab-id=\"146971\" data-type=\"text\" aria-labelledby=\"station-tabs-tab_pt-i0-t146971\" aria-hidden=\"false\">\n<div class=\"station-tabs-tabcontent\">\n<p>&nbsp;<\/p>\n<\/div>\n<\/div>\n","protected":false},"excerpt":{"rendered":"<p>Description D\u00e9couvrez le pouvoir rafra\u00eechissant de la&nbsp;brume s\u00e9rique au glutathion Pink Medicube PDRN&nbsp;. Cette luxueuse brume de 100 ml est con\u00e7ue pour hydrater votre peau et lui donner un \u00e9clat sain. Enrichie en PDRN et en glutathion, cette brume s\u00e9rique apporte non seulement un soulagement, mais aussi un soin intensif pour une peau \u00e9clatante. Pourquoi [&hellip;]<\/p>\n","protected":false},"featured_media":5676,"comment_status":"open","ping_status":"closed","template":"","meta":{"content-type":"","_uag_custom_page_level_css":""},"pwb-brand":[],"product_brand":[],"product_cat":[371,327,349,334],"product_tag":[],"class_list":{"0":"post-5677","1":"product","2":"type-product","3":"status-publish","4":"has-post-thumbnail","6":"product_cat-essence","7":"product_cat-hmizat","8":"product_cat-medicube","9":"product_cat-produits-coreens","11":"first","12":"instock","13":"sale","14":"shipping-taxable","15":"purchasable","16":"product-type-simple"},"aioseo_notices":[],"uagb_featured_image_src":{"full":["https:\/\/wavexia.com\/wp-content\/uploads\/2025\/10\/PDRN_00_ba8e3379-6e0c-4742-b2cb-2d6530408aaf.webp",1946,1946,false],"thumbnail":["https:\/\/wavexia.com\/wp-content\/uploads\/2025\/10\/PDRN_00_ba8e3379-6e0c-4742-b2cb-2d6530408aaf-150x150.webp",150,150,true],"medium":["https:\/\/wavexia.com\/wp-content\/uploads\/2025\/10\/PDRN_00_ba8e3379-6e0c-4742-b2cb-2d6530408aaf-300x300.webp",300,300,true],"medium_large":["https:\/\/wavexia.com\/wp-content\/uploads\/2025\/10\/PDRN_00_ba8e3379-6e0c-4742-b2cb-2d6530408aaf-768x768.webp",768,768,true],"large":["https:\/\/wavexia.com\/wp-content\/uploads\/2025\/10\/PDRN_00_ba8e3379-6e0c-4742-b2cb-2d6530408aaf-1024x1024.webp",1024,1024,true],"1536x1536":["https:\/\/wavexia.com\/wp-content\/uploads\/2025\/10\/PDRN_00_ba8e3379-6e0c-4742-b2cb-2d6530408aaf-1536x1536.webp",1536,1536,true],"2048x2048":["https:\/\/wavexia.com\/wp-content\/uploads\/2025\/10\/PDRN_00_ba8e3379-6e0c-4742-b2cb-2d6530408aaf.webp",1946,1946,false],"woocommerce_archive_thumbnail":["https:\/\/wavexia.com\/wp-content\/uploads\/2025\/10\/PDRN_00_ba8e3379-6e0c-4742-b2cb-2d6530408aaf-300x300.webp",300,300,true],"woocommerce_thumbnail":["https:\/\/wavexia.com\/wp-content\/uploads\/2025\/10\/PDRN_00_ba8e3379-6e0c-4742-b2cb-2d6530408aaf-300x300.webp",300,300,true],"woocommerce_single":["https:\/\/wavexia.com\/wp-content\/uploads\/2025\/10\/PDRN_00_ba8e3379-6e0c-4742-b2cb-2d6530408aaf-600x600.webp",600,600,true],"woocommerce_gallery_thumbnail":["https:\/\/wavexia.com\/wp-content\/uploads\/2025\/10\/PDRN_00_ba8e3379-6e0c-4742-b2cb-2d6530408aaf-100x100.webp",100,100,true]},"uagb_author_info":{"display_name":"zineddine.ayoub98@gmail.com","author_link":"https:\/\/wavexia.com\/?author=0"},"uagb_comment_info":0,"uagb_excerpt":"Description D\u00e9couvrez le pouvoir rafra\u00eechissant de la&nbsp;brume s\u00e9rique au glutathion Pink Medicube PDRN&nbsp;. Cette luxueuse brume de 100 ml est con\u00e7ue pour hydrater votre peau et lui donner un \u00e9clat sain. Enrichie en PDRN et en glutathion, cette brume s\u00e9rique apporte non seulement un soulagement, mais aussi un soin intensif pour une peau \u00e9clatante. Pourquoi&hellip;","brands":[],"_links":{"self":[{"href":"https:\/\/wavexia.com\/index.php?rest_route=\/wp\/v2\/product\/5677","targetHints":{"allow":["GET"]}}],"collection":[{"href":"https:\/\/wavexia.com\/index.php?rest_route=\/wp\/v2\/product"}],"about":[{"href":"https:\/\/wavexia.com\/index.php?rest_route=\/wp\/v2\/types\/product"}],"replies":[{"embeddable":true,"href":"https:\/\/wavexia.com\/index.php?rest_route=%2Fwp%2Fv2%2Fcomments&post=5677"}],"wp:featuredmedia":[{"embeddable":true,"href":"https:\/\/wavexia.com\/index.php?rest_route=\/wp\/v2\/media\/5676"}],"wp:attachment":[{"href":"https:\/\/wavexia.com\/index.php?rest_route=%2Fwp%2Fv2%2Fmedia&parent=5677"}],"wp:term":[{"taxonomy":"pwb-brand","embeddable":true,"href":"https:\/\/wavexia.com\/index.php?rest_route=%2Fwp%2Fv2%2Fpwb-brand&post=5677"},{"taxonomy":"product_brand","embeddable":true,"href":"https:\/\/wavexia.com\/index.php?rest_route=%2Fwp%2Fv2%2Fproduct_brand&post=5677"},{"taxonomy":"product_cat","embeddable":true,"href":"https:\/\/wavexia.com\/index.php?rest_route=%2Fwp%2Fv2%2Fproduct_cat&post=5677"},{"taxonomy":"product_tag","embeddable":true,"href":"https:\/\/wavexia.com\/index.php?rest_route=%2Fwp%2Fv2%2Fproduct_tag&post=5677"}],"curies":[{"name":"wp","href":"https:\/\/api.w.org\/{rel}","templated":true}]}}