{"id":5672,"date":"2025-10-19T09:23:53","date_gmt":"2025-10-19T09:23:53","guid":{"rendered":"https:\/\/wavexia.com\/product\/abib-glutathiosome-dark-spot-serum-vita-drop-50ml\/"},"modified":"2026-03-10T07:31:11","modified_gmt":"2026-03-10T07:31:11","slug":"abib-glutathiosome-dark-spot-serum-vita-drop-50ml","status":"publish","type":"product","link":"https:\/\/wavexia.com\/?product=abib-glutathiosome-dark-spot-serum-vita-drop-50ml","title":{"rendered":"Abib Glutathiosome Dark Spot Serum Vita Drop 50mL"},"content":{"rendered":"<h2>Description<\/h2>\n<p><strong>Abib Glutathiosome Dark Spot Serum Vita Drop S\u00e9rum \u00e9claircissant<\/strong><br \/>Ce s\u00e9rum cible efficacement les taches brunes et la pigmentation de la peau. Il a un effet \u00e9claircissant prononc\u00e9, r\u00e9duit les rougeurs, unifie le teint et aide \u00e0 lutter contre la pigmentation et les marques post-acn\u00e9iques.<\/p>\n<p><strong>Avantages:<\/strong><\/p>\n<ol>\n<li style=\"list-style-type: none;\">\n<ol>\n<li><strong>\u00c9claircissement des taches brunes :<\/strong><br \/>Combat efficacement la pigmentation, les taches brunes et les marques post-acn\u00e9iques. \u00c9claircit la peau, r\u00e9duisant la visibilit\u00e9 des taches brunes.<\/li>\n<li><strong>R\u00e9duit les rougeurs :<\/strong><br \/>Calme les rougeurs et les peaux irrit\u00e9es.<\/li>\n<li><strong>Unifie le teint :<\/strong><br \/>Am\u00e9liore le teint et la texture de la peau, donnant \u00e0 la peau une apparence saine et \u00e9clatante.<\/li>\n<li><strong>Renforce l\u2019immunit\u00e9 cutan\u00e9e :<\/strong><br \/>Hydrate et nourrit la peau, stimulant ses fonctions protectrices.<\/li>\n<li><strong>Protection antioxydante :<\/strong><br \/>Prot\u00e8ge les cellules de la peau des effets des radicaux libres.<\/li>\n<li><strong>Convient \u00e0 tous les types de peau :<\/strong><br \/>Sans danger pour une utilisation sur tous les types de peau, y compris les peaux sensibles.<\/li>\n<\/ol>\n<\/li>\n<\/ol>\n<div class=\"card-header toggle-title\"><button class=\"title text-left toggleLink\" data-toggle=\"collapse\" aria-expanded=\"true\">Ingr\u00e9dients<\/button><\/p>\n<div id=\"tab3_mobile\" class=\"toggle-content collapse show\">\n<div class=\"rte\">\n<div>\n<p>Eau, butyl\u00e8ne glycol, niacinamide, 1,2-hexanediol, amidon de Zea Mays (ma\u00efs), extrait de Chondrus Crispus, extrait de Chlorella Vulgaris, extrait de Saccharum Officinarum (canne \u00e0 sucre), extrait de feuille de Centella Asiatica, chitosane, extrait de culture de cellules de fruit Malus domestica, polyacrylate Crosspolymer-6, b\u00e9ta\u00efne, glucose, acrylates\/C10-30 Alkyl Acrylate Crosspolymer, trom\u00e9thamine, ac\u00e9tyl glucosamine, fructo-oligosaccharides, fructose, glyc\u00e9rine, pentyl\u00e8ne glycol, \u00e9thylhexylglyc\u00e9rine, allanto\u00efne, dipropyl\u00e8ne glycol, Ad\u00e9nosine, glutathion, mad\u00e9cassoside, hydroxypropylm\u00e9thylcellulose, l\u00e9cithine hydrog\u00e9n\u00e9e, b\u00eata-glucane, cholest\u00e9rol, asiaticoside, acide ascorbique, acide 3-O-\u00e9thyl ascorbique, ascorbyle glucoside, c\u00e9ramide NP, tocoph\u00e9rol, acide f\u00e9rulique, acide lactique, EDTA disodique, carbom\u00e8re, CI 77491<\/p>\n<\/div>\n<\/div>\n<\/div>\n<\/div>\n","protected":false},"excerpt":{"rendered":"<p>Description Abib Glutathiosome Dark Spot Serum Vita Drop S\u00e9rum \u00e9claircissantCe s\u00e9rum cible efficacement les taches brunes et la pigmentation de la peau. Il a un effet \u00e9claircissant prononc\u00e9, r\u00e9duit les rougeurs, unifie le teint et aide \u00e0 lutter contre la pigmentation et les marques post-acn\u00e9iques. Avantages: \u00c9claircissement des taches brunes :Combat efficacement la pigmentation, les [&hellip;]<\/p>\n","protected":false},"featured_media":5671,"comment_status":"open","ping_status":"closed","template":"","meta":{"content-type":"","_uag_custom_page_level_css":""},"pwb-brand":[],"product_brand":[],"product_cat":[402,334,338],"product_tag":[],"class_list":{"0":"post-5672","1":"product","2":"type-product","3":"status-publish","4":"has-post-thumbnail","6":"product_cat-abib","7":"product_cat-produits-coreens","8":"product_cat-serum-ampoule","10":"first","11":"instock","12":"sale","13":"shipping-taxable","14":"purchasable","15":"product-type-simple"},"aioseo_notices":[],"uagb_featured_image_src":{"full":["https:\/\/wavexia.com\/wp-content\/uploads\/2025\/10\/61S70yE2iL.jpg",1600,1600,false],"thumbnail":["https:\/\/wavexia.com\/wp-content\/uploads\/2025\/10\/61S70yE2iL-150x150.jpg",150,150,true],"medium":["https:\/\/wavexia.com\/wp-content\/uploads\/2025\/10\/61S70yE2iL-300x300.jpg",300,300,true],"medium_large":["https:\/\/wavexia.com\/wp-content\/uploads\/2025\/10\/61S70yE2iL-768x768.jpg",768,768,true],"large":["https:\/\/wavexia.com\/wp-content\/uploads\/2025\/10\/61S70yE2iL-1024x1024.jpg",1024,1024,true],"1536x1536":["https:\/\/wavexia.com\/wp-content\/uploads\/2025\/10\/61S70yE2iL-1536x1536.jpg",1536,1536,true],"2048x2048":["https:\/\/wavexia.com\/wp-content\/uploads\/2025\/10\/61S70yE2iL.jpg",1600,1600,false],"woocommerce_archive_thumbnail":["https:\/\/wavexia.com\/wp-content\/uploads\/2025\/10\/61S70yE2iL-300x300.jpg",300,300,true],"woocommerce_thumbnail":["https:\/\/wavexia.com\/wp-content\/uploads\/2025\/10\/61S70yE2iL-300x300.jpg",300,300,true],"woocommerce_single":["https:\/\/wavexia.com\/wp-content\/uploads\/2025\/10\/61S70yE2iL-600x600.jpg",600,600,true],"woocommerce_gallery_thumbnail":["https:\/\/wavexia.com\/wp-content\/uploads\/2025\/10\/61S70yE2iL-100x100.jpg",100,100,true]},"uagb_author_info":{"display_name":"zineddine.ayoub98@gmail.com","author_link":"https:\/\/wavexia.com\/?author=0"},"uagb_comment_info":0,"uagb_excerpt":"Description Abib Glutathiosome Dark Spot Serum Vita Drop S\u00e9rum \u00e9claircissantCe s\u00e9rum cible efficacement les taches brunes et la pigmentation de la peau. Il a un effet \u00e9claircissant prononc\u00e9, r\u00e9duit les rougeurs, unifie le teint et aide \u00e0 lutter contre la pigmentation et les marques post-acn\u00e9iques. Avantages: \u00c9claircissement des taches brunes :Combat efficacement la pigmentation, les&hellip;","brands":[],"_links":{"self":[{"href":"https:\/\/wavexia.com\/index.php?rest_route=\/wp\/v2\/product\/5672","targetHints":{"allow":["GET"]}}],"collection":[{"href":"https:\/\/wavexia.com\/index.php?rest_route=\/wp\/v2\/product"}],"about":[{"href":"https:\/\/wavexia.com\/index.php?rest_route=\/wp\/v2\/types\/product"}],"replies":[{"embeddable":true,"href":"https:\/\/wavexia.com\/index.php?rest_route=%2Fwp%2Fv2%2Fcomments&post=5672"}],"wp:featuredmedia":[{"embeddable":true,"href":"https:\/\/wavexia.com\/index.php?rest_route=\/wp\/v2\/media\/5671"}],"wp:attachment":[{"href":"https:\/\/wavexia.com\/index.php?rest_route=%2Fwp%2Fv2%2Fmedia&parent=5672"}],"wp:term":[{"taxonomy":"pwb-brand","embeddable":true,"href":"https:\/\/wavexia.com\/index.php?rest_route=%2Fwp%2Fv2%2Fpwb-brand&post=5672"},{"taxonomy":"product_brand","embeddable":true,"href":"https:\/\/wavexia.com\/index.php?rest_route=%2Fwp%2Fv2%2Fproduct_brand&post=5672"},{"taxonomy":"product_cat","embeddable":true,"href":"https:\/\/wavexia.com\/index.php?rest_route=%2Fwp%2Fv2%2Fproduct_cat&post=5672"},{"taxonomy":"product_tag","embeddable":true,"href":"https:\/\/wavexia.com\/index.php?rest_route=%2Fwp%2Fv2%2Fproduct_tag&post=5672"}],"curies":[{"name":"wp","href":"https:\/\/api.w.org\/{rel}","templated":true}]}}