{"id":5659,"date":"2025-10-19T09:23:42","date_gmt":"2025-10-19T09:23:42","guid":{"rendered":"https:\/\/wavexia.com\/product\/missha-bee-pollen-renew-ampouler-40-ml\/"},"modified":"2026-03-10T07:31:11","modified_gmt":"2026-03-10T07:31:11","slug":"missha-bee-pollen-renew-ampouler-40-ml","status":"publish","type":"product","link":"https:\/\/wavexia.com\/?product=missha-bee-pollen-renew-ampouler-40-ml","title":{"rendered":"MISSHA \u2013 Bee Pollen Renew Ampouler \u2013 40 ml"},"content":{"rendered":"<h2>Description<\/h2>\n<hr>\n<p>RECOMMAND\u00c9 POUR : PEAU S\u00c8CHE, SENSIBLE OU TERNE.<br \/>Une ampoule concentr\u00e9e qui utilise la puissance de 42% d\u2019extrait de pollen d\u2019abeille pour apaiser les dommages \u00e0 la peau et augmenter la densit\u00e9 de la peau.<\/p>\n<p>Ces fines particules de pollen sont m\u00e9lang\u00e9es avec d\u2019autres s\u00e9cr\u00e9tions par les abeilles ouvri\u00e8res pour faire de petits granules qui sont riches en prot\u00e9ines, vitamines et min\u00e9raux. Pour obtenir 1 kg de pollen d\u2019abeille, produit sans aucun processus chimique, les abeilles doivent parcourir une distance \u00e9gale \u00e0 la circonf\u00e9rence de la Terre, d\u00e9pensant beaucoup d\u2019\u00e9nergie.<\/p>\n<p>\u2013 L\u2019\u00e9nergie antioxydante de pollen aide \u00e0 fournir une vitalit\u00e9 enrichie \u00e0 la peau.<\/p>\n<p>\u2013 Fournir une nourriture et une vitalit\u00e9 enrichies \u00e0 la peau \u00e9puis\u00e9e.<\/p>\n<p>\u2013 Produits de soins de la peau hypoallerg\u00e9niques pour les peaux sensibles.<\/p>\n<p>\u2013 Am\u00e9liorer la structure de la peau avec son hydratant intensif. (Dermatologiquement test\u00e9)<\/p>\n<p>\u2013 Ampouler, la technologie brevet\u00e9e de MISSHA<\/p>\n","protected":false},"excerpt":{"rendered":"<p>Description RECOMMAND\u00c9 POUR : PEAU S\u00c8CHE, SENSIBLE OU TERNE.Une ampoule concentr\u00e9e qui utilise la puissance de 42% d\u2019extrait de pollen d\u2019abeille pour apaiser les dommages \u00e0 la peau et augmenter la densit\u00e9 de la peau. Ces fines particules de pollen sont m\u00e9lang\u00e9es avec d\u2019autres s\u00e9cr\u00e9tions par les abeilles ouvri\u00e8res pour faire de petits granules qui [&hellip;]<\/p>\n","protected":false},"featured_media":5658,"comment_status":"open","ping_status":"closed","template":"","meta":{"content-type":"","_uag_custom_page_level_css":""},"pwb-brand":[],"product_brand":[],"product_cat":[428,334,338],"product_tag":[],"class_list":{"0":"post-5659","1":"product","2":"type-product","3":"status-publish","4":"has-post-thumbnail","6":"product_cat-missha","7":"product_cat-produits-coreens","8":"product_cat-serum-ampoule","10":"first","11":"instock","12":"sale","13":"shipping-taxable","14":"purchasable","15":"product-type-simple"},"aioseo_notices":[],"uagb_featured_image_src":{"full":["https:\/\/wavexia.com\/wp-content\/uploads\/2025\/10\/IMG_1122.jpeg",1200,1200,false],"thumbnail":["https:\/\/wavexia.com\/wp-content\/uploads\/2025\/10\/IMG_1122-150x150.jpeg",150,150,true],"medium":["https:\/\/wavexia.com\/wp-content\/uploads\/2025\/10\/IMG_1122-300x300.jpeg",300,300,true],"medium_large":["https:\/\/wavexia.com\/wp-content\/uploads\/2025\/10\/IMG_1122-768x768.jpeg",768,768,true],"large":["https:\/\/wavexia.com\/wp-content\/uploads\/2025\/10\/IMG_1122-1024x1024.jpeg",1024,1024,true],"1536x1536":["https:\/\/wavexia.com\/wp-content\/uploads\/2025\/10\/IMG_1122.jpeg",1200,1200,false],"2048x2048":["https:\/\/wavexia.com\/wp-content\/uploads\/2025\/10\/IMG_1122.jpeg",1200,1200,false],"woocommerce_archive_thumbnail":["https:\/\/wavexia.com\/wp-content\/uploads\/2025\/10\/IMG_1122-300x300.jpeg",300,300,true],"woocommerce_thumbnail":["https:\/\/wavexia.com\/wp-content\/uploads\/2025\/10\/IMG_1122-300x300.jpeg",300,300,true],"woocommerce_single":["https:\/\/wavexia.com\/wp-content\/uploads\/2025\/10\/IMG_1122-600x600.jpeg",600,600,true],"woocommerce_gallery_thumbnail":["https:\/\/wavexia.com\/wp-content\/uploads\/2025\/10\/IMG_1122-100x100.jpeg",100,100,true]},"uagb_author_info":{"display_name":"zineddine.ayoub98@gmail.com","author_link":"https:\/\/wavexia.com\/?author=0"},"uagb_comment_info":0,"uagb_excerpt":"Description RECOMMAND\u00c9 POUR : PEAU S\u00c8CHE, SENSIBLE OU TERNE.Une ampoule concentr\u00e9e qui utilise la puissance de 42% d\u2019extrait de pollen d\u2019abeille pour apaiser les dommages \u00e0 la peau et augmenter la densit\u00e9 de la peau. Ces fines particules de pollen sont m\u00e9lang\u00e9es avec d\u2019autres s\u00e9cr\u00e9tions par les abeilles ouvri\u00e8res pour faire de petits granules qui&hellip;","brands":[],"_links":{"self":[{"href":"https:\/\/wavexia.com\/index.php?rest_route=\/wp\/v2\/product\/5659","targetHints":{"allow":["GET"]}}],"collection":[{"href":"https:\/\/wavexia.com\/index.php?rest_route=\/wp\/v2\/product"}],"about":[{"href":"https:\/\/wavexia.com\/index.php?rest_route=\/wp\/v2\/types\/product"}],"replies":[{"embeddable":true,"href":"https:\/\/wavexia.com\/index.php?rest_route=%2Fwp%2Fv2%2Fcomments&post=5659"}],"wp:featuredmedia":[{"embeddable":true,"href":"https:\/\/wavexia.com\/index.php?rest_route=\/wp\/v2\/media\/5658"}],"wp:attachment":[{"href":"https:\/\/wavexia.com\/index.php?rest_route=%2Fwp%2Fv2%2Fmedia&parent=5659"}],"wp:term":[{"taxonomy":"pwb-brand","embeddable":true,"href":"https:\/\/wavexia.com\/index.php?rest_route=%2Fwp%2Fv2%2Fpwb-brand&post=5659"},{"taxonomy":"product_brand","embeddable":true,"href":"https:\/\/wavexia.com\/index.php?rest_route=%2Fwp%2Fv2%2Fproduct_brand&post=5659"},{"taxonomy":"product_cat","embeddable":true,"href":"https:\/\/wavexia.com\/index.php?rest_route=%2Fwp%2Fv2%2Fproduct_cat&post=5659"},{"taxonomy":"product_tag","embeddable":true,"href":"https:\/\/wavexia.com\/index.php?rest_route=%2Fwp%2Fv2%2Fproduct_tag&post=5659"}],"curies":[{"name":"wp","href":"https:\/\/api.w.org\/{rel}","templated":true}]}}