{"id":5656,"date":"2025-10-19T09:23:40","date_gmt":"2025-10-19T09:23:40","guid":{"rendered":"https:\/\/wavexia.com\/product\/cosrx-centella-water-alcohol-free-toner-150ml\/"},"modified":"2026-03-10T07:31:11","modified_gmt":"2026-03-10T07:31:11","slug":"cosrx-centella-water-alcohol-free-toner-150ml","status":"publish","type":"product","link":"https:\/\/wavexia.com\/?product=cosrx-centella-water-alcohol-free-toner-150ml","title":{"rendered":"COSRX Centella Water Alcohol Free Toner 150ml"},"content":{"rendered":"<h2>Description<\/h2>\n<p>The COSRX Centella Water Alcohol Free Toner est un toner apaisant. Ce toner est enrichi en extrait de Centella, cet ingr\u00e9dient adoucit et apaise votre peau. Le tonique convient \u00e0 tous les types de peau. Le toner est \u00e9galement sans parab\u00e8nes ni alcool et convient donc \u00e9galement aux peaux sensibles !<\/p>\n<p>Ce toner contient \u00e9galement de l\u2019allanto\u00efne et du panth\u00e9nol, ces ingr\u00e9dients garantissent que votre peau reste bien hydrat\u00e9e et se sente agr\u00e9able et douce. Apaisez et prenez soin de votre peau avec ce toner fin !<\/p>\n<p><strong>Ce toner:<\/strong><\/p>\n<ul>\n<li>apaisant pour la peau<\/li>\n<li>adoucir votre peau<\/li>\n<li>convient \u00e0 tous les types de peau<\/li>\n<li>sans paraben ni alcool<\/li>\n<li>contient de l\u2019allanto\u00efne et du panth\u00e9nol<\/li>\n<li>hydratant<\/li>\n<li>sans cruaut\u00e9<\/li>\n<\/ul>\n<p>Consultez \u00e9galement notre collection compl\u00e8te de toners ou \u00eates-vous curieux de conna\u00eetre l\u2019ensemble de la collection Cosrx ? Chez Boozyshop, vous trouverez tout pour compl\u00e9ter votre r\u00e9serve de soins de la peau, consultez rapidement tous les Soins de la peau .<\/p>\n<p>&nbsp;<\/p>\n<p><strong>Ingr\u00e9dients:<\/strong><br \/>Water, Centella Asiatica Leaf Water, Butylene Glycol, 1,2-Hexanediol, Betaine, Panthenol, Allantoin, Ethyl Hexanediol, Sodium Hyaluronate<\/p>\n<div class=\"rte\">\n<p><strong>Contenu:<\/strong>&nbsp;150 ml.<\/p>\n<\/div>\n","protected":false},"excerpt":{"rendered":"<p>Description The COSRX Centella Water Alcohol Free Toner est un toner apaisant. Ce toner est enrichi en extrait de Centella, cet ingr\u00e9dient adoucit et apaise votre peau. Le tonique convient \u00e0 tous les types de peau. Le toner est \u00e9galement sans parab\u00e8nes ni alcool et convient donc \u00e9galement aux peaux sensibles ! Ce toner contient [&hellip;]<\/p>\n","protected":false},"featured_media":5655,"comment_status":"open","ping_status":"closed","template":"","meta":{"content-type":"","_uag_custom_page_level_css":""},"pwb-brand":[],"product_brand":[],"product_cat":[347,334,345],"product_tag":[],"class_list":{"0":"post-5656","1":"product","2":"type-product","3":"status-publish","4":"has-post-thumbnail","6":"product_cat-cosrx","7":"product_cat-produits-coreens","8":"product_cat-toner-pads","10":"first","11":"instock","12":"sale","13":"shipping-taxable","14":"purchasable","15":"product-type-simple"},"aioseo_notices":[],"uagb_featured_image_src":{"full":["https:\/\/wavexia.com\/wp-content\/uploads\/2025\/10\/0190000000052.webp",800,800,false],"thumbnail":["https:\/\/wavexia.com\/wp-content\/uploads\/2025\/10\/0190000000052-150x150.webp",150,150,true],"medium":["https:\/\/wavexia.com\/wp-content\/uploads\/2025\/10\/0190000000052-300x300.webp",300,300,true],"medium_large":["https:\/\/wavexia.com\/wp-content\/uploads\/2025\/10\/0190000000052-768x768.webp",768,768,true],"large":["https:\/\/wavexia.com\/wp-content\/uploads\/2025\/10\/0190000000052.webp",800,800,false],"1536x1536":["https:\/\/wavexia.com\/wp-content\/uploads\/2025\/10\/0190000000052.webp",800,800,false],"2048x2048":["https:\/\/wavexia.com\/wp-content\/uploads\/2025\/10\/0190000000052.webp",800,800,false],"woocommerce_archive_thumbnail":["https:\/\/wavexia.com\/wp-content\/uploads\/2025\/10\/0190000000052-300x300.webp",300,300,true],"woocommerce_thumbnail":["https:\/\/wavexia.com\/wp-content\/uploads\/2025\/10\/0190000000052-300x300.webp",300,300,true],"woocommerce_single":["https:\/\/wavexia.com\/wp-content\/uploads\/2025\/10\/0190000000052-600x600.webp",600,600,true],"woocommerce_gallery_thumbnail":["https:\/\/wavexia.com\/wp-content\/uploads\/2025\/10\/0190000000052-100x100.webp",100,100,true]},"uagb_author_info":{"display_name":"zineddine.ayoub98@gmail.com","author_link":"https:\/\/wavexia.com\/?author=0"},"uagb_comment_info":0,"uagb_excerpt":"Description The COSRX Centella Water Alcohol Free Toner est un toner apaisant. Ce toner est enrichi en extrait de Centella, cet ingr\u00e9dient adoucit et apaise votre peau. Le tonique convient \u00e0 tous les types de peau. Le toner est \u00e9galement sans parab\u00e8nes ni alcool et convient donc \u00e9galement aux peaux sensibles ! Ce toner contient&hellip;","brands":[],"_links":{"self":[{"href":"https:\/\/wavexia.com\/index.php?rest_route=\/wp\/v2\/product\/5656","targetHints":{"allow":["GET"]}}],"collection":[{"href":"https:\/\/wavexia.com\/index.php?rest_route=\/wp\/v2\/product"}],"about":[{"href":"https:\/\/wavexia.com\/index.php?rest_route=\/wp\/v2\/types\/product"}],"replies":[{"embeddable":true,"href":"https:\/\/wavexia.com\/index.php?rest_route=%2Fwp%2Fv2%2Fcomments&post=5656"}],"wp:featuredmedia":[{"embeddable":true,"href":"https:\/\/wavexia.com\/index.php?rest_route=\/wp\/v2\/media\/5655"}],"wp:attachment":[{"href":"https:\/\/wavexia.com\/index.php?rest_route=%2Fwp%2Fv2%2Fmedia&parent=5656"}],"wp:term":[{"taxonomy":"pwb-brand","embeddable":true,"href":"https:\/\/wavexia.com\/index.php?rest_route=%2Fwp%2Fv2%2Fpwb-brand&post=5656"},{"taxonomy":"product_brand","embeddable":true,"href":"https:\/\/wavexia.com\/index.php?rest_route=%2Fwp%2Fv2%2Fproduct_brand&post=5656"},{"taxonomy":"product_cat","embeddable":true,"href":"https:\/\/wavexia.com\/index.php?rest_route=%2Fwp%2Fv2%2Fproduct_cat&post=5656"},{"taxonomy":"product_tag","embeddable":true,"href":"https:\/\/wavexia.com\/index.php?rest_route=%2Fwp%2Fv2%2Fproduct_tag&post=5656"}],"curies":[{"name":"wp","href":"https:\/\/api.w.org\/{rel}","templated":true}]}}