{"id":5653,"date":"2025-10-19T09:23:38","date_gmt":"2025-10-19T09:23:38","guid":{"rendered":"https:\/\/wavexia.com\/product\/jumiso-awe%e2%8b%85sun-airy-fit-sunscreen-spf50-pa\/"},"modified":"2026-03-10T07:31:11","modified_gmt":"2026-03-10T07:31:11","slug":"jumiso-awe%e2%8b%85sun-airy-fit-sunscreen-spf50-pa","status":"publish","type":"product","link":"https:\/\/wavexia.com\/?product=jumiso-awe%e2%8b%85sun-airy-fit-sunscreen-spf50-pa","title":{"rendered":"jumiso \u2013 AWE\u22c5SUN AIRY-FIT Sunscreen SPF50+ PA++++"},"content":{"rendered":"<h2>Description<\/h2>\n<p>La&nbsp;<strong>Jumiso AWE\u22c5SUN Airy-Fit Sunscreen SPF50+ PA++++<\/strong>&nbsp;est une cr\u00e8me solaire l\u00e9g\u00e8re et respirante qui offre une protection UV optimale contre les rayons UVA et UVB. Enrichie en ingr\u00e9dients hydratants et apaisants, elle se fond parfaitement dans la peau sans laisser de film blanc ni de sensation grasse, id\u00e9ale pour un usage quotidien.<\/p>\n<p>Appliquez une quantit\u00e9 g\u00e9n\u00e9reuse sur le visage et le cou en derni\u00e8re \u00e9tape de votre routine de soin.<br \/>R\u00e9partissez uniform\u00e9ment pour une protection compl\u00e8te.<br \/>R\u00e9appliquez toutes les 2 heures, surtout apr\u00e8s une baignade ou une transpiration excessive.<br \/>Utilisez quotidiennement pour prot\u00e9ger la peau des agressions UV.<br \/>Note : Convient \u00e0 tous les types de peau, y compris les peaux sensibles, cette cr\u00e8me solaire offre une protection efficace et une finition l\u00e9g\u00e8re, id\u00e9ale pour un usage quotidien.<\/p>\n<p>Filtres Solaires SPF50+ PA++++ : Prot\u00e8gent efficacement contre les dommages caus\u00e9s par les rayons UV pour une peau saine et pr\u00e9serv\u00e9e.<br \/>Extrait de Centella Asiatica : Apaise et calme les irritations, tout en renfor\u00e7ant la barri\u00e8re cutan\u00e9e.<br \/>Acide Hyaluronique : Maintient l\u2019hydratation tout au long de la journ\u00e9e pour une peau douce et repulp\u00e9e.<br \/>Niacinamide : Illumine le teint et aide \u00e0 unifier la texture de la peau.<\/p>\n","protected":false},"excerpt":{"rendered":"<p>Description La&nbsp;Jumiso AWE\u22c5SUN Airy-Fit Sunscreen SPF50+ PA++++&nbsp;est une cr\u00e8me solaire l\u00e9g\u00e8re et respirante qui offre une protection UV optimale contre les rayons UVA et UVB. Enrichie en ingr\u00e9dients hydratants et apaisants, elle se fond parfaitement dans la peau sans laisser de film blanc ni de sensation grasse, id\u00e9ale pour un usage quotidien. Appliquez une quantit\u00e9 [&hellip;]<\/p>\n","protected":false},"featured_media":5652,"comment_status":"open","ping_status":"closed","template":"","meta":{"content-type":"","_uag_custom_page_level_css":""},"pwb-brand":[],"product_brand":[],"product_cat":[452,334,340],"product_tag":[],"class_list":{"0":"post-5653","1":"product","2":"type-product","3":"status-publish","4":"has-post-thumbnail","6":"product_cat-jumiso","7":"product_cat-produits-coreens","8":"product_cat-protection-solaire","10":"first","11":"instock","12":"sale","13":"shipping-taxable","14":"purchasable","15":"product-type-simple"},"aioseo_notices":[],"uagb_featured_image_src":{"full":["https:\/\/wavexia.com\/wp-content\/uploads\/2025\/10\/Jumiso-AWE_SUNAIRY-FITSunscreenSPF50_PA_Korendy2_590x.webp",590,590,false],"thumbnail":["https:\/\/wavexia.com\/wp-content\/uploads\/2025\/10\/Jumiso-AWE_SUNAIRY-FITSunscreenSPF50_PA_Korendy2_590x-150x150.webp",150,150,true],"medium":["https:\/\/wavexia.com\/wp-content\/uploads\/2025\/10\/Jumiso-AWE_SUNAIRY-FITSunscreenSPF50_PA_Korendy2_590x-300x300.webp",300,300,true],"medium_large":["https:\/\/wavexia.com\/wp-content\/uploads\/2025\/10\/Jumiso-AWE_SUNAIRY-FITSunscreenSPF50_PA_Korendy2_590x.webp",590,590,false],"large":["https:\/\/wavexia.com\/wp-content\/uploads\/2025\/10\/Jumiso-AWE_SUNAIRY-FITSunscreenSPF50_PA_Korendy2_590x.webp",590,590,false],"1536x1536":["https:\/\/wavexia.com\/wp-content\/uploads\/2025\/10\/Jumiso-AWE_SUNAIRY-FITSunscreenSPF50_PA_Korendy2_590x.webp",590,590,false],"2048x2048":["https:\/\/wavexia.com\/wp-content\/uploads\/2025\/10\/Jumiso-AWE_SUNAIRY-FITSunscreenSPF50_PA_Korendy2_590x.webp",590,590,false],"woocommerce_archive_thumbnail":["https:\/\/wavexia.com\/wp-content\/uploads\/2025\/10\/Jumiso-AWE_SUNAIRY-FITSunscreenSPF50_PA_Korendy2_590x-300x300.webp",300,300,true],"woocommerce_thumbnail":["https:\/\/wavexia.com\/wp-content\/uploads\/2025\/10\/Jumiso-AWE_SUNAIRY-FITSunscreenSPF50_PA_Korendy2_590x-300x300.webp",300,300,true],"woocommerce_single":["https:\/\/wavexia.com\/wp-content\/uploads\/2025\/10\/Jumiso-AWE_SUNAIRY-FITSunscreenSPF50_PA_Korendy2_590x.webp",590,590,false],"woocommerce_gallery_thumbnail":["https:\/\/wavexia.com\/wp-content\/uploads\/2025\/10\/Jumiso-AWE_SUNAIRY-FITSunscreenSPF50_PA_Korendy2_590x-100x100.webp",100,100,true]},"uagb_author_info":{"display_name":"zineddine.ayoub98@gmail.com","author_link":"https:\/\/wavexia.com\/?author=0"},"uagb_comment_info":0,"uagb_excerpt":"Description La&nbsp;Jumiso AWE\u22c5SUN Airy-Fit Sunscreen SPF50+ PA++++&nbsp;est une cr\u00e8me solaire l\u00e9g\u00e8re et respirante qui offre une protection UV optimale contre les rayons UVA et UVB. Enrichie en ingr\u00e9dients hydratants et apaisants, elle se fond parfaitement dans la peau sans laisser de film blanc ni de sensation grasse, id\u00e9ale pour un usage quotidien. Appliquez une quantit\u00e9&hellip;","brands":[],"_links":{"self":[{"href":"https:\/\/wavexia.com\/index.php?rest_route=\/wp\/v2\/product\/5653","targetHints":{"allow":["GET"]}}],"collection":[{"href":"https:\/\/wavexia.com\/index.php?rest_route=\/wp\/v2\/product"}],"about":[{"href":"https:\/\/wavexia.com\/index.php?rest_route=\/wp\/v2\/types\/product"}],"replies":[{"embeddable":true,"href":"https:\/\/wavexia.com\/index.php?rest_route=%2Fwp%2Fv2%2Fcomments&post=5653"}],"wp:featuredmedia":[{"embeddable":true,"href":"https:\/\/wavexia.com\/index.php?rest_route=\/wp\/v2\/media\/5652"}],"wp:attachment":[{"href":"https:\/\/wavexia.com\/index.php?rest_route=%2Fwp%2Fv2%2Fmedia&parent=5653"}],"wp:term":[{"taxonomy":"pwb-brand","embeddable":true,"href":"https:\/\/wavexia.com\/index.php?rest_route=%2Fwp%2Fv2%2Fpwb-brand&post=5653"},{"taxonomy":"product_brand","embeddable":true,"href":"https:\/\/wavexia.com\/index.php?rest_route=%2Fwp%2Fv2%2Fproduct_brand&post=5653"},{"taxonomy":"product_cat","embeddable":true,"href":"https:\/\/wavexia.com\/index.php?rest_route=%2Fwp%2Fv2%2Fproduct_cat&post=5653"},{"taxonomy":"product_tag","embeddable":true,"href":"https:\/\/wavexia.com\/index.php?rest_route=%2Fwp%2Fv2%2Fproduct_tag&post=5653"}],"curies":[{"name":"wp","href":"https:\/\/api.w.org\/{rel}","templated":true}]}}