{"id":5649,"date":"2025-10-19T09:23:36","date_gmt":"2025-10-19T09:23:36","guid":{"rendered":"https:\/\/wavexia.com\/product\/numbuzin-no-3-radiance-glowing-jumbo-essence-pad\/"},"modified":"2026-03-10T07:31:11","modified_gmt":"2026-03-10T07:31:11","slug":"numbuzin-no-3-radiance-glowing-jumbo-essence-pad","status":"publish","type":"product","link":"https:\/\/wavexia.com\/?product=numbuzin-no-3-radiance-glowing-jumbo-essence-pad","title":{"rendered":"Numbuzin \u2013 No.3 Radiance Glowing Jumbo Essence Pad"},"content":{"rendered":"<h2>Description<\/h2>\n<p>Les No.3 Radiance Glowing Jumbo Essence Pad Numbuzin No.3 sont infus\u00e9es de 50 types d\u2019ingr\u00e9dients ferment\u00e9s nourrissants, notamment des extraits de ferment de soja et du ferment de raisin, pour donner un coup d\u2019\u00e9clat \u00e0 ta peau. Leur formule contient de l\u2019ad\u00e9nosine et du niacinamide pour \u00e9liminer le teint terne et favoriser un teint plus lumineux et plus uniforme, ainsi que du hyaluronate de sodium pour retenir l\u2019hydratation et laisser \u00e0 ta peau une sensation d\u2019hydratation et de fra\u00eecheur.<\/p>\n<p>Ces compresses g\u00e9antes sont fabriqu\u00e9es \u00e0 partir d\u2019un mat\u00e9riau doux et moelleux est particuli\u00e8rement efficace pour faire p\u00e9n\u00e9trer leur essence nourrissante dans la peau, sans l\u2019agresser. Passe simplement la compresse sur ton visage, ton cou et ton d\u00e9collet\u00e9 au d\u00e9but de ta routine beaut\u00e9, et laisse la formule op\u00e9rer sa magie. La grande taille de la compresse permet une application facile et rapide, ce qui en fait le compl\u00e9ment parfait de ta routine beaut\u00e9.<\/p>\n<p>Les No.3 Radiance Glowing Jumbo Essence Pads Numbuzin sont certifi\u00e9es EVE Vegan, tu peux donc \u00eatre s\u00fbre qu\u2019elles sont fabriqu\u00e9s avec des ingr\u00e9dients de la plus haute qualit\u00e9 et cruelty-free.<\/p>\n<p><strong>Conseils d\u2019utilisation :<\/strong><\/p>\n<ul>\n<li>Utilise-les lors de ta routine beaut\u00e9 de base ou selon tes besoins.<\/li>\n<li>Passe la compresse sur ton visage apr\u00e8s l\u2019avoir nettoy\u00e9 pour le tonifier.<\/li>\n<\/ul>\n<p><strong>Ingr\u00e9dients :<\/strong><\/p>\n<p>Eau, Dipropyl\u00e8ne Glycol, Glyc\u00e9reth-26, 1,2-Hexanediol, Niacinamide, Butyl\u00e8ne Glycol, Methyl Gluceth-20, Cetearyl Olivate, Sorbitan Olivate, B\u00e9taine, Laurate de Polyglyceryl-10, Ad\u00e9nosine, Extrait de Spiraea Ulmaria, Hyaluronate de Sodium, Ferment de Saccharomyces, Filtrat de Ferment de Saccharomyces, Ferment de Schizosaccharomyces, Ferment d\u2019Aspergillus, Filtrat de Ferment d\u2019Aspergillus\/Glucose\/Soja\/Amidon, Filtrat de Ferment de Graine de Haricot Lactococcus, Ferment de Lactobacillus\/Riz de Cora, Ferment de Chlorella, Ferment de Lactobacillus\/Extrait d\u2019Algues, Extrait de Ferment de Raisin Saccharomyces, Extrait de Ferment de Citrouille Lactobacillus, Extrait de Ferment de Soja Lactobacillus, Filtrat de Ferment d\u2019Extrait de Soja Lactobacillus, Filtrat de Ferment de Riz Saccharomyces, Filtrat de Ferment de Graine d\u2019Orge Saccharomyces, Ferment de Calcium Saccharomyces, Ferment de Laminaria Saccharina Saccharomyces, Filtrat de Ferment d\u2019Extrait de Pomme de Terre Saccharomyces, Extrait de Ferment de Eriodictyon Californicum Lactobacillus, Ferment de Jacinthe d\u2019Eau Lactobacillus, Ferment de Farine de Seigle Lactobacillus, Filtrat de Ferment de Fleur d\u2019Hibiscus Sabdariffa Lactobacillus, Filtrat de Ferment de Lait Lactobacillus, Filtrat de Ferment de Racine de Ginseng Lactobacillus, Extrait de Ferment de Cerise Acerola Lactobacillus, Ferment de Lactobacillus, Filtrat de Lysat de Ferment de Lactococcus\/Lait, Ferment de Lactococcus, Extrait de Ferment de Lactococcus, Lysat de Ferment de Lactococcus, Ferment de Streptocoque Thermophilus, Filtrat de Ferment de Aureobasidium Pullulans, Filtrat de Ferment de Bifida, Extrait de Ferment de Bifida, Filtrat de Ferment de Racine de Radis Leuconostoc, Extrait de Ferment de Racine de Wasabia Japonica Lactobacillus, Extrait de Ferment de Fruit de Grenade Punica Granatum Lactobacillus, Filtrat de Ferment de Glutamate de Bacillus, Filtrat de Ferment de Riz\/Morc Ferment de Soja Bacillus, Ferment de Riz Monascus, Extrait de Ferment de Riz Saccharomyces, Ferment de Riz Bran Saccharomyces, Filtrat de Ferment de Jus de Poire Lactobacillus, Filtrat de Lysat de Ferment de Pichia, Extrait de Ferment de Alteromonas, Filtrat de Ferment de Graine de Ma-Yuen Saccharomyces\/Coix Lacryma-Jobi, Ferment de Prot\u00e9ine de Soja Saccharomyces, Extrait de Ferment de Sphingomonas, Ferment de Malachite Saccharomyces, T\u00e9trahydrocurcumine, Extrait de Fruit de Gardenia Florida, Polyquaternium-51, Dextrine, Acrylates\/C10-30 Alkyl Acrylate Crosspolym\u00e8re, Trom\u00e9thamine, Hydroxy\u00e9thylcellulose, Huile de Fleur de Pelargonium Graveolens, Citronellol.<\/p>\n","protected":false},"excerpt":{"rendered":"<p>Description Les No.3 Radiance Glowing Jumbo Essence Pad Numbuzin No.3 sont infus\u00e9es de 50 types d\u2019ingr\u00e9dients ferment\u00e9s nourrissants, notamment des extraits de ferment de soja et du ferment de raisin, pour donner un coup d\u2019\u00e9clat \u00e0 ta peau. Leur formule contient de l\u2019ad\u00e9nosine et du niacinamide pour \u00e9liminer le teint terne et favoriser un teint [&hellip;]<\/p>\n","protected":false},"featured_media":5648,"comment_status":"open","ping_status":"closed","template":"","meta":{"content-type":"","_uag_custom_page_level_css":""},"pwb-brand":[],"product_brand":[],"product_cat":[346,334,345],"product_tag":[],"class_list":{"0":"post-5649","1":"product","2":"type-product","3":"status-publish","4":"has-post-thumbnail","6":"product_cat-numbuzin","7":"product_cat-produits-coreens","8":"product_cat-toner-pads","10":"first","11":"instock","12":"sale","13":"shipping-taxable","14":"purchasable","15":"product-type-simple"},"aioseo_notices":[],"uagb_featured_image_src":{"full":["https:\/\/wavexia.com\/wp-content\/uploads\/2025\/10\/Product-page-sizes_67dffd74-c414-4bd1-9cd7-896a8a67acfc.webp",800,800,false],"thumbnail":["https:\/\/wavexia.com\/wp-content\/uploads\/2025\/10\/Product-page-sizes_67dffd74-c414-4bd1-9cd7-896a8a67acfc-150x150.webp",150,150,true],"medium":["https:\/\/wavexia.com\/wp-content\/uploads\/2025\/10\/Product-page-sizes_67dffd74-c414-4bd1-9cd7-896a8a67acfc-300x300.webp",300,300,true],"medium_large":["https:\/\/wavexia.com\/wp-content\/uploads\/2025\/10\/Product-page-sizes_67dffd74-c414-4bd1-9cd7-896a8a67acfc-768x768.webp",768,768,true],"large":["https:\/\/wavexia.com\/wp-content\/uploads\/2025\/10\/Product-page-sizes_67dffd74-c414-4bd1-9cd7-896a8a67acfc.webp",800,800,false],"1536x1536":["https:\/\/wavexia.com\/wp-content\/uploads\/2025\/10\/Product-page-sizes_67dffd74-c414-4bd1-9cd7-896a8a67acfc.webp",800,800,false],"2048x2048":["https:\/\/wavexia.com\/wp-content\/uploads\/2025\/10\/Product-page-sizes_67dffd74-c414-4bd1-9cd7-896a8a67acfc.webp",800,800,false],"woocommerce_archive_thumbnail":["https:\/\/wavexia.com\/wp-content\/uploads\/2025\/10\/Product-page-sizes_67dffd74-c414-4bd1-9cd7-896a8a67acfc-300x300.webp",300,300,true],"woocommerce_thumbnail":["https:\/\/wavexia.com\/wp-content\/uploads\/2025\/10\/Product-page-sizes_67dffd74-c414-4bd1-9cd7-896a8a67acfc-300x300.webp",300,300,true],"woocommerce_single":["https:\/\/wavexia.com\/wp-content\/uploads\/2025\/10\/Product-page-sizes_67dffd74-c414-4bd1-9cd7-896a8a67acfc-600x600.webp",600,600,true],"woocommerce_gallery_thumbnail":["https:\/\/wavexia.com\/wp-content\/uploads\/2025\/10\/Product-page-sizes_67dffd74-c414-4bd1-9cd7-896a8a67acfc-100x100.webp",100,100,true]},"uagb_author_info":{"display_name":"zineddine.ayoub98@gmail.com","author_link":"https:\/\/wavexia.com\/?author=0"},"uagb_comment_info":0,"uagb_excerpt":"Description Les No.3 Radiance Glowing Jumbo Essence Pad Numbuzin No.3 sont infus\u00e9es de 50 types d\u2019ingr\u00e9dients ferment\u00e9s nourrissants, notamment des extraits de ferment de soja et du ferment de raisin, pour donner un coup d\u2019\u00e9clat \u00e0 ta peau. Leur formule contient de l\u2019ad\u00e9nosine et du niacinamide pour \u00e9liminer le teint terne et favoriser un teint&hellip;","brands":[],"_links":{"self":[{"href":"https:\/\/wavexia.com\/index.php?rest_route=\/wp\/v2\/product\/5649","targetHints":{"allow":["GET"]}}],"collection":[{"href":"https:\/\/wavexia.com\/index.php?rest_route=\/wp\/v2\/product"}],"about":[{"href":"https:\/\/wavexia.com\/index.php?rest_route=\/wp\/v2\/types\/product"}],"replies":[{"embeddable":true,"href":"https:\/\/wavexia.com\/index.php?rest_route=%2Fwp%2Fv2%2Fcomments&post=5649"}],"wp:featuredmedia":[{"embeddable":true,"href":"https:\/\/wavexia.com\/index.php?rest_route=\/wp\/v2\/media\/5648"}],"wp:attachment":[{"href":"https:\/\/wavexia.com\/index.php?rest_route=%2Fwp%2Fv2%2Fmedia&parent=5649"}],"wp:term":[{"taxonomy":"pwb-brand","embeddable":true,"href":"https:\/\/wavexia.com\/index.php?rest_route=%2Fwp%2Fv2%2Fpwb-brand&post=5649"},{"taxonomy":"product_brand","embeddable":true,"href":"https:\/\/wavexia.com\/index.php?rest_route=%2Fwp%2Fv2%2Fproduct_brand&post=5649"},{"taxonomy":"product_cat","embeddable":true,"href":"https:\/\/wavexia.com\/index.php?rest_route=%2Fwp%2Fv2%2Fproduct_cat&post=5649"},{"taxonomy":"product_tag","embeddable":true,"href":"https:\/\/wavexia.com\/index.php?rest_route=%2Fwp%2Fv2%2Fproduct_tag&post=5649"}],"curies":[{"name":"wp","href":"https:\/\/api.w.org\/{rel}","templated":true}]}}