{"id":5643,"date":"2025-10-19T09:23:33","date_gmt":"2025-10-19T09:23:33","guid":{"rendered":"https:\/\/wavexia.com\/product\/skin1004-madagascar-centella-tea-trica-relief-ampoule-100ml\/"},"modified":"2026-03-10T07:31:11","modified_gmt":"2026-03-10T07:31:11","slug":"skin1004-madagascar-centella-tea-trica-relief-ampoule-100ml","status":"publish","type":"product","link":"https:\/\/wavexia.com\/?product=skin1004-madagascar-centella-tea-trica-relief-ampoule-100ml","title":{"rendered":"SKIN1004 Madagascar Centella Tea-Trica Relief Ampoule 100ml"},"content":{"rendered":"<h2>Description<\/h2>\n<p>SKIN1004 Madagascar Centella Tea-Trica Relief Ampoule est sp\u00e9cialement con\u00e7ue pour apporter un soulagement apaisant aux peaux \u00e0 tendance acn\u00e9ique.<\/p>\n<p>Avec une formule non com\u00e9dog\u00e8ne, cette ampoule cible les inflammations et les irritations, ce qui en fait une solution id\u00e9ale pour les peaux sensibles. Le puissant m\u00e9lange d\u2019extrait de Centella Asiatica agit efficacement pour apaiser la peau, tandis que le complexe de pin s\u2019attaque \u00e0 l\u2019inflammation pour un soulagement cibl\u00e9.<\/p>\n<p>Ressentez l\u2019effet apaisant de l\u2019ampoule de soulagement SKIN1004 Madagascar Centella Tea-Trica et donnez \u00e0 votre peau le soin qu\u2019elle m\u00e9rite, avec un effet apaisant contre les irritations et les inflammations.<\/p>\n<p><strong>Cette ampoule :<\/strong><\/p>\n<ul>\n<li>pour les peaux \u00e0 tendance acn\u00e9ique<\/li>\n<li>n\u2019obstrue pas les pores<\/li>\n<li>apaise les inflammations et les irritations<\/li>\n<li>id\u00e9al pour les peaux sensibles<\/li>\n<li>enrichi en centella<\/li>\n<li>facile \u00e0 utiliser<\/li>\n<li>v\u00e9g\u00e9talien<\/li>\n<li>sans cruaut\u00e9<\/li>\n<\/ul>\n<p><strong>Comment utiliser:<\/strong><\/p>\n<ul>\n<li>Prenez quelques gouttes d\u2019ampoule sur le bout de vos doigts et massez-la sur votre peau.<\/li>\n<li>Laissez l\u2019ampoule absorber bri\u00e8vement avant de poursuivre votre routine.<\/li>\n<\/ul>\n<p><strong>Ingr\u00e9dients:<\/strong><br \/>Centella Asiatica Extract(55%), Chamaecyparis Obtusa Water, Melaleuca Alternifolia (Tea Tree) Leaf Water(9.4%), Pinus Palustris Leaf Extract, Glycerin, Butylene Glycol, Methyl Gluceth-20, Dipropylene Glycol, Glycereth-26, 1,2 -hexanediol, Water, Hydroxyacetophenone, Ammonium Acryloyldimethyltaurate\/vp Copolymer, Propanediol, Polyglyceryl-10 Laurate, Ethylhexylglycerin, Pentylene Glycol, Caprylyl Glycol, Disodium Edta Melaleuca Alternifolia Leaf Oil (200ppm), Oenothera Biennis (Evening Primrose) Flower Extract, Pueraria Lobata Root Extract, Ulmus Davidiana Root Extract<\/p>\n<p><strong>Contenu :<\/strong>&nbsp;30 ml.<\/p>\n","protected":false},"excerpt":{"rendered":"<p>Description SKIN1004 Madagascar Centella Tea-Trica Relief Ampoule est sp\u00e9cialement con\u00e7ue pour apporter un soulagement apaisant aux peaux \u00e0 tendance acn\u00e9ique. Avec une formule non com\u00e9dog\u00e8ne, cette ampoule cible les inflammations et les irritations, ce qui en fait une solution id\u00e9ale pour les peaux sensibles. Le puissant m\u00e9lange d\u2019extrait de Centella Asiatica agit efficacement pour apaiser [&hellip;]<\/p>\n","protected":false},"featured_media":5642,"comment_status":"open","ping_status":"closed","template":"","meta":{"content-type":"","_uag_custom_page_level_css":""},"pwb-brand":[],"product_brand":[],"product_cat":[334,338,350],"product_tag":[],"class_list":{"0":"post-5643","1":"product","2":"type-product","3":"status-publish","4":"has-post-thumbnail","6":"product_cat-produits-coreens","7":"product_cat-serum-ampoule","8":"product_cat-skin1004","10":"first","11":"instock","12":"sale","13":"shipping-taxable","14":"purchasable","15":"product-type-simple"},"aioseo_notices":[],"uagb_featured_image_src":{"full":["https:\/\/wavexia.com\/wp-content\/uploads\/2025\/10\/Product-page-sizes_1b58813e-60c8-4759-899b-6ef447174461.webp",800,800,false],"thumbnail":["https:\/\/wavexia.com\/wp-content\/uploads\/2025\/10\/Product-page-sizes_1b58813e-60c8-4759-899b-6ef447174461-150x150.webp",150,150,true],"medium":["https:\/\/wavexia.com\/wp-content\/uploads\/2025\/10\/Product-page-sizes_1b58813e-60c8-4759-899b-6ef447174461-300x300.webp",300,300,true],"medium_large":["https:\/\/wavexia.com\/wp-content\/uploads\/2025\/10\/Product-page-sizes_1b58813e-60c8-4759-899b-6ef447174461-768x768.webp",768,768,true],"large":["https:\/\/wavexia.com\/wp-content\/uploads\/2025\/10\/Product-page-sizes_1b58813e-60c8-4759-899b-6ef447174461.webp",800,800,false],"1536x1536":["https:\/\/wavexia.com\/wp-content\/uploads\/2025\/10\/Product-page-sizes_1b58813e-60c8-4759-899b-6ef447174461.webp",800,800,false],"2048x2048":["https:\/\/wavexia.com\/wp-content\/uploads\/2025\/10\/Product-page-sizes_1b58813e-60c8-4759-899b-6ef447174461.webp",800,800,false],"woocommerce_archive_thumbnail":["https:\/\/wavexia.com\/wp-content\/uploads\/2025\/10\/Product-page-sizes_1b58813e-60c8-4759-899b-6ef447174461-300x300.webp",300,300,true],"woocommerce_thumbnail":["https:\/\/wavexia.com\/wp-content\/uploads\/2025\/10\/Product-page-sizes_1b58813e-60c8-4759-899b-6ef447174461-300x300.webp",300,300,true],"woocommerce_single":["https:\/\/wavexia.com\/wp-content\/uploads\/2025\/10\/Product-page-sizes_1b58813e-60c8-4759-899b-6ef447174461-600x600.webp",600,600,true],"woocommerce_gallery_thumbnail":["https:\/\/wavexia.com\/wp-content\/uploads\/2025\/10\/Product-page-sizes_1b58813e-60c8-4759-899b-6ef447174461-100x100.webp",100,100,true]},"uagb_author_info":{"display_name":"zineddine.ayoub98@gmail.com","author_link":"https:\/\/wavexia.com\/?author=0"},"uagb_comment_info":0,"uagb_excerpt":"Description SKIN1004 Madagascar Centella Tea-Trica Relief Ampoule est sp\u00e9cialement con\u00e7ue pour apporter un soulagement apaisant aux peaux \u00e0 tendance acn\u00e9ique. Avec une formule non com\u00e9dog\u00e8ne, cette ampoule cible les inflammations et les irritations, ce qui en fait une solution id\u00e9ale pour les peaux sensibles. Le puissant m\u00e9lange d\u2019extrait de Centella Asiatica agit efficacement pour apaiser&hellip;","brands":[],"_links":{"self":[{"href":"https:\/\/wavexia.com\/index.php?rest_route=\/wp\/v2\/product\/5643","targetHints":{"allow":["GET"]}}],"collection":[{"href":"https:\/\/wavexia.com\/index.php?rest_route=\/wp\/v2\/product"}],"about":[{"href":"https:\/\/wavexia.com\/index.php?rest_route=\/wp\/v2\/types\/product"}],"replies":[{"embeddable":true,"href":"https:\/\/wavexia.com\/index.php?rest_route=%2Fwp%2Fv2%2Fcomments&post=5643"}],"wp:featuredmedia":[{"embeddable":true,"href":"https:\/\/wavexia.com\/index.php?rest_route=\/wp\/v2\/media\/5642"}],"wp:attachment":[{"href":"https:\/\/wavexia.com\/index.php?rest_route=%2Fwp%2Fv2%2Fmedia&parent=5643"}],"wp:term":[{"taxonomy":"pwb-brand","embeddable":true,"href":"https:\/\/wavexia.com\/index.php?rest_route=%2Fwp%2Fv2%2Fpwb-brand&post=5643"},{"taxonomy":"product_brand","embeddable":true,"href":"https:\/\/wavexia.com\/index.php?rest_route=%2Fwp%2Fv2%2Fproduct_brand&post=5643"},{"taxonomy":"product_cat","embeddable":true,"href":"https:\/\/wavexia.com\/index.php?rest_route=%2Fwp%2Fv2%2Fproduct_cat&post=5643"},{"taxonomy":"product_tag","embeddable":true,"href":"https:\/\/wavexia.com\/index.php?rest_route=%2Fwp%2Fv2%2Fproduct_tag&post=5643"}],"curies":[{"name":"wp","href":"https:\/\/api.w.org\/{rel}","templated":true}]}}