{"id":5639,"date":"2025-10-19T09:23:31","date_gmt":"2025-10-19T09:23:31","guid":{"rendered":"https:\/\/wavexia.com\/product\/im-from-vitamin-fruit-serum-30ml\/"},"modified":"2026-03-10T07:31:11","modified_gmt":"2026-03-10T07:31:11","slug":"im-from-vitamin-fruit-serum-30ml","status":"publish","type":"product","link":"https:\/\/wavexia.com\/?product=im-from-vitamin-fruit-serum-30ml","title":{"rendered":"I\u2019m from Vitamin Fruit Serum \u2013 30ml"},"content":{"rendered":"<h2>Description<\/h2>\n<p>Avec 74% d\u2019argousier de mer \u00e9galement connu sous le nom d\u2019extrait de fruit de vitamine, ce s\u00e9rum restaure un \u00e9clat sain \u00e0 la peau terne. Les acides de fruits apportent de l\u2019humidit\u00e9 \u00e0 la peau. La texture l\u00e9g\u00e8re du s\u00e9rum s\u2019absorbe rapidement dans la peau sans collant ni sensation de picotement.<\/p>\n<p>Ce s\u00e9rum de fruits \u00e0 base de vitamines contient 74% d\u2019argousier pour \u00e9claircir et nourrir votre peau. Infus\u00e9 avec 1 032 mg de vitamine C de vitamine C de fruit, offre un \u00e9clat \u00e0 votre peau. Contient 89% d\u2019ingr\u00e9dients naturels, il convient aux peaux sensibles.<\/p>\n<p>Comprend une texture claire de couleur jaun\u00e2tre naturelle de Sea Buckthorn. Test hypoallerg\u00e9nique termin\u00e9.<\/p>\n<p>Convient pour les peaux grasses et sensibles.<\/p>\n<p>Un produit authentique I\u2018m From exp\u00e9di\u00e9 depuis l\u2019\u00e9tranger au Maroc par<\/p>\n","protected":false},"excerpt":{"rendered":"<p>Description Avec 74% d\u2019argousier de mer \u00e9galement connu sous le nom d\u2019extrait de fruit de vitamine, ce s\u00e9rum restaure un \u00e9clat sain \u00e0 la peau terne. Les acides de fruits apportent de l\u2019humidit\u00e9 \u00e0 la peau. La texture l\u00e9g\u00e8re du s\u00e9rum s\u2019absorbe rapidement dans la peau sans collant ni sensation de picotement. Ce s\u00e9rum de [&hellip;]<\/p>\n","protected":false},"featured_media":5638,"comment_status":"open","ping_status":"closed","template":"","meta":{"content-type":"","_uag_custom_page_level_css":""},"pwb-brand":[],"product_brand":[],"product_cat":[381,334,338],"product_tag":[],"class_list":{"0":"post-5639","1":"product","2":"type-product","3":"status-publish","4":"has-post-thumbnail","6":"product_cat-im-from","7":"product_cat-produits-coreens","8":"product_cat-serum-ampoule","10":"first","11":"instock","12":"sale","13":"shipping-taxable","14":"purchasable","15":"product-type-simple"},"aioseo_notices":[],"uagb_featured_image_src":{"full":["https:\/\/wavexia.com\/wp-content\/uploads\/2025\/10\/Product-page-sizes_0028c32a-0cc7-44ac-88e0-13544bbd2a91.webp",800,800,false],"thumbnail":["https:\/\/wavexia.com\/wp-content\/uploads\/2025\/10\/Product-page-sizes_0028c32a-0cc7-44ac-88e0-13544bbd2a91-150x150.webp",150,150,true],"medium":["https:\/\/wavexia.com\/wp-content\/uploads\/2025\/10\/Product-page-sizes_0028c32a-0cc7-44ac-88e0-13544bbd2a91-300x300.webp",300,300,true],"medium_large":["https:\/\/wavexia.com\/wp-content\/uploads\/2025\/10\/Product-page-sizes_0028c32a-0cc7-44ac-88e0-13544bbd2a91-768x768.webp",768,768,true],"large":["https:\/\/wavexia.com\/wp-content\/uploads\/2025\/10\/Product-page-sizes_0028c32a-0cc7-44ac-88e0-13544bbd2a91.webp",800,800,false],"1536x1536":["https:\/\/wavexia.com\/wp-content\/uploads\/2025\/10\/Product-page-sizes_0028c32a-0cc7-44ac-88e0-13544bbd2a91.webp",800,800,false],"2048x2048":["https:\/\/wavexia.com\/wp-content\/uploads\/2025\/10\/Product-page-sizes_0028c32a-0cc7-44ac-88e0-13544bbd2a91.webp",800,800,false],"woocommerce_archive_thumbnail":["https:\/\/wavexia.com\/wp-content\/uploads\/2025\/10\/Product-page-sizes_0028c32a-0cc7-44ac-88e0-13544bbd2a91-300x300.webp",300,300,true],"woocommerce_thumbnail":["https:\/\/wavexia.com\/wp-content\/uploads\/2025\/10\/Product-page-sizes_0028c32a-0cc7-44ac-88e0-13544bbd2a91-300x300.webp",300,300,true],"woocommerce_single":["https:\/\/wavexia.com\/wp-content\/uploads\/2025\/10\/Product-page-sizes_0028c32a-0cc7-44ac-88e0-13544bbd2a91-600x600.webp",600,600,true],"woocommerce_gallery_thumbnail":["https:\/\/wavexia.com\/wp-content\/uploads\/2025\/10\/Product-page-sizes_0028c32a-0cc7-44ac-88e0-13544bbd2a91-100x100.webp",100,100,true]},"uagb_author_info":{"display_name":"zineddine.ayoub98@gmail.com","author_link":"https:\/\/wavexia.com\/?author=0"},"uagb_comment_info":0,"uagb_excerpt":"Description Avec 74% d\u2019argousier de mer \u00e9galement connu sous le nom d\u2019extrait de fruit de vitamine, ce s\u00e9rum restaure un \u00e9clat sain \u00e0 la peau terne. Les acides de fruits apportent de l\u2019humidit\u00e9 \u00e0 la peau. La texture l\u00e9g\u00e8re du s\u00e9rum s\u2019absorbe rapidement dans la peau sans collant ni sensation de picotement. Ce s\u00e9rum de&hellip;","brands":[],"_links":{"self":[{"href":"https:\/\/wavexia.com\/index.php?rest_route=\/wp\/v2\/product\/5639","targetHints":{"allow":["GET"]}}],"collection":[{"href":"https:\/\/wavexia.com\/index.php?rest_route=\/wp\/v2\/product"}],"about":[{"href":"https:\/\/wavexia.com\/index.php?rest_route=\/wp\/v2\/types\/product"}],"replies":[{"embeddable":true,"href":"https:\/\/wavexia.com\/index.php?rest_route=%2Fwp%2Fv2%2Fcomments&post=5639"}],"wp:featuredmedia":[{"embeddable":true,"href":"https:\/\/wavexia.com\/index.php?rest_route=\/wp\/v2\/media\/5638"}],"wp:attachment":[{"href":"https:\/\/wavexia.com\/index.php?rest_route=%2Fwp%2Fv2%2Fmedia&parent=5639"}],"wp:term":[{"taxonomy":"pwb-brand","embeddable":true,"href":"https:\/\/wavexia.com\/index.php?rest_route=%2Fwp%2Fv2%2Fpwb-brand&post=5639"},{"taxonomy":"product_brand","embeddable":true,"href":"https:\/\/wavexia.com\/index.php?rest_route=%2Fwp%2Fv2%2Fproduct_brand&post=5639"},{"taxonomy":"product_cat","embeddable":true,"href":"https:\/\/wavexia.com\/index.php?rest_route=%2Fwp%2Fv2%2Fproduct_cat&post=5639"},{"taxonomy":"product_tag","embeddable":true,"href":"https:\/\/wavexia.com\/index.php?rest_route=%2Fwp%2Fv2%2Fproduct_tag&post=5639"}],"curies":[{"name":"wp","href":"https:\/\/api.w.org\/{rel}","templated":true}]}}