{"id":5630,"date":"2025-10-19T09:23:26","date_gmt":"2025-10-19T09:23:26","guid":{"rendered":"https:\/\/wavexia.com\/product\/axis-y-daily-purifying-treatment-toner-200ml\/"},"modified":"2026-03-10T07:31:11","modified_gmt":"2026-03-10T07:31:11","slug":"axis-y-daily-purifying-treatment-toner-200ml","status":"publish","type":"product","link":"https:\/\/wavexia.com\/?product=axis-y-daily-purifying-treatment-toner-200ml","title":{"rendered":"AXIS-Y \u2013 Daily Purifying Treatment Toner 200ml"},"content":{"rendered":"<h2>Description<\/h2>\n<div class=\"block-content_MQDxpg \" data-index=\"6\">\n<div class=\"tabs-inner\">\n<div>\n<p>D\u00e9couvrez le AXIS-Y Daily Purifying Treatment Toner, un tonique quotidien pour une peau claire et saine !<\/p>\n<p>Ce tonique est sp\u00e9cialement con\u00e7u pour \u00e9liminer efficacement les bact\u00e9ries et les polluants emprisonn\u00e9s au plus profond des pores. Cela garantit une peau purifi\u00e9e avec moins d\u2019irritation et d\u2019acn\u00e9. Avec la formule am\u00e9lior\u00e9e, qui contient d\u00e9sormais un niveau plus \u00e9lev\u00e9 d\u2019AHA et de PHA pour une exfoliation chimique douce, et une concentration accrue de centella asiatica pour un effet encore plus apaisant, vous \u00eates assur\u00e9 d\u2019un nettoyage doux mais en profondeur.<\/p>\n<p>Le Axis-Y Daily Purifying Treatment Toner contient 0,5 % d\u2019acide salicylique, qui p\u00e9n\u00e8tre profond\u00e9ment \u00e0 travers les couches de s\u00e9bum et les cellules mortes de la peau pour traiter la peau de l\u2019int\u00e9rieur. Le r\u00e9sultat? Un teint plus propre et plus sain. Id\u00e9al pour les probl\u00e8mes de peau tels que l\u2019acn\u00e9, les pores dilat\u00e9s, la peau grasse et la texture irr\u00e9guli\u00e8re de la peau.<\/p>\n<p>Faites le premier pas vers une peau radieuse et ajoutez le Axis-Y Daily Purifying Treatment Toner \u00e0 votre routine quotidienne !<\/p>\n<p><strong>Ce tonique&nbsp;:<\/strong><\/p>\n<ul>\n<li>exfoliation douce<\/li>\n<li>\u00e9limine les bact\u00e9ries<\/li>\n<li>\u00e9claircit la structure de la peau<\/li>\n<li>nettoyage doux et minutieux<\/li>\n<li>r\u00e9duit les pores et l\u2019acn\u00e9<\/li>\n<li>id\u00e9al pour les peaux grasses<\/li>\n<li>contient 0,5% d\u2019acide salicylique, centella asiatica, AHA et PHA<\/li>\n<li>v\u00e9g\u00e9talien<\/li>\n<li>sans cruaut\u00e9<\/li>\n<\/ul>\n<\/div>\n<\/div>\n<div class=\"block-content_dExAQg tab-closed hidden\" data-index=\"5\">\n<div class=\"tabs-inner\">\n<div>\n<p><strong>Ingr\u00e9dients:<br \/><\/strong>Water, Centella Asiatica Extract, Aloe Barbadensis Leaf Water, Propanediol, Butylene Glycol, Sodium Hyaluronate, Hieracium Umbellatum Extract, Gluconolactone, Melaleuca Alternifolia (Tea Tree) Extract, Glycolic Acid, Betaine, Salvia Officinalis (Sage) Leaf Extract, Houttuynia Cordata Extract, Ethylhexylglycerin, Aloe Barbadensis Leaf Extract, Dioscorea Japonica Root Extract, Laminaria Japonica Extract, Glycerin, 1,2-hexanediol, Salicylic Acid, Sodium Citrate, Illicium Verum (Anise) Fruit Extract, Citrus Paradisi (Grapefruit) Fruit Extract, Nelumbium Speciosum Flower Extract , Paeonia Suffruticosa Root Extract, Scutellaria Baicalensis Root Extract, Arginine, Saccharum Officinatum (Sugarcane) Extract, Rheum Palmatum Root Extract, Artemisia Princeps Extract, Panax Ginseng Root Extract, Chlorphenesin, Peg-60 Hydrogenated Castor Oil, Carbomer, Dimethyl Sulfone, Lavandula Angustifolia (Lavender) Oil, Linalool, Melaleuca Alternifolia (Tea Tree) Leaf Oil.<\/p>\n<p><strong>Contenu :<\/strong>&nbsp;200 ml<\/p>\n<\/div>\n<\/div>\n<\/div>\n<div class=\"block-content_XgHTde tab-closed hidden\" data-index=\"4\">\n<p><strong style=\"font-family: var(--global-body-font-family);\">Comment utiliser:<\/strong><\/p>\n<div class=\"tabs-inner\">\n<ul>\n<li>utiliser apr\u00e8s le nettoyage<\/li>\n<li>mettez-en une petite quantit\u00e9 dans votre main ou sur un coton et \u00e9talez-la sur la peau<\/li>\n<li>laisser le toner absorber compl\u00e8tement<\/li>\n<\/ul>\n<p><strong>Astuce&nbsp;:<\/strong>&nbsp;utilisez un \u00e9cran solaire pendant la journ\u00e9e<\/p>\n<\/div>\n<\/div>\n<\/div>\n","protected":false},"excerpt":{"rendered":"<p>Description D\u00e9couvrez le AXIS-Y Daily Purifying Treatment Toner, un tonique quotidien pour une peau claire et saine ! Ce tonique est sp\u00e9cialement con\u00e7u pour \u00e9liminer efficacement les bact\u00e9ries et les polluants emprisonn\u00e9s au plus profond des pores. Cela garantit une peau purifi\u00e9e avec moins d\u2019irritation et d\u2019acn\u00e9. Avec la formule am\u00e9lior\u00e9e, qui contient d\u00e9sormais un [&hellip;]<\/p>\n","protected":false},"featured_media":5629,"comment_status":"open","ping_status":"closed","template":"","meta":{"content-type":"","_uag_custom_page_level_css":""},"pwb-brand":[],"product_brand":[],"product_cat":[363,334,345],"product_tag":[],"class_list":{"0":"post-5630","1":"product","2":"type-product","3":"status-publish","4":"has-post-thumbnail","6":"product_cat-axis-y","7":"product_cat-produits-coreens","8":"product_cat-toner-pads","10":"first","11":"instock","12":"sale","13":"shipping-taxable","14":"purchasable","15":"product-type-simple"},"aioseo_notices":[],"uagb_featured_image_src":{"full":["https:\/\/wavexia.com\/wp-content\/uploads\/2025\/10\/Product-page-sizes_9a0fd4c6-83c8-4aca-bdea-bba9bfabd5c7.webp",800,800,false],"thumbnail":["https:\/\/wavexia.com\/wp-content\/uploads\/2025\/10\/Product-page-sizes_9a0fd4c6-83c8-4aca-bdea-bba9bfabd5c7-150x150.webp",150,150,true],"medium":["https:\/\/wavexia.com\/wp-content\/uploads\/2025\/10\/Product-page-sizes_9a0fd4c6-83c8-4aca-bdea-bba9bfabd5c7-300x300.webp",300,300,true],"medium_large":["https:\/\/wavexia.com\/wp-content\/uploads\/2025\/10\/Product-page-sizes_9a0fd4c6-83c8-4aca-bdea-bba9bfabd5c7-768x768.webp",768,768,true],"large":["https:\/\/wavexia.com\/wp-content\/uploads\/2025\/10\/Product-page-sizes_9a0fd4c6-83c8-4aca-bdea-bba9bfabd5c7.webp",800,800,false],"1536x1536":["https:\/\/wavexia.com\/wp-content\/uploads\/2025\/10\/Product-page-sizes_9a0fd4c6-83c8-4aca-bdea-bba9bfabd5c7.webp",800,800,false],"2048x2048":["https:\/\/wavexia.com\/wp-content\/uploads\/2025\/10\/Product-page-sizes_9a0fd4c6-83c8-4aca-bdea-bba9bfabd5c7.webp",800,800,false],"woocommerce_archive_thumbnail":["https:\/\/wavexia.com\/wp-content\/uploads\/2025\/10\/Product-page-sizes_9a0fd4c6-83c8-4aca-bdea-bba9bfabd5c7-300x300.webp",300,300,true],"woocommerce_thumbnail":["https:\/\/wavexia.com\/wp-content\/uploads\/2025\/10\/Product-page-sizes_9a0fd4c6-83c8-4aca-bdea-bba9bfabd5c7-300x300.webp",300,300,true],"woocommerce_single":["https:\/\/wavexia.com\/wp-content\/uploads\/2025\/10\/Product-page-sizes_9a0fd4c6-83c8-4aca-bdea-bba9bfabd5c7-600x600.webp",600,600,true],"woocommerce_gallery_thumbnail":["https:\/\/wavexia.com\/wp-content\/uploads\/2025\/10\/Product-page-sizes_9a0fd4c6-83c8-4aca-bdea-bba9bfabd5c7-100x100.webp",100,100,true]},"uagb_author_info":{"display_name":"zineddine.ayoub98@gmail.com","author_link":"https:\/\/wavexia.com\/?author=0"},"uagb_comment_info":0,"uagb_excerpt":"Description D\u00e9couvrez le AXIS-Y Daily Purifying Treatment Toner, un tonique quotidien pour une peau claire et saine ! Ce tonique est sp\u00e9cialement con\u00e7u pour \u00e9liminer efficacement les bact\u00e9ries et les polluants emprisonn\u00e9s au plus profond des pores. Cela garantit une peau purifi\u00e9e avec moins d\u2019irritation et d\u2019acn\u00e9. Avec la formule am\u00e9lior\u00e9e, qui contient d\u00e9sormais un&hellip;","brands":[],"_links":{"self":[{"href":"https:\/\/wavexia.com\/index.php?rest_route=\/wp\/v2\/product\/5630","targetHints":{"allow":["GET"]}}],"collection":[{"href":"https:\/\/wavexia.com\/index.php?rest_route=\/wp\/v2\/product"}],"about":[{"href":"https:\/\/wavexia.com\/index.php?rest_route=\/wp\/v2\/types\/product"}],"replies":[{"embeddable":true,"href":"https:\/\/wavexia.com\/index.php?rest_route=%2Fwp%2Fv2%2Fcomments&post=5630"}],"wp:featuredmedia":[{"embeddable":true,"href":"https:\/\/wavexia.com\/index.php?rest_route=\/wp\/v2\/media\/5629"}],"wp:attachment":[{"href":"https:\/\/wavexia.com\/index.php?rest_route=%2Fwp%2Fv2%2Fmedia&parent=5630"}],"wp:term":[{"taxonomy":"pwb-brand","embeddable":true,"href":"https:\/\/wavexia.com\/index.php?rest_route=%2Fwp%2Fv2%2Fpwb-brand&post=5630"},{"taxonomy":"product_brand","embeddable":true,"href":"https:\/\/wavexia.com\/index.php?rest_route=%2Fwp%2Fv2%2Fproduct_brand&post=5630"},{"taxonomy":"product_cat","embeddable":true,"href":"https:\/\/wavexia.com\/index.php?rest_route=%2Fwp%2Fv2%2Fproduct_cat&post=5630"},{"taxonomy":"product_tag","embeddable":true,"href":"https:\/\/wavexia.com\/index.php?rest_route=%2Fwp%2Fv2%2Fproduct_tag&post=5630"}],"curies":[{"name":"wp","href":"https:\/\/api.w.org\/{rel}","templated":true}]}}