{"id":5627,"date":"2025-10-19T09:23:25","date_gmt":"2025-10-19T09:23:25","guid":{"rendered":"https:\/\/wavexia.com\/product\/goodal-heartleaf-calming-moisture-toner-tonique-300ml\/"},"modified":"2026-03-10T07:31:11","modified_gmt":"2026-03-10T07:31:11","slug":"goodal-heartleaf-calming-moisture-toner-tonique-300ml","status":"publish","type":"product","link":"https:\/\/wavexia.com\/?product=goodal-heartleaf-calming-moisture-toner-tonique-300ml","title":{"rendered":"Goodal \u2013 Heartleaf Calming Moisture Toner \u2013 Tonique 300ml"},"content":{"rendered":"<h2>Description<\/h2>\n<ul>\n<li>Ce tonique v\u00e9gan est formul\u00e9 \u00e0 base d\u2019<i>houttuynia cordata<\/i>&nbsp;de Jeju, pour aider \u00e0 apaiser les peaux irrit\u00e9es avec un effet hydratant.<\/li>\n<li>Enrichi en 8&nbsp;types d\u2019acide hyaluronique, pour aider \u00e0 restaurer l\u2019\u00e9quilibre hydrolipidique de la peau et r\u00e9parer les peaux endommag\u00e9es.<\/li>\n<li>Exfolie tout en douceur les impuret\u00e9s et les cellules mortes de la peau gr\u00e2ce \u00e0 ses super-ingr\u00e9dients d\u2019origine naturelle, et aide \u00e0 lisser et adoucir les peaux s\u00e8ches.<\/li>\n<li>18&nbsp;ingr\u00e9dients nocifs sont exclus de sa composition. Convient \u00e0 tous les types de peaux, m\u00eame les plus sensibles.<\/li>\n<\/ul>\n<p><b>Utilisation&nbsp;:<\/b><br \/>1. Appliquez le produit directement sur votre visage, ou bien versez-le sur un coton, puis passez-le d\u00e9licatement le long de votre visage en effectuant des mouvements de l\u2019int\u00e9rieur vers l\u2019ext\u00e9rieur de votre visage.<\/p>\n<p>2. Versez une quantit\u00e9 mod\u00e9r\u00e9e de produit sur des compresses en coton, puis placez-les sur les zones n\u00e9cessitant un soin encore plus apaisant, et laissez poser pendant 5 \u00e0 10&nbsp;minutes.<\/p>\n<p>3. Retirez les compresses, puis tapotez d\u00e9licatement jusqu\u2019\u00e0 absorption compl\u00e8te des r\u00e9sidus d\u2019essence.<\/p>\n","protected":false},"excerpt":{"rendered":"<p>Description Ce tonique v\u00e9gan est formul\u00e9 \u00e0 base d\u2019houttuynia cordata&nbsp;de Jeju, pour aider \u00e0 apaiser les peaux irrit\u00e9es avec un effet hydratant. Enrichi en 8&nbsp;types d\u2019acide hyaluronique, pour aider \u00e0 restaurer l\u2019\u00e9quilibre hydrolipidique de la peau et r\u00e9parer les peaux endommag\u00e9es. Exfolie tout en douceur les impuret\u00e9s et les cellules mortes de la peau gr\u00e2ce [&hellip;]<\/p>\n","protected":false},"featured_media":5626,"comment_status":"open","ping_status":"closed","template":"","meta":{"content-type":"","_uag_custom_page_level_css":""},"pwb-brand":[],"product_brand":[],"product_cat":[411,334,345,387],"product_tag":[],"class_list":{"0":"post-5627","1":"product","2":"type-product","3":"status-publish","4":"has-post-thumbnail","6":"product_cat-goodal","7":"product_cat-produits-coreens","8":"product_cat-toner-pads","9":"product_cat-vitamin-c","11":"first","12":"instock","13":"sale","14":"shipping-taxable","15":"purchasable","16":"product-type-simple"},"aioseo_notices":[],"uagb_featured_image_src":{"full":["https:\/\/wavexia.com\/wp-content\/uploads\/2025\/10\/telecharger-12.jpeg",225,225,false],"thumbnail":["https:\/\/wavexia.com\/wp-content\/uploads\/2025\/10\/telecharger-12-150x150.jpeg",150,150,true],"medium":["https:\/\/wavexia.com\/wp-content\/uploads\/2025\/10\/telecharger-12.jpeg",225,225,false],"medium_large":["https:\/\/wavexia.com\/wp-content\/uploads\/2025\/10\/telecharger-12.jpeg",225,225,false],"large":["https:\/\/wavexia.com\/wp-content\/uploads\/2025\/10\/telecharger-12.jpeg",225,225,false],"1536x1536":["https:\/\/wavexia.com\/wp-content\/uploads\/2025\/10\/telecharger-12.jpeg",225,225,false],"2048x2048":["https:\/\/wavexia.com\/wp-content\/uploads\/2025\/10\/telecharger-12.jpeg",225,225,false],"woocommerce_archive_thumbnail":["https:\/\/wavexia.com\/wp-content\/uploads\/2025\/10\/telecharger-12.jpeg",225,225,false],"woocommerce_thumbnail":["https:\/\/wavexia.com\/wp-content\/uploads\/2025\/10\/telecharger-12.jpeg",225,225,false],"woocommerce_single":["https:\/\/wavexia.com\/wp-content\/uploads\/2025\/10\/telecharger-12.jpeg",225,225,false],"woocommerce_gallery_thumbnail":["https:\/\/wavexia.com\/wp-content\/uploads\/2025\/10\/telecharger-12-100x100.jpeg",100,100,true]},"uagb_author_info":{"display_name":"zineddine.ayoub98@gmail.com","author_link":"https:\/\/wavexia.com\/?author=0"},"uagb_comment_info":0,"uagb_excerpt":"Description Ce tonique v\u00e9gan est formul\u00e9 \u00e0 base d\u2019houttuynia cordata&nbsp;de Jeju, pour aider \u00e0 apaiser les peaux irrit\u00e9es avec un effet hydratant. Enrichi en 8&nbsp;types d\u2019acide hyaluronique, pour aider \u00e0 restaurer l\u2019\u00e9quilibre hydrolipidique de la peau et r\u00e9parer les peaux endommag\u00e9es. Exfolie tout en douceur les impuret\u00e9s et les cellules mortes de la peau gr\u00e2ce&hellip;","brands":[],"_links":{"self":[{"href":"https:\/\/wavexia.com\/index.php?rest_route=\/wp\/v2\/product\/5627","targetHints":{"allow":["GET"]}}],"collection":[{"href":"https:\/\/wavexia.com\/index.php?rest_route=\/wp\/v2\/product"}],"about":[{"href":"https:\/\/wavexia.com\/index.php?rest_route=\/wp\/v2\/types\/product"}],"replies":[{"embeddable":true,"href":"https:\/\/wavexia.com\/index.php?rest_route=%2Fwp%2Fv2%2Fcomments&post=5627"}],"wp:featuredmedia":[{"embeddable":true,"href":"https:\/\/wavexia.com\/index.php?rest_route=\/wp\/v2\/media\/5626"}],"wp:attachment":[{"href":"https:\/\/wavexia.com\/index.php?rest_route=%2Fwp%2Fv2%2Fmedia&parent=5627"}],"wp:term":[{"taxonomy":"pwb-brand","embeddable":true,"href":"https:\/\/wavexia.com\/index.php?rest_route=%2Fwp%2Fv2%2Fpwb-brand&post=5627"},{"taxonomy":"product_brand","embeddable":true,"href":"https:\/\/wavexia.com\/index.php?rest_route=%2Fwp%2Fv2%2Fproduct_brand&post=5627"},{"taxonomy":"product_cat","embeddable":true,"href":"https:\/\/wavexia.com\/index.php?rest_route=%2Fwp%2Fv2%2Fproduct_cat&post=5627"},{"taxonomy":"product_tag","embeddable":true,"href":"https:\/\/wavexia.com\/index.php?rest_route=%2Fwp%2Fv2%2Fproduct_tag&post=5627"}],"curies":[{"name":"wp","href":"https:\/\/api.w.org\/{rel}","templated":true}]}}