{"id":5622,"date":"2025-10-19T09:23:22","date_gmt":"2025-10-19T09:23:22","guid":{"rendered":"https:\/\/wavexia.com\/product\/anua-heartleaf-80-soothing-ampoule-30-ml\/"},"modified":"2026-03-10T07:31:11","modified_gmt":"2026-03-10T07:31:11","slug":"anua-heartleaf-80-soothing-ampoule-30-ml","status":"publish","type":"product","link":"https:\/\/wavexia.com\/?product=anua-heartleaf-80-soothing-ampoule-30-ml","title":{"rendered":"Anua \u2013 Heartleaf 80% Soothing Ampoule 30 ml"},"content":{"rendered":"<h2>Description<\/h2>\n<p>L\u2019Anua Heartleaf 80% Soothing Ampoule est formul\u00e9e avec 80 % d\u2019extrait de Houttuynia Cordata qui hydratera, prot\u00e9gera et apaisera intens\u00e9ment la peau irrit\u00e9e. Un boost de peau indispensable!<\/p>\n<p>Cette ampoule convient \u00e0 tous les types de peau et cr\u00e9e une base parfaite et uniforme sous votre maquillage. Le produit est l\u00e9ger, laisse la peau imm\u00e9diatement hydrat\u00e9e et donne un bel \u00e9clat.<\/p>\n<p><strong>Ce produit:<\/strong><\/p>\n<ul>\n<li>hydratation intense et longue dur\u00e9e<\/li>\n<li>id\u00e9al pour les peaux sensibles et \u00e0 probl\u00e8mes<\/li>\n<li>a un effet calmant<\/li>\n<li>antibact\u00e9rien et antioxydant<\/li>\n<li>convient \u00e0 tous les types de peau<\/li>\n<li>se compose de 80&nbsp;% de Heartleaf<\/li>\n<li>sans parfum<\/li>\n<li>sans cruaut\u00e9<\/li>\n<li>v\u00e9g\u00e9talien<\/li>\n<\/ul>\n<p><strong>Comment utiliser:<\/strong><\/p>\n<ul>\n<li>Pr\u00e9levez 2 \u00e0 3 gouttes de s\u00e9rum sur le bout des doigts.<\/li>\n<li>Massez le s\u00e9rum sur votre peau jusqu\u2019\u00e0 ce que tout soit absorb\u00e9.<\/li>\n<\/ul>\n<p><strong>Ingr\u00e9dients:<br \/><\/strong>Extrait de Houttuynia Cordata (80 %), butyl\u00e8ne glycol, glyc\u00e9rine, 1,2-hexandiol, b\u00e9ta\u00efne, extrait de graines de Cassia Obtusifolia, panth\u00e9nol, hydroxy\u00e9thylcellulose, hyaluronate de sodium, arginine, carbom\u00e8re, \u00e9thylhexylglyc\u00e9rine.<\/p>\n","protected":false},"excerpt":{"rendered":"<p>Description L\u2019Anua Heartleaf 80% Soothing Ampoule est formul\u00e9e avec 80 % d\u2019extrait de Houttuynia Cordata qui hydratera, prot\u00e9gera et apaisera intens\u00e9ment la peau irrit\u00e9e. Un boost de peau indispensable! Cette ampoule convient \u00e0 tous les types de peau et cr\u00e9e une base parfaite et uniforme sous votre maquillage. Le produit est l\u00e9ger, laisse la peau [&hellip;]<\/p>\n","protected":false},"featured_media":5621,"comment_status":"open","ping_status":"closed","template":"","meta":{"content-type":"","_uag_custom_page_level_css":""},"pwb-brand":[],"product_brand":[],"product_cat":[344,334,338,323],"product_tag":[],"class_list":{"0":"post-5622","1":"product","2":"type-product","3":"status-publish","4":"has-post-thumbnail","6":"product_cat-anua","7":"product_cat-produits-coreens","8":"product_cat-serum-ampoule","9":"product_cat-skincare","11":"first","12":"instock","13":"sale","14":"shipping-taxable","15":"purchasable","16":"product-type-simple"},"aioseo_notices":[],"uagb_featured_image_src":{"full":["https:\/\/wavexia.com\/wp-content\/uploads\/2025\/10\/Product-page-sizes_a3889e37-3061-4546-a4e8-31a0c93d9d52.webp",800,800,false],"thumbnail":["https:\/\/wavexia.com\/wp-content\/uploads\/2025\/10\/Product-page-sizes_a3889e37-3061-4546-a4e8-31a0c93d9d52-150x150.webp",150,150,true],"medium":["https:\/\/wavexia.com\/wp-content\/uploads\/2025\/10\/Product-page-sizes_a3889e37-3061-4546-a4e8-31a0c93d9d52-300x300.webp",300,300,true],"medium_large":["https:\/\/wavexia.com\/wp-content\/uploads\/2025\/10\/Product-page-sizes_a3889e37-3061-4546-a4e8-31a0c93d9d52-768x768.webp",768,768,true],"large":["https:\/\/wavexia.com\/wp-content\/uploads\/2025\/10\/Product-page-sizes_a3889e37-3061-4546-a4e8-31a0c93d9d52.webp",800,800,false],"1536x1536":["https:\/\/wavexia.com\/wp-content\/uploads\/2025\/10\/Product-page-sizes_a3889e37-3061-4546-a4e8-31a0c93d9d52.webp",800,800,false],"2048x2048":["https:\/\/wavexia.com\/wp-content\/uploads\/2025\/10\/Product-page-sizes_a3889e37-3061-4546-a4e8-31a0c93d9d52.webp",800,800,false],"woocommerce_archive_thumbnail":["https:\/\/wavexia.com\/wp-content\/uploads\/2025\/10\/Product-page-sizes_a3889e37-3061-4546-a4e8-31a0c93d9d52-300x300.webp",300,300,true],"woocommerce_thumbnail":["https:\/\/wavexia.com\/wp-content\/uploads\/2025\/10\/Product-page-sizes_a3889e37-3061-4546-a4e8-31a0c93d9d52-300x300.webp",300,300,true],"woocommerce_single":["https:\/\/wavexia.com\/wp-content\/uploads\/2025\/10\/Product-page-sizes_a3889e37-3061-4546-a4e8-31a0c93d9d52-600x600.webp",600,600,true],"woocommerce_gallery_thumbnail":["https:\/\/wavexia.com\/wp-content\/uploads\/2025\/10\/Product-page-sizes_a3889e37-3061-4546-a4e8-31a0c93d9d52-100x100.webp",100,100,true]},"uagb_author_info":{"display_name":"zineddine.ayoub98@gmail.com","author_link":"https:\/\/wavexia.com\/?author=0"},"uagb_comment_info":0,"uagb_excerpt":"Description L\u2019Anua Heartleaf 80% Soothing Ampoule est formul\u00e9e avec 80 % d\u2019extrait de Houttuynia Cordata qui hydratera, prot\u00e9gera et apaisera intens\u00e9ment la peau irrit\u00e9e. Un boost de peau indispensable! Cette ampoule convient \u00e0 tous les types de peau et cr\u00e9e une base parfaite et uniforme sous votre maquillage. Le produit est l\u00e9ger, laisse la peau&hellip;","brands":[],"_links":{"self":[{"href":"https:\/\/wavexia.com\/index.php?rest_route=\/wp\/v2\/product\/5622","targetHints":{"allow":["GET"]}}],"collection":[{"href":"https:\/\/wavexia.com\/index.php?rest_route=\/wp\/v2\/product"}],"about":[{"href":"https:\/\/wavexia.com\/index.php?rest_route=\/wp\/v2\/types\/product"}],"replies":[{"embeddable":true,"href":"https:\/\/wavexia.com\/index.php?rest_route=%2Fwp%2Fv2%2Fcomments&post=5622"}],"wp:featuredmedia":[{"embeddable":true,"href":"https:\/\/wavexia.com\/index.php?rest_route=\/wp\/v2\/media\/5621"}],"wp:attachment":[{"href":"https:\/\/wavexia.com\/index.php?rest_route=%2Fwp%2Fv2%2Fmedia&parent=5622"}],"wp:term":[{"taxonomy":"pwb-brand","embeddable":true,"href":"https:\/\/wavexia.com\/index.php?rest_route=%2Fwp%2Fv2%2Fpwb-brand&post=5622"},{"taxonomy":"product_brand","embeddable":true,"href":"https:\/\/wavexia.com\/index.php?rest_route=%2Fwp%2Fv2%2Fproduct_brand&post=5622"},{"taxonomy":"product_cat","embeddable":true,"href":"https:\/\/wavexia.com\/index.php?rest_route=%2Fwp%2Fv2%2Fproduct_cat&post=5622"},{"taxonomy":"product_tag","embeddable":true,"href":"https:\/\/wavexia.com\/index.php?rest_route=%2Fwp%2Fv2%2Fproduct_tag&post=5622"}],"curies":[{"name":"wp","href":"https:\/\/api.w.org\/{rel}","templated":true}]}}