{"id":5620,"date":"2025-10-19T09:23:22","date_gmt":"2025-10-19T09:23:22","guid":{"rendered":"https:\/\/wavexia.com\/product\/next-solaray-hormone-femelle-blend-sp-7c-100-vegcaps\/"},"modified":"2026-03-10T07:31:11","modified_gmt":"2026-03-10T07:31:11","slug":"next-solaray-hormone-femelle-blend-sp-7c-100-vegcaps","status":"publish","type":"product","link":"https:\/\/wavexia.com\/?product=next-solaray-hormone-femelle-blend-sp-7c-100-vegcaps","title":{"rendered":"Next Solaray, Hormone Femelle Blend SP-7C, 100 VegCaps"},"content":{"rendered":"<h2>Description<\/h2>\n<p>\u00c9labor\u00e9e \u00e0 partir d\u2019un m\u00e9lange de plantes traditionnellement utilis\u00e9es pour favoriser un bon \u00e9quilibre f\u00e9minin, la formule Female&nbsp;Hormone&nbsp;Blend&nbsp;SP-7C de Solaray peut aider \u00e0 fournir un soutien puissant \u00e0 partir de la quarantaine. L\u2019act\u00e9e \u00e0 grappe, originaire d\u2019Am\u00e9rique du Nord, a \u00e9t\u00e9 longuement utilis\u00e9e par les Am\u00e9rindiens pour fournir un certain soulagement pendant les r\u00e8gles et la m\u00e9nopause, tandis que l\u2019ang\u00e9lique de Chine est utilis\u00e9e dans les rem\u00e8des traditionnels chinois pour prodiguer apaisement et r\u00e9confort.<\/p>\n<p>Notre m\u00e9lange sp\u00e9cial contient \u00e9galement de la passiflore, de la framboise rouge, du fenugrec, de la r\u00e9glisse, du viorne obier, de la camomille, du chou palmiste, de l\u2019igname sauvage, de la courge butternut et du kelp, ainsi que des sels min\u00e9raux ajout\u00e9s pour renforcer leurs effets.<\/p>\n<p>Faites confiance au m\u00e9lange Female&nbsp;Hormone&nbsp;Blend pour vous \u00e9panouir dans votre f\u00e9minit\u00e9&nbsp;!<\/p>\n<h5><strong>Conseils d\u2019utilisation:<\/strong><\/h5>\n<p>Ne l\u2019utilisez que selon les instructions. Prenez deux VegCaps trois fois par jour avec un repas ou un verre d\u2019eau.<\/p>\n<h5><strong>Avertissements<\/strong><\/h5>\n<p>A conserver dans un endroit frais et sec.<\/p>\n<p>Ne pas utiliser si le sceau de s\u00e9curit\u00e9 est bris\u00e9 ou manquant. Tenir hors de port\u00e9e des enfants. Informez votre m\u00e9decin lorsque vous prenez ce produit. Ne pas utiliser si vous \u00eates enceinte ou si vous allaitez. Ne pas utiliser si vous avez une pression art\u00e9rielle \u00e9lev\u00e9e.<\/p>\n<p>R\u00e9sidents de Californie seulement&nbsp;: Ce produit contient une substance connue de l\u2019\u00c9tat de Californie pour causer des malformations cong\u00e9nitales ou d\u2019autres dommages \u00e0 la reproduction.<\/p>\n","protected":false},"excerpt":{"rendered":"<p>Description \u00c9labor\u00e9e \u00e0 partir d\u2019un m\u00e9lange de plantes traditionnellement utilis\u00e9es pour favoriser un bon \u00e9quilibre f\u00e9minin, la formule Female&nbsp;Hormone&nbsp;Blend&nbsp;SP-7C de Solaray peut aider \u00e0 fournir un soutien puissant \u00e0 partir de la quarantaine. L\u2019act\u00e9e \u00e0 grappe, originaire d\u2019Am\u00e9rique du Nord, a \u00e9t\u00e9 longuement utilis\u00e9e par les Am\u00e9rindiens pour fournir un certain soulagement pendant les r\u00e8gles [&hellip;]<\/p>\n","protected":false},"featured_media":5619,"comment_status":"open","ping_status":"closed","template":"","meta":{"content-type":"","_uag_custom_page_level_css":""},"pwb-brand":[],"product_brand":[],"product_cat":[330],"product_tag":[],"class_list":{"0":"post-5620","1":"product","2":"type-product","3":"status-publish","4":"has-post-thumbnail","6":"product_cat-complements-alimentaires","8":"first","9":"instock","10":"sale","11":"shipping-taxable","12":"purchasable","13":"product-type-simple"},"aioseo_notices":[],"uagb_featured_image_src":{"full":["https:\/\/wavexia.com\/wp-content\/uploads\/2025\/10\/1-18.jpg",500,500,false],"thumbnail":["https:\/\/wavexia.com\/wp-content\/uploads\/2025\/10\/1-18-150x150.jpg",150,150,true],"medium":["https:\/\/wavexia.com\/wp-content\/uploads\/2025\/10\/1-18-300x300.jpg",300,300,true],"medium_large":["https:\/\/wavexia.com\/wp-content\/uploads\/2025\/10\/1-18.jpg",500,500,false],"large":["https:\/\/wavexia.com\/wp-content\/uploads\/2025\/10\/1-18.jpg",500,500,false],"1536x1536":["https:\/\/wavexia.com\/wp-content\/uploads\/2025\/10\/1-18.jpg",500,500,false],"2048x2048":["https:\/\/wavexia.com\/wp-content\/uploads\/2025\/10\/1-18.jpg",500,500,false],"woocommerce_archive_thumbnail":["https:\/\/wavexia.com\/wp-content\/uploads\/2025\/10\/1-18-300x300.jpg",300,300,true],"woocommerce_thumbnail":["https:\/\/wavexia.com\/wp-content\/uploads\/2025\/10\/1-18-300x300.jpg",300,300,true],"woocommerce_single":["https:\/\/wavexia.com\/wp-content\/uploads\/2025\/10\/1-18.jpg",500,500,false],"woocommerce_gallery_thumbnail":["https:\/\/wavexia.com\/wp-content\/uploads\/2025\/10\/1-18-100x100.jpg",100,100,true]},"uagb_author_info":{"display_name":"zineddine.ayoub98@gmail.com","author_link":"https:\/\/wavexia.com\/?author=0"},"uagb_comment_info":0,"uagb_excerpt":"Description \u00c9labor\u00e9e \u00e0 partir d\u2019un m\u00e9lange de plantes traditionnellement utilis\u00e9es pour favoriser un bon \u00e9quilibre f\u00e9minin, la formule Female&nbsp;Hormone&nbsp;Blend&nbsp;SP-7C de Solaray peut aider \u00e0 fournir un soutien puissant \u00e0 partir de la quarantaine. L\u2019act\u00e9e \u00e0 grappe, originaire d\u2019Am\u00e9rique du Nord, a \u00e9t\u00e9 longuement utilis\u00e9e par les Am\u00e9rindiens pour fournir un certain soulagement pendant les r\u00e8gles&hellip;","brands":[],"_links":{"self":[{"href":"https:\/\/wavexia.com\/index.php?rest_route=\/wp\/v2\/product\/5620","targetHints":{"allow":["GET"]}}],"collection":[{"href":"https:\/\/wavexia.com\/index.php?rest_route=\/wp\/v2\/product"}],"about":[{"href":"https:\/\/wavexia.com\/index.php?rest_route=\/wp\/v2\/types\/product"}],"replies":[{"embeddable":true,"href":"https:\/\/wavexia.com\/index.php?rest_route=%2Fwp%2Fv2%2Fcomments&post=5620"}],"wp:featuredmedia":[{"embeddable":true,"href":"https:\/\/wavexia.com\/index.php?rest_route=\/wp\/v2\/media\/5619"}],"wp:attachment":[{"href":"https:\/\/wavexia.com\/index.php?rest_route=%2Fwp%2Fv2%2Fmedia&parent=5620"}],"wp:term":[{"taxonomy":"pwb-brand","embeddable":true,"href":"https:\/\/wavexia.com\/index.php?rest_route=%2Fwp%2Fv2%2Fpwb-brand&post=5620"},{"taxonomy":"product_brand","embeddable":true,"href":"https:\/\/wavexia.com\/index.php?rest_route=%2Fwp%2Fv2%2Fproduct_brand&post=5620"},{"taxonomy":"product_cat","embeddable":true,"href":"https:\/\/wavexia.com\/index.php?rest_route=%2Fwp%2Fv2%2Fproduct_cat&post=5620"},{"taxonomy":"product_tag","embeddable":true,"href":"https:\/\/wavexia.com\/index.php?rest_route=%2Fwp%2Fv2%2Fproduct_tag&post=5620"}],"curies":[{"name":"wp","href":"https:\/\/api.w.org\/{rel}","templated":true}]}}