{"id":5618,"date":"2025-10-19T09:23:21","date_gmt":"2025-10-19T09:23:21","guid":{"rendered":"https:\/\/wavexia.com\/product\/now-foods-niacinamide-500-mg-100veg-capsules\/"},"modified":"2026-03-10T07:31:11","modified_gmt":"2026-03-10T07:31:11","slug":"now-foods-niacinamide-500-mg-100veg-capsules","status":"publish","type":"product","link":"https:\/\/wavexia.com\/?product=now-foods-niacinamide-500-mg-100veg-capsules","title":{"rendered":"NOW Foods Niacinamide 500 mg, 100veg Capsules"},"content":{"rendered":"<h2>Description<\/h2>\n<p><strong>La niacinamide (acide nicotinique ou vitamine B-3)<\/strong>est une vitamine hydrosoluble. La niacinamide et la niacine sont deux formes diff\u00e9rentes de vitamine B-3, la forme de la niacinamide, qui ne provoque pas de bouff\u00e9es de chaleur. La consommation de fortes doses de niacine entra\u00eene g\u00e9n\u00e9ralement ce que l\u2019on appelle des bouff\u00e9es de chaleur (fi\u00e8vre, rougeur de la peau, bouff\u00e9es de sang \u00e0 la t\u00eate), mais la niacinamide est un pr\u00e9curseur de la niacine et ne provoque pas de fi\u00e8vre. La niacinamide aide \u00e0 la production d\u2019\u00e9nergie cellulaire et au soutien de l\u2019ADN. Une carence en vitamine B-3 peut provoquer diverses formes de troubles corporels.<\/p>\n<h5 class=\"ingredients_headline\">Ingr\u00e9dients:<\/h5>\n<p>La niacine (sous forme de niacinamide), l\u2019hypromellose (capsule de cellulose) et l\u2019acide st\u00e9arique (source v\u00e9g\u00e9tale).<\/p>\n<p><strong>Mode d\u2019emploi<\/strong>&nbsp;:<\/p>\n<p>Prendre 1 g\u00e9lule par jour avec un repas.<br \/>Ou prenez selon les directives de votre m\u00e9decin.<\/p>\n","protected":false},"excerpt":{"rendered":"<p>Description La niacinamide (acide nicotinique ou vitamine B-3)est une vitamine hydrosoluble. La niacinamide et la niacine sont deux formes diff\u00e9rentes de vitamine B-3, la forme de la niacinamide, qui ne provoque pas de bouff\u00e9es de chaleur. La consommation de fortes doses de niacine entra\u00eene g\u00e9n\u00e9ralement ce que l\u2019on appelle des bouff\u00e9es de chaleur (fi\u00e8vre, rougeur [&hellip;]<\/p>\n","protected":false},"featured_media":5617,"comment_status":"open","ping_status":"closed","template":"","meta":{"content-type":"","_uag_custom_page_level_css":""},"pwb-brand":[],"product_brand":[],"product_cat":[330],"product_tag":[],"class_list":{"0":"post-5618","1":"product","2":"type-product","3":"status-publish","4":"has-post-thumbnail","6":"product_cat-complements-alimentaires","8":"first","9":"instock","10":"sale","11":"shipping-taxable","12":"purchasable","13":"product-type-simple"},"aioseo_notices":[],"uagb_featured_image_src":{"full":["https:\/\/wavexia.com\/wp-content\/uploads\/2025\/10\/51k3Dg6UpLL._UF10001000_QL80_.jpg",1000,1000,false],"thumbnail":["https:\/\/wavexia.com\/wp-content\/uploads\/2025\/10\/51k3Dg6UpLL._UF10001000_QL80_-150x150.jpg",150,150,true],"medium":["https:\/\/wavexia.com\/wp-content\/uploads\/2025\/10\/51k3Dg6UpLL._UF10001000_QL80_-300x300.jpg",300,300,true],"medium_large":["https:\/\/wavexia.com\/wp-content\/uploads\/2025\/10\/51k3Dg6UpLL._UF10001000_QL80_-768x768.jpg",768,768,true],"large":["https:\/\/wavexia.com\/wp-content\/uploads\/2025\/10\/51k3Dg6UpLL._UF10001000_QL80_.jpg",1000,1000,false],"1536x1536":["https:\/\/wavexia.com\/wp-content\/uploads\/2025\/10\/51k3Dg6UpLL._UF10001000_QL80_.jpg",1000,1000,false],"2048x2048":["https:\/\/wavexia.com\/wp-content\/uploads\/2025\/10\/51k3Dg6UpLL._UF10001000_QL80_.jpg",1000,1000,false],"woocommerce_archive_thumbnail":["https:\/\/wavexia.com\/wp-content\/uploads\/2025\/10\/51k3Dg6UpLL._UF10001000_QL80_-300x300.jpg",300,300,true],"woocommerce_thumbnail":["https:\/\/wavexia.com\/wp-content\/uploads\/2025\/10\/51k3Dg6UpLL._UF10001000_QL80_-300x300.jpg",300,300,true],"woocommerce_single":["https:\/\/wavexia.com\/wp-content\/uploads\/2025\/10\/51k3Dg6UpLL._UF10001000_QL80_-600x600.jpg",600,600,true],"woocommerce_gallery_thumbnail":["https:\/\/wavexia.com\/wp-content\/uploads\/2025\/10\/51k3Dg6UpLL._UF10001000_QL80_-100x100.jpg",100,100,true]},"uagb_author_info":{"display_name":"zineddine.ayoub98@gmail.com","author_link":"https:\/\/wavexia.com\/?author=0"},"uagb_comment_info":0,"uagb_excerpt":"Description La niacinamide (acide nicotinique ou vitamine B-3)est une vitamine hydrosoluble. La niacinamide et la niacine sont deux formes diff\u00e9rentes de vitamine B-3, la forme de la niacinamide, qui ne provoque pas de bouff\u00e9es de chaleur. La consommation de fortes doses de niacine entra\u00eene g\u00e9n\u00e9ralement ce que l\u2019on appelle des bouff\u00e9es de chaleur (fi\u00e8vre, rougeur&hellip;","brands":[],"_links":{"self":[{"href":"https:\/\/wavexia.com\/index.php?rest_route=\/wp\/v2\/product\/5618","targetHints":{"allow":["GET"]}}],"collection":[{"href":"https:\/\/wavexia.com\/index.php?rest_route=\/wp\/v2\/product"}],"about":[{"href":"https:\/\/wavexia.com\/index.php?rest_route=\/wp\/v2\/types\/product"}],"replies":[{"embeddable":true,"href":"https:\/\/wavexia.com\/index.php?rest_route=%2Fwp%2Fv2%2Fcomments&post=5618"}],"wp:featuredmedia":[{"embeddable":true,"href":"https:\/\/wavexia.com\/index.php?rest_route=\/wp\/v2\/media\/5617"}],"wp:attachment":[{"href":"https:\/\/wavexia.com\/index.php?rest_route=%2Fwp%2Fv2%2Fmedia&parent=5618"}],"wp:term":[{"taxonomy":"pwb-brand","embeddable":true,"href":"https:\/\/wavexia.com\/index.php?rest_route=%2Fwp%2Fv2%2Fpwb-brand&post=5618"},{"taxonomy":"product_brand","embeddable":true,"href":"https:\/\/wavexia.com\/index.php?rest_route=%2Fwp%2Fv2%2Fproduct_brand&post=5618"},{"taxonomy":"product_cat","embeddable":true,"href":"https:\/\/wavexia.com\/index.php?rest_route=%2Fwp%2Fv2%2Fproduct_cat&post=5618"},{"taxonomy":"product_tag","embeddable":true,"href":"https:\/\/wavexia.com\/index.php?rest_route=%2Fwp%2Fv2%2Fproduct_tag&post=5618"}],"curies":[{"name":"wp","href":"https:\/\/api.w.org\/{rel}","templated":true}]}}