{"id":5605,"date":"2025-10-19T09:23:13","date_gmt":"2025-10-19T09:23:13","guid":{"rendered":"https:\/\/wavexia.com\/product\/anua-peach-70-niacin-serum-mask-1-piece\/"},"modified":"2026-03-10T07:31:10","modified_gmt":"2026-03-10T07:31:10","slug":"anua-peach-70-niacin-serum-mask-1-piece","status":"publish","type":"product","link":"https:\/\/wavexia.com\/?product=anua-peach-70-niacin-serum-mask-1-piece","title":{"rendered":"Anua Peach 70% Niacin Serum Mask 1 pi\u00e8ce"},"content":{"rendered":"<h2>Description<\/h2>\n<p>D\u00e9couvrez Anua Peach 70% Niacin Serum Mask pour une peau belle et uniforme !<\/p>\n<p>Ce masque en tissu hydratant est infus\u00e9 de niacinamide et d\u2019un g\u00e9n\u00e9reux extrait de fruit de Prunus Persica (p\u00eache) \u00e0 70 % pour \u00e9claircir, lisser et nourrir votre peau. Et ce n\u2019est pas tout! Il contient \u00e9galement de la vitamine B12, de l\u2019acide hyaluronique et de l\u2019extrait de levure pour apporter hydratation et vitalit\u00e9 m\u00eame aux peaux les plus s\u00e8ches.<\/p>\n<p>De plus, l\u2019essence est absorb\u00e9e rapidement et en douceur sans aucune irritation cutan\u00e9e. Dites bonjour \u00e0 un teint \u00e9clatant !<\/p>\n<p><strong>Ce masque s\u00e9rum :<\/strong><\/p>\n<ul>\n<li>convient \u00e0 tous les types de peau<\/li>\n<li>r\u00e9duit les boutons et les taches brunes<\/li>\n<li>clarifier<\/li>\n<li>hydratant<\/li>\n<li>revitalisant et apaisant<\/li>\n<li>aide \u00e0 unifier votre peau<\/li>\n<li>enrichi en niacinamide, B12, acide hyaluronique et extrait de levure<\/li>\n<li>sans cruaut\u00e9<\/li>\n<\/ul>\n<p><strong>Comment utiliser:<\/strong><\/p>\n<ul>\n<li>Appliquer le masque sur une peau propre et s\u00e8che.<\/li>\n<li>Laissez agir 10 \u00e0 20 minutes.<\/li>\n<li>Retirez le masque et tapotez doucement sur votre peau jusqu\u2019\u00e0 absorption compl\u00e8te.<\/li>\n<\/ul>\n<p><strong>Ingr\u00e9dients:<\/strong><br \/>Prunus Persica (Peach) Fruit Extract (70%), Water, Glycerin, Methylpropanediol, Niacinamide, 1,2-hexanediol, Lactobacillus Ferment, Phellinus Linteus Extract, Vincetoxicum Atratum Extract, Hydrolyzed Hyaluronic Acid, Althaea Rosea Flower Extract, Camellia Sinensis Seed Oil , Yeast Ferment Extract, Safflower Seed Oil, Salvia Hispanica Seed Oil, Prunus Persica (Peach) Flower Extract, Candida Bombicola\/glucose\/methyl Rapeseedate Ferment, Hyaluronic Acid, Sodium Hyaluronate, Hydroxyacetophenone, Polypropanediol, Butylene Glycol, Allantoin, Tromethamine, Polyglyceryl- 10 Isostearate, Polyglyceryl-10 Oleate, Sodium Phytate, Cyanocobalamin, Ethylhexylglycerin, Panthenol, Caprylic\/capric Triglyceride, Betaine Salicylate, Hydrogenated Lecithin, Linoleic Acid, Linolenic Acid, Sucrose Palmitate, Ceramide Np, Carbomer, Fragrance<\/p>\n","protected":false},"excerpt":{"rendered":"<p>Description D\u00e9couvrez Anua Peach 70% Niacin Serum Mask pour une peau belle et uniforme ! Ce masque en tissu hydratant est infus\u00e9 de niacinamide et d\u2019un g\u00e9n\u00e9reux extrait de fruit de Prunus Persica (p\u00eache) \u00e0 70 % pour \u00e9claircir, lisser et nourrir votre peau. Et ce n\u2019est pas tout! Il contient \u00e9galement de la vitamine [&hellip;]<\/p>\n","protected":false},"featured_media":5604,"comment_status":"open","ping_status":"closed","template":"","meta":{"content-type":"","_uag_custom_page_level_css":""},"pwb-brand":[],"product_brand":[],"product_cat":[344,343,334],"product_tag":[],"class_list":{"0":"post-5605","1":"product","2":"type-product","3":"status-publish","4":"has-post-thumbnail","6":"product_cat-anua","7":"product_cat-masque","8":"product_cat-produits-coreens","10":"first","11":"instock","12":"sale","13":"shipping-taxable","14":"purchasable","15":"product-type-simple"},"aioseo_notices":[],"uagb_featured_image_src":{"full":["https:\/\/wavexia.com\/wp-content\/uploads\/2025\/10\/Anua-Peach-70-_-Niacin-Serum-Mask-Sheet-10ea.webp",1000,1000,false],"thumbnail":["https:\/\/wavexia.com\/wp-content\/uploads\/2025\/10\/Anua-Peach-70-_-Niacin-Serum-Mask-Sheet-10ea-150x150.webp",150,150,true],"medium":["https:\/\/wavexia.com\/wp-content\/uploads\/2025\/10\/Anua-Peach-70-_-Niacin-Serum-Mask-Sheet-10ea-300x300.webp",300,300,true],"medium_large":["https:\/\/wavexia.com\/wp-content\/uploads\/2025\/10\/Anua-Peach-70-_-Niacin-Serum-Mask-Sheet-10ea-768x768.webp",768,768,true],"large":["https:\/\/wavexia.com\/wp-content\/uploads\/2025\/10\/Anua-Peach-70-_-Niacin-Serum-Mask-Sheet-10ea.webp",1000,1000,false],"1536x1536":["https:\/\/wavexia.com\/wp-content\/uploads\/2025\/10\/Anua-Peach-70-_-Niacin-Serum-Mask-Sheet-10ea.webp",1000,1000,false],"2048x2048":["https:\/\/wavexia.com\/wp-content\/uploads\/2025\/10\/Anua-Peach-70-_-Niacin-Serum-Mask-Sheet-10ea.webp",1000,1000,false],"woocommerce_archive_thumbnail":["https:\/\/wavexia.com\/wp-content\/uploads\/2025\/10\/Anua-Peach-70-_-Niacin-Serum-Mask-Sheet-10ea-300x300.webp",300,300,true],"woocommerce_thumbnail":["https:\/\/wavexia.com\/wp-content\/uploads\/2025\/10\/Anua-Peach-70-_-Niacin-Serum-Mask-Sheet-10ea-300x300.webp",300,300,true],"woocommerce_single":["https:\/\/wavexia.com\/wp-content\/uploads\/2025\/10\/Anua-Peach-70-_-Niacin-Serum-Mask-Sheet-10ea-600x600.webp",600,600,true],"woocommerce_gallery_thumbnail":["https:\/\/wavexia.com\/wp-content\/uploads\/2025\/10\/Anua-Peach-70-_-Niacin-Serum-Mask-Sheet-10ea-100x100.webp",100,100,true]},"uagb_author_info":{"display_name":"zineddine.ayoub98@gmail.com","author_link":"https:\/\/wavexia.com\/?author=0"},"uagb_comment_info":0,"uagb_excerpt":"Description D\u00e9couvrez Anua Peach 70% Niacin Serum Mask pour une peau belle et uniforme ! Ce masque en tissu hydratant est infus\u00e9 de niacinamide et d\u2019un g\u00e9n\u00e9reux extrait de fruit de Prunus Persica (p\u00eache) \u00e0 70 % pour \u00e9claircir, lisser et nourrir votre peau. Et ce n\u2019est pas tout! Il contient \u00e9galement de la vitamine&hellip;","brands":[],"_links":{"self":[{"href":"https:\/\/wavexia.com\/index.php?rest_route=\/wp\/v2\/product\/5605","targetHints":{"allow":["GET"]}}],"collection":[{"href":"https:\/\/wavexia.com\/index.php?rest_route=\/wp\/v2\/product"}],"about":[{"href":"https:\/\/wavexia.com\/index.php?rest_route=\/wp\/v2\/types\/product"}],"replies":[{"embeddable":true,"href":"https:\/\/wavexia.com\/index.php?rest_route=%2Fwp%2Fv2%2Fcomments&post=5605"}],"wp:featuredmedia":[{"embeddable":true,"href":"https:\/\/wavexia.com\/index.php?rest_route=\/wp\/v2\/media\/5604"}],"wp:attachment":[{"href":"https:\/\/wavexia.com\/index.php?rest_route=%2Fwp%2Fv2%2Fmedia&parent=5605"}],"wp:term":[{"taxonomy":"pwb-brand","embeddable":true,"href":"https:\/\/wavexia.com\/index.php?rest_route=%2Fwp%2Fv2%2Fpwb-brand&post=5605"},{"taxonomy":"product_brand","embeddable":true,"href":"https:\/\/wavexia.com\/index.php?rest_route=%2Fwp%2Fv2%2Fproduct_brand&post=5605"},{"taxonomy":"product_cat","embeddable":true,"href":"https:\/\/wavexia.com\/index.php?rest_route=%2Fwp%2Fv2%2Fproduct_cat&post=5605"},{"taxonomy":"product_tag","embeddable":true,"href":"https:\/\/wavexia.com\/index.php?rest_route=%2Fwp%2Fv2%2Fproduct_tag&post=5605"}],"curies":[{"name":"wp","href":"https:\/\/api.w.org\/{rel}","templated":true}]}}