{"id":5603,"date":"2025-10-19T09:23:12","date_gmt":"2025-10-19T09:23:12","guid":{"rendered":"https:\/\/wavexia.com\/product\/doppelherz-pour-le-syndrome-du-colon-irritable-30-tablettes\/"},"modified":"2026-03-10T07:31:10","modified_gmt":"2026-03-10T07:31:10","slug":"doppelherz-pour-le-syndrome-du-colon-irritable-30-tablettes","status":"publish","type":"product","link":"https:\/\/wavexia.com\/?product=doppelherz-pour-le-syndrome-du-colon-irritable-30-tablettes","title":{"rendered":"Doppelherz Pour le syndrome du c\u00f4lon irritable, 30 tablettes"},"content":{"rendered":"<h2>Description<\/h2>\n<p>Doppelherz pour le syndrome du c\u00f4lon irritableest un produit m\u00e9dical pour le traitement de soutien du syndrome du c\u00f4lon irritable avec des sympt\u00f4mes tels que flatulences, constipation, diarrh\u00e9e, douleurs abdominales \u2013 30 Tablettes<\/p>\n<p>Pour le traitement de soutien du syndrome du c\u00f4lon irritable<br \/>Absorbe les gaz intestinaux et forme un film protecteur<br \/>R\u00e9duit les sympt\u00f4mes typiques du syndrome du c\u00f4lon irritable<br \/>Gr\u00e2ce \u00e0 son effet m\u00e9canique protecteur, Doppelherz interagit physiquement avec la muqueuse intestinale : il forme un film mucoadh\u00e9sif qui prot\u00e8ge la muqueuse du contact avec des irritants et aide en m\u00eame temps \u00e0 emp\u00eacher l\u2019absorption de substances dangereuses. Gr\u00e2ce \u00e0 un m\u00e9canisme physique, les gaz intestinaux sont adsorb\u00e9s, r\u00e9duisant ainsi les sympt\u00f4mes typiques du syndrome du c\u00f4lon irritable.<\/p>\n<h3>Mode d\u2019emploi<\/h3>\n<p>Prenez un comprim\u00e9 deux fois par jour entre ou avant les repas, selon les directives de votre m\u00e9decin ou pharmacien. Si la douleur est aigu\u00eb, la dose peut \u00eatre doubl\u00e9e. Selon l\u2019intensit\u00e9 de la maladie, il est recommand\u00e9 de prolonger la dur\u00e9e du traitement de deux \u00e0 six semaines et de r\u00e9p\u00e9ter le traitement en cas de sympt\u00f4mes r\u00e9currents.<\/p>\n<h3>Avertissements<\/h3>\n<p>Prenez un comprim\u00e9 deux fois par jour entre ou avant les repas, selon les directives de votre m\u00e9decin ou pharmacien. Si la douleur est aigu\u00eb, la dose peut \u00eatre doubl\u00e9e. Selon l\u2019intensit\u00e9 de la maladie, il est recommand\u00e9 de prolonger la dur\u00e9e du traitement de deux \u00e0 six semaines et de r\u00e9p\u00e9ter le traitement en cas de sympt\u00f4mes r\u00e9currents.<\/p>\n<p>\u2022 Tenir hors de port\u00e9e des enfants.<\/p>\n<p>\u2022 Bien qu\u2019il n\u2019y ait aucun effet secondaire connu, il est recommand\u00e9 de ne pas utiliser le produit pendant la grossesse ou l\u2019allaitement et chez les enfants de moins de 12 ans. Assurez-vous de consulter votre m\u00e9decin avant utilisation.<\/p>\n<p>\u2022 La dose quotidienne de quatre comprim\u00e9s ne doit pas \u00eatre d\u00e9pass\u00e9e.<\/p>\n<p>\u2022 Ne pas utiliser si vous \u00eates allergique ou hypersensible \u00e0 l\u2019un des ingr\u00e9dients actifs. \u2022 Ne pas utiliser apr\u00e8s la date de p\u00e9remption imprim\u00e9e sur l\u2019emballage.<\/p>\n<p>\u2022 La date de p\u00e9remption fait r\u00e9f\u00e9rence au produit correctement conserv\u00e9 dans un emballage intact.<\/p>\n<div class=\"woocommerce-tabs wc-tabs-wrapper container tabbed-content\">\n<div class=\"tab-panels\">\n<div id=\"tab-ywtm_8894\" class=\"woocommerce-Tabs-panel woocommerce-Tabs-panel--ywtm_8894 panel entry-content active\" role=\"tabpanel\" aria-labelledby=\"tab-title-ywtm_8894\">\n<div class=\"tab-editor-container ywtm_content_tab\">\n<h3>Ingr\u00e9dients<\/h3>\n<p>Z\u00e9olite (clinoptilolite), extrait de camomille (Matricaria chamomilla L) aloe vera (Aloe vera L., gel\u00e9e de jus) 200:1 de, carboxym\u00e9thylcellulose de sodium r\u00e9ticul\u00e9e, Lactobacillus plantarum tyndallis\u00e9 (contient du soja, du lait et des produits laitiers, y compris du lactose) , cellulose, phosphates de calcium, sels de magn\u00e9sium d\u2019acides gras, oxyde de silicium, huile essentielle de fenouil doux (Foeniculum vulgare Mill.), huile essentielle de carvi (Carum carvi L.)<\/p>\n<\/div>\n<div id=\"tab-reviews\" class=\"woocommerce-Tabs-panel woocommerce-Tabs-panel--reviews panel entry-content\" role=\"tabpanel\" aria-labelledby=\"tab-title-reviews\">\n<div id=\"reviews\" class=\"woocommerce-Reviews row\">\n<div id=\"comments\" class=\"col large-7\"><\/div>\n<div id=\"review_form_wrapper\" class=\"large-5 col\">\n<div id=\"review_form\" class=\"col-inner\">\n<div class=\"review-form-inner has-border\">\n<div id=\"respond\" class=\"comment-respond\"><\/div>\n<\/div>\n<\/div>\n<\/div>\n<\/div>\n<\/div>\n<\/div>\n<\/div>\n<div class=\"related related-products-wrapper product-section\"><\/div>\n<\/div>\n","protected":false},"excerpt":{"rendered":"<p>Description Doppelherz pour le syndrome du c\u00f4lon irritableest un produit m\u00e9dical pour le traitement de soutien du syndrome du c\u00f4lon irritable avec des sympt\u00f4mes tels que flatulences, constipation, diarrh\u00e9e, douleurs abdominales \u2013 30 Tablettes Pour le traitement de soutien du syndrome du c\u00f4lon irritableAbsorbe les gaz intestinaux et forme un film protecteurR\u00e9duit les sympt\u00f4mes typiques [&hellip;]<\/p>\n","protected":false},"featured_media":5602,"comment_status":"open","ping_status":"closed","template":"","meta":{"content-type":"","_uag_custom_page_level_css":""},"pwb-brand":[],"product_brand":[],"product_cat":[330],"product_tag":[],"class_list":{"0":"post-5603","1":"product","2":"type-product","3":"status-publish","4":"has-post-thumbnail","6":"product_cat-complements-alimentaires","8":"first","9":"instock","10":"sale","11":"shipping-taxable","12":"purchasable","13":"product-type-simple"},"aioseo_notices":[],"uagb_featured_image_src":{"full":["https:\/\/wavexia.com\/wp-content\/uploads\/2025\/10\/Unbenannt-2-600x440-1.png",600,440,false],"thumbnail":["https:\/\/wavexia.com\/wp-content\/uploads\/2025\/10\/Unbenannt-2-600x440-1-150x150.png",150,150,true],"medium":["https:\/\/wavexia.com\/wp-content\/uploads\/2025\/10\/Unbenannt-2-600x440-1-300x220.png",300,220,true],"medium_large":["https:\/\/wavexia.com\/wp-content\/uploads\/2025\/10\/Unbenannt-2-600x440-1.png",600,440,false],"large":["https:\/\/wavexia.com\/wp-content\/uploads\/2025\/10\/Unbenannt-2-600x440-1.png",600,440,false],"1536x1536":["https:\/\/wavexia.com\/wp-content\/uploads\/2025\/10\/Unbenannt-2-600x440-1.png",600,440,false],"2048x2048":["https:\/\/wavexia.com\/wp-content\/uploads\/2025\/10\/Unbenannt-2-600x440-1.png",600,440,false],"woocommerce_archive_thumbnail":["https:\/\/wavexia.com\/wp-content\/uploads\/2025\/10\/Unbenannt-2-600x440-1-300x220.png",300,220,true],"woocommerce_thumbnail":["https:\/\/wavexia.com\/wp-content\/uploads\/2025\/10\/Unbenannt-2-600x440-1-300x300.png",300,300,true],"woocommerce_single":["https:\/\/wavexia.com\/wp-content\/uploads\/2025\/10\/Unbenannt-2-600x440-1.png",600,440,false],"woocommerce_gallery_thumbnail":["https:\/\/wavexia.com\/wp-content\/uploads\/2025\/10\/Unbenannt-2-600x440-1-100x100.png",100,100,true]},"uagb_author_info":{"display_name":"zineddine.ayoub98@gmail.com","author_link":"https:\/\/wavexia.com\/?author=0"},"uagb_comment_info":0,"uagb_excerpt":"Description Doppelherz pour le syndrome du c\u00f4lon irritableest un produit m\u00e9dical pour le traitement de soutien du syndrome du c\u00f4lon irritable avec des sympt\u00f4mes tels que flatulences, constipation, diarrh\u00e9e, douleurs abdominales \u2013 30 Tablettes Pour le traitement de soutien du syndrome du c\u00f4lon irritableAbsorbe les gaz intestinaux et forme un film protecteurR\u00e9duit les sympt\u00f4mes typiques&hellip;","brands":[],"_links":{"self":[{"href":"https:\/\/wavexia.com\/index.php?rest_route=\/wp\/v2\/product\/5603","targetHints":{"allow":["GET"]}}],"collection":[{"href":"https:\/\/wavexia.com\/index.php?rest_route=\/wp\/v2\/product"}],"about":[{"href":"https:\/\/wavexia.com\/index.php?rest_route=\/wp\/v2\/types\/product"}],"replies":[{"embeddable":true,"href":"https:\/\/wavexia.com\/index.php?rest_route=%2Fwp%2Fv2%2Fcomments&post=5603"}],"wp:featuredmedia":[{"embeddable":true,"href":"https:\/\/wavexia.com\/index.php?rest_route=\/wp\/v2\/media\/5602"}],"wp:attachment":[{"href":"https:\/\/wavexia.com\/index.php?rest_route=%2Fwp%2Fv2%2Fmedia&parent=5603"}],"wp:term":[{"taxonomy":"pwb-brand","embeddable":true,"href":"https:\/\/wavexia.com\/index.php?rest_route=%2Fwp%2Fv2%2Fpwb-brand&post=5603"},{"taxonomy":"product_brand","embeddable":true,"href":"https:\/\/wavexia.com\/index.php?rest_route=%2Fwp%2Fv2%2Fproduct_brand&post=5603"},{"taxonomy":"product_cat","embeddable":true,"href":"https:\/\/wavexia.com\/index.php?rest_route=%2Fwp%2Fv2%2Fproduct_cat&post=5603"},{"taxonomy":"product_tag","embeddable":true,"href":"https:\/\/wavexia.com\/index.php?rest_route=%2Fwp%2Fv2%2Fproduct_tag&post=5603"}],"curies":[{"name":"wp","href":"https:\/\/api.w.org\/{rel}","templated":true}]}}