{"id":5599,"date":"2025-10-19T09:23:09","date_gmt":"2025-10-19T09:23:09","guid":{"rendered":"https:\/\/wavexia.com\/product\/kiko-milano-holiday-gems-precious-matte-powder-03-honey\/"},"modified":"2026-03-10T07:31:10","modified_gmt":"2026-03-10T07:31:10","slug":"kiko-milano-holiday-gems-precious-matte-powder-03-honey","status":"publish","type":"product","link":"https:\/\/wavexia.com\/?product=kiko-milano-holiday-gems-precious-matte-powder-03-honey","title":{"rendered":"KIKO Milano Holiday Gems precious matte powder \u2013 03 Honey"},"content":{"rendered":"<h2>Description<\/h2>\n<p>Poudre cuite compacte au fini mat. Parfaite pour fixer le maquillage et matifier la peau. Sa texture est soyeuse et ultra-l\u00e9g\u00e8re. Elle garantit une action multiple matifiante et fixante ainsi qu\u2019un effet blur. Elle d\u00e9pose sur la peau un voile lumineux et l\u00e9ger au fini velout\u00e9. Elle se d\u00e9cline dans une large gamme de teintes, dont une toute nouvelle. Elle vous s\u00e9duira gr\u00e2ce \u00e0 son parfum aux notes de chocolat et \u00e0 son design inspir\u00e9 de pierres pr\u00e9cieuses.<\/p>\n","protected":false},"excerpt":{"rendered":"<p>Description Poudre cuite compacte au fini mat. Parfaite pour fixer le maquillage et matifier la peau. Sa texture est soyeuse et ultra-l\u00e9g\u00e8re. Elle garantit une action multiple matifiante et fixante ainsi qu\u2019un effet blur. Elle d\u00e9pose sur la peau un voile lumineux et l\u00e9ger au fini velout\u00e9. Elle se d\u00e9cline dans une large gamme de [&hellip;]<\/p>\n","protected":false},"featured_media":5598,"comment_status":"open","ping_status":"closed","template":"","meta":{"content-type":"","_uag_custom_page_level_css":""},"pwb-brand":[],"product_brand":[],"product_cat":[382,388,360],"product_tag":[],"class_list":{"0":"post-5599","1":"product","2":"type-product","3":"status-publish","4":"has-post-thumbnail","6":"product_cat-derniere-chance","7":"product_cat-kiko","8":"product_cat-maquillage","10":"first","11":"instock","12":"shipping-taxable","13":"purchasable","14":"product-type-simple"},"aioseo_notices":[],"uagb_featured_image_src":{"full":["https:\/\/wavexia.com\/wp-content\/uploads\/2025\/10\/410tT9hTMeL._SL500_.jpg",500,490,false],"thumbnail":["https:\/\/wavexia.com\/wp-content\/uploads\/2025\/10\/410tT9hTMeL._SL500_-150x150.jpg",150,150,true],"medium":["https:\/\/wavexia.com\/wp-content\/uploads\/2025\/10\/410tT9hTMeL._SL500_-300x294.jpg",300,294,true],"medium_large":["https:\/\/wavexia.com\/wp-content\/uploads\/2025\/10\/410tT9hTMeL._SL500_.jpg",500,490,false],"large":["https:\/\/wavexia.com\/wp-content\/uploads\/2025\/10\/410tT9hTMeL._SL500_.jpg",500,490,false],"1536x1536":["https:\/\/wavexia.com\/wp-content\/uploads\/2025\/10\/410tT9hTMeL._SL500_.jpg",500,490,false],"2048x2048":["https:\/\/wavexia.com\/wp-content\/uploads\/2025\/10\/410tT9hTMeL._SL500_.jpg",500,490,false],"woocommerce_archive_thumbnail":["https:\/\/wavexia.com\/wp-content\/uploads\/2025\/10\/410tT9hTMeL._SL500_-300x294.jpg",300,294,true],"woocommerce_thumbnail":["https:\/\/wavexia.com\/wp-content\/uploads\/2025\/10\/410tT9hTMeL._SL500_-300x300.jpg",300,300,true],"woocommerce_single":["https:\/\/wavexia.com\/wp-content\/uploads\/2025\/10\/410tT9hTMeL._SL500_.jpg",500,490,false],"woocommerce_gallery_thumbnail":["https:\/\/wavexia.com\/wp-content\/uploads\/2025\/10\/410tT9hTMeL._SL500_-100x100.jpg",100,100,true]},"uagb_author_info":{"display_name":"zineddine.ayoub98@gmail.com","author_link":"https:\/\/wavexia.com\/?author=0"},"uagb_comment_info":0,"uagb_excerpt":"Description Poudre cuite compacte au fini mat. Parfaite pour fixer le maquillage et matifier la peau. Sa texture est soyeuse et ultra-l\u00e9g\u00e8re. Elle garantit une action multiple matifiante et fixante ainsi qu\u2019un effet blur. Elle d\u00e9pose sur la peau un voile lumineux et l\u00e9ger au fini velout\u00e9. Elle se d\u00e9cline dans une large gamme de&hellip;","brands":[],"_links":{"self":[{"href":"https:\/\/wavexia.com\/index.php?rest_route=\/wp\/v2\/product\/5599","targetHints":{"allow":["GET"]}}],"collection":[{"href":"https:\/\/wavexia.com\/index.php?rest_route=\/wp\/v2\/product"}],"about":[{"href":"https:\/\/wavexia.com\/index.php?rest_route=\/wp\/v2\/types\/product"}],"replies":[{"embeddable":true,"href":"https:\/\/wavexia.com\/index.php?rest_route=%2Fwp%2Fv2%2Fcomments&post=5599"}],"wp:featuredmedia":[{"embeddable":true,"href":"https:\/\/wavexia.com\/index.php?rest_route=\/wp\/v2\/media\/5598"}],"wp:attachment":[{"href":"https:\/\/wavexia.com\/index.php?rest_route=%2Fwp%2Fv2%2Fmedia&parent=5599"}],"wp:term":[{"taxonomy":"pwb-brand","embeddable":true,"href":"https:\/\/wavexia.com\/index.php?rest_route=%2Fwp%2Fv2%2Fpwb-brand&post=5599"},{"taxonomy":"product_brand","embeddable":true,"href":"https:\/\/wavexia.com\/index.php?rest_route=%2Fwp%2Fv2%2Fproduct_brand&post=5599"},{"taxonomy":"product_cat","embeddable":true,"href":"https:\/\/wavexia.com\/index.php?rest_route=%2Fwp%2Fv2%2Fproduct_cat&post=5599"},{"taxonomy":"product_tag","embeddable":true,"href":"https:\/\/wavexia.com\/index.php?rest_route=%2Fwp%2Fv2%2Fproduct_tag&post=5599"}],"curies":[{"name":"wp","href":"https:\/\/api.w.org\/{rel}","templated":true}]}}