{"id":5595,"date":"2025-10-19T09:22:49","date_gmt":"2025-10-19T09:22:49","guid":{"rendered":"https:\/\/wavexia.com\/product\/revlon-uniq-one-coconut-hair-treatment-150-ml\/"},"modified":"2026-03-10T07:31:10","modified_gmt":"2026-03-10T07:31:10","slug":"revlon-uniq-one-coconut-hair-treatment-150-ml","status":"publish","type":"product","link":"https:\/\/wavexia.com\/?product=revlon-uniq-one-coconut-hair-treatment-150-ml","title":{"rendered":"REVLON UNIQ ONE COCONUT HAIR TREATMENT 150 ML"},"content":{"rendered":"<h2>Description<\/h2>\n<p>Le traitement capillaire sans rin\u00e7age multi-b\u00e9n\u00e9fices qui a r\u00e9volutionn\u00e9 le march\u00e9 des salons dans le monde entier avec 10 bienfaits dans un produit sans rin\u00e7age spectaculaire.<\/p>\n<p>Le traitement capillaire UniqOne\u2122 peut faire ses merveilles n\u2019importe o\u00f9 et n\u2019importe quand, sur cheveux humides ou secs.<\/p>\n<p>Parfum : Un parfum d\u00e9licieusement cr\u00e9meux, frais et tropical \u00e0 base d\u2019ar\u00f4me de de lait de coco<\/p>\n<p><strong>\u00c0 qui ce produit s\u2019adresse-t-il&nbsp;?<\/strong><\/p>\n<p>Pour tous types de cheveux.<br \/>Le masque en spray UniqOne\u2122 permet aux femmes partout dans le monde d\u2019obtenir des r\u00e9sultats professionnels en un clin d\u2019\u0153il, afin qu\u2019elles aient plus de temps pour faire les choses qui leur sont pr\u00e9cieuses.<\/p>\n<p><strong>Principaux bienfaits<br \/><\/strong><\/p>\n<p>10 BIENFAITS R\u00c9ELS<\/p>\n<p>1. RE\u0301PARE CHEVEUX SECS &amp; ABIME\u0301S<br \/>2. RENFORCE ET RE\u0301DUIT LA CASSE<br \/>3. SOIGNE&amp; DE\u0301ME\u0302LE<br \/>4. CONTRO\u0302LE LES FRISOTTIS<br \/>5. HYDRATE INSTANTANE\u0301MENT<br \/>6. PROTECTION THERMIQUE<br \/>7. BOOSTE LA BRILLANCE ET PROTE\u0300GE LA COULEUR 8. DOUCEUR &amp; SOUPLESSE<br \/>9. AIDE A\u0300 PRE\u0301VENIR LES FOURCHES<br \/>10. RAFRAI\u0302CHIT LE COIFFAGE<\/p>\n","protected":false},"excerpt":{"rendered":"<p>Description Le traitement capillaire sans rin\u00e7age multi-b\u00e9n\u00e9fices qui a r\u00e9volutionn\u00e9 le march\u00e9 des salons dans le monde entier avec 10 bienfaits dans un produit sans rin\u00e7age spectaculaire. Le traitement capillaire UniqOne\u2122 peut faire ses merveilles n\u2019importe o\u00f9 et n\u2019importe quand, sur cheveux humides ou secs. Parfum : Un parfum d\u00e9licieusement cr\u00e9meux, frais et tropical \u00e0 [&hellip;]<\/p>\n","protected":false},"featured_media":5594,"comment_status":"open","ping_status":"closed","template":"","meta":{"content-type":"","_uag_custom_page_level_css":""},"pwb-brand":[],"product_brand":[],"product_cat":[377,403],"product_tag":[],"class_list":{"0":"post-5595","1":"product","2":"type-product","3":"status-publish","4":"has-post-thumbnail","6":"product_cat-cheveux","7":"product_cat-revlon","9":"first","10":"instock","11":"sale","12":"shipping-taxable","13":"purchasable","14":"product-type-simple"},"aioseo_notices":[],"uagb_featured_image_src":{"full":["https:\/\/wavexia.com\/wp-content\/uploads\/2025\/10\/IMG_8339.png",1600,1600,false],"thumbnail":["https:\/\/wavexia.com\/wp-content\/uploads\/2025\/10\/IMG_8339-150x150.png",150,150,true],"medium":["https:\/\/wavexia.com\/wp-content\/uploads\/2025\/10\/IMG_8339-300x300.png",300,300,true],"medium_large":["https:\/\/wavexia.com\/wp-content\/uploads\/2025\/10\/IMG_8339-768x768.png",768,768,true],"large":["https:\/\/wavexia.com\/wp-content\/uploads\/2025\/10\/IMG_8339-1024x1024.png",1024,1024,true],"1536x1536":["https:\/\/wavexia.com\/wp-content\/uploads\/2025\/10\/IMG_8339-1536x1536.png",1536,1536,true],"2048x2048":["https:\/\/wavexia.com\/wp-content\/uploads\/2025\/10\/IMG_8339.png",1600,1600,false],"woocommerce_archive_thumbnail":["https:\/\/wavexia.com\/wp-content\/uploads\/2025\/10\/IMG_8339-300x300.png",300,300,true],"woocommerce_thumbnail":["https:\/\/wavexia.com\/wp-content\/uploads\/2025\/10\/IMG_8339-300x300.png",300,300,true],"woocommerce_single":["https:\/\/wavexia.com\/wp-content\/uploads\/2025\/10\/IMG_8339-600x600.png",600,600,true],"woocommerce_gallery_thumbnail":["https:\/\/wavexia.com\/wp-content\/uploads\/2025\/10\/IMG_8339-100x100.png",100,100,true]},"uagb_author_info":{"display_name":"zineddine.ayoub98@gmail.com","author_link":"https:\/\/wavexia.com\/?author=0"},"uagb_comment_info":0,"uagb_excerpt":"Description Le traitement capillaire sans rin\u00e7age multi-b\u00e9n\u00e9fices qui a r\u00e9volutionn\u00e9 le march\u00e9 des salons dans le monde entier avec 10 bienfaits dans un produit sans rin\u00e7age spectaculaire. Le traitement capillaire UniqOne\u2122 peut faire ses merveilles n\u2019importe o\u00f9 et n\u2019importe quand, sur cheveux humides ou secs. Parfum : Un parfum d\u00e9licieusement cr\u00e9meux, frais et tropical \u00e0&hellip;","brands":[],"_links":{"self":[{"href":"https:\/\/wavexia.com\/index.php?rest_route=\/wp\/v2\/product\/5595","targetHints":{"allow":["GET"]}}],"collection":[{"href":"https:\/\/wavexia.com\/index.php?rest_route=\/wp\/v2\/product"}],"about":[{"href":"https:\/\/wavexia.com\/index.php?rest_route=\/wp\/v2\/types\/product"}],"replies":[{"embeddable":true,"href":"https:\/\/wavexia.com\/index.php?rest_route=%2Fwp%2Fv2%2Fcomments&post=5595"}],"wp:featuredmedia":[{"embeddable":true,"href":"https:\/\/wavexia.com\/index.php?rest_route=\/wp\/v2\/media\/5594"}],"wp:attachment":[{"href":"https:\/\/wavexia.com\/index.php?rest_route=%2Fwp%2Fv2%2Fmedia&parent=5595"}],"wp:term":[{"taxonomy":"pwb-brand","embeddable":true,"href":"https:\/\/wavexia.com\/index.php?rest_route=%2Fwp%2Fv2%2Fpwb-brand&post=5595"},{"taxonomy":"product_brand","embeddable":true,"href":"https:\/\/wavexia.com\/index.php?rest_route=%2Fwp%2Fv2%2Fproduct_brand&post=5595"},{"taxonomy":"product_cat","embeddable":true,"href":"https:\/\/wavexia.com\/index.php?rest_route=%2Fwp%2Fv2%2Fproduct_cat&post=5595"},{"taxonomy":"product_tag","embeddable":true,"href":"https:\/\/wavexia.com\/index.php?rest_route=%2Fwp%2Fv2%2Fproduct_tag&post=5595"}],"curies":[{"name":"wp","href":"https:\/\/api.w.org\/{rel}","templated":true}]}}