{"id":5591,"date":"2025-10-19T09:22:41","date_gmt":"2025-10-19T09:22:41","guid":{"rendered":"https:\/\/wavexia.com\/product\/rituals-of-sakura-body-scrub-250g\/"},"modified":"2026-03-10T07:31:10","modified_gmt":"2026-03-10T07:31:10","slug":"rituals-of-sakura-body-scrub-250g","status":"publish","type":"product","link":"https:\/\/wavexia.com\/?product=rituals-of-sakura-body-scrub-250g","title":{"rendered":"RITUALS OF SAKURA BODY SCRUB 250g"},"content":{"rendered":"<h2>Description<\/h2>\n<p>Appliquez le gommage sur une peau humide pour \u00e9veiller votre peau, \u00e9liminer les peaux s\u00e8ches et ternes, et stimuler le renouvellement cellulaire pour un r\u00e9sultat \u00e9clatant. Il associe un m\u00e9lange d\u00e9licat de sucre et une base formul\u00e9e avec soin \u00e0 partir d\u2019huiles nourrissantes, d\u2019exfoliant \u00e0 la cerise et d\u2019huiles japonaises. Les huiles nourrissantes de son de riz, de tsubaki et de jojoba laisseront votre peau rayonnante.Compl\u00e9tez votre soin avec l\u2019huile s\u00e8che pour le corps et les cheveux ou la cr\u00e8me pour le corps The Ritual of Sakura. Formul\u00e9e \u00e0 91% d\u2019ingr\u00e9dients d\u2019origine naturelle.<\/p>\n","protected":false},"excerpt":{"rendered":"<p>Description Appliquez le gommage sur une peau humide pour \u00e9veiller votre peau, \u00e9liminer les peaux s\u00e8ches et ternes, et stimuler le renouvellement cellulaire pour un r\u00e9sultat \u00e9clatant. Il associe un m\u00e9lange d\u00e9licat de sucre et une base formul\u00e9e avec soin \u00e0 partir d\u2019huiles nourrissantes, d\u2019exfoliant \u00e0 la cerise et d\u2019huiles japonaises. Les huiles nourrissantes de [&hellip;]<\/p>\n","protected":false},"featured_media":5590,"comment_status":"open","ping_status":"closed","template":"","meta":{"content-type":"","_uag_custom_page_level_css":""},"pwb-brand":[],"product_brand":[],"product_cat":[322,332],"product_tag":[],"class_list":{"0":"post-5591","1":"product","2":"type-product","3":"status-publish","4":"has-post-thumbnail","6":"product_cat-corps-bain","7":"product_cat-rituals","9":"first","10":"instock","11":"shipping-taxable","12":"purchasable","13":"product-type-simple"},"aioseo_notices":[],"uagb_featured_image_src":{"full":["https:\/\/wavexia.com\/wp-content\/uploads\/2025\/10\/1200x885.jpg",1200,885,false],"thumbnail":["https:\/\/wavexia.com\/wp-content\/uploads\/2025\/10\/1200x885-150x150.jpg",150,150,true],"medium":["https:\/\/wavexia.com\/wp-content\/uploads\/2025\/10\/1200x885-300x221.jpg",300,221,true],"medium_large":["https:\/\/wavexia.com\/wp-content\/uploads\/2025\/10\/1200x885-768x566.jpg",768,566,true],"large":["https:\/\/wavexia.com\/wp-content\/uploads\/2025\/10\/1200x885-1024x755.jpg",1024,755,true],"1536x1536":["https:\/\/wavexia.com\/wp-content\/uploads\/2025\/10\/1200x885.jpg",1200,885,false],"2048x2048":["https:\/\/wavexia.com\/wp-content\/uploads\/2025\/10\/1200x885.jpg",1200,885,false],"woocommerce_archive_thumbnail":["https:\/\/wavexia.com\/wp-content\/uploads\/2025\/10\/1200x885-300x221.jpg",300,221,true],"woocommerce_thumbnail":["https:\/\/wavexia.com\/wp-content\/uploads\/2025\/10\/1200x885-300x300.jpg",300,300,true],"woocommerce_single":["https:\/\/wavexia.com\/wp-content\/uploads\/2025\/10\/1200x885-600x443.jpg",600,443,true],"woocommerce_gallery_thumbnail":["https:\/\/wavexia.com\/wp-content\/uploads\/2025\/10\/1200x885-100x100.jpg",100,100,true]},"uagb_author_info":{"display_name":"zineddine.ayoub98@gmail.com","author_link":"https:\/\/wavexia.com\/?author=0"},"uagb_comment_info":0,"uagb_excerpt":"Description Appliquez le gommage sur une peau humide pour \u00e9veiller votre peau, \u00e9liminer les peaux s\u00e8ches et ternes, et stimuler le renouvellement cellulaire pour un r\u00e9sultat \u00e9clatant. Il associe un m\u00e9lange d\u00e9licat de sucre et une base formul\u00e9e avec soin \u00e0 partir d\u2019huiles nourrissantes, d\u2019exfoliant \u00e0 la cerise et d\u2019huiles japonaises. Les huiles nourrissantes de&hellip;","brands":[],"_links":{"self":[{"href":"https:\/\/wavexia.com\/index.php?rest_route=\/wp\/v2\/product\/5591","targetHints":{"allow":["GET"]}}],"collection":[{"href":"https:\/\/wavexia.com\/index.php?rest_route=\/wp\/v2\/product"}],"about":[{"href":"https:\/\/wavexia.com\/index.php?rest_route=\/wp\/v2\/types\/product"}],"replies":[{"embeddable":true,"href":"https:\/\/wavexia.com\/index.php?rest_route=%2Fwp%2Fv2%2Fcomments&post=5591"}],"wp:featuredmedia":[{"embeddable":true,"href":"https:\/\/wavexia.com\/index.php?rest_route=\/wp\/v2\/media\/5590"}],"wp:attachment":[{"href":"https:\/\/wavexia.com\/index.php?rest_route=%2Fwp%2Fv2%2Fmedia&parent=5591"}],"wp:term":[{"taxonomy":"pwb-brand","embeddable":true,"href":"https:\/\/wavexia.com\/index.php?rest_route=%2Fwp%2Fv2%2Fpwb-brand&post=5591"},{"taxonomy":"product_brand","embeddable":true,"href":"https:\/\/wavexia.com\/index.php?rest_route=%2Fwp%2Fv2%2Fproduct_brand&post=5591"},{"taxonomy":"product_cat","embeddable":true,"href":"https:\/\/wavexia.com\/index.php?rest_route=%2Fwp%2Fv2%2Fproduct_cat&post=5591"},{"taxonomy":"product_tag","embeddable":true,"href":"https:\/\/wavexia.com\/index.php?rest_route=%2Fwp%2Fv2%2Fproduct_tag&post=5591"}],"curies":[{"name":"wp","href":"https:\/\/api.w.org\/{rel}","templated":true}]}}