{"id":5577,"date":"2025-10-19T09:22:30","date_gmt":"2025-10-19T09:22:30","guid":{"rendered":"https:\/\/wavexia.com\/product\/joji-astaxanthin-q10-plus-mixed-berry-10-sachets-x-20g\/"},"modified":"2026-03-10T07:31:10","modified_gmt":"2026-03-10T07:31:10","slug":"joji-astaxanthin-q10-plus-mixed-berry-10-sachets-x-20g","status":"publish","type":"product","link":"https:\/\/wavexia.com\/?product=joji-astaxanthin-q10-plus-mixed-berry-10-sachets-x-20g","title":{"rendered":"Joji Astaxanthin Q10 Plus Mixed Berry (10 sachets x 20g)"},"content":{"rendered":"<h2>Description<\/h2>\n<p>Joji Astaxanthine Q10 Plus Baies M\u00e9lang\u00e9es est un compl\u00e9ment alimentaire qui combine le puissant antioxydant astaxanthine avec de la coenzyme Q10 (Q10) et des extraits de baies m\u00e9lang\u00e9es. Ce m\u00e9lange est con\u00e7u pour favoriser la sant\u00e9 de la peau, am\u00e9liorer les niveaux d\u2019\u00e9nergie et soutenir le bien-\u00eatre g\u00e9n\u00e9ral.<\/p>\n<ul>\n<li><strong>L\u2019astaxanthine<\/strong>&nbsp;est connue pour ses puissantes propri\u00e9t\u00e9s antioxydantes, aidant \u00e0 prot\u00e9ger les cellules du stress oxydatif et \u00e0 r\u00e9duire l\u2019inflammation.<\/li>\n<li><strong>La coenzyme Q10 (Q10)<\/strong>&nbsp;joue un r\u00f4le cl\u00e9 dans la production d\u2019\u00e9nergie et soutient la sant\u00e9 du c\u0153ur et de la peau.<\/li>\n<li><strong>L\u2019extrait de baies m\u00e9lang\u00e9es<\/strong>&nbsp;fournit des antioxydants et des vitamines suppl\u00e9mentaires, soutenant la fonction immunitaire et la vitalit\u00e9 de la peau.<\/li>\n<\/ul>\n<p>Ce suppl\u00e9ment est id\u00e9al pour les personnes qui cherchent \u00e0 am\u00e9liorer l\u2019\u00e9clat de leur peau, \u00e0 stimuler les niveaux d\u2019\u00e9nergie et \u00e0 lutter contre les effets du vieillissement.<\/p>\n<p>Mode d\u2019emploi :<\/p>\n<ul>\n<li>Boire 1 sachet par jour.<\/li>\n<li>Dissoudre le contenu du sachet dans 150 ml d\u2019eau froide.<\/li>\n<li>Remuez bien et consommez imm\u00e9diatement.<\/li>\n<\/ul>\n<p>Le paquet contient 20g x 10 sachets.<\/p>\n","protected":false},"excerpt":{"rendered":"<p>Description Joji Astaxanthine Q10 Plus Baies M\u00e9lang\u00e9es est un compl\u00e9ment alimentaire qui combine le puissant antioxydant astaxanthine avec de la coenzyme Q10 (Q10) et des extraits de baies m\u00e9lang\u00e9es. Ce m\u00e9lange est con\u00e7u pour favoriser la sant\u00e9 de la peau, am\u00e9liorer les niveaux d\u2019\u00e9nergie et soutenir le bien-\u00eatre g\u00e9n\u00e9ral. L\u2019astaxanthine&nbsp;est connue pour ses puissantes propri\u00e9t\u00e9s [&hellip;]<\/p>\n","protected":false},"featured_media":5576,"comment_status":"open","ping_status":"closed","template":"","meta":{"content-type":"","_uag_custom_page_level_css":""},"pwb-brand":[],"product_brand":[],"product_cat":[330,328],"product_tag":[],"class_list":{"0":"post-5577","1":"product","2":"type-product","3":"status-publish","4":"has-post-thumbnail","6":"product_cat-complements-alimentaires","7":"product_cat-nouveautes","9":"first","10":"instock","11":"sale","12":"shipping-taxable","13":"purchasable","14":"product-type-simple"},"aioseo_notices":[],"uagb_featured_image_src":{"full":["https:\/\/wavexia.com\/wp-content\/uploads\/2025\/10\/B0079682.png",500,500,false],"thumbnail":["https:\/\/wavexia.com\/wp-content\/uploads\/2025\/10\/B0079682-150x150.png",150,150,true],"medium":["https:\/\/wavexia.com\/wp-content\/uploads\/2025\/10\/B0079682-300x300.png",300,300,true],"medium_large":["https:\/\/wavexia.com\/wp-content\/uploads\/2025\/10\/B0079682.png",500,500,false],"large":["https:\/\/wavexia.com\/wp-content\/uploads\/2025\/10\/B0079682.png",500,500,false],"1536x1536":["https:\/\/wavexia.com\/wp-content\/uploads\/2025\/10\/B0079682.png",500,500,false],"2048x2048":["https:\/\/wavexia.com\/wp-content\/uploads\/2025\/10\/B0079682.png",500,500,false],"woocommerce_archive_thumbnail":["https:\/\/wavexia.com\/wp-content\/uploads\/2025\/10\/B0079682-300x300.png",300,300,true],"woocommerce_thumbnail":["https:\/\/wavexia.com\/wp-content\/uploads\/2025\/10\/B0079682-300x300.png",300,300,true],"woocommerce_single":["https:\/\/wavexia.com\/wp-content\/uploads\/2025\/10\/B0079682.png",500,500,false],"woocommerce_gallery_thumbnail":["https:\/\/wavexia.com\/wp-content\/uploads\/2025\/10\/B0079682-100x100.png",100,100,true]},"uagb_author_info":{"display_name":"zineddine.ayoub98@gmail.com","author_link":"https:\/\/wavexia.com\/?author=0"},"uagb_comment_info":0,"uagb_excerpt":"Description Joji Astaxanthine Q10 Plus Baies M\u00e9lang\u00e9es est un compl\u00e9ment alimentaire qui combine le puissant antioxydant astaxanthine avec de la coenzyme Q10 (Q10) et des extraits de baies m\u00e9lang\u00e9es. Ce m\u00e9lange est con\u00e7u pour favoriser la sant\u00e9 de la peau, am\u00e9liorer les niveaux d\u2019\u00e9nergie et soutenir le bien-\u00eatre g\u00e9n\u00e9ral. L\u2019astaxanthine&nbsp;est connue pour ses puissantes propri\u00e9t\u00e9s&hellip;","brands":[],"_links":{"self":[{"href":"https:\/\/wavexia.com\/index.php?rest_route=\/wp\/v2\/product\/5577","targetHints":{"allow":["GET"]}}],"collection":[{"href":"https:\/\/wavexia.com\/index.php?rest_route=\/wp\/v2\/product"}],"about":[{"href":"https:\/\/wavexia.com\/index.php?rest_route=\/wp\/v2\/types\/product"}],"replies":[{"embeddable":true,"href":"https:\/\/wavexia.com\/index.php?rest_route=%2Fwp%2Fv2%2Fcomments&post=5577"}],"wp:featuredmedia":[{"embeddable":true,"href":"https:\/\/wavexia.com\/index.php?rest_route=\/wp\/v2\/media\/5576"}],"wp:attachment":[{"href":"https:\/\/wavexia.com\/index.php?rest_route=%2Fwp%2Fv2%2Fmedia&parent=5577"}],"wp:term":[{"taxonomy":"pwb-brand","embeddable":true,"href":"https:\/\/wavexia.com\/index.php?rest_route=%2Fwp%2Fv2%2Fpwb-brand&post=5577"},{"taxonomy":"product_brand","embeddable":true,"href":"https:\/\/wavexia.com\/index.php?rest_route=%2Fwp%2Fv2%2Fproduct_brand&post=5577"},{"taxonomy":"product_cat","embeddable":true,"href":"https:\/\/wavexia.com\/index.php?rest_route=%2Fwp%2Fv2%2Fproduct_cat&post=5577"},{"taxonomy":"product_tag","embeddable":true,"href":"https:\/\/wavexia.com\/index.php?rest_route=%2Fwp%2Fv2%2Fproduct_tag&post=5577"}],"curies":[{"name":"wp","href":"https:\/\/api.w.org\/{rel}","templated":true}]}}