{"id":5563,"date":"2025-10-19T09:22:16","date_gmt":"2025-10-19T09:22:16","guid":{"rendered":"https:\/\/wavexia.com\/product\/purito-mighty-bamboo-panthenol-serum-30-ml\/"},"modified":"2026-03-10T07:31:10","modified_gmt":"2026-03-10T07:31:10","slug":"purito-mighty-bamboo-panthenol-serum-30-ml","status":"publish","type":"product","link":"https:\/\/wavexia.com\/?product=purito-mighty-bamboo-panthenol-serum-30-ml","title":{"rendered":"PURITO Mighty Bamboo Panthenol Serum 30 ml"},"content":{"rendered":"<h2>Description<\/h2>\n<p class=\"nc kz n9 i1 ll\">Le s\u00e9rum PURITO Mighty Bamboo Panthenol est un s\u00e9rum enrichi en Panth\u00e9nol et en bambou cor\u00e9en. Le s\u00e9rum a une formule hydratante con\u00e7ue pour soutenir la barri\u00e8re naturelle de la peau et donner \u00e0 la peau un \u00e9clat frais. Avec 130 000 ppm de panth\u00e9nol, la formule aide \u00e0 maintenir l\u2019\u00e9quilibre hydrique de la peau. Le bambou cor\u00e9en Damyang fait partie d\u2019une formule con\u00e7ue pour soutenir les propri\u00e9t\u00e9s hydratantes de la peau. Le produit a subi des tests de peau sensible et d\u2019hypoallerg\u00e9nicit\u00e9. Il est \u00e9galement approuv\u00e9 par les v\u00e9g\u00e9taliens, sans cruaut\u00e9, sans parfums synth\u00e9tiques et contient des ingr\u00e9dients doux qui conviennent aux peaux sensibles.<\/p>\n<p class=\"nc kz n9 i1 ll\">Contenance 30 ml.<\/p>\n<h5>conseil d\u2019utilisation:<\/h5>\n<p>\u2013 Utilisez une essence avant le s\u00e9rum pour une meilleure absorption<br \/>2- Appliquez la quantit\u00e9 n\u00e9cessaire sur votre paume<br \/>3- Chauffez le produit avec le creux de la main<br \/>4- Appliquez \u00e0 pleine main le produit sur le visage nettoy\u00e9 et tonifi\u00e9 pour qu\u2019il puisse s\u2019impr\u00e9gner dans la peau<br \/>5- Appliquez le reste du produit sur le cou<\/p>\n<h5>ingr\u00e9dients:<\/h5>\n<p>Eau, panth\u00e9nol, glyc\u00e9rine, propanediol, 1,2-hexanediol, butyl\u00e8ne glycol, niacinamide, squalane, extrait de Bambusa vulgaris, ecto\u00efne, allanto\u00efne, carbom\u00e8re, copolym\u00e8re d\u2019hydroxy\u00e9thyle acryloyldim\u00e9thyl taurate, olivate de c\u00e9t\u00e9aryle, trom\u00e9thamine, olivate de sorbitan, huile de graines de Limnanthes Alba (limnanthe), \u00e9thylhexylglyc\u00e9rine, ad\u00e9nosine, EDTA disodique, isost\u00e9arate de sorbitan, st\u00e9arate de polyglyc\u00e9ryl-10.<\/p>\n","protected":false},"excerpt":{"rendered":"<p>Description Le s\u00e9rum PURITO Mighty Bamboo Panthenol est un s\u00e9rum enrichi en Panth\u00e9nol et en bambou cor\u00e9en. Le s\u00e9rum a une formule hydratante con\u00e7ue pour soutenir la barri\u00e8re naturelle de la peau et donner \u00e0 la peau un \u00e9clat frais. Avec 130 000 ppm de panth\u00e9nol, la formule aide \u00e0 maintenir l\u2019\u00e9quilibre hydrique de la [&hellip;]<\/p>\n","protected":false},"featured_media":5562,"comment_status":"open","ping_status":"closed","template":"","meta":{"content-type":"","_uag_custom_page_level_css":""},"pwb-brand":[],"product_brand":[],"product_cat":[328,334,405,338],"product_tag":[],"class_list":{"0":"post-5563","1":"product","2":"type-product","3":"status-publish","4":"has-post-thumbnail","6":"product_cat-nouveautes","7":"product_cat-produits-coreens","8":"product_cat-purito-seoul","9":"product_cat-serum-ampoule","11":"first","12":"instock","13":"sale","14":"shipping-taxable","15":"purchasable","16":"product-type-simple"},"aioseo_notices":[],"uagb_featured_image_src":{"full":["https:\/\/wavexia.com\/wp-content\/uploads\/2025\/10\/purito-mighty-bamboo-panthenol-serum-30ml-1_1024x1024.webp",1024,1024,false],"thumbnail":["https:\/\/wavexia.com\/wp-content\/uploads\/2025\/10\/purito-mighty-bamboo-panthenol-serum-30ml-1_1024x1024-150x150.webp",150,150,true],"medium":["https:\/\/wavexia.com\/wp-content\/uploads\/2025\/10\/purito-mighty-bamboo-panthenol-serum-30ml-1_1024x1024-300x300.webp",300,300,true],"medium_large":["https:\/\/wavexia.com\/wp-content\/uploads\/2025\/10\/purito-mighty-bamboo-panthenol-serum-30ml-1_1024x1024-768x768.webp",768,768,true],"large":["https:\/\/wavexia.com\/wp-content\/uploads\/2025\/10\/purito-mighty-bamboo-panthenol-serum-30ml-1_1024x1024.webp",1024,1024,false],"1536x1536":["https:\/\/wavexia.com\/wp-content\/uploads\/2025\/10\/purito-mighty-bamboo-panthenol-serum-30ml-1_1024x1024.webp",1024,1024,false],"2048x2048":["https:\/\/wavexia.com\/wp-content\/uploads\/2025\/10\/purito-mighty-bamboo-panthenol-serum-30ml-1_1024x1024.webp",1024,1024,false],"woocommerce_archive_thumbnail":["https:\/\/wavexia.com\/wp-content\/uploads\/2025\/10\/purito-mighty-bamboo-panthenol-serum-30ml-1_1024x1024-300x300.webp",300,300,true],"woocommerce_thumbnail":["https:\/\/wavexia.com\/wp-content\/uploads\/2025\/10\/purito-mighty-bamboo-panthenol-serum-30ml-1_1024x1024-300x300.webp",300,300,true],"woocommerce_single":["https:\/\/wavexia.com\/wp-content\/uploads\/2025\/10\/purito-mighty-bamboo-panthenol-serum-30ml-1_1024x1024-600x600.webp",600,600,true],"woocommerce_gallery_thumbnail":["https:\/\/wavexia.com\/wp-content\/uploads\/2025\/10\/purito-mighty-bamboo-panthenol-serum-30ml-1_1024x1024-100x100.webp",100,100,true]},"uagb_author_info":{"display_name":"zineddine.ayoub98@gmail.com","author_link":"https:\/\/wavexia.com\/?author=0"},"uagb_comment_info":0,"uagb_excerpt":"Description Le s\u00e9rum PURITO Mighty Bamboo Panthenol est un s\u00e9rum enrichi en Panth\u00e9nol et en bambou cor\u00e9en. Le s\u00e9rum a une formule hydratante con\u00e7ue pour soutenir la barri\u00e8re naturelle de la peau et donner \u00e0 la peau un \u00e9clat frais. Avec 130 000 ppm de panth\u00e9nol, la formule aide \u00e0 maintenir l\u2019\u00e9quilibre hydrique de la&hellip;","brands":[],"_links":{"self":[{"href":"https:\/\/wavexia.com\/index.php?rest_route=\/wp\/v2\/product\/5563","targetHints":{"allow":["GET"]}}],"collection":[{"href":"https:\/\/wavexia.com\/index.php?rest_route=\/wp\/v2\/product"}],"about":[{"href":"https:\/\/wavexia.com\/index.php?rest_route=\/wp\/v2\/types\/product"}],"replies":[{"embeddable":true,"href":"https:\/\/wavexia.com\/index.php?rest_route=%2Fwp%2Fv2%2Fcomments&post=5563"}],"wp:featuredmedia":[{"embeddable":true,"href":"https:\/\/wavexia.com\/index.php?rest_route=\/wp\/v2\/media\/5562"}],"wp:attachment":[{"href":"https:\/\/wavexia.com\/index.php?rest_route=%2Fwp%2Fv2%2Fmedia&parent=5563"}],"wp:term":[{"taxonomy":"pwb-brand","embeddable":true,"href":"https:\/\/wavexia.com\/index.php?rest_route=%2Fwp%2Fv2%2Fpwb-brand&post=5563"},{"taxonomy":"product_brand","embeddable":true,"href":"https:\/\/wavexia.com\/index.php?rest_route=%2Fwp%2Fv2%2Fproduct_brand&post=5563"},{"taxonomy":"product_cat","embeddable":true,"href":"https:\/\/wavexia.com\/index.php?rest_route=%2Fwp%2Fv2%2Fproduct_cat&post=5563"},{"taxonomy":"product_tag","embeddable":true,"href":"https:\/\/wavexia.com\/index.php?rest_route=%2Fwp%2Fv2%2Fproduct_tag&post=5563"}],"curies":[{"name":"wp","href":"https:\/\/api.w.org\/{rel}","templated":true}]}}