{"id":5557,"date":"2025-10-19T09:22:12","date_gmt":"2025-10-19T09:22:12","guid":{"rendered":"https:\/\/wavexia.com\/product\/aplb-lactic-acid-retinol-ampoule-serum-40ml\/"},"modified":"2026-03-10T07:31:10","modified_gmt":"2026-03-10T07:31:10","slug":"aplb-lactic-acid-retinol-ampoule-serum-40ml","status":"publish","type":"product","link":"https:\/\/wavexia.com\/?product=aplb-lactic-acid-retinol-ampoule-serum-40ml","title":{"rendered":"APLB Lactic Acid Retinol Ampoule Serum 40ml"},"content":{"rendered":"<h2>Description<\/h2>\n<p>L\u2019<strong>APLB Lactic Acid Retinol Ampoule Serum<\/strong>&nbsp;est un s\u00e9rum exfoliant et anti-\u00e2ge con\u00e7u pour lisser la peau, r\u00e9duire les imperfections et am\u00e9liorer l\u2019\u00e9lasticit\u00e9 cutan\u00e9e. Enrichi en acide lactique et en r\u00e9tinol, il exfolie en douceur, stimule le renouvellement cellulaire et att\u00e9nue les signes visibles de l\u2019\u00e2ge, laissant la peau lumineuse et r\u00e9g\u00e9n\u00e9r\u00e9e. Sa formule est douce mais efficace, adapt\u00e9e aux peaux sensibles.<\/p>\n<h5><strong>Conseils d\u2019utilisation :<\/strong><\/h5>\n<ol>\n<li>Appliquez 2 \u00e0 3 gouttes sur une peau propre et s\u00e8che apr\u00e8s le nettoyage, le soir.<\/li>\n<li>Massez doucement jusqu\u2019\u00e0 absorption compl\u00e8te, en \u00e9vitant le contour des yeux.<\/li>\n<li>Utilisez une protection solaire le lendemain matin pour prot\u00e9ger la peau.<\/li>\n<\/ol>\n<h5>les avantages:<\/h5>\n<p>\u2022 Lisse la texture<br \/>rugueuse de la peau \u2022 R\u00e9duit l\u2019apparence des rides et ridules<br \/>\u2022 \u00c9claircit et unifie le teint<br \/>\u2022 Stimule le renouvellement de la peau pour un \u00e9clat radieux.<\/p>\n<h5>ingr\u00e9dients:<\/h5>\n<p>Aqua (Water), Centella Asiatica Leaf Water, Butylene Glycol, Propanediol, 1,2-Hexanediol, Glycerin, Diethoxyethyl Succinate, Panthenol, Hydroxyacetophenone, Sodium Polyacryloyldimethyl Taurate, Allantoin, Cellulose Gum, Disodium EDTA, Citric Acid, Dipotassium Glycyrrhizate, Xanthan Gum, Inulin, Lactic Acid, C12-14 Alketh-12, Glyceryl Acrylate\/Acrylic Acid Copolymer, Cellulose, Fructose, Glucose, Hydroxypropyl Cyclodextrin, Dipropylene Glycol, Squalane, Retinol, Asiaticoside, Madecassic Acid, Asiatic Acid, Sodium Hyaluronate, Melaleuca Alternifolia (Tea Tree) Leaf Extract, Hippophae Rhamnoides Fruit Extract, Hydrolyzed Collagen, Beta-Glucan, Caprylyl Glycol, Nelumbium Speciosum Flower Extract, Artemisia Annua Extract, Oryza Sativa (Rice) Extract, Saccharomyces Ferment, Solanum Melongena (Eggplant) Fruit Extract.<\/p>\n","protected":false},"excerpt":{"rendered":"<p>Description L\u2019APLB Lactic Acid Retinol Ampoule Serum&nbsp;est un s\u00e9rum exfoliant et anti-\u00e2ge con\u00e7u pour lisser la peau, r\u00e9duire les imperfections et am\u00e9liorer l\u2019\u00e9lasticit\u00e9 cutan\u00e9e. Enrichi en acide lactique et en r\u00e9tinol, il exfolie en douceur, stimule le renouvellement cellulaire et att\u00e9nue les signes visibles de l\u2019\u00e2ge, laissant la peau lumineuse et r\u00e9g\u00e9n\u00e9r\u00e9e. Sa formule est [&hellip;]<\/p>\n","protected":false},"featured_media":5556,"comment_status":"open","ping_status":"closed","template":"","meta":{"content-type":"","_uag_custom_page_level_css":""},"pwb-brand":[],"product_brand":[],"product_cat":[391,328,334,338],"product_tag":[],"class_list":{"0":"post-5557","1":"product","2":"type-product","3":"status-publish","4":"has-post-thumbnail","6":"product_cat-aplb","7":"product_cat-nouveautes","8":"product_cat-produits-coreens","9":"product_cat-serum-ampoule","11":"first","12":"instock","13":"sale","14":"shipping-taxable","15":"purchasable","16":"product-type-simple"},"aioseo_notices":[],"uagb_featured_image_src":{"full":["https:\/\/wavexia.com\/wp-content\/uploads\/2025\/10\/product_images_1724834843.49262302692464875_13589903481735131666.jpg",510,510,false],"thumbnail":["https:\/\/wavexia.com\/wp-content\/uploads\/2025\/10\/product_images_1724834843.49262302692464875_13589903481735131666-150x150.jpg",150,150,true],"medium":["https:\/\/wavexia.com\/wp-content\/uploads\/2025\/10\/product_images_1724834843.49262302692464875_13589903481735131666-300x300.jpg",300,300,true],"medium_large":["https:\/\/wavexia.com\/wp-content\/uploads\/2025\/10\/product_images_1724834843.49262302692464875_13589903481735131666.jpg",510,510,false],"large":["https:\/\/wavexia.com\/wp-content\/uploads\/2025\/10\/product_images_1724834843.49262302692464875_13589903481735131666.jpg",510,510,false],"1536x1536":["https:\/\/wavexia.com\/wp-content\/uploads\/2025\/10\/product_images_1724834843.49262302692464875_13589903481735131666.jpg",510,510,false],"2048x2048":["https:\/\/wavexia.com\/wp-content\/uploads\/2025\/10\/product_images_1724834843.49262302692464875_13589903481735131666.jpg",510,510,false],"woocommerce_archive_thumbnail":["https:\/\/wavexia.com\/wp-content\/uploads\/2025\/10\/product_images_1724834843.49262302692464875_13589903481735131666-300x300.jpg",300,300,true],"woocommerce_thumbnail":["https:\/\/wavexia.com\/wp-content\/uploads\/2025\/10\/product_images_1724834843.49262302692464875_13589903481735131666-300x300.jpg",300,300,true],"woocommerce_single":["https:\/\/wavexia.com\/wp-content\/uploads\/2025\/10\/product_images_1724834843.49262302692464875_13589903481735131666.jpg",510,510,false],"woocommerce_gallery_thumbnail":["https:\/\/wavexia.com\/wp-content\/uploads\/2025\/10\/product_images_1724834843.49262302692464875_13589903481735131666-100x100.jpg",100,100,true]},"uagb_author_info":{"display_name":"zineddine.ayoub98@gmail.com","author_link":"https:\/\/wavexia.com\/?author=0"},"uagb_comment_info":0,"uagb_excerpt":"Description L\u2019APLB Lactic Acid Retinol Ampoule Serum&nbsp;est un s\u00e9rum exfoliant et anti-\u00e2ge con\u00e7u pour lisser la peau, r\u00e9duire les imperfections et am\u00e9liorer l\u2019\u00e9lasticit\u00e9 cutan\u00e9e. Enrichi en acide lactique et en r\u00e9tinol, il exfolie en douceur, stimule le renouvellement cellulaire et att\u00e9nue les signes visibles de l\u2019\u00e2ge, laissant la peau lumineuse et r\u00e9g\u00e9n\u00e9r\u00e9e. Sa formule est&hellip;","brands":[],"_links":{"self":[{"href":"https:\/\/wavexia.com\/index.php?rest_route=\/wp\/v2\/product\/5557","targetHints":{"allow":["GET"]}}],"collection":[{"href":"https:\/\/wavexia.com\/index.php?rest_route=\/wp\/v2\/product"}],"about":[{"href":"https:\/\/wavexia.com\/index.php?rest_route=\/wp\/v2\/types\/product"}],"replies":[{"embeddable":true,"href":"https:\/\/wavexia.com\/index.php?rest_route=%2Fwp%2Fv2%2Fcomments&post=5557"}],"wp:featuredmedia":[{"embeddable":true,"href":"https:\/\/wavexia.com\/index.php?rest_route=\/wp\/v2\/media\/5556"}],"wp:attachment":[{"href":"https:\/\/wavexia.com\/index.php?rest_route=%2Fwp%2Fv2%2Fmedia&parent=5557"}],"wp:term":[{"taxonomy":"pwb-brand","embeddable":true,"href":"https:\/\/wavexia.com\/index.php?rest_route=%2Fwp%2Fv2%2Fpwb-brand&post=5557"},{"taxonomy":"product_brand","embeddable":true,"href":"https:\/\/wavexia.com\/index.php?rest_route=%2Fwp%2Fv2%2Fproduct_brand&post=5557"},{"taxonomy":"product_cat","embeddable":true,"href":"https:\/\/wavexia.com\/index.php?rest_route=%2Fwp%2Fv2%2Fproduct_cat&post=5557"},{"taxonomy":"product_tag","embeddable":true,"href":"https:\/\/wavexia.com\/index.php?rest_route=%2Fwp%2Fv2%2Fproduct_tag&post=5557"}],"curies":[{"name":"wp","href":"https:\/\/api.w.org\/{rel}","templated":true}]}}