{"id":5552,"date":"2025-10-19T09:22:09","date_gmt":"2025-10-19T09:22:09","guid":{"rendered":"https:\/\/wavexia.com\/product\/ttvv-sunscreen-04-30ml\/"},"modified":"2026-03-10T07:31:10","modified_gmt":"2026-03-10T07:31:10","slug":"ttvv-sunscreen-04-30ml","status":"publish","type":"product","link":"https:\/\/wavexia.com\/?product=ttvv-sunscreen-04-30ml","title":{"rendered":"TTVV Sunscreen 04 30ml"},"content":{"rendered":"<h2>Description<\/h2>\n<h5><\/h5>\n<p>&nbsp;<\/p>\n<p><span>Un \u00e9cran solaire chimique qui prot\u00e8ge la peau des dommages caus\u00e9s par les UVA et les UVB avec un SPF50+ PA++++,<\/span><span>Hydrate et fournit des soins de la barri\u00e8re cutan\u00e9e avec des ingr\u00e9dients comme la c\u00e9ramide, le cholest\u00e9rol, l\u2019acide gras et le panth\u00e9nol,<\/span><span>Enrichi en hyaluronate de sodium qui stimule l\u2019hydratation prolong\u00e9e de la peau, <\/span><span>Formul\u00e9 avec Botaniceutical Plus-10 qui nourrit et renforce la barri\u00e8re cutan\u00e9e.<\/span><\/p>\n<h5><b>Mode d\u2019emploi :<\/b><\/h5>\n<p>&nbsp;<\/p>\n<ul>\n<li><span>Appliquez une quantit\u00e9 appropri\u00e9e \u00e0 la derni\u00e8re \u00e9tape de la routine de soins de la peau et 30 minutes avant l\u2019exposition au soleil.<\/span><\/li>\n<\/ul>\n<h5>les ingr\u00e9dients:<\/h5>\n<p>Eau, Homosalate, M\u00e9thoxycinnamate d\u2019\u00e9thylhexyle, Dipropyl\u00e8ne glycol, Benzoate de di\u00e9thylamino-hydroxybenzoyle hexyle, M\u00e9thoxyde de butyle benzoylm\u00e9thane, Octocryl\u00e8ne, Glyc\u00e9rine, Panth\u00e9nol, Dim\u00e9thicone, Alcool c\u00e9t\u00e9arylique, St\u00e9arate de glyc\u00e9ryle, Triglyc\u00e9ride caprylique\/caprique, Exanoate de c\u00e9tyle, Sesquiol\u00e9ate de sorbitan, Silice, St\u00e9arate de Peg-100, Butyl\u00e8ne glycol, Parfum, Hydroxyac\u00e9toph\u00e9none, 1,2-hexanediol, Copolym\u00e8re de taurate d\u2019acryloyldim\u00e9thyle d\u2019hydroxy\u00e9thyle, Raffinose, Ac\u00e9tate de tocoph\u00e9ryle, Gomme xanthane, isost\u00e9arate de sorbitan, polysorbate 60, Bht, citrate\/lactate de glyc\u00e9ryle\/linol\u00e9ate\/ol\u00e9ate, extrait de graine de Sesamum indicum (s\u00e9same), extrait de racine de Sophora Flavescens, extrait de racine de Cimicifuga Racemosa, extrait d\u2019\u00e9corce de Morus Alba, hyaluronate de sodium, extrait de racine de Glycyrrhiza Glabra (r\u00e9glisse), extrait de racine de Paeonia Lactiflora, extrait de Phellinus Linteus, extrait de racine d\u2019Angelica Gigas, myristate de polyglyc\u00e9ryl-10, extrait de racine de Polygonum Multiflorum, extrait de racine de Scutellaria baicalensis, Cholest\u00e9rol, C\u00e9ramide Np, Linol\u00e9ate d\u2019\u00e9thyle, Acide palmitique, Acide st\u00e9arique<\/p>\n","protected":false},"excerpt":{"rendered":"<p>Description &nbsp; Un \u00e9cran solaire chimique qui prot\u00e8ge la peau des dommages caus\u00e9s par les UVA et les UVB avec un SPF50+ PA++++,Hydrate et fournit des soins de la barri\u00e8re cutan\u00e9e avec des ingr\u00e9dients comme la c\u00e9ramide, le cholest\u00e9rol, l\u2019acide gras et le panth\u00e9nol,Enrichi en hyaluronate de sodium qui stimule l\u2019hydratation prolong\u00e9e de la peau, [&hellip;]<\/p>\n","protected":false},"featured_media":5551,"comment_status":"open","ping_status":"closed","template":"","meta":{"content-type":"","_uag_custom_page_level_css":""},"pwb-brand":[],"product_brand":[],"product_cat":[328,334,340,451],"product_tag":[],"class_list":{"0":"post-5552","1":"product","2":"type-product","3":"status-publish","4":"has-post-thumbnail","6":"product_cat-nouveautes","7":"product_cat-produits-coreens","8":"product_cat-protection-solaire","9":"product_cat-ttvv","11":"first","12":"instock","13":"sale","14":"shipping-taxable","15":"purchasable","16":"product-type-simple"},"aioseo_notices":[],"uagb_featured_image_src":{"full":["https:\/\/wavexia.com\/wp-content\/uploads\/2025\/10\/L_p0216097741.webp",320,320,false],"thumbnail":["https:\/\/wavexia.com\/wp-content\/uploads\/2025\/10\/L_p0216097741-150x150.webp",150,150,true],"medium":["https:\/\/wavexia.com\/wp-content\/uploads\/2025\/10\/L_p0216097741-300x300.webp",300,300,true],"medium_large":["https:\/\/wavexia.com\/wp-content\/uploads\/2025\/10\/L_p0216097741.webp",320,320,false],"large":["https:\/\/wavexia.com\/wp-content\/uploads\/2025\/10\/L_p0216097741.webp",320,320,false],"1536x1536":["https:\/\/wavexia.com\/wp-content\/uploads\/2025\/10\/L_p0216097741.webp",320,320,false],"2048x2048":["https:\/\/wavexia.com\/wp-content\/uploads\/2025\/10\/L_p0216097741.webp",320,320,false],"woocommerce_archive_thumbnail":["https:\/\/wavexia.com\/wp-content\/uploads\/2025\/10\/L_p0216097741-300x300.webp",300,300,true],"woocommerce_thumbnail":["https:\/\/wavexia.com\/wp-content\/uploads\/2025\/10\/L_p0216097741-300x300.webp",300,300,true],"woocommerce_single":["https:\/\/wavexia.com\/wp-content\/uploads\/2025\/10\/L_p0216097741.webp",320,320,false],"woocommerce_gallery_thumbnail":["https:\/\/wavexia.com\/wp-content\/uploads\/2025\/10\/L_p0216097741-100x100.webp",100,100,true]},"uagb_author_info":{"display_name":"zineddine.ayoub98@gmail.com","author_link":"https:\/\/wavexia.com\/?author=0"},"uagb_comment_info":0,"uagb_excerpt":"Description &nbsp; Un \u00e9cran solaire chimique qui prot\u00e8ge la peau des dommages caus\u00e9s par les UVA et les UVB avec un SPF50+ PA++++,Hydrate et fournit des soins de la barri\u00e8re cutan\u00e9e avec des ingr\u00e9dients comme la c\u00e9ramide, le cholest\u00e9rol, l\u2019acide gras et le panth\u00e9nol,Enrichi en hyaluronate de sodium qui stimule l\u2019hydratation prolong\u00e9e de la peau,&hellip;","brands":[],"_links":{"self":[{"href":"https:\/\/wavexia.com\/index.php?rest_route=\/wp\/v2\/product\/5552","targetHints":{"allow":["GET"]}}],"collection":[{"href":"https:\/\/wavexia.com\/index.php?rest_route=\/wp\/v2\/product"}],"about":[{"href":"https:\/\/wavexia.com\/index.php?rest_route=\/wp\/v2\/types\/product"}],"replies":[{"embeddable":true,"href":"https:\/\/wavexia.com\/index.php?rest_route=%2Fwp%2Fv2%2Fcomments&post=5552"}],"wp:featuredmedia":[{"embeddable":true,"href":"https:\/\/wavexia.com\/index.php?rest_route=\/wp\/v2\/media\/5551"}],"wp:attachment":[{"href":"https:\/\/wavexia.com\/index.php?rest_route=%2Fwp%2Fv2%2Fmedia&parent=5552"}],"wp:term":[{"taxonomy":"pwb-brand","embeddable":true,"href":"https:\/\/wavexia.com\/index.php?rest_route=%2Fwp%2Fv2%2Fpwb-brand&post=5552"},{"taxonomy":"product_brand","embeddable":true,"href":"https:\/\/wavexia.com\/index.php?rest_route=%2Fwp%2Fv2%2Fproduct_brand&post=5552"},{"taxonomy":"product_cat","embeddable":true,"href":"https:\/\/wavexia.com\/index.php?rest_route=%2Fwp%2Fv2%2Fproduct_cat&post=5552"},{"taxonomy":"product_tag","embeddable":true,"href":"https:\/\/wavexia.com\/index.php?rest_route=%2Fwp%2Fv2%2Fproduct_tag&post=5552"}],"curies":[{"name":"wp","href":"https:\/\/api.w.org\/{rel}","templated":true}]}}