{"id":5538,"date":"2025-10-19T09:21:52","date_gmt":"2025-10-19T09:21:52","guid":{"rendered":"https:\/\/wavexia.com\/product\/spicule-reborn-peeling-mask-120g\/"},"modified":"2026-03-10T07:31:10","modified_gmt":"2026-03-10T07:31:10","slug":"spicule-reborn-peeling-mask-120g","status":"publish","type":"product","link":"https:\/\/wavexia.com\/?product=spicule-reborn-peeling-mask-120g","title":{"rendered":"Spicule reborn peeling mask 120g"},"content":{"rendered":"<h2>Description<\/h2>\n<p>Spicule Re-Born Masque Peeling<\/p>\n<p><span>Un masque exfoliant cr\u00e9\u00e9 avec des biospicules uniques pour exfolier et \u00e9liminer les impuret\u00e9s, tout en am\u00e9liorant l\u2019apparence de la texture de la peau, la laissant lisse et lumineuse. Enrichi de 100 000 ppm d\u2019extrait de th\u00e9 vert et de 1000 ppm d\u2019extrait d\u2019armoise, ce masque peeling absorbe l\u2019exc\u00e8s de s\u00e9bum, apaise et nettoie la peau.<\/span><\/p>\n<ul>\n<li><span>Exfolie les cellules mortes de la peau<\/span><\/li>\n<li>D\u00e9bouche les pores<\/li>\n<li>Apaise la peau<\/li>\n<li>Stimule le renouvellement cellulaire<\/li>\n<li>\u00c9limine l\u2019exc\u00e8s de s\u00e9bum<\/li>\n<li>R\u00e9duit les rougeurs et l\u2019inflammation<\/li>\n<li>\u00c9claircit les taches post-acn\u00e9iques<\/li>\n<li>Unifie le teint et am\u00e9liore la texture<\/li>\n<li>Rafra\u00eechit et adoucit la peau<\/li>\n<li>Rend la peau saine et lisse<\/li>\n<\/ul>\n<h5>avantages:<\/h5>\n<ul>\n<li>Ce masque exfoliant avanc\u00e9 est formul\u00e9 avec du th\u00e9 vert, de l\u2019absinthe et des spicules de biomat\u00e9riaux naturels pour nettoyer en profondeur, \u00e9liminer les impuret\u00e9s et affiner la texture de la peau, r\u00e9v\u00e9lant un teint plus lumineux et plus translucide.\n<p>Les spicules de biomat\u00e9riau p\u00e9n\u00e8trent dans la couche basale pour stimuler la r\u00e9ponse immunitaire de la peau, favoriser la r\u00e9g\u00e9n\u00e9ration cellulaire, minimiser l\u2019apparence des pores dilat\u00e9s et exfolier en douceur pour une surface plus lisse et d\u2019apparence plus saine.<\/p>\n<p>Infus\u00e9 avec 100 000 ppm d\u2019extrait de th\u00e9 vert pour fournir une protection antioxydante puissante et une hydratation durable, ainsi que de l\u2019extrait d\u2019absinthe 1 000 ppm pour apaiser et calmer la peau irrit\u00e9e ou endommag\u00e9e.<\/p>\n<\/li>\n<\/ul>\n<h5>mode d\u2019emploi:<\/h5>\n<p>Pour l\u2019utiliser, massez doucement sur une peau nettoy\u00e9e et tonique, en vous concentrant sur les zones \u00e0 tendance grasse. Ne laissez agir que cinq minutes plus avant de rincer abondamment. Une l\u00e9g\u00e8re sensation de picotement peut survenir et peut durer jusqu\u2019\u00e0 12 heures. Un test \u00e9picutan\u00e9 est fortement recommand\u00e9 avant la premi\u00e8re utilisation.<\/p>\n<h5>ingr\u00e9dients:<\/h5>\n<div id=\"ingredlist-short\">\n<div id=\"showmore-section-ingredlist-short\" class=\"showmore-section ingredlist-short-like-section\" role=\"list\">\n<div class=\"\" role=\"group\"><span class=\"\" role=\"listitem\"><span><a class=\"ingred-link black    \" href=\"https:\/\/incidecoder.com\/ingredients\/water\">Eau purifi\u00e9e<\/a>,&nbsp;<\/span><\/span><span class=\"\" role=\"listitem\"><a class=\"ingred-link black    \" href=\"https:\/\/incidecoder.com\/ingredients\/camellia-sinensis-leaf-powder\">Poudre de feuille de Camellia Sinensis<\/a>,&nbsp;<\/span><span class=\"\" role=\"listitem\"><span><a class=\"ingred-link black    \" href=\"https:\/\/incidecoder.com\/ingredients\/glycerin\">Glyc\u00e9rine<\/a>,&nbsp;<\/span><\/span><span class=\"\" role=\"listitem\"><span><a class=\"ingred-link black    \" href=\"https:\/\/incidecoder.com\/ingredients\/dipropylene-glycol\">Dipropyl\u00e8ne glycol<\/a>,&nbsp;<\/span><\/span><span class=\"\" role=\"listitem\"><span><a class=\"ingred-link black    \" href=\"https:\/\/incidecoder.com\/ingredients\/bentonite\">Bentonite<\/a>,&nbsp;<\/span><\/span><span class=\"\" role=\"listitem\"><span><a class=\"ingred-link black    \" href=\"https:\/\/incidecoder.com\/ingredients\/caprylic-capric-triglyceride\">Triglyc\u00e9ride caprylique\/caprique<\/a>,&nbsp;<\/span><\/span><span class=\"\" role=\"listitem\"><span><a class=\"ingred-link black    \" href=\"https:\/\/incidecoder.com\/ingredients\/polysorbate-60\">Polysorbate 60<\/a>,&nbsp;<\/span><\/span><span class=\"\" role=\"listitem\"><span><a class=\"ingred-link black    \" href=\"https:\/\/incidecoder.com\/ingredients\/sodium-acrylate-sodium-acryloyldimethyl-taurate-copolymer\">Copolym\u00e8re d\u2019acrylate de sodium\/acryloyldim\u00e9thyl taurate de sodium<\/a>,&nbsp;<\/span><\/span><span class=\"\" role=\"listitem\"><span><a class=\"ingred-link black    \" href=\"https:\/\/incidecoder.com\/ingredients\/hydroxyacetophenone\">Hydroxyac\u00e9toph\u00e9none<\/a>,&nbsp;<\/span><\/span><span class=\"showmore-mobile\" role=\"listitem\"><span><a class=\"ingred-link black    \" href=\"https:\/\/incidecoder.com\/ingredients\/isohexadecane\">l\u2019isohexad\u00e9cane<\/a>,&nbsp;<\/span><\/span><span class=\"showmore-mobile\" role=\"listitem\"><span><a class=\"ingred-link black    \" href=\"https:\/\/incidecoder.com\/ingredients\/ethylhexylglycerin\">\u00c9thylhexylglyc\u00e9rine<\/a>,&nbsp;<\/span><\/span><span><span class=\"showmore-mobile\" role=\"listitem\"><a class=\"ingred-link black    \" href=\"https:\/\/incidecoder.com\/ingredients\/artemisia-vulgaris-extract\">extrait d\u2019Artemisia vulgaris<\/a>,&nbsp;<\/span><span class=\"showmore-mobile\" role=\"listitem\"><a class=\"ingred-link black    \" href=\"https:\/\/incidecoder.com\/ingredients\/hydrolyzed-sponge\">\u00e9ponge hydrolys\u00e9e (1 000 ppm),<\/a>&nbsp;<\/span><\/span><span class=\"showmore-mobile\" role=\"listitem\"><span><a class=\"ingred-link black    \" href=\"https:\/\/incidecoder.com\/ingredients\/xanthan-gum\">Gomme xanthane<\/a>,&nbsp;<\/span><\/span><span class=\"showmore-mobile\" role=\"listitem\"><span><a class=\"ingred-link black    \" href=\"https:\/\/incidecoder.com\/ingredients\/polysorbate-80\">Polysorbate 80<\/a>,&nbsp;<\/span><\/span><span class=\"showmore-mobile\" role=\"listitem\"><span><a class=\"ingred-link black    \" href=\"https:\/\/incidecoder.com\/ingredients\/ci-77288\">Oxyde de chrome verts<\/a>,&nbsp;<\/span><\/span><span class=\"showmore-mobile\" role=\"listitem\"><span><a class=\"ingred-link black    \" href=\"https:\/\/incidecoder.com\/ingredients\/sorbitan-oleate\">Ol\u00e9ate de sorbitan<\/a>,&nbsp;<\/span><\/span><span class=\"showmore-mobile\" role=\"listitem\"><span><a class=\"ingred-link black    \" href=\"https:\/\/incidecoder.com\/ingredients\/polyglyceryl-2-triisostearate\">Triisost\u00e9arate de polyglyc\u00e9ryl-2<\/a>,&nbsp;<\/span><\/span><span class=\"showmore-mobile\" role=\"listitem\"><span><a class=\"ingred-link black    \" href=\"https:\/\/incidecoder.com\/ingredients\/centella-asiatica-extract\">Extrait de Centella Asiatica<\/a>,&nbsp;<\/span><\/span><span class=\"showmore-mobile\" role=\"listitem\"><span><a class=\"ingred-link black    \" href=\"https:\/\/incidecoder.com\/ingredients\/triethoxycaprylylsilane\">Tri\u00e9thoxycaprylylsilane<\/a>,&nbsp;<\/span><\/span><span class=\"showmore-mobile\" role=\"listitem\"><span><a class=\"ingred-link black    \" href=\"https:\/\/incidecoder.com\/ingredients\/ethylhexyl-palmitate\">palmitate d\u2019\u00e9thylhexyle<\/a>,&nbsp;<\/span><\/span><span class=\"showmore-mobile\" role=\"listitem\"><span><a class=\"ingred-link black    \" href=\"https:\/\/incidecoder.com\/ingredients\/1-2-hexanediol\">1,2-hexanediol<\/a>,&nbsp;<\/span><\/span><span class=\"showmore-mobile\" role=\"listitem\"><a class=\"ingred-link black    \" href=\"https:\/\/incidecoder.com\/ingredients\/artemisia-princeps-leaf-powder\">Poudre de feuilles d\u2019Artemisia Princeps<\/a>,&nbsp;<\/span><span class=\"showmore-mobile\" role=\"listitem\"><a class=\"ingred-link black    \" href=\"https:\/\/incidecoder.com\/ingredients\/pinus-pinaster-bark-extract\">Extrait d\u2019\u00e9corce de Pinus Pinaster.<\/a><\/span><\/div>\n<\/div>\n<div id=\"inci-warning\"><\/div>\n<\/div>\n","protected":false},"excerpt":{"rendered":"<p>Description Spicule Re-Born Masque Peeling Un masque exfoliant cr\u00e9\u00e9 avec des biospicules uniques pour exfolier et \u00e9liminer les impuret\u00e9s, tout en am\u00e9liorant l\u2019apparence de la texture de la peau, la laissant lisse et lumineuse. Enrichi de 100 000 ppm d\u2019extrait de th\u00e9 vert et de 1000 ppm d\u2019extrait d\u2019armoise, ce masque peeling absorbe l\u2019exc\u00e8s de [&hellip;]<\/p>\n","protected":false},"featured_media":5537,"comment_status":"open","ping_status":"closed","template":"","meta":{"content-type":"","_uag_custom_page_level_css":""},"pwb-brand":[],"product_brand":[],"product_cat":[375,328,334,450],"product_tag":[],"class_list":{"0":"post-5538","1":"product","2":"type-product","3":"status-publish","4":"has-post-thumbnail","6":"product_cat-gommage-peeling","7":"product_cat-nouveautes","8":"product_cat-produits-coreens","9":"product_cat-spicule","11":"first","12":"instock","13":"sale","14":"shipping-taxable","15":"purchasable","16":"product-type-simple"},"aioseo_notices":[],"uagb_featured_image_src":{"full":["https:\/\/wavexia.com\/wp-content\/uploads\/2025\/10\/71Lg9_7rk6L.jpg",1600,1600,false],"thumbnail":["https:\/\/wavexia.com\/wp-content\/uploads\/2025\/10\/71Lg9_7rk6L-150x150.jpg",150,150,true],"medium":["https:\/\/wavexia.com\/wp-content\/uploads\/2025\/10\/71Lg9_7rk6L-300x300.jpg",300,300,true],"medium_large":["https:\/\/wavexia.com\/wp-content\/uploads\/2025\/10\/71Lg9_7rk6L-768x768.jpg",768,768,true],"large":["https:\/\/wavexia.com\/wp-content\/uploads\/2025\/10\/71Lg9_7rk6L-1024x1024.jpg",1024,1024,true],"1536x1536":["https:\/\/wavexia.com\/wp-content\/uploads\/2025\/10\/71Lg9_7rk6L-1536x1536.jpg",1536,1536,true],"2048x2048":["https:\/\/wavexia.com\/wp-content\/uploads\/2025\/10\/71Lg9_7rk6L.jpg",1600,1600,false],"woocommerce_archive_thumbnail":["https:\/\/wavexia.com\/wp-content\/uploads\/2025\/10\/71Lg9_7rk6L-300x300.jpg",300,300,true],"woocommerce_thumbnail":["https:\/\/wavexia.com\/wp-content\/uploads\/2025\/10\/71Lg9_7rk6L-300x300.jpg",300,300,true],"woocommerce_single":["https:\/\/wavexia.com\/wp-content\/uploads\/2025\/10\/71Lg9_7rk6L-600x600.jpg",600,600,true],"woocommerce_gallery_thumbnail":["https:\/\/wavexia.com\/wp-content\/uploads\/2025\/10\/71Lg9_7rk6L-100x100.jpg",100,100,true]},"uagb_author_info":{"display_name":"zineddine.ayoub98@gmail.com","author_link":"https:\/\/wavexia.com\/?author=0"},"uagb_comment_info":0,"uagb_excerpt":"Description Spicule Re-Born Masque Peeling Un masque exfoliant cr\u00e9\u00e9 avec des biospicules uniques pour exfolier et \u00e9liminer les impuret\u00e9s, tout en am\u00e9liorant l\u2019apparence de la texture de la peau, la laissant lisse et lumineuse. Enrichi de 100 000 ppm d\u2019extrait de th\u00e9 vert et de 1000 ppm d\u2019extrait d\u2019armoise, ce masque peeling absorbe l\u2019exc\u00e8s de&hellip;","brands":[],"_links":{"self":[{"href":"https:\/\/wavexia.com\/index.php?rest_route=\/wp\/v2\/product\/5538","targetHints":{"allow":["GET"]}}],"collection":[{"href":"https:\/\/wavexia.com\/index.php?rest_route=\/wp\/v2\/product"}],"about":[{"href":"https:\/\/wavexia.com\/index.php?rest_route=\/wp\/v2\/types\/product"}],"replies":[{"embeddable":true,"href":"https:\/\/wavexia.com\/index.php?rest_route=%2Fwp%2Fv2%2Fcomments&post=5538"}],"wp:featuredmedia":[{"embeddable":true,"href":"https:\/\/wavexia.com\/index.php?rest_route=\/wp\/v2\/media\/5537"}],"wp:attachment":[{"href":"https:\/\/wavexia.com\/index.php?rest_route=%2Fwp%2Fv2%2Fmedia&parent=5538"}],"wp:term":[{"taxonomy":"pwb-brand","embeddable":true,"href":"https:\/\/wavexia.com\/index.php?rest_route=%2Fwp%2Fv2%2Fpwb-brand&post=5538"},{"taxonomy":"product_brand","embeddable":true,"href":"https:\/\/wavexia.com\/index.php?rest_route=%2Fwp%2Fv2%2Fproduct_brand&post=5538"},{"taxonomy":"product_cat","embeddable":true,"href":"https:\/\/wavexia.com\/index.php?rest_route=%2Fwp%2Fv2%2Fproduct_cat&post=5538"},{"taxonomy":"product_tag","embeddable":true,"href":"https:\/\/wavexia.com\/index.php?rest_route=%2Fwp%2Fv2%2Fproduct_tag&post=5538"}],"curies":[{"name":"wp","href":"https:\/\/api.w.org\/{rel}","templated":true}]}}