{"id":5533,"date":"2025-10-19T09:21:45","date_gmt":"2025-10-19T09:21:45","guid":{"rendered":"https:\/\/wavexia.com\/product\/eqqualberry-collagen-glow-up-gel-toner-pads-140ml\/"},"modified":"2026-03-10T07:31:10","modified_gmt":"2026-03-10T07:31:10","slug":"eqqualberry-collagen-glow-up-gel-toner-pads-140ml","status":"publish","type":"product","link":"https:\/\/wavexia.com\/?product=eqqualberry-collagen-glow-up-gel-toner-pads-140ml","title":{"rendered":"Eqqualberry Collagen Glow Up Gel Toner Pads 140ml"},"content":{"rendered":"<h2>Description<\/h2>\n<p>Ce tampon gel tonique, qui prot\u00e8ge la peau des imperfections et la maintient claire gr\u00e2ce au jus de faux nerprun et au glutathion, maintient l\u2019\u00e9lasticit\u00e9 en emprisonnant en profondeur l\u2019hydratation gr\u00e2ce \u00e0 l\u2019extrait de collag\u00e8ne de faible poids mol\u00e9culaire 200DA et de truffe blanche.<\/p>\n<p><strong>Soin Triple Brillance : Glutathion + Truffe Blanche + ArgousierTout en<\/strong>&nbsp;se concentrant sur le maintien de la peau impeccable avec 98<br \/>% de Glutathion pur, il soutient l\u2019\u00e9lasticit\u00e9 de la peau gr\u00e2ce \u00e0 la Truffe Blanche, et ajoute vitalit\u00e9 et clart\u00e9 \u00e0 la peau avec de l\u2019Eau d\u2019Argousier.<\/p>\n<p><strong>Texture gel douce mais efficace.<\/strong><br \/>Avec sa texture hydrogel rafra\u00eechissante, il rafra\u00eechit la peau et pr\u00e9vient les tensions et le stress. Gr\u00e2ce \u00e0 la forme du tampon qui adh\u00e8re id\u00e9alement \u00e0 la peau, toute la puissance du s\u00e9rum rencontre la peau.<\/p>\n<h5>utiliser:<\/h5>\n<p>Comme tampon exfoliant : Passez-le doucement sur votre visage,<br \/>en \u00e9vitant le contour des yeux et de la bouche et en suivant la texture naturelle de votre peau.<\/p>\n<p>En tant que tampon de soins intensifs :<br \/>Placez le tampon sur la zone qui n\u00e9cessite des soins cibl\u00e9s, laissez-le reposer pendant 10 minutes, puis retirez-le.<\/p>\n<p>1. Apr\u00e8s avoir nettoy\u00e9 le visage, appliquez les coussinets sur la peau \u00e0 l\u2019aide de la pince \u00e0 \u00e9piler.<br \/>2. Retirez les coussinets lorsqu\u2019ils deviennent blancs et essuyez doucement le long de la texture de la peau pour la finition.<\/p>\n<p>Avant l\u2019utilisation : Aspect terne et terne de la peau. Apr\u00e8s utilisation : Peau \u00e9clatante, nette et \u00e9quilibr\u00e9e.<\/p>\n<h5 class=\"accordion_title__igE6o MuiBox-root mui-0\" aria-expanded=\"true\" aria-controls=\"\u00abRhkeh6htrndnb\u00bb\">Ingr\u00e9dients:<\/h5>\n<p>Eau d\u2019Hippophae Rhamnoides, Aqua\/Water\/Eau, Butyl\u00e8ne glycol, Glyc\u00e9rine, Glyc\u00e9reth-26, Niacinamide, 1,2-Hexanediol, Collag\u00e8ne hydrolys\u00e9, Glutathion, Extrait de Stellaria Media (mouron des oiseaux), Extrait de Centella Asiatica, Hydroxyac\u00e9toph\u00e9none, Allanto\u00efne, Glyc\u00e9ryl glucoside, Acryloyldim\u00e9thyltaurate d\u2019ammonium\/Copolym\u00e8re VP, Ethylhexylglyc\u00e9rine, Ad\u00e9nosine, Extrait de racine de Coptis Japonica, Polyacrylate de sodium, Gomme de xanthane, Hyaluronate de sodium, EDTA disodique, Extrait de Tuber Magnatum.<\/p>\n<p>&nbsp;<\/p>\n<div class=\"accordion-body txt_style_five\">\n<div class=\"metafield-rich_text_field\">\n<p>&nbsp;<\/p>\n<\/div>\n<\/div>\n","protected":false},"excerpt":{"rendered":"<p>Description Ce tampon gel tonique, qui prot\u00e8ge la peau des imperfections et la maintient claire gr\u00e2ce au jus de faux nerprun et au glutathion, maintient l\u2019\u00e9lasticit\u00e9 en emprisonnant en profondeur l\u2019hydratation gr\u00e2ce \u00e0 l\u2019extrait de collag\u00e8ne de faible poids mol\u00e9culaire 200DA et de truffe blanche. Soin Triple Brillance : Glutathion + Truffe Blanche + ArgousierTout [&hellip;]<\/p>\n","protected":false},"featured_media":5532,"comment_status":"open","ping_status":"closed","template":"","meta":{"content-type":"","_uag_custom_page_level_css":""},"pwb-brand":[],"product_brand":[],"product_cat":[337,328,334,345],"product_tag":[],"class_list":{"0":"post-5533","1":"product","2":"type-product","3":"status-publish","4":"has-post-thumbnail","6":"product_cat-eqqualberry","7":"product_cat-nouveautes","8":"product_cat-produits-coreens","9":"product_cat-toner-pads","11":"first","12":"instock","13":"sale","14":"shipping-taxable","15":"purchasable","16":"product-type-simple"},"aioseo_notices":[],"uagb_featured_image_src":{"full":["https:\/\/wavexia.com\/wp-content\/uploads\/2025\/10\/i0xlvh7c3r8oqvo7f2dk9weiv590.webp",938,1000,false],"thumbnail":["https:\/\/wavexia.com\/wp-content\/uploads\/2025\/10\/i0xlvh7c3r8oqvo7f2dk9weiv590-150x150.webp",150,150,true],"medium":["https:\/\/wavexia.com\/wp-content\/uploads\/2025\/10\/i0xlvh7c3r8oqvo7f2dk9weiv590-281x300.webp",281,300,true],"medium_large":["https:\/\/wavexia.com\/wp-content\/uploads\/2025\/10\/i0xlvh7c3r8oqvo7f2dk9weiv590-768x819.webp",768,819,true],"large":["https:\/\/wavexia.com\/wp-content\/uploads\/2025\/10\/i0xlvh7c3r8oqvo7f2dk9weiv590.webp",938,1000,false],"1536x1536":["https:\/\/wavexia.com\/wp-content\/uploads\/2025\/10\/i0xlvh7c3r8oqvo7f2dk9weiv590.webp",938,1000,false],"2048x2048":["https:\/\/wavexia.com\/wp-content\/uploads\/2025\/10\/i0xlvh7c3r8oqvo7f2dk9weiv590.webp",938,1000,false],"woocommerce_archive_thumbnail":["https:\/\/wavexia.com\/wp-content\/uploads\/2025\/10\/i0xlvh7c3r8oqvo7f2dk9weiv590-300x320.webp",300,320,true],"woocommerce_thumbnail":["https:\/\/wavexia.com\/wp-content\/uploads\/2025\/10\/i0xlvh7c3r8oqvo7f2dk9weiv590-300x300.webp",300,300,true],"woocommerce_single":["https:\/\/wavexia.com\/wp-content\/uploads\/2025\/10\/i0xlvh7c3r8oqvo7f2dk9weiv590-600x640.webp",600,640,true],"woocommerce_gallery_thumbnail":["https:\/\/wavexia.com\/wp-content\/uploads\/2025\/10\/i0xlvh7c3r8oqvo7f2dk9weiv590-100x100.webp",100,100,true]},"uagb_author_info":{"display_name":"zineddine.ayoub98@gmail.com","author_link":"https:\/\/wavexia.com\/?author=0"},"uagb_comment_info":0,"uagb_excerpt":"Description Ce tampon gel tonique, qui prot\u00e8ge la peau des imperfections et la maintient claire gr\u00e2ce au jus de faux nerprun et au glutathion, maintient l\u2019\u00e9lasticit\u00e9 en emprisonnant en profondeur l\u2019hydratation gr\u00e2ce \u00e0 l\u2019extrait de collag\u00e8ne de faible poids mol\u00e9culaire 200DA et de truffe blanche. Soin Triple Brillance : Glutathion + Truffe Blanche + ArgousierTout&hellip;","brands":[],"_links":{"self":[{"href":"https:\/\/wavexia.com\/index.php?rest_route=\/wp\/v2\/product\/5533","targetHints":{"allow":["GET"]}}],"collection":[{"href":"https:\/\/wavexia.com\/index.php?rest_route=\/wp\/v2\/product"}],"about":[{"href":"https:\/\/wavexia.com\/index.php?rest_route=\/wp\/v2\/types\/product"}],"replies":[{"embeddable":true,"href":"https:\/\/wavexia.com\/index.php?rest_route=%2Fwp%2Fv2%2Fcomments&post=5533"}],"wp:featuredmedia":[{"embeddable":true,"href":"https:\/\/wavexia.com\/index.php?rest_route=\/wp\/v2\/media\/5532"}],"wp:attachment":[{"href":"https:\/\/wavexia.com\/index.php?rest_route=%2Fwp%2Fv2%2Fmedia&parent=5533"}],"wp:term":[{"taxonomy":"pwb-brand","embeddable":true,"href":"https:\/\/wavexia.com\/index.php?rest_route=%2Fwp%2Fv2%2Fpwb-brand&post=5533"},{"taxonomy":"product_brand","embeddable":true,"href":"https:\/\/wavexia.com\/index.php?rest_route=%2Fwp%2Fv2%2Fproduct_brand&post=5533"},{"taxonomy":"product_cat","embeddable":true,"href":"https:\/\/wavexia.com\/index.php?rest_route=%2Fwp%2Fv2%2Fproduct_cat&post=5533"},{"taxonomy":"product_tag","embeddable":true,"href":"https:\/\/wavexia.com\/index.php?rest_route=%2Fwp%2Fv2%2Fproduct_tag&post=5533"}],"curies":[{"name":"wp","href":"https:\/\/api.w.org\/{rel}","templated":true}]}}