{"id":5529,"date":"2025-10-19T09:21:42","date_gmt":"2025-10-19T09:21:42","guid":{"rendered":"https:\/\/wavexia.com\/product\/round-lab-dokdo-toner-200-ml-dokdo-lotion-200ml-set\/"},"modified":"2026-03-10T07:31:10","modified_gmt":"2026-03-10T07:31:10","slug":"round-lab-dokdo-toner-200-ml-dokdo-lotion-200ml-set","status":"publish","type":"product","link":"https:\/\/wavexia.com\/?product=round-lab-dokdo-toner-200-ml-dokdo-lotion-200ml-set","title":{"rendered":"ROUND LAB Dokdo Toner 200 ml + Dokdo Lotion 200ml Set"},"content":{"rendered":"<h2>Description<\/h2>\n<ul class=\"product-item-tabs__content tabs-content scrolling\">\n<li class=\"product-info__description\"><strong>Contenu du Set :<\/strong>&nbsp;Tonique Peeling Hydratant \u2013 Tonique Dokdo 1025 de Round Lab, 200 ml + Lotion Visage Hydratante \u00e0 l\u2019Eau de Mer \u2013 Lotion Dokdo 1025 de Round Lab, 200 ml\n<p><strong>Tonique Peeling Hydratant \u2013 Tonique Dokdo 1025 de Round Lab<\/strong><br \/>Ce tonique conserve l\u2019hydratation de la peau apr\u00e8s le nettoyage et am\u00e9liore sa perm\u00e9abilit\u00e9, c\u2019est-\u00e0-dire qu\u2019il aide \u00e0 l\u2019absorption plus rapide et plus active des composants b\u00e9n\u00e9fiques contenus dans les produits de soin appliqu\u00e9s par la suite.<br \/>De plus, le tonique procure \u00e0 la peau fra\u00eecheur, hydratation, confort et douceur, offrant un effet \u00ab&nbsp;ros\u00e9e&nbsp;\u00bb \u2013 l\u2019aspect d\u2019une peau humide, radieuse et bien repos\u00e9e.<br \/>L\u2019eau de mer profonde, au c\u0153ur de la formule, assure une saturation compl\u00e8te de la peau en nutriments et min\u00e9raux (contient plus de 72 oligo-\u00e9l\u00e9ments b\u00e9n\u00e9fiques, y compris le magn\u00e9sium, le calcium, le potassium, et d\u2019autres), en \u00e9nergie et en sant\u00e9, permettant de la maintenir hydrat\u00e9e et bien soign\u00e9e. Elle adoucit \u00e9galement et renforce la barri\u00e8re protectrice de la peau.<br \/>Le complexe brevet\u00e9 Hatching EX-07, contenant des enzymes, est responsable de l\u2019action de peeling douce du tonique, \u00e9liminant les cellules mortes de la peau et l\u2019exc\u00e8s de s\u00e9bum, lissant la texture de la peau et favorisant le renouvellement cutan\u00e9.<br \/>Le panth\u00e9nol, l\u2019allanto\u00efne et la b\u00e9ta\u00efne offrent des effets apaisants et tonifiants.<br \/>La texture aqueuse l\u00e9g\u00e8re du produit est rapidement absorb\u00e9e sans laisser de sensation collante, tout en saturant pleinement la peau d\u2019hydratation et de nutriments.<br \/>Le produit est hypoallerg\u00e9nique, non com\u00e9dog\u00e8ne, test\u00e9 dermatologiquement et reconnu comme s\u00fbr pour la peau sensible du visage. Il convient \u00e0 tous les types de peau. Il ne contient pas d\u2019alcool, de parab\u00e8nes, de sulfates, ni de parfums.<br \/><strong>Lotion Visage Hydratante \u00e0 l\u2019Eau de Mer \u2013 Lotion Dokdo 1025 de Round Lab<\/strong><br \/>La Lotion Dokdo 1025 de Round Lab est un produit hydratant pour le visage sous forme de lotion. Avec une texture l\u00e9g\u00e8re et d\u00e9licate, semblable \u00e0 un voile entre une essence et une cr\u00e8me, elle maintient l\u2019\u00e9quilibre hydrique de la peau, apaise la peau irrit\u00e9e et hydrate pendant 24 heures. La lotion peut \u00eatre utilis\u00e9e comme un produit hydratant autonome, en couches, ou m\u00e9lang\u00e9e \u00e0 votre fond de teint pour cr\u00e9er un fini plus hydrat\u00e9. Elle convient \u00e0 tous les types de peau, y compris les peaux sensibles. Particuli\u00e8rement appr\u00e9ci\u00e9e par ceux qui pr\u00e9f\u00e8rent des textures fluides sans huile, qui ne laissent pas une sensation grasse ou collante sur le visage.<br \/>Elle assure une saturation compl\u00e8te de la peau en nutriments et min\u00e9raux, en \u00e9nergie et en sant\u00e9, permettant de la maintenir hydrat\u00e9e et bien soign\u00e9e.<br \/>Elle adoucit et renforce la barri\u00e8re protectrice de la peau.<br \/>Elle est responsable de l\u2019action de peeling douce, \u00e9liminant les cellules mortes de la peau et l\u2019exc\u00e8s de s\u00e9bum, lissant la texture de la peau et favorisant le renouvellement cutan\u00e9.<br \/>Elle a un effet apaisant et forme une couche protectrice.<br \/>Le produit est hypoallerg\u00e9nique, non com\u00e9dog\u00e8ne, test\u00e9 dermatologiquement et reconnu comme s\u00fbr pour la peau sensible du visage.<\/p>\n<\/li>\n<\/ul>\n<ul class=\"product-item-tabs__nav tabs-nav\">\n<li>Conseils d\u2019utilisation<\/li>\n<li class=\"active-tab\"><strong>Toner Hydratant avec Effet Peeling \u2013 Round Lab 1025 Dokdo Toner<\/strong>Apr\u00e8s avoir nettoy\u00e9 votre peau, appliquez une petite quantit\u00e9 de toner sur vos paumes. R\u00e9partissez-le uniform\u00e9ment sur votre peau avec des mouvements doux.\n<p>Pour am\u00e9liorer l\u2019hydratation de la peau, appliquez le toner en plusieurs couches. Si votre peau est irrit\u00e9e en raison de facteurs environnementaux, imbibez des cotons de toner. Utilisez-les comme compresse hydratante en les laissant sur votre peau pendant 5 \u00e0 10 minutes.<\/p>\n<p><strong>Lotion Hydratante pour le Visage avec Eau de Mer \u2013 Round Lab 1025 Dokdo Lotion<\/strong><\/p>\n<p>Appliquez une quantit\u00e9 appropri\u00e9e de lotion sur votre peau et r\u00e9partissez-la avec des mouvements de massage.<\/p>\n<\/li>\n<\/ul>\n","protected":false},"excerpt":{"rendered":"<p>Description Contenu du Set :&nbsp;Tonique Peeling Hydratant \u2013 Tonique Dokdo 1025 de Round Lab, 200 ml + Lotion Visage Hydratante \u00e0 l\u2019Eau de Mer \u2013 Lotion Dokdo 1025 de Round Lab, 200 ml Tonique Peeling Hydratant \u2013 Tonique Dokdo 1025 de Round LabCe tonique conserve l\u2019hydratation de la peau apr\u00e8s le nettoyage et am\u00e9liore sa [&hellip;]<\/p>\n","protected":false},"featured_media":5528,"comment_status":"open","ping_status":"closed","template":"","meta":{"content-type":"","_uag_custom_page_level_css":""},"pwb-brand":[],"product_brand":[],"product_cat":[328,334,341,345],"product_tag":[],"class_list":{"0":"post-5529","1":"product","2":"type-product","3":"status-publish","4":"has-post-thumbnail","6":"product_cat-nouveautes","7":"product_cat-produits-coreens","8":"product_cat-round-lab","9":"product_cat-toner-pads","11":"first","12":"instock","13":"sale","14":"shipping-taxable","15":"purchasable","16":"product-type-simple"},"aioseo_notices":[],"uagb_featured_image_src":{"full":["https:\/\/wavexia.com\/wp-content\/uploads\/2025\/10\/51LQprprZCL.jpg",1500,1500,false],"thumbnail":["https:\/\/wavexia.com\/wp-content\/uploads\/2025\/10\/51LQprprZCL-150x150.jpg",150,150,true],"medium":["https:\/\/wavexia.com\/wp-content\/uploads\/2025\/10\/51LQprprZCL-300x300.jpg",300,300,true],"medium_large":["https:\/\/wavexia.com\/wp-content\/uploads\/2025\/10\/51LQprprZCL-768x768.jpg",768,768,true],"large":["https:\/\/wavexia.com\/wp-content\/uploads\/2025\/10\/51LQprprZCL-1024x1024.jpg",1024,1024,true],"1536x1536":["https:\/\/wavexia.com\/wp-content\/uploads\/2025\/10\/51LQprprZCL.jpg",1500,1500,false],"2048x2048":["https:\/\/wavexia.com\/wp-content\/uploads\/2025\/10\/51LQprprZCL.jpg",1500,1500,false],"woocommerce_archive_thumbnail":["https:\/\/wavexia.com\/wp-content\/uploads\/2025\/10\/51LQprprZCL-300x300.jpg",300,300,true],"woocommerce_thumbnail":["https:\/\/wavexia.com\/wp-content\/uploads\/2025\/10\/51LQprprZCL-300x300.jpg",300,300,true],"woocommerce_single":["https:\/\/wavexia.com\/wp-content\/uploads\/2025\/10\/51LQprprZCL-600x600.jpg",600,600,true],"woocommerce_gallery_thumbnail":["https:\/\/wavexia.com\/wp-content\/uploads\/2025\/10\/51LQprprZCL-100x100.jpg",100,100,true]},"uagb_author_info":{"display_name":"zineddine.ayoub98@gmail.com","author_link":"https:\/\/wavexia.com\/?author=0"},"uagb_comment_info":0,"uagb_excerpt":"Description Contenu du Set :&nbsp;Tonique Peeling Hydratant \u2013 Tonique Dokdo 1025 de Round Lab, 200 ml + Lotion Visage Hydratante \u00e0 l\u2019Eau de Mer \u2013 Lotion Dokdo 1025 de Round Lab, 200 ml Tonique Peeling Hydratant \u2013 Tonique Dokdo 1025 de Round LabCe tonique conserve l\u2019hydratation de la peau apr\u00e8s le nettoyage et am\u00e9liore sa&hellip;","brands":[],"_links":{"self":[{"href":"https:\/\/wavexia.com\/index.php?rest_route=\/wp\/v2\/product\/5529","targetHints":{"allow":["GET"]}}],"collection":[{"href":"https:\/\/wavexia.com\/index.php?rest_route=\/wp\/v2\/product"}],"about":[{"href":"https:\/\/wavexia.com\/index.php?rest_route=\/wp\/v2\/types\/product"}],"replies":[{"embeddable":true,"href":"https:\/\/wavexia.com\/index.php?rest_route=%2Fwp%2Fv2%2Fcomments&post=5529"}],"wp:featuredmedia":[{"embeddable":true,"href":"https:\/\/wavexia.com\/index.php?rest_route=\/wp\/v2\/media\/5528"}],"wp:attachment":[{"href":"https:\/\/wavexia.com\/index.php?rest_route=%2Fwp%2Fv2%2Fmedia&parent=5529"}],"wp:term":[{"taxonomy":"pwb-brand","embeddable":true,"href":"https:\/\/wavexia.com\/index.php?rest_route=%2Fwp%2Fv2%2Fpwb-brand&post=5529"},{"taxonomy":"product_brand","embeddable":true,"href":"https:\/\/wavexia.com\/index.php?rest_route=%2Fwp%2Fv2%2Fproduct_brand&post=5529"},{"taxonomy":"product_cat","embeddable":true,"href":"https:\/\/wavexia.com\/index.php?rest_route=%2Fwp%2Fv2%2Fproduct_cat&post=5529"},{"taxonomy":"product_tag","embeddable":true,"href":"https:\/\/wavexia.com\/index.php?rest_route=%2Fwp%2Fv2%2Fproduct_tag&post=5529"}],"curies":[{"name":"wp","href":"https:\/\/api.w.org\/{rel}","templated":true}]}}