{"id":5520,"date":"2025-10-19T09:21:34","date_gmt":"2025-10-19T09:21:34","guid":{"rendered":"https:\/\/wavexia.com\/product\/tsubaki-premium-repair-mask-180-g\/"},"modified":"2026-03-10T07:31:10","modified_gmt":"2026-03-10T07:31:10","slug":"tsubaki-premium-repair-mask-180-g","status":"publish","type":"product","link":"https:\/\/wavexia.com\/?product=tsubaki-premium-repair-mask-180-g","title":{"rendered":"TSUBAKI PREMIUM REPAIR MASK 180 G"},"content":{"rendered":"<h2>Description<\/h2>\n<p>Le&nbsp;<strong>TSUBAKI Premium Ex Repair Mask<\/strong>&nbsp;est un<strong>&nbsp;masque capillaire japonais<\/strong>&nbsp;r\u00e9volutionnaire qui offre des r\u00e9sultats comparables \u00e0 ceux d\u2019un salon de coiffure, directement chez vous. Gr\u00e2ce \u00e0 la technologie innovante CMC (Cell Membrane Complex), ce soin p\u00e9n\u00e8tre instantan\u00e9ment et profond\u00e9ment dans la&nbsp;<strong>fibre capillaire<\/strong>, scelle les cuticules et r\u00e9pare les&nbsp;<strong>cheveux ab\u00eem\u00e9s<\/strong>&nbsp;sans n\u00e9cessiter de temps d\u2019attente prolong\u00e9.&nbsp;<strong>Enrichi en huile de cam\u00e9lia japonais<\/strong>, ce&nbsp;<strong>masque<\/strong>&nbsp;propose la plus forte concentration de cet ingr\u00e9dient pr\u00e9cieux dans la gamme&nbsp;<strong>Tsubaki<\/strong>, assurant une r\u00e9paration intense et une brillance \u00e9clatante.<\/p>\n","protected":false},"excerpt":{"rendered":"<p>Description Le&nbsp;TSUBAKI Premium Ex Repair Mask&nbsp;est un&nbsp;masque capillaire japonais&nbsp;r\u00e9volutionnaire qui offre des r\u00e9sultats comparables \u00e0 ceux d\u2019un salon de coiffure, directement chez vous. Gr\u00e2ce \u00e0 la technologie innovante CMC (Cell Membrane Complex), ce soin p\u00e9n\u00e8tre instantan\u00e9ment et profond\u00e9ment dans la&nbsp;fibre capillaire, scelle les cuticules et r\u00e9pare les&nbsp;cheveux ab\u00eem\u00e9s&nbsp;sans n\u00e9cessiter de temps d\u2019attente prolong\u00e9.&nbsp;Enrichi en huile [&hellip;]<\/p>\n","protected":false},"featured_media":5519,"comment_status":"open","ping_status":"closed","template":"","meta":{"content-type":"","_uag_custom_page_level_css":""},"pwb-brand":[],"product_brand":[],"product_cat":[377,334,449],"product_tag":[],"class_list":{"0":"post-5520","1":"product","2":"type-product","3":"status-publish","4":"has-post-thumbnail","6":"product_cat-cheveux","7":"product_cat-produits-coreens","8":"product_cat-tsubaki","10":"first","11":"instock","12":"sale","13":"shipping-taxable","14":"purchasable","15":"product-type-simple"},"aioseo_notices":[],"uagb_featured_image_src":{"full":["https:\/\/wavexia.com\/wp-content\/uploads\/2025\/10\/shiseido-tsubaki-premium-repair-hair-mask.jpg",1000,1000,false],"thumbnail":["https:\/\/wavexia.com\/wp-content\/uploads\/2025\/10\/shiseido-tsubaki-premium-repair-hair-mask-150x150.jpg",150,150,true],"medium":["https:\/\/wavexia.com\/wp-content\/uploads\/2025\/10\/shiseido-tsubaki-premium-repair-hair-mask-300x300.jpg",300,300,true],"medium_large":["https:\/\/wavexia.com\/wp-content\/uploads\/2025\/10\/shiseido-tsubaki-premium-repair-hair-mask-768x768.jpg",768,768,true],"large":["https:\/\/wavexia.com\/wp-content\/uploads\/2025\/10\/shiseido-tsubaki-premium-repair-hair-mask.jpg",1000,1000,false],"1536x1536":["https:\/\/wavexia.com\/wp-content\/uploads\/2025\/10\/shiseido-tsubaki-premium-repair-hair-mask.jpg",1000,1000,false],"2048x2048":["https:\/\/wavexia.com\/wp-content\/uploads\/2025\/10\/shiseido-tsubaki-premium-repair-hair-mask.jpg",1000,1000,false],"woocommerce_archive_thumbnail":["https:\/\/wavexia.com\/wp-content\/uploads\/2025\/10\/shiseido-tsubaki-premium-repair-hair-mask-300x300.jpg",300,300,true],"woocommerce_thumbnail":["https:\/\/wavexia.com\/wp-content\/uploads\/2025\/10\/shiseido-tsubaki-premium-repair-hair-mask-300x300.jpg",300,300,true],"woocommerce_single":["https:\/\/wavexia.com\/wp-content\/uploads\/2025\/10\/shiseido-tsubaki-premium-repair-hair-mask-600x600.jpg",600,600,true],"woocommerce_gallery_thumbnail":["https:\/\/wavexia.com\/wp-content\/uploads\/2025\/10\/shiseido-tsubaki-premium-repair-hair-mask-100x100.jpg",100,100,true]},"uagb_author_info":{"display_name":"zineddine.ayoub98@gmail.com","author_link":"https:\/\/wavexia.com\/?author=0"},"uagb_comment_info":0,"uagb_excerpt":"Description Le&nbsp;TSUBAKI Premium Ex Repair Mask&nbsp;est un&nbsp;masque capillaire japonais&nbsp;r\u00e9volutionnaire qui offre des r\u00e9sultats comparables \u00e0 ceux d\u2019un salon de coiffure, directement chez vous. Gr\u00e2ce \u00e0 la technologie innovante CMC (Cell Membrane Complex), ce soin p\u00e9n\u00e8tre instantan\u00e9ment et profond\u00e9ment dans la&nbsp;fibre capillaire, scelle les cuticules et r\u00e9pare les&nbsp;cheveux ab\u00eem\u00e9s&nbsp;sans n\u00e9cessiter de temps d\u2019attente prolong\u00e9.&nbsp;Enrichi en huile&hellip;","brands":[],"_links":{"self":[{"href":"https:\/\/wavexia.com\/index.php?rest_route=\/wp\/v2\/product\/5520","targetHints":{"allow":["GET"]}}],"collection":[{"href":"https:\/\/wavexia.com\/index.php?rest_route=\/wp\/v2\/product"}],"about":[{"href":"https:\/\/wavexia.com\/index.php?rest_route=\/wp\/v2\/types\/product"}],"replies":[{"embeddable":true,"href":"https:\/\/wavexia.com\/index.php?rest_route=%2Fwp%2Fv2%2Fcomments&post=5520"}],"wp:featuredmedia":[{"embeddable":true,"href":"https:\/\/wavexia.com\/index.php?rest_route=\/wp\/v2\/media\/5519"}],"wp:attachment":[{"href":"https:\/\/wavexia.com\/index.php?rest_route=%2Fwp%2Fv2%2Fmedia&parent=5520"}],"wp:term":[{"taxonomy":"pwb-brand","embeddable":true,"href":"https:\/\/wavexia.com\/index.php?rest_route=%2Fwp%2Fv2%2Fpwb-brand&post=5520"},{"taxonomy":"product_brand","embeddable":true,"href":"https:\/\/wavexia.com\/index.php?rest_route=%2Fwp%2Fv2%2Fproduct_brand&post=5520"},{"taxonomy":"product_cat","embeddable":true,"href":"https:\/\/wavexia.com\/index.php?rest_route=%2Fwp%2Fv2%2Fproduct_cat&post=5520"},{"taxonomy":"product_tag","embeddable":true,"href":"https:\/\/wavexia.com\/index.php?rest_route=%2Fwp%2Fv2%2Fproduct_tag&post=5520"}],"curies":[{"name":"wp","href":"https:\/\/api.w.org\/{rel}","templated":true}]}}