{"id":5514,"date":"2025-10-19T09:21:28","date_gmt":"2025-10-19T09:21:28","guid":{"rendered":"https:\/\/wavexia.com\/product\/medicube-pdrn-pink-one-day-serum-10-ampoules\/"},"modified":"2026-03-10T07:31:10","modified_gmt":"2026-03-10T07:31:10","slug":"medicube-pdrn-pink-one-day-serum-10-ampoules","status":"publish","type":"product","link":"https:\/\/wavexia.com\/?product=medicube-pdrn-pink-one-day-serum-10-ampoules","title":{"rendered":"Medicube PDRN PINK ONE DAY SERUM 10 AMPOULES"},"content":{"rendered":"<h2>Description<\/h2>\n<p><strong>Ampoules \u00e0 dose unique Pink Drop avec 99% de saumon PDRN<\/strong><\/p>\n<p><strong>Traitement intensif avec technologie avanc\u00e9e pour une peau visiblement renouvel\u00e9e<\/strong><\/p>\n<p>D\u00e9couvrez la derni\u00e8re innovation en&nbsp;<strong>mati\u00e8re de soins du visage de haute pr\u00e9cision<\/strong>&nbsp;avec l\u2019ampoule&nbsp;<strong>Pink Drop de Medicube<\/strong>. Sa formule concentr\u00e9e et \u00e0 absorption rapide&nbsp;<strong>maximise l\u2019efficacit\u00e9 de chaque application<\/strong>, assurant une p\u00e9n\u00e9tration profonde sans r\u00e9sidus pour stimuler la r\u00e9g\u00e9n\u00e9ration cellulaire et am\u00e9liorer le grain de peau.<\/p>\n<p><strong>Formule scientifique pour une peau rajeunie<\/strong><\/p>\n<p>Chaque ampoule est con\u00e7ue avec&nbsp;<strong>des ingr\u00e9dients performants<\/strong>&nbsp;qui agissent en synergie pour lutter contre les signes de l\u2019\u00e2ge et redonner \u00e0 la peau son \u00e9lasticit\u00e9 et son \u00e9clat naturels :<\/p>\n<ul>\n<li>\u2714\ufe0f&nbsp;<strong>99% PDRN de saumon de haute puret\u00e9<\/strong>&nbsp;\u2013 D\u00e9riv\u00e9 de l\u2019ADN de saumon, hautement compatible avec la peau humaine, aide \u00e0&nbsp;<strong>r\u00e9parer la barri\u00e8re cutan\u00e9e<\/strong>, \u00e0 am\u00e9liorer la fermet\u00e9 et&nbsp;<strong>\u00e0 uniformiser le tonus<\/strong>.<\/li>\n<li>\u2714\ufe0f&nbsp;<strong>Collag\u00e8ne ultra-petit (285Da)<\/strong>&nbsp;\u2013 Avec une structure&nbsp;<strong>1000 fois plus petite<\/strong>&nbsp;que le collag\u00e8ne conventionnel, il p\u00e9n\u00e8tre dans les couches profondes de la peau pour&nbsp;<strong>am\u00e9liorer l\u2019\u00e9lasticit\u00e9 et la densit\u00e9 de la peau<\/strong>.<\/li>\n<li>\u2714\ufe0f&nbsp;<strong>Complexe de glutathion et d\u2019\u00e9lastine<\/strong>&nbsp;\u2013 Puissante combinaison antioxydante qui&nbsp;<strong>\u00e9claircit la peau, unifie son teint et procure un effet \u00ab peau de verre \u00bb.<\/strong><\/li>\n<\/ul>\n<p><strong>Format monodose inspir\u00e9 des compte-gouttes ophtalmiques<\/strong><\/p>\n<p>Pour assurer un&nbsp;<strong>maximum de fra\u00eecheur et d\u2019efficacit\u00e9<\/strong>, chaque ampoule est emball\u00e9e individuellement dans un design ergonomique inspir\u00e9 des&nbsp;<strong>compte-gouttes ophtalmiques<\/strong>, permettant de :<\/p>\n<ul>\n<li>\ud83d\udca7&nbsp;<strong>Conservation optimale<\/strong>&nbsp;des ingr\u00e9dients actifs jusqu\u2019au moment de l\u2019utilisation<\/li>\n<li>\ud83d\udca7&nbsp;<strong>Dosage pr\u00e9cis<\/strong>&nbsp;pour un traitement uniforme et contr\u00f4l\u00e9<\/li>\n<li>\ud83d\udca7&nbsp;<strong>Formule intensive stable<\/strong>&nbsp;sans risque de contamination<\/li>\n<li><strong>R\u00e9sultats cliniquement prouv\u00e9s<\/strong><\/li>\n<\/ul>\n<p>Des \u00e9tudes men\u00e9es par le&nbsp;<strong>Cutisd Life Scientific Research Center<\/strong>&nbsp;ont montr\u00e9 que :<\/p>\n<ul>\n<li>\ud83d\udcc8&nbsp;<strong>+58,7% d\u2019augmentation de l\u2019hydratation et de l\u2019\u00e9clat<\/strong>&nbsp;apr\u00e8s une seule utilisation<\/li>\n<li>\ud83d\udcc8&nbsp;<strong>+5,6% d\u2019am\u00e9lioration de la texture de la peau<\/strong>&nbsp;apr\u00e8s deux semaines d\u2019utilisation continue<\/li>\n<\/ul>\n<p><strong>Transformez votre peau en 10 jours<\/strong><\/p>\n<p>L\u2019ensemble comprend&nbsp;<strong>10 ampoules \u00e0 dose unique<\/strong>, con\u00e7ues pour un traitement intensif qui am\u00e9liore la r\u00e9g\u00e9n\u00e9ration et am\u00e9liore visiblement la qualit\u00e9 de la peau.<\/p>\n<p><strong>Medicube PDRN Pink One Day Serum Set vs&nbsp;Medicube PDRN Pink Peptide Serum<\/strong><\/p>\n<ul>\n<li><a href=\"https:\/\/www.koreanbeautyshopeu.com\/product-page\/medicube-pdrn-pink-peptide-serum\" target=\"_blank\" rel=\"noopener\"><strong>Medicube PDRN Pink Peptide Serum<\/strong><\/a>&nbsp;: Id\u00e9al pour les soins quotidiens, ce s\u00e9rum combine PDRN et peptides pour renforcer, hydrater et revitaliser la peau, la laissant ferme et \u00e9clatante avec une utilisation constante.<\/li>\n<li><strong>Medicube PDRN Pink One Day Serum Set<\/strong>&nbsp;: parfaites pour un boost intensif, ces ampoules concentr\u00e9es \u00e0 dose unique offrent des r\u00e9sultats rapides en \u00e9clat et fermet\u00e9, id\u00e9ales pour les \u00e9v\u00e9nements sp\u00e9ciaux ou les peaux fatigu\u00e9es.<\/li>\n<\/ul>\n","protected":false},"excerpt":{"rendered":"<p>Description Ampoules \u00e0 dose unique Pink Drop avec 99% de saumon PDRN Traitement intensif avec technologie avanc\u00e9e pour une peau visiblement renouvel\u00e9e D\u00e9couvrez la derni\u00e8re innovation en&nbsp;mati\u00e8re de soins du visage de haute pr\u00e9cision&nbsp;avec l\u2019ampoule&nbsp;Pink Drop de Medicube. Sa formule concentr\u00e9e et \u00e0 absorption rapide&nbsp;maximise l\u2019efficacit\u00e9 de chaque application, assurant une p\u00e9n\u00e9tration profonde sans r\u00e9sidus [&hellip;]<\/p>\n","protected":false},"featured_media":5513,"comment_status":"open","ping_status":"closed","template":"","meta":{"content-type":"","_uag_custom_page_level_css":""},"pwb-brand":[],"product_brand":[],"product_cat":[349,334,338],"product_tag":[],"class_list":{"0":"post-5514","1":"product","2":"type-product","3":"status-publish","4":"has-post-thumbnail","6":"product_cat-medicube","7":"product_cat-produits-coreens","8":"product_cat-serum-ampoule","10":"first","11":"instock","12":"sale","13":"shipping-taxable","14":"purchasable","15":"product-type-simple"},"aioseo_notices":[],"uagb_featured_image_src":{"full":["https:\/\/wavexia.com\/wp-content\/uploads\/2025\/10\/Medicube_PDRN_Pink_One_Day_Serum-Holiholic_grande.webp",575,600,false],"thumbnail":["https:\/\/wavexia.com\/wp-content\/uploads\/2025\/10\/Medicube_PDRN_Pink_One_Day_Serum-Holiholic_grande-150x150.webp",150,150,true],"medium":["https:\/\/wavexia.com\/wp-content\/uploads\/2025\/10\/Medicube_PDRN_Pink_One_Day_Serum-Holiholic_grande-288x300.webp",288,300,true],"medium_large":["https:\/\/wavexia.com\/wp-content\/uploads\/2025\/10\/Medicube_PDRN_Pink_One_Day_Serum-Holiholic_grande.webp",575,600,false],"large":["https:\/\/wavexia.com\/wp-content\/uploads\/2025\/10\/Medicube_PDRN_Pink_One_Day_Serum-Holiholic_grande.webp",575,600,false],"1536x1536":["https:\/\/wavexia.com\/wp-content\/uploads\/2025\/10\/Medicube_PDRN_Pink_One_Day_Serum-Holiholic_grande.webp",575,600,false],"2048x2048":["https:\/\/wavexia.com\/wp-content\/uploads\/2025\/10\/Medicube_PDRN_Pink_One_Day_Serum-Holiholic_grande.webp",575,600,false],"woocommerce_archive_thumbnail":["https:\/\/wavexia.com\/wp-content\/uploads\/2025\/10\/Medicube_PDRN_Pink_One_Day_Serum-Holiholic_grande-300x313.webp",300,313,true],"woocommerce_thumbnail":["https:\/\/wavexia.com\/wp-content\/uploads\/2025\/10\/Medicube_PDRN_Pink_One_Day_Serum-Holiholic_grande-300x300.webp",300,300,true],"woocommerce_single":["https:\/\/wavexia.com\/wp-content\/uploads\/2025\/10\/Medicube_PDRN_Pink_One_Day_Serum-Holiholic_grande.webp",575,600,false],"woocommerce_gallery_thumbnail":["https:\/\/wavexia.com\/wp-content\/uploads\/2025\/10\/Medicube_PDRN_Pink_One_Day_Serum-Holiholic_grande-100x100.webp",100,100,true]},"uagb_author_info":{"display_name":"zineddine.ayoub98@gmail.com","author_link":"https:\/\/wavexia.com\/?author=0"},"uagb_comment_info":0,"uagb_excerpt":"Description Ampoules \u00e0 dose unique Pink Drop avec 99% de saumon PDRN Traitement intensif avec technologie avanc\u00e9e pour une peau visiblement renouvel\u00e9e D\u00e9couvrez la derni\u00e8re innovation en&nbsp;mati\u00e8re de soins du visage de haute pr\u00e9cision&nbsp;avec l\u2019ampoule&nbsp;Pink Drop de Medicube. Sa formule concentr\u00e9e et \u00e0 absorption rapide&nbsp;maximise l\u2019efficacit\u00e9 de chaque application, assurant une p\u00e9n\u00e9tration profonde sans r\u00e9sidus&hellip;","brands":[],"_links":{"self":[{"href":"https:\/\/wavexia.com\/index.php?rest_route=\/wp\/v2\/product\/5514","targetHints":{"allow":["GET"]}}],"collection":[{"href":"https:\/\/wavexia.com\/index.php?rest_route=\/wp\/v2\/product"}],"about":[{"href":"https:\/\/wavexia.com\/index.php?rest_route=\/wp\/v2\/types\/product"}],"replies":[{"embeddable":true,"href":"https:\/\/wavexia.com\/index.php?rest_route=%2Fwp%2Fv2%2Fcomments&post=5514"}],"wp:featuredmedia":[{"embeddable":true,"href":"https:\/\/wavexia.com\/index.php?rest_route=\/wp\/v2\/media\/5513"}],"wp:attachment":[{"href":"https:\/\/wavexia.com\/index.php?rest_route=%2Fwp%2Fv2%2Fmedia&parent=5514"}],"wp:term":[{"taxonomy":"pwb-brand","embeddable":true,"href":"https:\/\/wavexia.com\/index.php?rest_route=%2Fwp%2Fv2%2Fpwb-brand&post=5514"},{"taxonomy":"product_brand","embeddable":true,"href":"https:\/\/wavexia.com\/index.php?rest_route=%2Fwp%2Fv2%2Fproduct_brand&post=5514"},{"taxonomy":"product_cat","embeddable":true,"href":"https:\/\/wavexia.com\/index.php?rest_route=%2Fwp%2Fv2%2Fproduct_cat&post=5514"},{"taxonomy":"product_tag","embeddable":true,"href":"https:\/\/wavexia.com\/index.php?rest_route=%2Fwp%2Fv2%2Fproduct_tag&post=5514"}],"curies":[{"name":"wp","href":"https:\/\/api.w.org\/{rel}","templated":true}]}}