{"id":5505,"date":"2025-10-19T09:21:22","date_gmt":"2025-10-19T09:21:22","guid":{"rendered":"https:\/\/wavexia.com\/product\/fenty-beauty-gloss-bomb-universal-lip-luminizer-ref-02-fussy\/"},"modified":"2026-03-10T07:31:10","modified_gmt":"2026-03-10T07:31:10","slug":"fenty-beauty-gloss-bomb-universal-lip-luminizer-ref-02-fussy","status":"publish","type":"product","link":"https:\/\/wavexia.com\/?product=fenty-beauty-gloss-bomb-universal-lip-luminizer-ref-02-fussy","title":{"rendered":"FENTY BEAUTY Gloss Bomb Universal Lip Luminizer \u2013 REF 02 FUSSY"},"content":{"rendered":"<h2>Description<\/h2>\n<p>FENTY BEAUTY Gloss Bomb Universal Lip Luminizer est l\u2019iconique gloss \u00e0 l\u00e8vres FENTY BEAUTY qui apporte une brillance irr\u00e9sistible \u00e0 vos l\u00e8vres tout en les nourrissant. Ce brillant \u00e0 l\u00e8vres est s\u00e9lectionn\u00e9 par Rihanna elle-m\u00eame en guise de touche finale ultime \u00e0 tout look beaut\u00e9.<br \/>Pour quel type de maquillage ?<br \/>En un passage, les l\u00e8vres apparaissent visiblement plus pulpeuses et plus lisses. Elles sont nourries et hydrat\u00e9es gr\u00e2ce \u00e0 la formule sp\u00e9ciale de ce gloss brillant riche en beurre de karit\u00e9. M\u00eame si la formule est brillante, elle ne colle pas. Le plus : le parfum p\u00eache vanille du gloss va vous faire craquer !<br \/>\u2013 R\u00e9f\u00e9rence : Fenty Glow<\/p>\n<h5>CONSEIL D\u2019UTILISATION<\/h5>\n<p>Vous pouvez porter ce gloss de FENTY BEAUTY seul, ou en top coat par-dessus un rouge \u00e0 l\u00e8vres pour apporter la touche finale \u00e0 votre look<\/p>\n","protected":false},"excerpt":{"rendered":"<p>Description FENTY BEAUTY Gloss Bomb Universal Lip Luminizer est l\u2019iconique gloss \u00e0 l\u00e8vres FENTY BEAUTY qui apporte une brillance irr\u00e9sistible \u00e0 vos l\u00e8vres tout en les nourrissant. Ce brillant \u00e0 l\u00e8vres est s\u00e9lectionn\u00e9 par Rihanna elle-m\u00eame en guise de touche finale ultime \u00e0 tout look beaut\u00e9.Pour quel type de maquillage ?En un passage, les l\u00e8vres [&hellip;]<\/p>\n","protected":false},"featured_media":5504,"comment_status":"open","ping_status":"closed","template":"","meta":{"content-type":"","_uag_custom_page_level_css":""},"pwb-brand":[],"product_brand":[],"product_cat":[426,360],"product_tag":[],"class_list":{"0":"post-5505","1":"product","2":"type-product","3":"status-publish","4":"has-post-thumbnail","6":"product_cat-fenty-beauty","7":"product_cat-maquillage","9":"first","10":"instock","11":"sale","12":"shipping-taxable","13":"purchasable","14":"product-type-simple"},"aioseo_notices":[],"uagb_featured_image_src":{"full":["https:\/\/wavexia.com\/wp-content\/uploads\/2025\/10\/442806_swatch.webp",585,585,false],"thumbnail":["https:\/\/wavexia.com\/wp-content\/uploads\/2025\/10\/442806_swatch-150x150.webp",150,150,true],"medium":["https:\/\/wavexia.com\/wp-content\/uploads\/2025\/10\/442806_swatch-300x300.webp",300,300,true],"medium_large":["https:\/\/wavexia.com\/wp-content\/uploads\/2025\/10\/442806_swatch.webp",585,585,false],"large":["https:\/\/wavexia.com\/wp-content\/uploads\/2025\/10\/442806_swatch.webp",585,585,false],"1536x1536":["https:\/\/wavexia.com\/wp-content\/uploads\/2025\/10\/442806_swatch.webp",585,585,false],"2048x2048":["https:\/\/wavexia.com\/wp-content\/uploads\/2025\/10\/442806_swatch.webp",585,585,false],"woocommerce_archive_thumbnail":["https:\/\/wavexia.com\/wp-content\/uploads\/2025\/10\/442806_swatch-300x300.webp",300,300,true],"woocommerce_thumbnail":["https:\/\/wavexia.com\/wp-content\/uploads\/2025\/10\/442806_swatch-300x300.webp",300,300,true],"woocommerce_single":["https:\/\/wavexia.com\/wp-content\/uploads\/2025\/10\/442806_swatch.webp",585,585,false],"woocommerce_gallery_thumbnail":["https:\/\/wavexia.com\/wp-content\/uploads\/2025\/10\/442806_swatch-100x100.webp",100,100,true]},"uagb_author_info":{"display_name":"zineddine.ayoub98@gmail.com","author_link":"https:\/\/wavexia.com\/?author=0"},"uagb_comment_info":0,"uagb_excerpt":"Description FENTY BEAUTY Gloss Bomb Universal Lip Luminizer est l\u2019iconique gloss \u00e0 l\u00e8vres FENTY BEAUTY qui apporte une brillance irr\u00e9sistible \u00e0 vos l\u00e8vres tout en les nourrissant. Ce brillant \u00e0 l\u00e8vres est s\u00e9lectionn\u00e9 par Rihanna elle-m\u00eame en guise de touche finale ultime \u00e0 tout look beaut\u00e9.Pour quel type de maquillage ?En un passage, les l\u00e8vres&hellip;","brands":[],"_links":{"self":[{"href":"https:\/\/wavexia.com\/index.php?rest_route=\/wp\/v2\/product\/5505","targetHints":{"allow":["GET"]}}],"collection":[{"href":"https:\/\/wavexia.com\/index.php?rest_route=\/wp\/v2\/product"}],"about":[{"href":"https:\/\/wavexia.com\/index.php?rest_route=\/wp\/v2\/types\/product"}],"replies":[{"embeddable":true,"href":"https:\/\/wavexia.com\/index.php?rest_route=%2Fwp%2Fv2%2Fcomments&post=5505"}],"wp:featuredmedia":[{"embeddable":true,"href":"https:\/\/wavexia.com\/index.php?rest_route=\/wp\/v2\/media\/5504"}],"wp:attachment":[{"href":"https:\/\/wavexia.com\/index.php?rest_route=%2Fwp%2Fv2%2Fmedia&parent=5505"}],"wp:term":[{"taxonomy":"pwb-brand","embeddable":true,"href":"https:\/\/wavexia.com\/index.php?rest_route=%2Fwp%2Fv2%2Fpwb-brand&post=5505"},{"taxonomy":"product_brand","embeddable":true,"href":"https:\/\/wavexia.com\/index.php?rest_route=%2Fwp%2Fv2%2Fproduct_brand&post=5505"},{"taxonomy":"product_cat","embeddable":true,"href":"https:\/\/wavexia.com\/index.php?rest_route=%2Fwp%2Fv2%2Fproduct_cat&post=5505"},{"taxonomy":"product_tag","embeddable":true,"href":"https:\/\/wavexia.com\/index.php?rest_route=%2Fwp%2Fv2%2Fproduct_tag&post=5505"}],"curies":[{"name":"wp","href":"https:\/\/api.w.org\/{rel}","templated":true}]}}