{"id":5501,"date":"2025-10-19T09:21:19","date_gmt":"2025-10-19T09:21:19","guid":{"rendered":"https:\/\/wavexia.com\/product\/medicube-exosome-cica-ampoule-30ml\/"},"modified":"2026-03-10T07:31:10","modified_gmt":"2026-03-10T07:31:10","slug":"medicube-exosome-cica-ampoule-30ml","status":"publish","type":"product","link":"https:\/\/wavexia.com\/?product=medicube-exosome-cica-ampoule-30ml","title":{"rendered":"MEDICUBE EXOSOME CICA AMPOULE 30ML"},"content":{"rendered":"<h2>Description<\/h2>\n<p>Medicube Exosome Cica Ampoule est un s\u00e9rum apaisant con\u00e7u pour prendre soin des peaux sensibles et irrit\u00e9es. Il contient de l\u2019exosome Cica, un ingr\u00e9dient innovant d\u00e9riv\u00e9 de la Centella Asiatica qui est 5,3 fois plus efficace pour apaiser la peau que le Cica ordinaire. Contenant 12 types d\u2019ingr\u00e9dients d\u00e9riv\u00e9s de la cica (y compris de l\u2019exosome de taille nanom\u00e9trique) et de l\u2019ecto\u00efne, cette ampoule est le ticket pour une peau claire et d\u2019apparence saine. D\u2019autres ingr\u00e9dients comme le panth\u00e9nol et les extraits de r\u00e9glisse \u00e9loignent l\u2019irritation. La formule sans parfum est test\u00e9e dermatologiquement pour convenir aux peaux sensibles. L\u2019exosome cica est un puissant ingr\u00e9dient apaisant d\u00e9riv\u00e9 de la partie microscopique de la Centella Asiatica, connu pour ses effets calmants intenses sur la texture in\u00e9gale de la peau. Il augmente l\u2019hydratation de 183&nbsp;% et fournit une hydratation sans irritation pour une sensation de pl\u00e9nitude et d\u2019hydratation.<\/p>\n<h5><strong>Avantages:<\/strong><\/h5>\n<p><strong>Apaisant intensif :<\/strong>&nbsp;Soulage rapidement les irritations et les rougeurs de la peau.<br \/><strong>Hydratation<\/strong>&nbsp;: augmente le niveau d\u2019hydratation de la peau de 183 %, laissant la peau rebondie et hydrat\u00e9e.<\/p>\n<p><strong>Am\u00e9lioration de la texture :<\/strong>&nbsp;Une utilisation r\u00e9guli\u00e8re permet d\u2019obtenir une peau plus lisse et plus douce.<\/p>\n<p><strong>La taille nanom\u00e9trique d\u2019Exosome Cica<\/strong>&nbsp;est 1\/510 plus petite que la taille des pores, ce qui apaise la peau rapidement et en profondeur. Am\u00e9lioration de 21,1 % de la taille des pores, am\u00e9lioration de 77,4 % des cellules mortes de la peau, am\u00e9lioration de 5,2 % de la texture de la peau.<\/p>\n<h5><strong>Ingr\u00e9dients cl\u00e9s<\/strong><\/h5>\n<p><strong>Les 12 types d\u2019ingr\u00e9dients de Cica&nbsp;<\/strong>agissent ensemble pour r\u00e9duire les rougeurs et lisser la peau.<\/p>\n<p><strong>2&nbsp;% de niacinamide<\/strong>&nbsp;aide \u00e0 \u00e9claircir les taches brunes et \u00e0 unifier le teint.<\/p>\n<p><span><strong>L\u2019acide hyaluronique&nbsp;<\/strong>est un ingr\u00e9dient naturellement pr\u00e9sent dans notre corps. Il procure une hydratation intense, aide \u00e0 cicatriser les plaies, comble les ridules et ralentit le vieillissement cutan\u00e9. Il a un effet apaisant sur les peaux irrit\u00e9es et sensibles. Il aide \u00e0 retendre la peau et \u00e0 retrouver son \u00e9lasticit\u00e9.<\/span><\/p>\n<p><strong>L\u2019allanto\u00efne<\/strong>&nbsp;peut aider \u00e0 hydrater, exfolier et gu\u00e9rir la peau. Il a \u00e9t\u00e9 d\u00e9montr\u00e9 que l\u2019allanto\u00efne augmente la production de collag\u00e8ne dans la peau, favorisant l\u2019\u00e9lasticit\u00e9 de la peau et la cicatrisation des plaies, assurant une peau d\u2019apparence plus jeune. L\u2019allanto\u00efne est un ingr\u00e9dient non toxique et s\u00fbr qui peut \u00eatre utilis\u00e9 avec un minimum d\u2019effets secondaires.<\/p>\n<p><span><strong>Le panth\u00e9nol<\/strong>&nbsp;est hydratant, anti-inflammatoire, cicatrisant et a des effets r\u00e9g\u00e9n\u00e9rants. Il renforce la barri\u00e8re cutan\u00e9e et am\u00e9liore l\u2019\u00e9lasticit\u00e9 de la peau. En raison de sa capacit\u00e9 \u00e0 r\u00e9g\u00e9n\u00e9rer les cellules, il aide \u00e0 lutter contre les blessures et les coups de soleil. Hydrate et lie l\u2019humidit\u00e9 \u00e0 elle-m\u00eame.<\/span><\/p>\n<h5><strong>Mode d\u2019emploi :<\/strong><\/h5>\n<p>&nbsp;<\/p>\n<p>Massez la peau apr\u00e8s le nettoyage et la tonification et tamponnez l\u00e9g\u00e8rement pour une meilleure absorption.<\/p>\n<p>&nbsp;<\/p>\n<h5><strong>Ingr\u00e9dients<\/strong><\/h5>\n<p>&nbsp;<\/p>\n<p>Eau de feuille de Centella Asiatica, Eau (Aqua), Glyc\u00e9rine, Butyl\u00e8ne glycol, M\u00e9thylpropanediol, Glyc\u00e9reth-26, Niacinamide, 1,2-Hexanediol, B\u00e9ta\u00efne, Carbom\u00e8re, Trom\u00e9thamine, Isost\u00e9arate de Glyc\u00e9reth-25 PCA, \u00c9thylhexylglyc\u00e9rine, Glycyrrhizate dipotassique, Allanto\u00efne, Copolym\u00e8re d\u2019acrylate de glyc\u00e9ryle\/acide acrylique, Panth\u00e9nol, Extrait de fruit de Gardenia Florida, Extrait de Coptis Japonica, Extrait de racine de Centella Asiatica, Extrait de feuille de Centella Asiatica, Extrait de Centella Asiatica, L\u00e9cithine hydrog\u00e9n\u00e9e, Melaleuca Alternifolia (Arbre \u00e0 th\u00e9) Eau de feuille, propanediol, mad\u00e9cassoside, extrait de Glycyrrhiza Uralensis (r\u00e9glisse), ecto\u00efne, dipropyl\u00e8ne glycol, v\u00e9sicules de feuilles de Centella Asiatica, triglyc\u00e9ride caprylique\/caprique, gomme de biosaccharide-1, pentyl\u00e8ne glycol, extrait de Melaleuca alternifolia (arbre \u00e0 th\u00e9), hyaluronate de sodium, acides amin\u00e9s v\u00e9g\u00e9taux, isom\u00e9rate de saccharide, filtrat de ferment de lactobacille, prot\u00e9ines v\u00e9g\u00e9tales hydrolys\u00e9es, acide hyaluronique, extrait d\u2019Houttuynia Cordata, asiaticoside, acide mad\u00e9cassique, acide asiatique<\/p>\n","protected":false},"excerpt":{"rendered":"<p>Description Medicube Exosome Cica Ampoule est un s\u00e9rum apaisant con\u00e7u pour prendre soin des peaux sensibles et irrit\u00e9es. Il contient de l\u2019exosome Cica, un ingr\u00e9dient innovant d\u00e9riv\u00e9 de la Centella Asiatica qui est 5,3 fois plus efficace pour apaiser la peau que le Cica ordinaire. Contenant 12 types d\u2019ingr\u00e9dients d\u00e9riv\u00e9s de la cica (y compris [&hellip;]<\/p>\n","protected":false},"featured_media":5500,"comment_status":"open","ping_status":"closed","template":"","meta":{"content-type":"","_uag_custom_page_level_css":""},"pwb-brand":[],"product_brand":[],"product_cat":[349,334,338],"product_tag":[],"class_list":{"0":"post-5501","1":"product","2":"type-product","3":"status-publish","4":"has-post-thumbnail","6":"product_cat-medicube","7":"product_cat-produits-coreens","8":"product_cat-serum-ampoule","10":"first","11":"instock","12":"sale","13":"shipping-taxable","14":"purchasable","15":"product-type-simple"},"aioseo_notices":[],"uagb_featured_image_src":{"full":["https:\/\/wavexia.com\/wp-content\/uploads\/2025\/10\/282b0d58-2de4-445b-af86-6fca3e68ab21.jpg",1600,1600,false],"thumbnail":["https:\/\/wavexia.com\/wp-content\/uploads\/2025\/10\/282b0d58-2de4-445b-af86-6fca3e68ab21-150x150.jpg",150,150,true],"medium":["https:\/\/wavexia.com\/wp-content\/uploads\/2025\/10\/282b0d58-2de4-445b-af86-6fca3e68ab21-300x300.jpg",300,300,true],"medium_large":["https:\/\/wavexia.com\/wp-content\/uploads\/2025\/10\/282b0d58-2de4-445b-af86-6fca3e68ab21-768x768.jpg",768,768,true],"large":["https:\/\/wavexia.com\/wp-content\/uploads\/2025\/10\/282b0d58-2de4-445b-af86-6fca3e68ab21-1024x1024.jpg",1024,1024,true],"1536x1536":["https:\/\/wavexia.com\/wp-content\/uploads\/2025\/10\/282b0d58-2de4-445b-af86-6fca3e68ab21-1536x1536.jpg",1536,1536,true],"2048x2048":["https:\/\/wavexia.com\/wp-content\/uploads\/2025\/10\/282b0d58-2de4-445b-af86-6fca3e68ab21.jpg",1600,1600,false],"woocommerce_archive_thumbnail":["https:\/\/wavexia.com\/wp-content\/uploads\/2025\/10\/282b0d58-2de4-445b-af86-6fca3e68ab21-300x300.jpg",300,300,true],"woocommerce_thumbnail":["https:\/\/wavexia.com\/wp-content\/uploads\/2025\/10\/282b0d58-2de4-445b-af86-6fca3e68ab21-300x300.jpg",300,300,true],"woocommerce_single":["https:\/\/wavexia.com\/wp-content\/uploads\/2025\/10\/282b0d58-2de4-445b-af86-6fca3e68ab21-600x600.jpg",600,600,true],"woocommerce_gallery_thumbnail":["https:\/\/wavexia.com\/wp-content\/uploads\/2025\/10\/282b0d58-2de4-445b-af86-6fca3e68ab21-100x100.jpg",100,100,true]},"uagb_author_info":{"display_name":"zineddine.ayoub98@gmail.com","author_link":"https:\/\/wavexia.com\/?author=0"},"uagb_comment_info":0,"uagb_excerpt":"Description Medicube Exosome Cica Ampoule est un s\u00e9rum apaisant con\u00e7u pour prendre soin des peaux sensibles et irrit\u00e9es. Il contient de l\u2019exosome Cica, un ingr\u00e9dient innovant d\u00e9riv\u00e9 de la Centella Asiatica qui est 5,3 fois plus efficace pour apaiser la peau que le Cica ordinaire. Contenant 12 types d\u2019ingr\u00e9dients d\u00e9riv\u00e9s de la cica (y compris&hellip;","brands":[],"_links":{"self":[{"href":"https:\/\/wavexia.com\/index.php?rest_route=\/wp\/v2\/product\/5501","targetHints":{"allow":["GET"]}}],"collection":[{"href":"https:\/\/wavexia.com\/index.php?rest_route=\/wp\/v2\/product"}],"about":[{"href":"https:\/\/wavexia.com\/index.php?rest_route=\/wp\/v2\/types\/product"}],"replies":[{"embeddable":true,"href":"https:\/\/wavexia.com\/index.php?rest_route=%2Fwp%2Fv2%2Fcomments&post=5501"}],"wp:featuredmedia":[{"embeddable":true,"href":"https:\/\/wavexia.com\/index.php?rest_route=\/wp\/v2\/media\/5500"}],"wp:attachment":[{"href":"https:\/\/wavexia.com\/index.php?rest_route=%2Fwp%2Fv2%2Fmedia&parent=5501"}],"wp:term":[{"taxonomy":"pwb-brand","embeddable":true,"href":"https:\/\/wavexia.com\/index.php?rest_route=%2Fwp%2Fv2%2Fpwb-brand&post=5501"},{"taxonomy":"product_brand","embeddable":true,"href":"https:\/\/wavexia.com\/index.php?rest_route=%2Fwp%2Fv2%2Fproduct_brand&post=5501"},{"taxonomy":"product_cat","embeddable":true,"href":"https:\/\/wavexia.com\/index.php?rest_route=%2Fwp%2Fv2%2Fproduct_cat&post=5501"},{"taxonomy":"product_tag","embeddable":true,"href":"https:\/\/wavexia.com\/index.php?rest_route=%2Fwp%2Fv2%2Fproduct_tag&post=5501"}],"curies":[{"name":"wp","href":"https:\/\/api.w.org\/{rel}","templated":true}]}}