{"id":5489,"date":"2025-10-19T09:21:02","date_gmt":"2025-10-19T09:21:02","guid":{"rendered":"https:\/\/wavexia.com\/product\/huda-beauty-empowered-palette-de-fards-a-paupiere\/"},"modified":"2026-03-10T07:31:10","modified_gmt":"2026-03-10T07:31:10","slug":"huda-beauty-empowered-palette-de-fards-a-paupiere","status":"publish","type":"product","link":"https:\/\/wavexia.com\/?product=huda-beauty-empowered-palette-de-fards-a-paupiere","title":{"rendered":"HUDA BEAUTY \u2013 Empowered Palette De Fards \u00c0 Paupi\u00e8re"},"content":{"rendered":"<h2>Description<\/h2>\n<p>Voici la palette ultime pour tous vos looks au quotidien ! Exprimez votre personnalit\u00e9 gr\u00e2ce \u00e0 cette luxueuse gamme de tons dor\u00e9s, cuivr\u00e9s, bruns et neutres onctueux dans une vari\u00e9t\u00e9 de textures : des mats intens\u00e9ment pigment\u00e9s, des eyeliners gel cr\u00e9meux, des tons chrom\u00e9s \u00e0 effet m\u00e9tallis\u00e9 ET un ton brillant \u00e0 effet mouill\u00e9.<\/p>\n<p>Facile \u00e0 appliquer, \u00e0 moduler et \u00e0 estomper, cette palette de couleurs riches est parfaite pour cr\u00e9er vos looks quotidiens, un smoky eye spectaculaire, un superbe maquillage m\u00e9tallis\u00e9, et bien plus encore. Les possibilit\u00e9s sont illimit\u00e9es ! Utilisez simplement un pinceau ou le bout de vos doigts pour les appliquer ; laissez libre cours \u00e0 votre inspiration et faites-vous confiance.<\/p>\n<p>Nouveau ! 2 x Ombres eyeliner gel hybrides<br \/>Ombres \u00e0 paupi\u00e8res hybrides cr\u00e9meuses super pigment\u00e9es. Elles peuvent server d\u2019ombres \u00e0 paupi\u00e8res, d\u2019eyeliners ou de bases \u00e0 paupi\u00e8res une fois fix\u00e9es.<\/p>\n<p>2 x Ombres m\u00e9tallis\u00e9es cr\u00e9meuses<br \/>Ombres m\u00e9tallis\u00e9es hypnotiques et chatoyantes pour un \u00e9clat chromatique surpuissant.<\/p>\n<p>Nouveau ! 1 x Ombre m\u00e9tallique \u00e0 paillettes dor\u00e9es<br \/>Ombre m\u00e9tallique ultraluxe \u00e0 paillettes pour ajouter de l\u2019\u00e9clat \u00e0 votre look.<\/p>\n<p>Nouveau ! 2 x Ombres m\u00e9tallis\u00e9es effet humide haute brillance<br \/>Un duo d\u2019ombres \u00e0 paupi\u00e8res m\u00e9tallis\u00e9es \u00e0 effet humide innovantes.<\/p>\n<p>2 x Ombres m\u00e9tallis\u00e9es en poudre<br \/>Ombres \u00e0 paupi\u00e8res m\u00e9talliques nacr\u00e9es \u00e0 l\u2019\u00e9clat doux, qui se m\u00e9tamorphosent pour offrir un effet alu.<\/p>\n<p>9 x Ombres \u00e0 paupi\u00e8res poudre mates<br \/>Ombres \u00e0 paupi\u00e8res mates intens\u00e9ment pigment\u00e9es, douces et velout\u00e9es, au fini velours, \u00e0 moduler et estomper de mani\u00e8re impeccable.<\/p>\n","protected":false},"excerpt":{"rendered":"<p>Description Voici la palette ultime pour tous vos looks au quotidien ! Exprimez votre personnalit\u00e9 gr\u00e2ce \u00e0 cette luxueuse gamme de tons dor\u00e9s, cuivr\u00e9s, bruns et neutres onctueux dans une vari\u00e9t\u00e9 de textures : des mats intens\u00e9ment pigment\u00e9s, des eyeliners gel cr\u00e9meux, des tons chrom\u00e9s \u00e0 effet m\u00e9tallis\u00e9 ET un ton brillant \u00e0 effet mouill\u00e9. [&hellip;]<\/p>\n","protected":false},"featured_media":5488,"comment_status":"open","ping_status":"closed","template":"","meta":{"content-type":"","_uag_custom_page_level_css":""},"pwb-brand":[],"product_brand":[],"product_cat":[359,360],"product_tag":[],"class_list":{"0":"post-5489","1":"product","2":"type-product","3":"status-publish","4":"has-post-thumbnail","6":"product_cat-huda-beauty","7":"product_cat-maquillage","9":"first","10":"instock","11":"sale","12":"shipping-taxable","13":"purchasable","14":"product-type-simple"},"aioseo_notices":[],"uagb_featured_image_src":{"full":["https:\/\/wavexia.com\/wp-content\/uploads\/2025\/10\/IMG_1170.jpeg",585,585,false],"thumbnail":["https:\/\/wavexia.com\/wp-content\/uploads\/2025\/10\/IMG_1170-150x150.jpeg",150,150,true],"medium":["https:\/\/wavexia.com\/wp-content\/uploads\/2025\/10\/IMG_1170-300x300.jpeg",300,300,true],"medium_large":["https:\/\/wavexia.com\/wp-content\/uploads\/2025\/10\/IMG_1170.jpeg",585,585,false],"large":["https:\/\/wavexia.com\/wp-content\/uploads\/2025\/10\/IMG_1170.jpeg",585,585,false],"1536x1536":["https:\/\/wavexia.com\/wp-content\/uploads\/2025\/10\/IMG_1170.jpeg",585,585,false],"2048x2048":["https:\/\/wavexia.com\/wp-content\/uploads\/2025\/10\/IMG_1170.jpeg",585,585,false],"woocommerce_archive_thumbnail":["https:\/\/wavexia.com\/wp-content\/uploads\/2025\/10\/IMG_1170-300x300.jpeg",300,300,true],"woocommerce_thumbnail":["https:\/\/wavexia.com\/wp-content\/uploads\/2025\/10\/IMG_1170-300x300.jpeg",300,300,true],"woocommerce_single":["https:\/\/wavexia.com\/wp-content\/uploads\/2025\/10\/IMG_1170.jpeg",585,585,false],"woocommerce_gallery_thumbnail":["https:\/\/wavexia.com\/wp-content\/uploads\/2025\/10\/IMG_1170-100x100.jpeg",100,100,true]},"uagb_author_info":{"display_name":"zineddine.ayoub98@gmail.com","author_link":"https:\/\/wavexia.com\/?author=0"},"uagb_comment_info":0,"uagb_excerpt":"Description Voici la palette ultime pour tous vos looks au quotidien ! Exprimez votre personnalit\u00e9 gr\u00e2ce \u00e0 cette luxueuse gamme de tons dor\u00e9s, cuivr\u00e9s, bruns et neutres onctueux dans une vari\u00e9t\u00e9 de textures : des mats intens\u00e9ment pigment\u00e9s, des eyeliners gel cr\u00e9meux, des tons chrom\u00e9s \u00e0 effet m\u00e9tallis\u00e9 ET un ton brillant \u00e0 effet mouill\u00e9.&hellip;","brands":[],"_links":{"self":[{"href":"https:\/\/wavexia.com\/index.php?rest_route=\/wp\/v2\/product\/5489","targetHints":{"allow":["GET"]}}],"collection":[{"href":"https:\/\/wavexia.com\/index.php?rest_route=\/wp\/v2\/product"}],"about":[{"href":"https:\/\/wavexia.com\/index.php?rest_route=\/wp\/v2\/types\/product"}],"replies":[{"embeddable":true,"href":"https:\/\/wavexia.com\/index.php?rest_route=%2Fwp%2Fv2%2Fcomments&post=5489"}],"wp:featuredmedia":[{"embeddable":true,"href":"https:\/\/wavexia.com\/index.php?rest_route=\/wp\/v2\/media\/5488"}],"wp:attachment":[{"href":"https:\/\/wavexia.com\/index.php?rest_route=%2Fwp%2Fv2%2Fmedia&parent=5489"}],"wp:term":[{"taxonomy":"pwb-brand","embeddable":true,"href":"https:\/\/wavexia.com\/index.php?rest_route=%2Fwp%2Fv2%2Fpwb-brand&post=5489"},{"taxonomy":"product_brand","embeddable":true,"href":"https:\/\/wavexia.com\/index.php?rest_route=%2Fwp%2Fv2%2Fproduct_brand&post=5489"},{"taxonomy":"product_cat","embeddable":true,"href":"https:\/\/wavexia.com\/index.php?rest_route=%2Fwp%2Fv2%2Fproduct_cat&post=5489"},{"taxonomy":"product_tag","embeddable":true,"href":"https:\/\/wavexia.com\/index.php?rest_route=%2Fwp%2Fv2%2Fproduct_tag&post=5489"}],"curies":[{"name":"wp","href":"https:\/\/api.w.org\/{rel}","templated":true}]}}