{"id":5483,"date":"2025-10-19T09:21:00","date_gmt":"2025-10-19T09:21:00","guid":{"rendered":"https:\/\/wavexia.com\/product\/torriden-dive-in-watery-moisture-sunscreen-spf50-pa-60ml\/"},"modified":"2026-03-10T07:31:10","modified_gmt":"2026-03-10T07:31:10","slug":"torriden-dive-in-watery-moisture-sunscreen-spf50-pa-60ml","status":"publish","type":"product","link":"https:\/\/wavexia.com\/?product=torriden-dive-in-watery-moisture-sunscreen-spf50-pa-60ml","title":{"rendered":"Torriden- DIVE-IN Watery Moisture Sunscreen SPF50+ PA+++ 60ml"},"content":{"rendered":"<h2>Description<\/h2>\n<p>Cet \u00e9cran solaire organique est \u00e9quip\u00e9 d\u2019un FPS 50+ PA++ pour prot\u00e9ger la peau contre les rayons UV. Formul\u00e9 avec de l\u2019acide hyaluronique, de l\u2019huile de graines de jojoba et de l\u2019extrait de fleur d\u2019alo\u00e8s barbadensis pour apaiser et hydrater la peau. Enrichi avec du panth\u00e9nol et de l\u2019allanto\u00efne pour des effets hydratants suppl\u00e9mentaires. La texture aqueuse adh\u00e8re doucement \u00e0 la peau sans laisser de post-sentiment collant.<\/p>\n<p>Une cr\u00e8me solaire biologique avec acide hyaluronique pour d\u00e9fendre les rayons UV et laisse une finition hydratante.<br \/>Formul\u00e9 avec une forte protection UV de SPF50+ PA++++.<br \/>Contient du panth\u00e9nol et de l\u2019allanto\u00efne, qui offrent un doux soin au soleil pour les peaux sensibles.<br \/>Dans une texture aqueuse qui enveloppe doucement votre peau sans vous sentir \u00e9touffante.<\/p>\n<p>60 ml.<\/p>\n","protected":false},"excerpt":{"rendered":"<p>Description Cet \u00e9cran solaire organique est \u00e9quip\u00e9 d\u2019un FPS 50+ PA++ pour prot\u00e9ger la peau contre les rayons UV. Formul\u00e9 avec de l\u2019acide hyaluronique, de l\u2019huile de graines de jojoba et de l\u2019extrait de fleur d\u2019alo\u00e8s barbadensis pour apaiser et hydrater la peau. Enrichi avec du panth\u00e9nol et de l\u2019allanto\u00efne pour des effets hydratants suppl\u00e9mentaires. [&hellip;]<\/p>\n","protected":false},"featured_media":5482,"comment_status":"open","ping_status":"closed","template":"","meta":{"content-type":"","_uag_custom_page_level_css":""},"pwb-brand":[],"product_brand":[],"product_cat":[334,340,383],"product_tag":[],"class_list":{"0":"post-5483","1":"product","2":"type-product","3":"status-publish","4":"has-post-thumbnail","6":"product_cat-produits-coreens","7":"product_cat-protection-solaire","8":"product_cat-torriden","10":"first","11":"instock","12":"sale","13":"shipping-taxable","14":"purchasable","15":"product-type-simple"},"aioseo_notices":[],"uagb_featured_image_src":{"full":["https:\/\/wavexia.com\/wp-content\/uploads\/2025\/10\/Product-page-sizes_714c01d7-13cd-431c-9253-aebf81bfde3b.webp",800,800,false],"thumbnail":["https:\/\/wavexia.com\/wp-content\/uploads\/2025\/10\/Product-page-sizes_714c01d7-13cd-431c-9253-aebf81bfde3b-150x150.webp",150,150,true],"medium":["https:\/\/wavexia.com\/wp-content\/uploads\/2025\/10\/Product-page-sizes_714c01d7-13cd-431c-9253-aebf81bfde3b-300x300.webp",300,300,true],"medium_large":["https:\/\/wavexia.com\/wp-content\/uploads\/2025\/10\/Product-page-sizes_714c01d7-13cd-431c-9253-aebf81bfde3b-768x768.webp",768,768,true],"large":["https:\/\/wavexia.com\/wp-content\/uploads\/2025\/10\/Product-page-sizes_714c01d7-13cd-431c-9253-aebf81bfde3b.webp",800,800,false],"1536x1536":["https:\/\/wavexia.com\/wp-content\/uploads\/2025\/10\/Product-page-sizes_714c01d7-13cd-431c-9253-aebf81bfde3b.webp",800,800,false],"2048x2048":["https:\/\/wavexia.com\/wp-content\/uploads\/2025\/10\/Product-page-sizes_714c01d7-13cd-431c-9253-aebf81bfde3b.webp",800,800,false],"woocommerce_archive_thumbnail":["https:\/\/wavexia.com\/wp-content\/uploads\/2025\/10\/Product-page-sizes_714c01d7-13cd-431c-9253-aebf81bfde3b-300x300.webp",300,300,true],"woocommerce_thumbnail":["https:\/\/wavexia.com\/wp-content\/uploads\/2025\/10\/Product-page-sizes_714c01d7-13cd-431c-9253-aebf81bfde3b-300x300.webp",300,300,true],"woocommerce_single":["https:\/\/wavexia.com\/wp-content\/uploads\/2025\/10\/Product-page-sizes_714c01d7-13cd-431c-9253-aebf81bfde3b-600x600.webp",600,600,true],"woocommerce_gallery_thumbnail":["https:\/\/wavexia.com\/wp-content\/uploads\/2025\/10\/Product-page-sizes_714c01d7-13cd-431c-9253-aebf81bfde3b-100x100.webp",100,100,true]},"uagb_author_info":{"display_name":"zineddine.ayoub98@gmail.com","author_link":"https:\/\/wavexia.com\/?author=0"},"uagb_comment_info":0,"uagb_excerpt":"Description Cet \u00e9cran solaire organique est \u00e9quip\u00e9 d\u2019un FPS 50+ PA++ pour prot\u00e9ger la peau contre les rayons UV. Formul\u00e9 avec de l\u2019acide hyaluronique, de l\u2019huile de graines de jojoba et de l\u2019extrait de fleur d\u2019alo\u00e8s barbadensis pour apaiser et hydrater la peau. Enrichi avec du panth\u00e9nol et de l\u2019allanto\u00efne pour des effets hydratants suppl\u00e9mentaires.&hellip;","brands":[],"_links":{"self":[{"href":"https:\/\/wavexia.com\/index.php?rest_route=\/wp\/v2\/product\/5483","targetHints":{"allow":["GET"]}}],"collection":[{"href":"https:\/\/wavexia.com\/index.php?rest_route=\/wp\/v2\/product"}],"about":[{"href":"https:\/\/wavexia.com\/index.php?rest_route=\/wp\/v2\/types\/product"}],"replies":[{"embeddable":true,"href":"https:\/\/wavexia.com\/index.php?rest_route=%2Fwp%2Fv2%2Fcomments&post=5483"}],"wp:featuredmedia":[{"embeddable":true,"href":"https:\/\/wavexia.com\/index.php?rest_route=\/wp\/v2\/media\/5482"}],"wp:attachment":[{"href":"https:\/\/wavexia.com\/index.php?rest_route=%2Fwp%2Fv2%2Fmedia&parent=5483"}],"wp:term":[{"taxonomy":"pwb-brand","embeddable":true,"href":"https:\/\/wavexia.com\/index.php?rest_route=%2Fwp%2Fv2%2Fpwb-brand&post=5483"},{"taxonomy":"product_brand","embeddable":true,"href":"https:\/\/wavexia.com\/index.php?rest_route=%2Fwp%2Fv2%2Fproduct_brand&post=5483"},{"taxonomy":"product_cat","embeddable":true,"href":"https:\/\/wavexia.com\/index.php?rest_route=%2Fwp%2Fv2%2Fproduct_cat&post=5483"},{"taxonomy":"product_tag","embeddable":true,"href":"https:\/\/wavexia.com\/index.php?rest_route=%2Fwp%2Fv2%2Fproduct_tag&post=5483"}],"curies":[{"name":"wp","href":"https:\/\/api.w.org\/{rel}","templated":true}]}}