{"id":5477,"date":"2025-10-19T09:20:57","date_gmt":"2025-10-19T09:20:57","guid":{"rendered":"https:\/\/wavexia.com\/product\/charlotte-tilbury-cheek-to-chic-blush-ref-pillow-talk\/"},"modified":"2026-03-10T07:31:10","modified_gmt":"2026-03-10T07:31:10","slug":"charlotte-tilbury-cheek-to-chic-blush-ref-pillow-talk","status":"publish","type":"product","link":"https:\/\/wavexia.com\/?product=charlotte-tilbury-cheek-to-chic-blush-ref-pillow-talk","title":{"rendered":"CHARLOTTE TILBURY \u2013 CHEEK TO CHIC BLUSH \u2013 R\u00e9f Pillow Talk"},"content":{"rendered":"<h2>Description<\/h2>\n<p>Ce fard \u00e0 joues richement pigment\u00e9 est dot\u00e9 de la technologie Light Flex de Charlotte Tilbury, qui capture et r\u00e9fl\u00e9chit la lumi\u00e8re pour produire un \u00e9clat lumineux et naturel. Formul\u00e9 \u00e0 base de perles broy\u00e9es, le blush laisse la peau lisse et investie d\u2019une couleur fra\u00eeche et lumineuse.<\/p>\n<p>Charlotte Tilbury Cheek To Chic Blush doit \u00eatre appliqu\u00e9 \u00e0 la fin d\u2019une routine de maquillage, il est donc simple de choisir le niveau d\u2019\u00e9clat n\u00e9cessaire. Pour un r\u00e9sultat lisse et uniforme, ajoutez un peu de produit \u00e0 un pinceau blush et passez-le jusqu\u2019\u00e0 la pommette. Alternativement, pour cr\u00e9er un \u00e9clat de couleur, trempez le pinceau dans le produit, puis appliquez sur la pomme de chaque joue.<\/p>\n<p>AVANTAGES CL\u00c9S:<\/p>\n<p>Un blush cr\u00e8me rehauss\u00e9 de perles broy\u00e9es<\/p>\n<p>Couleur modulable<\/p>\n<p>Comprend la technologie Light Flex de la marque<\/p>\n<p>Sans parab\u00e8nes, gluten et sulfates<\/p>\n","protected":false},"excerpt":{"rendered":"<p>Description Ce fard \u00e0 joues richement pigment\u00e9 est dot\u00e9 de la technologie Light Flex de Charlotte Tilbury, qui capture et r\u00e9fl\u00e9chit la lumi\u00e8re pour produire un \u00e9clat lumineux et naturel. Formul\u00e9 \u00e0 base de perles broy\u00e9es, le blush laisse la peau lisse et investie d\u2019une couleur fra\u00eeche et lumineuse. Charlotte Tilbury Cheek To Chic Blush [&hellip;]<\/p>\n","protected":false},"featured_media":5476,"comment_status":"open","ping_status":"closed","template":"","meta":{"content-type":"","_uag_custom_page_level_css":""},"pwb-brand":[],"product_brand":[],"product_cat":[425,360],"product_tag":[],"class_list":{"0":"post-5477","1":"product","2":"type-product","3":"status-publish","4":"has-post-thumbnail","6":"product_cat-charlotte-tilbury","7":"product_cat-maquillage","9":"first","10":"instock","11":"sale","12":"shipping-taxable","13":"purchasable","14":"product-type-simple"},"aioseo_notices":[],"uagb_featured_image_src":{"full":["https:\/\/wavexia.com\/wp-content\/uploads\/2025\/10\/i-051510-cheek-to-chic-pillow-talk-deep-1-940.webp",940,940,false],"thumbnail":["https:\/\/wavexia.com\/wp-content\/uploads\/2025\/10\/i-051510-cheek-to-chic-pillow-talk-deep-1-940-150x150.webp",150,150,true],"medium":["https:\/\/wavexia.com\/wp-content\/uploads\/2025\/10\/i-051510-cheek-to-chic-pillow-talk-deep-1-940-300x300.webp",300,300,true],"medium_large":["https:\/\/wavexia.com\/wp-content\/uploads\/2025\/10\/i-051510-cheek-to-chic-pillow-talk-deep-1-940-768x768.webp",768,768,true],"large":["https:\/\/wavexia.com\/wp-content\/uploads\/2025\/10\/i-051510-cheek-to-chic-pillow-talk-deep-1-940.webp",940,940,false],"1536x1536":["https:\/\/wavexia.com\/wp-content\/uploads\/2025\/10\/i-051510-cheek-to-chic-pillow-talk-deep-1-940.webp",940,940,false],"2048x2048":["https:\/\/wavexia.com\/wp-content\/uploads\/2025\/10\/i-051510-cheek-to-chic-pillow-talk-deep-1-940.webp",940,940,false],"woocommerce_archive_thumbnail":["https:\/\/wavexia.com\/wp-content\/uploads\/2025\/10\/i-051510-cheek-to-chic-pillow-talk-deep-1-940-300x300.webp",300,300,true],"woocommerce_thumbnail":["https:\/\/wavexia.com\/wp-content\/uploads\/2025\/10\/i-051510-cheek-to-chic-pillow-talk-deep-1-940-300x300.webp",300,300,true],"woocommerce_single":["https:\/\/wavexia.com\/wp-content\/uploads\/2025\/10\/i-051510-cheek-to-chic-pillow-talk-deep-1-940-600x600.webp",600,600,true],"woocommerce_gallery_thumbnail":["https:\/\/wavexia.com\/wp-content\/uploads\/2025\/10\/i-051510-cheek-to-chic-pillow-talk-deep-1-940-100x100.webp",100,100,true]},"uagb_author_info":{"display_name":"zineddine.ayoub98@gmail.com","author_link":"https:\/\/wavexia.com\/?author=0"},"uagb_comment_info":0,"uagb_excerpt":"Description Ce fard \u00e0 joues richement pigment\u00e9 est dot\u00e9 de la technologie Light Flex de Charlotte Tilbury, qui capture et r\u00e9fl\u00e9chit la lumi\u00e8re pour produire un \u00e9clat lumineux et naturel. Formul\u00e9 \u00e0 base de perles broy\u00e9es, le blush laisse la peau lisse et investie d\u2019une couleur fra\u00eeche et lumineuse. Charlotte Tilbury Cheek To Chic Blush&hellip;","brands":[],"_links":{"self":[{"href":"https:\/\/wavexia.com\/index.php?rest_route=\/wp\/v2\/product\/5477","targetHints":{"allow":["GET"]}}],"collection":[{"href":"https:\/\/wavexia.com\/index.php?rest_route=\/wp\/v2\/product"}],"about":[{"href":"https:\/\/wavexia.com\/index.php?rest_route=\/wp\/v2\/types\/product"}],"replies":[{"embeddable":true,"href":"https:\/\/wavexia.com\/index.php?rest_route=%2Fwp%2Fv2%2Fcomments&post=5477"}],"wp:featuredmedia":[{"embeddable":true,"href":"https:\/\/wavexia.com\/index.php?rest_route=\/wp\/v2\/media\/5476"}],"wp:attachment":[{"href":"https:\/\/wavexia.com\/index.php?rest_route=%2Fwp%2Fv2%2Fmedia&parent=5477"}],"wp:term":[{"taxonomy":"pwb-brand","embeddable":true,"href":"https:\/\/wavexia.com\/index.php?rest_route=%2Fwp%2Fv2%2Fpwb-brand&post=5477"},{"taxonomy":"product_brand","embeddable":true,"href":"https:\/\/wavexia.com\/index.php?rest_route=%2Fwp%2Fv2%2Fproduct_brand&post=5477"},{"taxonomy":"product_cat","embeddable":true,"href":"https:\/\/wavexia.com\/index.php?rest_route=%2Fwp%2Fv2%2Fproduct_cat&post=5477"},{"taxonomy":"product_tag","embeddable":true,"href":"https:\/\/wavexia.com\/index.php?rest_route=%2Fwp%2Fv2%2Fproduct_tag&post=5477"}],"curies":[{"name":"wp","href":"https:\/\/api.w.org\/{rel}","templated":true}]}}