{"id":5472,"date":"2025-10-19T09:20:52","date_gmt":"2025-10-19T09:20:52","guid":{"rendered":"https:\/\/wavexia.com\/product\/huda-beauty-legit-obsessions\/"},"modified":"2026-03-10T07:31:10","modified_gmt":"2026-03-10T07:31:10","slug":"huda-beauty-legit-obsessions","status":"publish","type":"product","link":"https:\/\/wavexia.com\/?product=huda-beauty-legit-obsessions","title":{"rendered":"HUDA BEAUTY Legit Obsessions"},"content":{"rendered":"<h2>Description<\/h2>\n<p>Notre palette mate incontournable compose ce duo parfait pour les yeux ! La formule pigment\u00e9e de notre palette de fards \u00e0 paupi\u00e8res Matte Obsessions se d\u00e9cline en une gamme de teintes froides exp\u00e9rimentales. Associez cette palette polyvalente \u00e0 notre mini mascara \u00e0 double extr\u00e9mit\u00e9 Volume et Longueur Legit Lashes, vous testerez ainsi des teintes mates et des cils longs et intenses pour un regard affirm\u00e9.<\/p>\n","protected":false},"excerpt":{"rendered":"<p>Description Notre palette mate incontournable compose ce duo parfait pour les yeux ! La formule pigment\u00e9e de notre palette de fards \u00e0 paupi\u00e8res Matte Obsessions se d\u00e9cline en une gamme de teintes froides exp\u00e9rimentales. Associez cette palette polyvalente \u00e0 notre mini mascara \u00e0 double extr\u00e9mit\u00e9 Volume et Longueur Legit Lashes, vous testerez ainsi des teintes [&hellip;]<\/p>\n","protected":false},"featured_media":5471,"comment_status":"open","ping_status":"closed","template":"","meta":{"content-type":"","_uag_custom_page_level_css":""},"pwb-brand":[],"product_brand":[],"product_cat":[359,360],"product_tag":[],"class_list":{"0":"post-5472","1":"product","2":"type-product","3":"status-publish","4":"has-post-thumbnail","6":"product_cat-huda-beauty","7":"product_cat-maquillage","9":"first","10":"instock","11":"sale","12":"shipping-taxable","13":"purchasable","14":"product-type-simple"},"aioseo_notices":[],"uagb_featured_image_src":{"full":["https:\/\/wavexia.com\/wp-content\/uploads\/2025\/10\/IMG_1178.png",390,390,false],"thumbnail":["https:\/\/wavexia.com\/wp-content\/uploads\/2025\/10\/IMG_1178-150x150.png",150,150,true],"medium":["https:\/\/wavexia.com\/wp-content\/uploads\/2025\/10\/IMG_1178-300x300.png",300,300,true],"medium_large":["https:\/\/wavexia.com\/wp-content\/uploads\/2025\/10\/IMG_1178.png",390,390,false],"large":["https:\/\/wavexia.com\/wp-content\/uploads\/2025\/10\/IMG_1178.png",390,390,false],"1536x1536":["https:\/\/wavexia.com\/wp-content\/uploads\/2025\/10\/IMG_1178.png",390,390,false],"2048x2048":["https:\/\/wavexia.com\/wp-content\/uploads\/2025\/10\/IMG_1178.png",390,390,false],"woocommerce_archive_thumbnail":["https:\/\/wavexia.com\/wp-content\/uploads\/2025\/10\/IMG_1178-300x300.png",300,300,true],"woocommerce_thumbnail":["https:\/\/wavexia.com\/wp-content\/uploads\/2025\/10\/IMG_1178-300x300.png",300,300,true],"woocommerce_single":["https:\/\/wavexia.com\/wp-content\/uploads\/2025\/10\/IMG_1178.png",390,390,false],"woocommerce_gallery_thumbnail":["https:\/\/wavexia.com\/wp-content\/uploads\/2025\/10\/IMG_1178-100x100.png",100,100,true]},"uagb_author_info":{"display_name":"zineddine.ayoub98@gmail.com","author_link":"https:\/\/wavexia.com\/?author=0"},"uagb_comment_info":0,"uagb_excerpt":"Description Notre palette mate incontournable compose ce duo parfait pour les yeux ! La formule pigment\u00e9e de notre palette de fards \u00e0 paupi\u00e8res Matte Obsessions se d\u00e9cline en une gamme de teintes froides exp\u00e9rimentales. Associez cette palette polyvalente \u00e0 notre mini mascara \u00e0 double extr\u00e9mit\u00e9 Volume et Longueur Legit Lashes, vous testerez ainsi des teintes&hellip;","brands":[],"_links":{"self":[{"href":"https:\/\/wavexia.com\/index.php?rest_route=\/wp\/v2\/product\/5472","targetHints":{"allow":["GET"]}}],"collection":[{"href":"https:\/\/wavexia.com\/index.php?rest_route=\/wp\/v2\/product"}],"about":[{"href":"https:\/\/wavexia.com\/index.php?rest_route=\/wp\/v2\/types\/product"}],"replies":[{"embeddable":true,"href":"https:\/\/wavexia.com\/index.php?rest_route=%2Fwp%2Fv2%2Fcomments&post=5472"}],"wp:featuredmedia":[{"embeddable":true,"href":"https:\/\/wavexia.com\/index.php?rest_route=\/wp\/v2\/media\/5471"}],"wp:attachment":[{"href":"https:\/\/wavexia.com\/index.php?rest_route=%2Fwp%2Fv2%2Fmedia&parent=5472"}],"wp:term":[{"taxonomy":"pwb-brand","embeddable":true,"href":"https:\/\/wavexia.com\/index.php?rest_route=%2Fwp%2Fv2%2Fpwb-brand&post=5472"},{"taxonomy":"product_brand","embeddable":true,"href":"https:\/\/wavexia.com\/index.php?rest_route=%2Fwp%2Fv2%2Fproduct_brand&post=5472"},{"taxonomy":"product_cat","embeddable":true,"href":"https:\/\/wavexia.com\/index.php?rest_route=%2Fwp%2Fv2%2Fproduct_cat&post=5472"},{"taxonomy":"product_tag","embeddable":true,"href":"https:\/\/wavexia.com\/index.php?rest_route=%2Fwp%2Fv2%2Fproduct_tag&post=5472"}],"curies":[{"name":"wp","href":"https:\/\/api.w.org\/{rel}","templated":true}]}}