{"id":5461,"date":"2025-10-19T09:20:42","date_gmt":"2025-10-19T09:20:42","guid":{"rendered":"https:\/\/wavexia.com\/product\/celimax-pore-dark-spot-brightening-100ml-40pads\/"},"modified":"2026-03-10T07:31:10","modified_gmt":"2026-03-10T07:31:10","slug":"celimax-pore-dark-spot-brightening-100ml-40pads","status":"publish","type":"product","link":"https:\/\/wavexia.com\/?product=celimax-pore-dark-spot-brightening-100ml-40pads","title":{"rendered":"Celimax Pore + Dark Spot Brightening 100ml\/40pads"},"content":{"rendered":"<h2>Description<\/h2>\n<p>Les&nbsp;<strong>Celimax<\/strong>&nbsp;Pore+Dark Spot Brightening 40 Pads combinent Tranexamic Acid, Niacinamide et Melazero V2 pour r\u00e9duire les taches sombres, tandis que AHA, BHA et PHA de Green Papaya et Green Apple exfolient d\u00e9licatement la peau. Enrichis de 8 types d\u2019Hyaluronic Acid, ces disques offrent une hydratation profonde tout en \u00e9liminant les cellules mortes.<\/p>\n<h5>utiliser:<\/h5>\n<ol>\n<li>Apr\u00e8s le nettoyage, prenez un disque et appliquez-le sur la zone souhait\u00e9e.<\/li>\n<li>Retirez le disque apr\u00e8s 3 \u00e0 5 minutes et essuyez d\u00e9licatement le visage.<\/li>\n<li>Tapotez l\u00e9g\u00e8rement pour une meilleure absorption de l\u2019essence restante.<\/li>\n<\/ol>\n<h5>Avantages des tampons:<\/h5>\n<p>\u2013 \u00e9liminent les imperfections de la peau; \u2013 r\u00e9duisent la visibilit\u00e9 des taches pigmentaires; \u2013 bloquent la production de m\u00e9lanine; \u2013 r\u00e9gulent l\u2019activit\u00e9 des glandes s\u00e9bac\u00e9es; \u2013 r\u00e9tr\u00e9cissent les pores.<\/p>\n<h5>ingr\u00e9dients:<\/h5>\n<p>Eau, dipropyl\u00e8ne glycol, butyl\u00e8ne glycol, isopentyldiol, nicotinamide, propanediol, glyc\u00e9rol, hydroxyac\u00e9toph\u00e9none, caprylyl glycol, acide tranexamique, 3-(2-\u00e9thylhexyloxy)-1,2-propanediol, gomme xanthane, extrait de papaye, acide citrique, extrait de fruit d\u2019abricotier du Japon, extrait de pomme, extrait de raisin, 1,2-hexanediol, phytate de sodium, extrait de feuille de n\u00e9flier du Japon, hyaluronate de sodium, extrait de menthe verte, arbutine, glycyrrhizate de dipotassium, hydroxypropyltrimonium hyaluronate, tocoph\u00e9rol, acide hyaluronique hydrolys\u00e9, hyaluronate ac\u00e9tyl\u00e9 de sodium, acide hyaluronique, sodium hyaluronate crosspolymer, hyaluronate de sodium hydrolys\u00e9, hyaluronate de potassium.<\/p>\n","protected":false},"excerpt":{"rendered":"<p>Description Les&nbsp;Celimax&nbsp;Pore+Dark Spot Brightening 40 Pads combinent Tranexamic Acid, Niacinamide et Melazero V2 pour r\u00e9duire les taches sombres, tandis que AHA, BHA et PHA de Green Papaya et Green Apple exfolient d\u00e9licatement la peau. Enrichis de 8 types d\u2019Hyaluronic Acid, ces disques offrent une hydratation profonde tout en \u00e9liminant les cellules mortes. utiliser: Apr\u00e8s le [&hellip;]<\/p>\n","protected":false},"featured_media":5460,"comment_status":"open","ping_status":"closed","template":"","meta":{"content-type":"","_uag_custom_page_level_css":""},"pwb-brand":[],"product_brand":[],"product_cat":[333,328,334,345],"product_tag":[],"class_list":{"0":"post-5461","1":"product","2":"type-product","3":"status-publish","4":"has-post-thumbnail","6":"product_cat-celimax","7":"product_cat-nouveautes","8":"product_cat-produits-coreens","9":"product_cat-toner-pads","11":"first","12":"instock","13":"sale","14":"shipping-taxable","15":"purchasable","16":"product-type-simple"},"aioseo_notices":[],"uagb_featured_image_src":{"full":["https:\/\/wavexia.com\/wp-content\/uploads\/2025\/10\/image.webp",1000,1000,false],"thumbnail":["https:\/\/wavexia.com\/wp-content\/uploads\/2025\/10\/image-150x150.webp",150,150,true],"medium":["https:\/\/wavexia.com\/wp-content\/uploads\/2025\/10\/image-300x300.webp",300,300,true],"medium_large":["https:\/\/wavexia.com\/wp-content\/uploads\/2025\/10\/image-768x768.webp",768,768,true],"large":["https:\/\/wavexia.com\/wp-content\/uploads\/2025\/10\/image.webp",1000,1000,false],"1536x1536":["https:\/\/wavexia.com\/wp-content\/uploads\/2025\/10\/image.webp",1000,1000,false],"2048x2048":["https:\/\/wavexia.com\/wp-content\/uploads\/2025\/10\/image.webp",1000,1000,false],"woocommerce_archive_thumbnail":["https:\/\/wavexia.com\/wp-content\/uploads\/2025\/10\/image-300x300.webp",300,300,true],"woocommerce_thumbnail":["https:\/\/wavexia.com\/wp-content\/uploads\/2025\/10\/image-300x300.webp",300,300,true],"woocommerce_single":["https:\/\/wavexia.com\/wp-content\/uploads\/2025\/10\/image-600x600.webp",600,600,true],"woocommerce_gallery_thumbnail":["https:\/\/wavexia.com\/wp-content\/uploads\/2025\/10\/image-100x100.webp",100,100,true]},"uagb_author_info":{"display_name":"zineddine.ayoub98@gmail.com","author_link":"https:\/\/wavexia.com\/?author=0"},"uagb_comment_info":0,"uagb_excerpt":"Description Les&nbsp;Celimax&nbsp;Pore+Dark Spot Brightening 40 Pads combinent Tranexamic Acid, Niacinamide et Melazero V2 pour r\u00e9duire les taches sombres, tandis que AHA, BHA et PHA de Green Papaya et Green Apple exfolient d\u00e9licatement la peau. Enrichis de 8 types d\u2019Hyaluronic Acid, ces disques offrent une hydratation profonde tout en \u00e9liminant les cellules mortes. utiliser: Apr\u00e8s le&hellip;","brands":[],"_links":{"self":[{"href":"https:\/\/wavexia.com\/index.php?rest_route=\/wp\/v2\/product\/5461","targetHints":{"allow":["GET"]}}],"collection":[{"href":"https:\/\/wavexia.com\/index.php?rest_route=\/wp\/v2\/product"}],"about":[{"href":"https:\/\/wavexia.com\/index.php?rest_route=\/wp\/v2\/types\/product"}],"replies":[{"embeddable":true,"href":"https:\/\/wavexia.com\/index.php?rest_route=%2Fwp%2Fv2%2Fcomments&post=5461"}],"wp:featuredmedia":[{"embeddable":true,"href":"https:\/\/wavexia.com\/index.php?rest_route=\/wp\/v2\/media\/5460"}],"wp:attachment":[{"href":"https:\/\/wavexia.com\/index.php?rest_route=%2Fwp%2Fv2%2Fmedia&parent=5461"}],"wp:term":[{"taxonomy":"pwb-brand","embeddable":true,"href":"https:\/\/wavexia.com\/index.php?rest_route=%2Fwp%2Fv2%2Fpwb-brand&post=5461"},{"taxonomy":"product_brand","embeddable":true,"href":"https:\/\/wavexia.com\/index.php?rest_route=%2Fwp%2Fv2%2Fproduct_brand&post=5461"},{"taxonomy":"product_cat","embeddable":true,"href":"https:\/\/wavexia.com\/index.php?rest_route=%2Fwp%2Fv2%2Fproduct_cat&post=5461"},{"taxonomy":"product_tag","embeddable":true,"href":"https:\/\/wavexia.com\/index.php?rest_route=%2Fwp%2Fv2%2Fproduct_tag&post=5461"}],"curies":[{"name":"wp","href":"https:\/\/api.w.org\/{rel}","templated":true}]}}