{"id":5448,"date":"2025-10-19T09:20:30","date_gmt":"2025-10-19T09:20:30","guid":{"rendered":"https:\/\/wavexia.com\/product\/dr-ceuracle-hyal-reyouth-moist-sun-spf50-pa-50ml\/"},"modified":"2026-03-10T07:31:09","modified_gmt":"2026-03-10T07:31:09","slug":"dr-ceuracle-hyal-reyouth-moist-sun-spf50-pa-50ml","status":"publish","type":"product","link":"https:\/\/wavexia.com\/?product=dr-ceuracle-hyal-reyouth-moist-sun-spf50-pa-50ml","title":{"rendered":"Dr. Ceuracle Hyal Reyouth Moist Sun SPF50+ PA++++, 50ml"},"content":{"rendered":"<h2>Description<\/h2>\n<p>Le Dr. Ceuracle Hyal Reyouth Moist Sunest une excellente cr\u00e8me solaire biologique SPF50+ PA++++ qui va au-del\u00e0 de la simple protection solaire. Enrichie d\u2019un puissant m\u00e9lange de fructanes et de dix types d\u2019acide hyaluronique, cette cr\u00e8me solaire prot\u00e8ge non seulement ta peau des rayons UV nocifs, mais travaille aussi sans rel\u00e2che pour lui insuffler une hydratation profonde et durable.<\/p>\n<p>Cette formule innovante retient l\u2019hydratation et laisse ta peau souple, rebondie et incroyablement nourrie. Dis adieu \u00e0 la peau s\u00e8che et terne et embrasse un teint radieux et revitalis\u00e9 qui rayonne de sant\u00e9.<\/p>\n<p>Renforcer les d\u00e9fenses naturelles de ta peau est une priorit\u00e9 absolue, et c\u2019est pourquoi le duo dynamique du panth\u00e9nol et de la niacinamide a \u00e9t\u00e9 incorpor\u00e9 \u00e0 la formule de cette cr\u00e8me solaire. Ensemble, ils fortifient la barri\u00e8re d\u2019hydratation de ta peau, offrant un bouclier contre les facteurs de stress environnementaux tout en am\u00e9liorant sa capacit\u00e9 \u00e0 retenir l\u2019hydratation. Le r\u00e9sultat ? Une peau qui se sent bien prot\u00e9g\u00e9e et qui semble naturellement radieuse.<\/p>\n<p><strong>Recommand\u00e9 pour :<\/strong>&nbsp;Tous types de peaux, peaux sensibles.<\/p>\n<p><strong>Conseils d\u2019utilisation :<br \/><\/strong><\/p>\n<ul>\n<li>Applique lors de la derni\u00e8re \u00e9tape de ta routine beaut\u00e9, 15 minutes avant l\u2019exposition au soleil.<\/li>\n<li>Applique une quantit\u00e9 de la taille d\u2019un doigt en 2 ou 3 doses.<\/li>\n<li>Renouvelle l\u2019application fr\u00e9quemment si n\u00e9cessaire.<\/li>\n<\/ul>\n<p><strong>Ingr\u00e9dients :<\/strong><\/p>\n<p>Eau, Adipate de Dibutyle, Propanediol, Triazone d\u2019Ethylhexyle, Acide T\u00e9r\u00e9phtalylid\u00e8ne Dicamphor Sulfonique, Dist\u00e9arate de Polyglyc\u00e9ryl-3, Niacinamide, Trom\u00e9thamine, 1,2-Hexanediol, Glycol Pentyl\u00e8ne, Polysilicone-15, Benzoate de Di\u00e9thylamino Hydroxybenzoyl Hexyle, Alcool C\u00e9t\u00e9arylique, St\u00e9arate de Glyc\u00e9ryle, M\u00e9thoxyph\u00e9nyle Triazine Bis-\u00c9thylhexyloxyph\u00e9nol, Glyc\u00e9rine, Carbomer, Parfum, Copolym\u00e8re d\u2019Acryloyldim\u00e9thyltaurate d\u2019Ammonium\/VP, Citrate de St\u00e9arate de Glyc\u00e9ryle, Carbamate de Lauryl d\u2019Inuline, Copolym\u00e8re d\u2019Acrylates\/C10-30 Alkyl Acrylate, Glutamate de St\u00e9aroyl de Sodium, Hyaluronate de Sodium, \u00c9thylhexylglyc\u00e9rine, Ad\u00e9nosine, M\u00e9thylpropanediol, Poly\u00e9ther-1, Pantoth\u00e9nol, Tocoph\u00e9rol, Gomme de Biosaccharide-1, Fructane, Butyl\u00e8ne Glycol, Acide Hyaluronique Hydrolys\u00e9, Hyaluronate de Sodium Hydrolys\u00e9, Hyaluronate de Dim\u00e9thylsilanol, Acide Hyaluronique, Hyaluronate de Potassium, Hyaluronate de Hydroxypropyltrimonium, Hyaluronate de Sodium Crosspolym\u00e8re, Hyaluronate de Sodium Ac\u00e9tyl\u00e9, Hyaluronate de Sodium Dim\u00e9thylsilanol.<\/p>\n","protected":false},"excerpt":{"rendered":"<p>Description Le Dr. Ceuracle Hyal Reyouth Moist Sunest une excellente cr\u00e8me solaire biologique SPF50+ PA++++ qui va au-del\u00e0 de la simple protection solaire. Enrichie d\u2019un puissant m\u00e9lange de fructanes et de dix types d\u2019acide hyaluronique, cette cr\u00e8me solaire prot\u00e8ge non seulement ta peau des rayons UV nocifs, mais travaille aussi sans rel\u00e2che pour lui insuffler [&hellip;]<\/p>\n","protected":false},"featured_media":5447,"comment_status":"open","ping_status":"closed","template":"","meta":{"content-type":"","_uag_custom_page_level_css":""},"pwb-brand":[],"product_brand":[],"product_cat":[448,328,334,340],"product_tag":[],"class_list":{"0":"post-5448","1":"product","2":"type-product","3":"status-publish","4":"has-post-thumbnail","6":"product_cat-dr-ceuracle","7":"product_cat-nouveautes","8":"product_cat-produits-coreens","9":"product_cat-protection-solaire","11":"first","12":"instock","13":"sale","14":"shipping-taxable","15":"purchasable","16":"product-type-simple"},"aioseo_notices":[],"uagb_featured_image_src":{"full":["https:\/\/wavexia.com\/wp-content\/uploads\/2025\/10\/Product-page-sizes_f0f79fbd-af58-4621-8824-293818d27e9d-1.webp",800,800,false],"thumbnail":["https:\/\/wavexia.com\/wp-content\/uploads\/2025\/10\/Product-page-sizes_f0f79fbd-af58-4621-8824-293818d27e9d-1-150x150.webp",150,150,true],"medium":["https:\/\/wavexia.com\/wp-content\/uploads\/2025\/10\/Product-page-sizes_f0f79fbd-af58-4621-8824-293818d27e9d-1-300x300.webp",300,300,true],"medium_large":["https:\/\/wavexia.com\/wp-content\/uploads\/2025\/10\/Product-page-sizes_f0f79fbd-af58-4621-8824-293818d27e9d-1-768x768.webp",768,768,true],"large":["https:\/\/wavexia.com\/wp-content\/uploads\/2025\/10\/Product-page-sizes_f0f79fbd-af58-4621-8824-293818d27e9d-1.webp",800,800,false],"1536x1536":["https:\/\/wavexia.com\/wp-content\/uploads\/2025\/10\/Product-page-sizes_f0f79fbd-af58-4621-8824-293818d27e9d-1.webp",800,800,false],"2048x2048":["https:\/\/wavexia.com\/wp-content\/uploads\/2025\/10\/Product-page-sizes_f0f79fbd-af58-4621-8824-293818d27e9d-1.webp",800,800,false],"woocommerce_archive_thumbnail":["https:\/\/wavexia.com\/wp-content\/uploads\/2025\/10\/Product-page-sizes_f0f79fbd-af58-4621-8824-293818d27e9d-1-300x300.webp",300,300,true],"woocommerce_thumbnail":["https:\/\/wavexia.com\/wp-content\/uploads\/2025\/10\/Product-page-sizes_f0f79fbd-af58-4621-8824-293818d27e9d-1-300x300.webp",300,300,true],"woocommerce_single":["https:\/\/wavexia.com\/wp-content\/uploads\/2025\/10\/Product-page-sizes_f0f79fbd-af58-4621-8824-293818d27e9d-1-600x600.webp",600,600,true],"woocommerce_gallery_thumbnail":["https:\/\/wavexia.com\/wp-content\/uploads\/2025\/10\/Product-page-sizes_f0f79fbd-af58-4621-8824-293818d27e9d-1-100x100.webp",100,100,true]},"uagb_author_info":{"display_name":"zineddine.ayoub98@gmail.com","author_link":"https:\/\/wavexia.com\/?author=0"},"uagb_comment_info":0,"uagb_excerpt":"Description Le Dr. Ceuracle Hyal Reyouth Moist Sunest une excellente cr\u00e8me solaire biologique SPF50+ PA++++ qui va au-del\u00e0 de la simple protection solaire. Enrichie d\u2019un puissant m\u00e9lange de fructanes et de dix types d\u2019acide hyaluronique, cette cr\u00e8me solaire prot\u00e8ge non seulement ta peau des rayons UV nocifs, mais travaille aussi sans rel\u00e2che pour lui insuffler&hellip;","brands":[],"_links":{"self":[{"href":"https:\/\/wavexia.com\/index.php?rest_route=\/wp\/v2\/product\/5448","targetHints":{"allow":["GET"]}}],"collection":[{"href":"https:\/\/wavexia.com\/index.php?rest_route=\/wp\/v2\/product"}],"about":[{"href":"https:\/\/wavexia.com\/index.php?rest_route=\/wp\/v2\/types\/product"}],"replies":[{"embeddable":true,"href":"https:\/\/wavexia.com\/index.php?rest_route=%2Fwp%2Fv2%2Fcomments&post=5448"}],"wp:featuredmedia":[{"embeddable":true,"href":"https:\/\/wavexia.com\/index.php?rest_route=\/wp\/v2\/media\/5447"}],"wp:attachment":[{"href":"https:\/\/wavexia.com\/index.php?rest_route=%2Fwp%2Fv2%2Fmedia&parent=5448"}],"wp:term":[{"taxonomy":"pwb-brand","embeddable":true,"href":"https:\/\/wavexia.com\/index.php?rest_route=%2Fwp%2Fv2%2Fpwb-brand&post=5448"},{"taxonomy":"product_brand","embeddable":true,"href":"https:\/\/wavexia.com\/index.php?rest_route=%2Fwp%2Fv2%2Fproduct_brand&post=5448"},{"taxonomy":"product_cat","embeddable":true,"href":"https:\/\/wavexia.com\/index.php?rest_route=%2Fwp%2Fv2%2Fproduct_cat&post=5448"},{"taxonomy":"product_tag","embeddable":true,"href":"https:\/\/wavexia.com\/index.php?rest_route=%2Fwp%2Fv2%2Fproduct_tag&post=5448"}],"curies":[{"name":"wp","href":"https:\/\/api.w.org\/{rel}","templated":true}]}}