{"id":5446,"date":"2025-10-19T09:20:29","date_gmt":"2025-10-19T09:20:29","guid":{"rendered":"https:\/\/wavexia.com\/product\/now-foods-vitamine-k2-100-mcg-100-veg-capsules\/"},"modified":"2026-03-10T07:31:09","modified_gmt":"2026-03-10T07:31:09","slug":"now-foods-vitamine-k2-100-mcg-100-veg-capsules","status":"publish","type":"product","link":"https:\/\/wavexia.com\/?product=now-foods-vitamine-k2-100-mcg-100-veg-capsules","title":{"rendered":"Now Foods Vitamine K2 100 mcg, 100 Veg Capsules"},"content":{"rendered":"<h2>Description<\/h2>\n<p>Bien que la vitamine K soit historiquement connue pour son r\u00f4le dans les m\u00e9canismes normaux de coagulation, nous savons maintenant qu\u2019elle est \u00e9galement essentielle pour la sant\u00e9 des os, du syst\u00e8me cardiovasculaire et du syst\u00e8me nerveux.<\/p>\n<p>En tant que forme biologiquement active de la vitamine K, la K-2 est importante pour la formation d\u2019une matrice osseuse saine et solide.<\/p>\n<p>Le r\u00f4le de la vitamine K dans la sant\u00e9 art\u00e9rielle tourne autour de sa capacit\u00e9 \u00e0 soutenir un m\u00e9tabolisme du&nbsp;<a href=\"https:\/\/german-beautyshop.com\/produit\/nu-u-nutrition-calcium-magnesium\/\">calcium<\/a>&nbsp;appropri\u00e9 dans les structures vasculaires.<\/p>\n<p><strong>Conseil d\u2019utilisation<\/strong><\/p>\n<p>Prenez 1 g\u00e9lule par jour avec un repas.<\/p>\n","protected":false},"excerpt":{"rendered":"<p>Description Bien que la vitamine K soit historiquement connue pour son r\u00f4le dans les m\u00e9canismes normaux de coagulation, nous savons maintenant qu\u2019elle est \u00e9galement essentielle pour la sant\u00e9 des os, du syst\u00e8me cardiovasculaire et du syst\u00e8me nerveux. En tant que forme biologiquement active de la vitamine K, la K-2 est importante pour la formation d\u2019une [&hellip;]<\/p>\n","protected":false},"featured_media":5445,"comment_status":"open","ping_status":"closed","template":"","meta":{"content-type":"","_uag_custom_page_level_css":""},"pwb-brand":[],"product_brand":[],"product_cat":[330],"product_tag":[],"class_list":{"0":"post-5446","1":"product","2":"type-product","3":"status-publish","4":"has-post-thumbnail","6":"product_cat-complements-alimentaires","8":"first","9":"instock","10":"shipping-taxable","11":"purchasable","12":"product-type-simple"},"aioseo_notices":[],"uagb_featured_image_src":{"full":["https:\/\/wavexia.com\/wp-content\/uploads\/2025\/10\/1-7-1.jpg",680,680,false],"thumbnail":["https:\/\/wavexia.com\/wp-content\/uploads\/2025\/10\/1-7-1-150x150.jpg",150,150,true],"medium":["https:\/\/wavexia.com\/wp-content\/uploads\/2025\/10\/1-7-1-300x300.jpg",300,300,true],"medium_large":["https:\/\/wavexia.com\/wp-content\/uploads\/2025\/10\/1-7-1.jpg",680,680,false],"large":["https:\/\/wavexia.com\/wp-content\/uploads\/2025\/10\/1-7-1.jpg",680,680,false],"1536x1536":["https:\/\/wavexia.com\/wp-content\/uploads\/2025\/10\/1-7-1.jpg",680,680,false],"2048x2048":["https:\/\/wavexia.com\/wp-content\/uploads\/2025\/10\/1-7-1.jpg",680,680,false],"woocommerce_archive_thumbnail":["https:\/\/wavexia.com\/wp-content\/uploads\/2025\/10\/1-7-1-300x300.jpg",300,300,true],"woocommerce_thumbnail":["https:\/\/wavexia.com\/wp-content\/uploads\/2025\/10\/1-7-1-300x300.jpg",300,300,true],"woocommerce_single":["https:\/\/wavexia.com\/wp-content\/uploads\/2025\/10\/1-7-1-600x600.jpg",600,600,true],"woocommerce_gallery_thumbnail":["https:\/\/wavexia.com\/wp-content\/uploads\/2025\/10\/1-7-1-100x100.jpg",100,100,true]},"uagb_author_info":{"display_name":"zineddine.ayoub98@gmail.com","author_link":"https:\/\/wavexia.com\/?author=0"},"uagb_comment_info":0,"uagb_excerpt":"Description Bien que la vitamine K soit historiquement connue pour son r\u00f4le dans les m\u00e9canismes normaux de coagulation, nous savons maintenant qu\u2019elle est \u00e9galement essentielle pour la sant\u00e9 des os, du syst\u00e8me cardiovasculaire et du syst\u00e8me nerveux. En tant que forme biologiquement active de la vitamine K, la K-2 est importante pour la formation d\u2019une&hellip;","brands":[],"_links":{"self":[{"href":"https:\/\/wavexia.com\/index.php?rest_route=\/wp\/v2\/product\/5446","targetHints":{"allow":["GET"]}}],"collection":[{"href":"https:\/\/wavexia.com\/index.php?rest_route=\/wp\/v2\/product"}],"about":[{"href":"https:\/\/wavexia.com\/index.php?rest_route=\/wp\/v2\/types\/product"}],"replies":[{"embeddable":true,"href":"https:\/\/wavexia.com\/index.php?rest_route=%2Fwp%2Fv2%2Fcomments&post=5446"}],"wp:featuredmedia":[{"embeddable":true,"href":"https:\/\/wavexia.com\/index.php?rest_route=\/wp\/v2\/media\/5445"}],"wp:attachment":[{"href":"https:\/\/wavexia.com\/index.php?rest_route=%2Fwp%2Fv2%2Fmedia&parent=5446"}],"wp:term":[{"taxonomy":"pwb-brand","embeddable":true,"href":"https:\/\/wavexia.com\/index.php?rest_route=%2Fwp%2Fv2%2Fpwb-brand&post=5446"},{"taxonomy":"product_brand","embeddable":true,"href":"https:\/\/wavexia.com\/index.php?rest_route=%2Fwp%2Fv2%2Fproduct_brand&post=5446"},{"taxonomy":"product_cat","embeddable":true,"href":"https:\/\/wavexia.com\/index.php?rest_route=%2Fwp%2Fv2%2Fproduct_cat&post=5446"},{"taxonomy":"product_tag","embeddable":true,"href":"https:\/\/wavexia.com\/index.php?rest_route=%2Fwp%2Fv2%2Fproduct_tag&post=5446"}],"curies":[{"name":"wp","href":"https:\/\/api.w.org\/{rel}","templated":true}]}}